{"id":1067,"date":"2023-09-05T13:25:49","date_gmt":"2023-09-05T11:25:49","guid":{"rendered":"https:\/\/ecoss.akumen.eu\/?page_id=1067"},"modified":"2023-09-10T18:00:08","modified_gmt":"2023-09-10T16:00:08","slug":"term-and-conditions","status":"publish","type":"page","link":"https:\/\/ecoss.net\/zh\/term-and-conditions\/","title":{"rendered":"\u4f7f\u7528\u6761\u6b3e\u548c\u6761\u4ef6"},"content":{"rendered":"<div data-elementor-type=\"wp-page\" data-elementor-id=\"1067\" class=\"elementor elementor-1067\" data-elementor-post-type=\"page\">\n\t\t\t\t<div class=\"elementor-element elementor-element-087d159 e-flex e-con-boxed e-con e-parent\" data-id=\"087d159\" data-element_type=\"container\" data-e-type=\"container\">\n\t\t\t\t\t<div class=\"e-con-inner\">\n\t\t\t\t<div class=\"elementor-element elementor-element-600463b elementor-widget elementor-widget-heading\" data-id=\"600463b\" data-element_type=\"widget\" data-e-type=\"widget\" data-widget_type=\"heading.default\">\n\t\t\t\t<div class=\"elementor-widget-container\">\n\t\t\t\t\t<h2 class=\"elementor-heading-title elementor-size-default\">\u4f7f\u7528\u6761\u6b3e\u548c\u6761\u4ef6<\/h2>\t\t\t\t<\/div>\n\t\t\t\t<\/div>\n\t\t\t\t\t<\/div>\n\t\t\t\t<\/div>\n\t\t\t\t<section class=\"elementor-section elementor-top-section elementor-element elementor-element-b891be5 elementor-section-boxed elementor-section-height-default elementor-section-height-default\" data-id=\"b891be5\" data-element_type=\"section\" data-e-type=\"section\">\n\t\t\t\t\t\t<div class=\"elementor-container elementor-column-gap-default\">\n\t\t\t\t\t<div class=\"elementor-column elementor-col-100 elementor-top-column elementor-element elementor-element-744f0fe\" data-id=\"744f0fe\" data-element_type=\"column\" data-e-type=\"column\">\n\t\t\t<div class=\"elementor-widget-wrap elementor-element-populated\">\n\t\t\t\t\t\t<div class=\"elementor-element elementor-element-8958208 elementor-widget elementor-widget-text-editor\" data-id=\"8958208\" data-element_type=\"widget\" data-e-type=\"widget\" data-widget_type=\"text-editor.default\">\n\t\t\t\t<div class=\"elementor-widget-container\">\n\t\t\t\t\t\t\t\t\t<p>\u6b22\u8fce\u6765\u5230 ecoss.net\uff0c\u6211\u4eec\u6839\u636e\u672c\u534f\u8bae\uff08\u201c\u534f\u8bae\u201d\uff09\u4e2d\u89c4\u5b9a\u7684\u901a\u77e5\u3001\u6761\u6b3e\u548c\u6761\u4ef6\u5411\u60a8\u63d0\u4f9b\u670d\u52a1\u3002\u6b64\u5916\uff0c\u5f53\u60a8\u4f7f\u7528\u4efb\u4f55 ecoss.net \u670d\u52a1\uff08\u4f8b\u5982\uff0c\u5ba2\u6237\u8bc4\u8bba\uff09\u65f6\uff0c\u60a8\u5c06\u53d7\u5230\u9002\u7528\u4e8e\u6b64\u7c7b\u670d\u52a1\u7684\u89c4\u5219\u3001\u6307\u5357\u3001\u653f\u7b56\u3001\u6761\u6b3e\u548c\u6761\u4ef6\u7684\u7ea6\u675f\uff0c\u8fd9\u4e9b\u89c4\u5219\u3001\u6307\u5357\u3001\u653f\u7b56\u3001\u6761\u6b3e\u548c\u6761\u4ef6\u901a\u8fc7\u5f15\u7528\u5e76\u5165\u672c\u534f\u8bae\u3002\u7f51\u7ad9\/\u95e8\u6237 ecoss.net \u4fdd\u7559\u968f\u65f6\u66f4\u6539\u6b64\u9875\u9762\u4ee5\u53ca\u8fd9\u4e9b\u6761\u6b3e\u548c\u6761\u4ef6\u7684\u6743\u5229\u3002\u901a\u8fc7\u8bbf\u95ee\u3001\u6d4f\u89c8\u6216\u4ee5\u5176\u4ed6\u65b9\u5f0f\u4f7f\u7528\u672c\u7f51\u7ad9\uff0c\u5373\u8868\u793a\u60a8\u540c\u610f\u53d7\u672c\u534f\u8bae\u6240\u6709\u6761\u6b3e\u548c\u6761\u4ef6\u7684\u7ea6\u675f\uff0c\u56e0\u6b64\u8bf7\u5728\u7ee7\u7eed\u64cd\u4f5c\u4e4b\u524d\u4ed4\u7ec6\u9605\u8bfb\u672c\u534f\u8bae\u3002<\/p><p><strong>\u00a0<\/strong><\/p><h2><strong>\u7f51\u7ad9\u7684\u4f7f\u7528<\/strong><\/h2><p>\u60a8\u58f0\u660e\u5e76\u4fdd\u8bc1\u60a8\u5df2\u5e74\u6ee1 18 \u5c81\uff0c\u6216\u8005\u60a8\u5728\u7236\u6bcd\u6216\u76d1\u62a4\u4eba\u7684\u76d1\u7763\u4e0b\u8bbf\u95ee\u672c\u7f51\u7ad9\u3002\u6839\u636e\u672c\u534f\u8bae\u7684\u6761\u6b3e\u548c\u6761\u4ef6\uff0cecoss.net \u6388\u4e88\u60a8\u6709\u9650\u7684\u3001\u53ef\u64a4\u9500\u7684\u3001\u4e0d\u53ef\u8f6c\u8ba9\u7684\u975e\u6392\u4ed6\u6027\u8bb8\u53ef\uff0c\u5141\u8bb8\u60a8\u901a\u8fc7\u5728\u7f51\u7edc\u6d4f\u89c8\u5668\u4e2d\u663e\u793a\u672c\u7f51\u7ad9\u6765\u8bbf\u95ee\u548c\u4f7f\u7528\u672c\u7f51\u7ad9\uff0c\u5176\u552f\u4e00\u76ee\u7684\u662f\u83b7\u53d6\u5728\u7f51\u7ad9 - \u98df\u54c1\u548c\u975e\u98df\u54c1\u5546\u5e97\u3001\u670d\u52a1\u6d3b\u52a8\u3001\u8bbe\u5907\u5171\u4eab\u3001\u5546\u54c1\u4ea4\u6362\u3001ESG \u5e94\u7528\u7a0b\u5e8f 24\/7 \u4f7f\u7528\u3001\u8d27\u5e01\u5b58\u6b3e\u8d27\u5e01\u5316\u3001\u65f6\u95f4\u548c\u77e5\u8bc6\u3001\u4f1a\u5458\u4e4b\u95f4 ECOSS \u7b97\u6cd5\u7684\u8d27\u5e01\u5316\/\u975e\u8d27\u5e01\u5316\/\u8f6c\u8ba9\uff0c ETC\u3002\u4e0d\u5f97\u7528\u4e8e\u4efb\u4f55\u5546\u4e1a\u7528\u9014\u6216\u4ee3\u8868\u4efb\u4f55\u7b2c\u4e09\u65b9\u4f7f\u7528\uff0c\u9664\u975e ecoss.net \u4e8b\u5148\u660e\u786e\u8bb8\u53ef\u3002\u4efb\u4f55\u8fdd\u53cd\u672c\u534f\u8bae\u7684\u884c\u4e3a\u5c06\u5bfc\u81f4\u7acb\u5373\u64a4\u9500\u672c\u6bb5\u6388\u4e88\u7684\u8bb8\u53ef\uff0c\u6055\u4e0d\u53e6\u884c\u901a\u77e5\u3002\u9664\u4e0a\u6bb5\u5141\u8bb8\u7684\u60c5\u51b5\u5916\uff0c\u60a8\u4e0d\u5f97\u590d\u5236\u3001\u5206\u53d1\u3001\u5c55\u793a\u3001\u51fa\u552e\u3001\u51fa\u79df\u3001\u4f20\u8f93\u3001\u521b\u5efa\u884d\u751f\u54c1\u3001\u7ffb\u8bd1\u3001\u9006\u5411\u5de5\u7a0b\u3001\u53cd\u6c47\u7f16\u3001\u53cd\u7f16\u8bd1\u6216\u4ee5\u5176\u4ed6\u65b9\u5f0f\u5229\u7528\u672c\u7f51\u7ad9\u6216\u5176\u4efb\u4f55\u90e8\u5206\uff0c\u9664\u975e ecoss.net \u660e\u786e\u8868\u793a\u4ee5\u4e66\u9762\u5f62\u5f0f\u5141\u8bb8\u8fd9\u6837\u505a\u3002\u60a8\u4e0d\u5f97\u5c06\u7f51\u7ad9\u4e0a\u7684\u4efb\u4f55\u4fe1\u606f\u7528\u4e8e\u5546\u4e1a\u76ee\u7684\uff0c\u6216\u4ee5\u4efb\u4f55\u65b9\u5f0f\u4e3a\u5176\u4ed6\u516c\u53f8\u8c0b\u53d6\u5229\u76ca\u800c\u4f7f\u7528\u7f51\u7ad9\uff0c\u9664\u975e ecoss.net \u4e8b\u5148\u660e\u786e\u5141\u8bb8\u3002 Ecoss.net \u4fdd\u7559\u81ea\u884c\u51b3\u5b9a\u62d2\u7edd\u670d\u52a1\u3001\u7ec8\u6b62\u5e10\u6237\u548c\/\u6216\u53d6\u6d88\u8ba2\u5355\u7684\u6743\u5229\uff0c\u5305\u62ec\u4f46\u4e0d\u9650\u4e8e\uff0c\u5982\u679c\u5b83\u8ba4\u4e3a\u5ba2\u6237\u7684\u884c\u4e3a\u8fdd\u53cd\u4e86\u9002\u7528\u7684\u6cd5\u5f8b\u6216\u635f\u5bb3\u4e86 ecoss.net \u7684\u5229\u76ca\u3002\u60a8\u4e0d\u5f97\u901a\u8fc7\u672c\u7f51\u7ad9\u4e0a\u4f20\u3001\u5206\u53d1\u6216\u4ee5\u5176\u4ed6\u65b9\u5f0f\u53d1\u5e03\u4efb\u4f55\u4ee5\u4e0b\u5185\u5bb9\u3001\u4fe1\u606f\u6216\u5176\u4ed6\u6750\u6599\uff1a(a) \u4fb5\u72af\u6216\u4fb5\u72af\u4efb\u4f55\u4eba\u7684\u4efb\u4f55\u7248\u6743\u3001\u4e13\u5229\u3001\u5546\u6807\u3001\u670d\u52a1\u6807\u8bb0\u3001\u5546\u4e1a\u79d8\u5bc6\u6216\u5176\u4ed6\u4e13\u6709\u6743\u5229\uff1b (b) \u5177\u6709\u8bfd\u8c24\u3001\u5a01\u80c1\u3001\u8bfd\u8c24\u3001\u6deb\u79fd\u3001\u4e0d\u96c5\u3001\u8272\u60c5\u5185\u5bb9\u6216\u53ef\u80fd\u5bfc\u81f4\u56fd\u9645\u6cd5\u89c4\u5b9a\u7684\u4efb\u4f55\u6c11\u4e8b\u6216\u5211\u4e8b\u8d23\u4efb\uff1b (c) \u5305\u62ec\u9519\u8bef\u3001\u75c5\u6bd2\u3001\u8815\u866b\u3001\u9677\u9631\u3001\u7279\u6d1b\u4f0a\u6728\u9a6c\u6216\u5176\u4ed6\u6709\u5bb3\u4ee3\u7801\u6216\u529f\u80fd\u3002 Ecoss.net \u53ef\u80fd\u4f1a\u4e3a\u60a8\u5206\u914d\u4e00\u4e2a\u5bc6\u7801\u548c\u5e10\u6237\u6807\u8bc6\uff0c\u4ee5\u4fbf\u60a8\u80fd\u591f\u8bbf\u95ee\u548c\u4f7f\u7528\u672c\u7f51\u7ad9\u7684\u67d0\u4e9b\u90e8\u5206\u3002\u60a8\u6bcf\u6b21\u4f7f\u7528\u5bc6\u7801\u6216\u6807\u8bc6\u65f6\uff0c\u5c06\u88ab\u89c6\u4e3a\u88ab\u6388\u6743\u4ee5\u7b26\u5408\u672c\u534f\u8bae\u6761\u6b3e\u548c\u6761\u4ef6\u7684\u65b9\u5f0f\u8bbf\u95ee\u548c\u4f7f\u7528\u672c\u7f51\u7ad9\uff0cecoss.net \u6ca1\u6709\u4e49\u52a1\u8c03\u67e5\u8be5\u5bc6\u7801\u6216\u6807\u8bc6\u7684\u6388\u6743\u6216\u6765\u6e90\u3002\u5bf9\u7f51\u7ad9\u7684\u4efb\u4f55\u6b64\u7c7b\u8bbf\u95ee\u6216\u4f7f\u7528\u3002\u60a8\u5c06\u5bf9\u4f7f\u7528\u6700\u521d\u5206\u914d\u7ed9\u60a8\u7684\u5bc6\u7801\u548c\u6807\u8bc6\u7684\u4efb\u4f55\u4eba\u8bbf\u95ee\u548c\u4f7f\u7528\u672c\u7f51\u7ad9\u627f\u62c5\u5168\u90e8\u8d23\u4efb\uff0c\u65e0\u8bba\u60a8\u662f\u5426\u5b9e\u9645\u6388\u6743\u8bbf\u95ee\u548c\u4f7f\u7528\u672c\u7f51\u7ad9\uff0c\u5305\u62ec\u4f46\u4e0d\u9650\u4e8e\u6240\u6709\u901a\u4fe1\u548c\u4f20\u8f93\u4ee5\u53ca\u6240\u6709\u56e0\u6b64\u7c7b\u8bbf\u95ee\u6216\u4f7f\u7528\u800c\u4ea7\u751f\u7684\u4e49\u52a1\uff08\u5305\u62ec\u4f46\u4e0d\u9650\u4e8e\u8d22\u52a1\u4e49\u52a1\uff09\u3002\u60a8\u6709\u8d23\u4efb\u7ef4\u62a4\u5206\u914d\u7ed9\u60a8\u7684\u5bc6\u7801\u548c\u6807\u8bc6\u7684\u5b89\u5168\u6027\u548c\u673a\u5bc6\u6027\u3002\u5982\u679c\u53d1\u73b0\u4efb\u4f55\u672a\u7ecf\u6388\u6743\u4f7f\u7528\u60a8\u7684\u5bc6\u7801\u6216\u8eab\u4efd\u4fe1\u606f\u6216\u4efb\u4f55\u5176\u4ed6\u8fdd\u53cd\u6216\u5a01\u80c1\u8fdd\u53cd\u672c\u7f51\u7ad9\u5b89\u5168\u7684\u884c\u4e3a\uff0c\u60a8\u5fc5\u987b\u7acb\u5373\u901a\u77e5 Ecoss.net\u3002<\/p><p>\u00a0<\/p><h2><strong>\u77e5\u8bc6\u4ea7\u6743<\/strong><\/h2><p>\u6240\u6709\u6587\u672c\u3001\u56fe\u5f62\u3001\u6309\u94ae\u56fe\u6807\u3001\u56fe\u50cf\u3001\u5f55\u97f3\u548c\u8f6f\u4ef6\uff08\u7edf\u79f0\u201c\u5185\u5bb9\u201d\uff09\u5747\u4e13\u5c5e\u4e8e ecoss.net\u3002\u672c\u7f51\u7ad9\u6240\u6709\u5185\u5bb9\u7684\u6536\u96c6\u3001\u7f16\u8f91\u548c\u7f16\u8bd1\uff08\u201c\u7f16\u8bd1\u201d\uff09\u4e13\u5c5e\u4e8eecoss.net\u3002\u672c\u7f51\u7ad9\u4f7f\u7528\u7684\u6240\u6709\u8f6f\u4ef6\uff08\u201c\u8f6f\u4ef6\u201d\uff09\u5747\u4e3a ecoss.net \u7684\u8d22\u4ea7\u3002\u5185\u5bb9\u3001\u6c47\u7f16\u548c\u8f6f\u4ef6\u5747\u53d7\u56fd\u9645\u7248\u6743\u6cd5\u4fdd\u62a4\u3002\u5176\u4ed6\u5fbd\u6807\u3001\u6807\u8bed\u3001\u5546\u53f7\u6216\u6587\u5b57\u662f ecoss.net\u3001\u5176\u4f9b\u5e94\u5546\u6216\u7b2c\u4e09\u65b9\u7684\u6ce8\u518c\u5546\u6807\u3001\u5546\u6807\u6216\u670d\u52a1\u6807\u5fd7\u3002\u672a\u7ecf ecoss.net \u660e\u786e\u4e66\u9762\u540c\u610f\uff0c\u4e25\u7981\u4f7f\u7528\u4efb\u4f55 ecoss.net \u5546\u6807\u6216\u670d\u52a1\u6807\u8bb0\u3002\u60a8\u4e0d\u5f97\u4ee5\u4efb\u4f55\u53ef\u80fd\u5f15\u8d77\u6df7\u6dc6\u7684\u65b9\u5f0f\u4f7f\u7528 ecoss.net \u54c1\u724c\u7684\u4ea7\u54c1\u6216\u670d\u52a1\u3002\u60a8\u4e0d\u5f97\u4ee5\u4efb\u4f55\u8d2c\u4f4e\u6216\u8bcb\u6bc1 ecoss.net \u7684\u65b9\u5f0f\u4f7f\u7528 ecoss.net \u5546\u6807\u6216\u670d\u52a1\u6807\u8bb0\u3002<\/p><p>\u00a0<\/p><h2><strong>\u7ec8\u6b62\u53ca\u7ec8\u6b62\u7684\u6548\u529b<\/strong><\/h2><p>\u9664\u4e86\u4efb\u4f55\u5176\u4ed6\u6cd5\u5f8b\u6216\u8861\u5e73\u6cd5\u8865\u6551\u63aa\u65bd\u5916\uff0cecoss.net \u8fd8\u53ef\u7acb\u5373\u7ec8\u6b62\u672c\u534f\u8bae\u6216\u64a4\u9500\u60a8\u6839\u636e\u672c\u534f\u8bae\u6388\u4e88\u7684\u4efb\u4f55\u6216\u5168\u90e8\u6743\u5229\uff0c\u6055\u4e0d\u53e6\u884c\u901a\u77e5\u3002\u672c\u534f\u8bae\u7ec8\u6b62\u540e\uff0c\u60a8\u5fc5\u987b\u7acb\u5373\u505c\u6b62\u5bf9\u672c\u7f51\u7ad9\u7684\u6240\u6709\u8bbf\u95ee\u548c\u4f7f\u7528\uff0c\u9664\u6240\u6709\u5176\u4ed6\u6cd5\u5f8b\u6216\u8861\u5e73\u6cd5\u8865\u6551\u63aa\u65bd\u5916\uff0cecoss.net \u5c06\u7acb\u5373\u64a4\u9500\u5411\u60a8\u9881\u53d1\u7684\u6240\u6709\u5bc6\u7801\u548c\u5e10\u6237\u6807\u8bc6\uff0c\u5e76\u62d2\u7edd\u60a8\u5bf9\u672c\u7f51\u7ad9\u7684\u5168\u90e8\u6216\u90e8\u5206\u8bbf\u95ee\u548c\u4f7f\u7528\u3002\u672c\u534f\u8bae\u7684\u4efb\u4f55\u7ec8\u6b62\u5747\u4e0d\u5f71\u54cd\u7ec8\u6b62\u65e5\u671f\u4e4b\u524d\u53cc\u65b9\u5404\u81ea\u7684\u6743\u5229\u548c\u4e49\u52a1\uff08\u5305\u62ec\u4f46\u4e0d\u9650\u4e8e\u4ed8\u6b3e\u4e49\u52a1\uff09\u3002<\/p><h2><strong>\u514d\u8d23\u58f0\u660e\u548c\u8d23\u4efb\u9650\u5236<\/strong><\/h2><p>\u9664\u975e\u4ea7\u54c1\/\u670d\u52a1\u9500\u552e\u6761\u6b3e\u4e2d\u53e6\u6709\u89c4\u5b9a\uff0c\u8bbe\u5907\u5171\u4eab\u3001\u8d27\u7269\u4ea4\u6362\u3001ESG 24\/7 \u5e94\u7528\u7a0b\u5e8f\u7684\u4f7f\u7528\u3001\u5916\u5e01\u5b58\u6b3e\u8d27\u5e01\u5316\u3001\u65f6\u95f4\u548c\u77e5\u8bc6\u3001ECOSS \u7b97\u6cd5\u7684\u8d27\u5e01\u5316\/\u975e\u8d27\u5e01\u5316\/\u8f6c\u8ba9ecoss.net \u4e3a\u672c\u7f51\u7ad9\u7684\u4f1a\u5458\u63d0\u4f9b\u4e0a\u8ff0\u7f51\u7ad9\u7684\u4f7f\u7528\u4ee5\u53ca\u6309\u539f\u6837\u901a\u8fc7\u8be5\u7f51\u7ad9\u8fdb\u884c\u7684\u4ea4\u6613\u3002 Ecoss.net \u5bf9\u672c\u7f51\u7ad9\u7684\u8fd0\u8425\u6216\u672c\u7f51\u7ad9\u5305\u542b\u7684\u4fe1\u606f\u3001\u5185\u5bb9\u3001\u6750\u6599\u6216\u4ea7\u54c1\u4e0d\u4f5c\u4efb\u4f55\u660e\u793a\u6216\u6697\u793a\u7684\u9648\u8ff0\u6216\u4fdd\u8bc1\uff0c\u9664\u975e\u672c\u6587\u5728\u9002\u7528\u6cd5\u5f8b\u3001ecoss.net \u5141\u8bb8\u7684\u6700\u5927\u8303\u56f4\u5185\u89c4\u5b9a\u3002 .net \u4e0d\u627f\u62c5\u6240\u6709\u660e\u793a\u6216\u9ed8\u793a\u7684\u4fdd\u8bc1\uff0c\u5305\u62ec\u4f46\u4e0d\u9650\u4e8e\u9002\u9500\u6027\u548c\u7279\u5b9a\u7528\u9014\u9002\u7528\u6027\u3001\u4e0d\u4fb5\u6743\u3001\u6240\u6709\u6743\u3001\u5b89\u9759\u4eab\u53d7\u3001\u6570\u636e\u51c6\u786e\u6027\u548c\u7cfb\u7edf\u96c6\u6210\u7684\u9ed8\u793a\u4fdd\u8bc1\u3002\u672c\u7f51\u7ad9\u53ef\u80fd\u5305\u542b\u4e0d\u51c6\u786e\u3001\u9519\u8bef\u6216\u5370\u5237\u9519\u8bef\u3002 Ecoss.net \u4e0d\u4fdd\u8bc1\u5185\u5bb9\u4e0d\u4f1a\u4e2d\u65ad\u6216\u6ca1\u6709\u9519\u8bef\u3002\u5728\u6cd5\u5f8b\u5141\u8bb8\u7684\u6700\u5927\u8303\u56f4\u5185\uff0cecoss.net \u4e0d\u5bf9\u56e0\u4f7f\u7528\u672c\u7f51\u7ad9\u800c\u4ea7\u751f\u7684\u4efb\u4f55\u5f62\u5f0f\u7684\u635f\u5bb3\u627f\u62c5\u8d23\u4efb\uff0c\u5305\u62ec\u4f46\u4e0d\u9650\u4e8e\u95f4\u63a5\u3001\u9644\u5e26\u3001\u60e9\u7f5a\u6027\u3001\u60e9\u6212\u6027\u3001\u7279\u6b8a\u6216\u540e\u679c\u6027\u635f\u5bb3\u3002<br \/>\u5728\u9002\u7528\u6cd5\u5f8b\u5141\u8bb8\u7684\u6700\u5927\u8303\u56f4\u5185\uff0cecoss.net \u5bf9\u60a8\u7684\u4efb\u4f55\u635f\u5bb3\uff08\u65e0\u8bba\u8bc9\u8bbc\u56e0\u7531\u5982\u4f55\uff09\u627f\u62c5\u7684\u603b\u8d23\u4efb\u4e0d\u5f97\u8d85\u8fc7\u60a8\u5728\u8be5\u884c\u4e3a\u53d1\u751f\u524d\u4e00\u4e2a\u6708\u5185\u5b9e\u9645\u5411 ecoss.net \u652f\u4ed8\u7684\u8d39\u7528\u603b\u989d\u8fd9\u5e94\u8be5\u5bfc\u81f4 ecoss.net \u7684\u8d23\u4efb\uff0c\u8ba2\u5355\u63a5\u53d7\u201c\u8bf7\u6ce8\u610f\uff0c\u6211\u4eec\u53ef\u80fd\u65e0\u6cd5\u63a5\u53d7\u67d0\u4e9b\u8ba2\u5355\u5e76\u4e0d\u5f97\u4e0d\u53d6\u6d88\u5b83\u4eec\u201d\u3002 Ecoss.net \u4fdd\u7559\u81ea\u884c\u51b3\u5b9a\u4ee5\u4efb\u4f55\u7406\u7531\u62d2\u7edd\u6216\u53d6\u6d88\u4efb\u4f55\u8ba2\u5355\u7684\u6743\u5229\u3002\u53ef\u80fd\u5bfc\u81f4\u8ba2\u5355\u53d6\u6d88\u7684\u4e00\u4e9b\u60c5\u51b5\u5305\u62ec\u53ef\u8d2d\u4e70\u6570\u91cf\u7684\u9650\u5236\u3001\u4ea7\u54c1\u6216\u5b9a\u4ef7\u4fe1\u606f\u7684\u4e0d\u51c6\u786e\u6216\u9519\u8bef\uff0c\u6216\u8005\u6211\u4eec\u7684\u4fe1\u7528\u548c\u9632\u6b3a\u8bc8\u90e8\u95e8\u53d1\u73b0\u7684\u95ee\u9898\u3002\u5728\u63a5\u53d7\u4f1a\u5458\u4e4b\u95f4\u7684\u4efb\u4f55\u8ba2\u5355\u6216 ECOSS \u8d27\u5e01\u5316\/\u975e\u8d27\u5e01\u5316\/\u8f6c\u8ba9\u4e4b\u524d\uff0c\u6211\u4eec\u8fd8\u53ef\u80fd\u9700\u8981\u989d\u5916\u7684\u9a8c\u8bc1\u6216\u4fe1\u606f\u3002\u5982\u679c\u60a8\u7684\u5168\u90e8\u6216\u90e8\u5206\u8ba2\u5355\u88ab\u53d6\u6d88\uff0c\u6216\u8005\u9700\u8981\u66f4\u591a\u4fe1\u606f\u624d\u80fd\u63a5\u53d7\u60a8\u7684\u8ba2\u5355\uff0c\u6211\u4eec\u5c06\u4e0e\u60a8\u8054\u7cfb\u3002<\/p><p>\u00a0<\/p><h2><strong>\u6253\u5370\u9519\u8bef<\/strong><\/h2><p>\u5c3d\u7ba1 ecoss.net \u52aa\u529b\u63d0\u4f9b\u51c6\u786e\u7684\u4ea7\u54c1\u3001\u670d\u52a1\u548c\u5b9a\u4ef7\u4fe1\u606f\uff0c\u4f46\u4ecd\u53ef\u80fd\u4f1a\u51fa\u73b0\u5b9a\u4ef7\u6216\u5370\u5237\u9519\u8bef\u3002\u5728\u60a8\u4e0b\u8ba2\u5355\u4e4b\u524d\uff0cEcoss.net \u65e0\u6cd5\u786e\u8ba4\u5546\u54c1\/\u670d\u52a1\u7684\u4ef7\u683c\u3002\u5982\u679c\u7531\u4e8e\u4ef7\u683c\u6216\u4ea7\u54c1\/\u670d\u52a1\u4fe1\u606f\u9519\u8bef\u800c\u5bfc\u81f4\u5546\u54c1\/\u670d\u52a1\u4ee5\u4e0d\u6b63\u786e\u7684\u4ef7\u683c\u6216\u4e0d\u6b63\u786e\u7684\u4fe1\u606f\u5217\u51fa\uff0cecoss.net \u6709\u6743\u81ea\u884c\u51b3\u5b9a\u62d2\u7edd\u6216\u53d6\u6d88\u8be5\u5546\u54c1\u7684\u4efb\u4f55\u8ba2\u5355\u9879\u76ee\/\u670d\u52a1\u3002\u5982\u679c\u5546\u54c1\/\u670d\u52a1\u7684\u4ef7\u683c\u4e0d\u6b63\u786e\uff0cecoss.net \u53ef\u4ee5\u81ea\u884c\u51b3\u5b9a\u8054\u7cfb\u60a8\u4ee5\u83b7\u53d6\u6307\u793a\u6216\u53d6\u6d88\u60a8\u7684\u8ba2\u5355\u5e76\u5411\u60a8\u53d1\u51fa\u53d6\u6d88\u8ba2\u5355\u7684\u901a\u77e5\u3002<\/p><h2><strong>\u8fde\u63a5<\/strong><\/h2><p>\u672c\u7f51\u7ad9\u53ef\u80fd\u5305\u542b\u7b2c\u4e09\u65b9\u62e5\u6709\u548c\u8fd0\u8425\u7684\u4e92\u8054\u7f51\u4e0a\u5176\u4ed6\u7f51\u7ad9\u7684\u94fe\u63a5\u3002\u6211\u4eec\u627f\u8ba4\uff0cecoss.net \u4e0d\u5bf9\u4efb\u4f55\u6b64\u7c7b\u7f51\u7ad9\u4e0a\u6216\u901a\u8fc7\u6b64\u7c7b\u7f51\u7ad9\u8fdb\u884c\u7684\u64cd\u4f5c\u6216\u5185\u5bb9\u8d1f\u8d23\u3002<\/p><h2><strong>\u5408\u6cd5\u624b\u6bb5<\/strong><\/h2><p>\u60a8\u540c\u610f\uff0c\u5bf9\u4e8e\u4efb\u4f55\u5b9e\u9645\u6216\u53ef\u80fd\u8fdd\u53cd\u672c\u534f\u8bae\u7684\u884c\u4e3a\uff0cecoss.net \u7684\u8865\u6551\u63aa\u65bd\u5c06\u662f\u4e0d\u5145\u5206\u7684\uff0c\u5e76\u4e14\u9664\u4e86\u53ef\u4ee5\u4ece ecoss.net \u5408\u6cd5\u8ffd\u56de\u7684\u4efb\u4f55\u635f\u5bb3\u4e4b\u5916\uff0cecoss.net \u8fd8\u6709\u6743\u83b7\u5f97\u5177\u4f53\u5c65\u884c\u6216\u7981\u4ee4\u6551\u6d4e\uff0c\u6216\u4e24\u8005\u517c\u800c\u6709\u4e4b\u3002 \uff0c\u4ee5\u53ca\u4efb\u4f55\u5f62\u5f0f\u7684\u4e89\u8bae\u89e3\u51b3\u7684\u5408\u7406\u8d39\u7528\uff0c\u5305\u62ec\u4f46\u4e0d\u9650\u4e8e\u5f8b\u5e08\u8d39\u3002\u6839\u636e\u6cd5\u5f8b\u6216\u8861\u5e73\u6cd5\uff0cecoss.net \u7684\u4efb\u4f55\u6743\u5229\u6216\u8865\u6551\u63aa\u65bd\u5747\u4e0d\u5f97\u6392\u9664\u5176\u4ed6\u4eba\uff0c\u5305\u62ec\u4f46\u4e0d\u9650\u4e8e\u7981\u4ee4\u6551\u6d4e\u3001\u5f8b\u5e08\u8d39\u548c\u6210\u672c\u3002 ecoss.net \u653e\u5f03\u5176\u5728\u8fd9\u4e9b\u6761\u6b3e\u4e0b\u7684\u6743\u5229\u6216\u8865\u6551\u63aa\u65bd\u5e76\u4e0d\u6784\u6210\u6388\u4e88\u4efb\u4f55\u7c7b\u4f3c\u3001\u672a\u6765\u6216\u5176\u4ed6\u653e\u5f03\u7684\u4efb\u4f55\u4e49\u52a1\u3002<\/p>\t\t\t\t\t\t\t\t<\/div>\n\t\t\t\t<\/div>\n\t\t\t\t\t<\/div>\n\t\t<\/div>\n\t\t\t\t\t<\/div>\n\t\t<\/section>\n\t\t\t\t<\/div>","protected":false},"excerpt":{"rendered":"<p>Dobrodo\u0161li na ecoss.net, nudimo vam njegove storitve v skladu z obvestili, dolo\u010dili in pogoji, dolo\u010denimi v tej pogodbi (\u00bbpogodba\u00ab). Poleg tega, ko uporabljate katero koli storitev ecoss.net (npr. ocene strank), boste podvr\u017eeni pravilom, smernicam, pravilnikom, dolo\u010dilom in pogojem, ki veljajo za take storitve, in so vklju\u010deni v to pogodbo s tem sklicevanjem. Spletna stran\/portal ecoss.net [&hellip;]<\/p>\n","protected":false},"author":34,"featured_media":0,"parent":0,"menu_order":0,"comment_status":"closed","ping_status":"closed","template":"","meta":{"inline_featured_image":false,"footnotes":""},"class_list":["post-1067","page","type-page","status-publish","hentry"],"yoast_head":"<!-- This site is optimized with the Yoast SEO plugin v27.6 - https:\/\/yoast.com\/product\/yoast-seo-wordpress\/ -->\n<title>Pravila in pogoji uporabe - ECOSS<\/title>\n<meta name=\"robots\" content=\"index, follow, max-snippet:-1, max-image-preview:large, max-video-preview:-1\" \/>\n<link rel=\"canonical\" href=\"https:\/\/ecoss.net\/zh\/term-and-conditions\/\" \/>\n<meta property=\"og:locale\" content=\"zh_CN\" \/>\n<meta property=\"og:type\" content=\"article\" \/>\n<meta property=\"og:title\" content=\"Pravila in pogoji uporabe - ECOSS\" \/>\n<meta property=\"og:description\" content=\"Dobrodo\u0161li na ecoss.net, nudimo vam njegove storitve v skladu z obvestili, dolo\u010dili in pogoji, dolo\u010denimi v tej pogodbi (\u00bbpogodba\u00ab). Poleg tega, ko uporabljate katero koli storitev ecoss.net (npr. ocene strank), boste podvr\u017eeni pravilom, smernicam, pravilnikom, dolo\u010dilom in pogojem, ki veljajo za take storitve, in so vklju\u010deni v to pogodbo s tem sklicevanjem. Spletna stran\/portal ecoss.net [&hellip;]\" \/>\n<meta property=\"og:url\" content=\"https:\/\/ecoss.net\/zh\/term-and-conditions\/\" \/>\n<meta property=\"og:site_name\" content=\"ECOSS\" \/>\n<meta property=\"article:publisher\" content=\"https:\/\/www.facebook.com\/ecosynergysystem\" \/>\n<meta property=\"article:modified_time\" content=\"2023-09-10T16:00:08+00:00\" \/>\n<meta property=\"og:image\" content=\"https:\/\/ecoss.net\/wp-content\/uploads\/2023\/09\/Ecoss.net-logo.png\" \/>\n\t<meta property=\"og:image:width\" content=\"1778\" \/>\n\t<meta property=\"og:image:height\" content=\"1777\" \/>\n\t<meta property=\"og:image:type\" content=\"image\/png\" \/>\n<meta name=\"twitter:card\" content=\"summary_large_image\" \/>\n<meta name=\"twitter:site\" content=\"@EcoSynergyEcoss\" \/>\n<meta name=\"twitter:label1\" content=\"\u9884\u8ba1\u9605\u8bfb\u65f6\u95f4\" \/>\n\t<meta name=\"twitter:data1\" content=\"7 \u5206\" \/>\n<script type=\"application\/ld+json\" class=\"yoast-schema-graph\">{\"@context\":\"https:\\\/\\\/schema.org\",\"@graph\":[{\"@type\":\"WebPage\",\"@id\":\"https:\\\/\\\/ecoss.net\\\/th\\\/term-and-conditions\\\/\",\"url\":\"https:\\\/\\\/ecoss.net\\\/th\\\/term-and-conditions\\\/\",\"name\":\"Pravila in pogoji uporabe - ECOSS\",\"isPartOf\":{\"@id\":\"https:\\\/\\\/ecoss.net\\\/#website\"},\"datePublished\":\"2023-09-05T11:25:49+00:00\",\"dateModified\":\"2023-09-10T16:00:08+00:00\",\"breadcrumb\":{\"@id\":\"https:\\\/\\\/ecoss.net\\\/th\\\/term-and-conditions\\\/#breadcrumb\"},\"inLanguage\":\"zh-Hans\",\"potentialAction\":[{\"@type\":\"ReadAction\",\"target\":[\"https:\\\/\\\/ecoss.net\\\/th\\\/term-and-conditions\\\/\"]}]},{\"@type\":\"BreadcrumbList\",\"@id\":\"https:\\\/\\\/ecoss.net\\\/th\\\/term-and-conditions\\\/#breadcrumb\",\"itemListElement\":[{\"@type\":\"ListItem\",\"position\":1,\"name\":\"Home\",\"item\":\"https:\\\/\\\/ecoss.net\\\/\"},{\"@type\":\"ListItem\",\"position\":2,\"name\":\"Pravila in pogoji uporabe\"}]},{\"@type\":\"WebSite\",\"@id\":\"https:\\\/\\\/ecoss.net\\\/#website\",\"url\":\"https:\\\/\\\/ecoss.net\\\/\",\"name\":\"ECOSS\",\"description\":\"Ecosynergy System\",\"publisher\":{\"@id\":\"https:\\\/\\\/ecoss.net\\\/#organization\"},\"potentialAction\":[{\"@type\":\"SearchAction\",\"target\":{\"@type\":\"EntryPoint\",\"urlTemplate\":\"https:\\\/\\\/ecoss.net\\\/?s={search_term_string}\"},\"query-input\":{\"@type\":\"PropertyValueSpecification\",\"valueRequired\":true,\"valueName\":\"search_term_string\"}}],\"inLanguage\":\"zh-Hans\"},{\"@type\":\"Organization\",\"@id\":\"https:\\\/\\\/ecoss.net\\\/#organization\",\"name\":\"EcoSynergy System\",\"url\":\"https:\\\/\\\/ecoss.net\\\/\",\"logo\":{\"@type\":\"ImageObject\",\"inLanguage\":\"zh-Hans\",\"@id\":\"https:\\\/\\\/ecoss.net\\\/#\\\/schema\\\/logo\\\/image\\\/\",\"url\":\"https:\\\/\\\/ecoss.net\\\/wp-content\\\/uploads\\\/2023\\\/07\\\/ESS-PublishWall-logo-300x300-1.png\",\"contentUrl\":\"https:\\\/\\\/ecoss.net\\\/wp-content\\\/uploads\\\/2023\\\/07\\\/ESS-PublishWall-logo-300x300-1.png\",\"width\":224,\"height\":224,\"caption\":\"EcoSynergy System\"},\"image\":{\"@id\":\"https:\\\/\\\/ecoss.net\\\/#\\\/schema\\\/logo\\\/image\\\/\"},\"sameAs\":[\"https:\\\/\\\/www.facebook.com\\\/ecosynergysystem\",\"https:\\\/\\\/x.com\\\/EcoSynergyEcoss\",\"https:\\\/\\\/www.instagram.com\\\/ecosynergysystem\\\/\",\"https:\\\/\\\/www.linkedin.com\\\/in\\\/ecosynergy-system-environmental-solution-b9b62220a\\\/\"]}]}<\/script>\n<!-- \/ Yoast SEO plugin. -->","yoast_head_json":{"title":"\u4f7f\u7528\u6761\u6b3e\u548c\u6761\u4ef6 - ECOSS","robots":{"index":"index","follow":"follow","max-snippet":"max-snippet:-1","max-image-preview":"max-image-preview:large","max-video-preview":"max-video-preview:-1"},"canonical":"https:\/\/ecoss.net\/zh\/term-and-conditions\/","og_locale":"zh_CN","og_type":"article","og_title":"Pravila in pogoji uporabe - ECOSS","og_description":"Dobrodo\u0161li na ecoss.net, nudimo vam njegove storitve v skladu z obvestili, dolo\u010dili in pogoji, dolo\u010denimi v tej pogodbi (\u00bbpogodba\u00ab). Poleg tega, ko uporabljate katero koli storitev ecoss.net (npr. ocene strank), boste podvr\u017eeni pravilom, smernicam, pravilnikom, dolo\u010dilom in pogojem, ki veljajo za take storitve, in so vklju\u010deni v to pogodbo s tem sklicevanjem. Spletna stran\/portal ecoss.net [&hellip;]","og_url":"https:\/\/ecoss.net\/zh\/term-and-conditions\/","og_site_name":"ECOSS","article_publisher":"https:\/\/www.facebook.com\/ecosynergysystem","article_modified_time":"2023-09-10T16:00:08+00:00","og_image":[{"width":1778,"height":1777,"url":"https:\/\/ecoss.net\/wp-content\/uploads\/2023\/09\/Ecoss.net-logo.png","type":"image\/png"}],"twitter_card":"summary_large_image","twitter_site":"@EcoSynergyEcoss","twitter_misc":{"\u9884\u8ba1\u9605\u8bfb\u65f6\u95f4":"7 \u5206"},"schema":{"@context":"https:\/\/schema.org","@graph":[{"@type":"WebPage","@id":"https:\/\/ecoss.net\/th\/term-and-conditions\/","url":"https:\/\/ecoss.net\/th\/term-and-conditions\/","name":"\u4f7f\u7528\u6761\u6b3e\u548c\u6761\u4ef6 - ECOSS","isPartOf":{"@id":"https:\/\/ecoss.net\/#website"},"datePublished":"2023-09-05T11:25:49+00:00","dateModified":"2023-09-10T16:00:08+00:00","breadcrumb":{"@id":"https:\/\/ecoss.net\/th\/term-and-conditions\/#breadcrumb"},"inLanguage":"zh-Hans","potentialAction":[{"@type":"ReadAction","target":["https:\/\/ecoss.net\/th\/term-and-conditions\/"]}]},{"@type":"BreadcrumbList","@id":"https:\/\/ecoss.net\/th\/term-and-conditions\/#breadcrumb","itemListElement":[{"@type":"ListItem","position":1,"name":"Home","item":"https:\/\/ecoss.net\/"},{"@type":"ListItem","position":2,"name":"Pravila in pogoji uporabe"}]},{"@type":"WebSite","@id":"https:\/\/ecoss.net\/#website","url":"https:\/\/ecoss.net\/","name":"ECOSS","description":"\u751f\u6001\u80fd\u6e90\u7cfb\u7edf","publisher":{"@id":"https:\/\/ecoss.net\/#organization"},"potentialAction":[{"@type":"SearchAction","target":{"@type":"EntryPoint","urlTemplate":"https:\/\/ecoss.net\/?s={search_term_string}"},"query-input":{"@type":"PropertyValueSpecification","valueRequired":true,"valueName":"search_term_string"}}],"inLanguage":"zh-Hans"},{"@type":"Organization","@id":"https:\/\/ecoss.net\/#organization","name":"\u751f\u6001\u534f\u540c\u7cfb\u7edf","url":"https:\/\/ecoss.net\/","logo":{"@type":"ImageObject","inLanguage":"zh-Hans","@id":"https:\/\/ecoss.net\/#\/schema\/logo\/image\/","url":"https:\/\/ecoss.net\/wp-content\/uploads\/2023\/07\/ESS-PublishWall-logo-300x300-1.png","contentUrl":"https:\/\/ecoss.net\/wp-content\/uploads\/2023\/07\/ESS-PublishWall-logo-300x300-1.png","width":224,"height":224,"caption":"EcoSynergy System"},"image":{"@id":"https:\/\/ecoss.net\/#\/schema\/logo\/image\/"},"sameAs":["https:\/\/www.facebook.com\/ecosynergysystem","https:\/\/x.com\/EcoSynergyEcoss","https:\/\/www.instagram.com\/ecosynergysystem\/","https:\/\/www.linkedin.com\/in\/ecosynergy-system-environmental-solution-b9b62220a\/"]}]}},"_links":{"self":[{"href":"https:\/\/ecoss.net\/zh\/wp-json\/wp\/v2\/pages\/1067","targetHints":{"allow":["GET"]}}],"collection":[{"href":"https:\/\/ecoss.net\/zh\/wp-json\/wp\/v2\/pages"}],"about":[{"href":"https:\/\/ecoss.net\/zh\/wp-json\/wp\/v2\/types\/page"}],"author":[{"embeddable":true,"href":"https:\/\/ecoss.net\/zh\/wp-json\/wp\/v2\/users\/34"}],"replies":[{"embeddable":true,"href":"https:\/\/ecoss.net\/zh\/wp-json\/wp\/v2\/comments?post=1067"}],"version-history":[{"count":8,"href":"https:\/\/ecoss.net\/zh\/wp-json\/wp\/v2\/pages\/1067\/revisions"}],"predecessor-version":[{"id":1353,"href":"https:\/\/ecoss.net\/zh\/wp-json\/wp\/v2\/pages\/1067\/revisions\/1353"}],"wp:attachment":[{"href":"https:\/\/ecoss.net\/zh\/wp-json\/wp\/v2\/media?parent=1067"}],"curies":[{"name":"wp","href":"https:\/\/api.w.org\/{rel}","templated":true}]}}