{"id":1067,"date":"2023-09-05T13:25:49","date_gmt":"2023-09-05T11:25:49","guid":{"rendered":"https:\/\/ecoss.akumen.eu\/?page_id=1067"},"modified":"2023-09-10T18:00:08","modified_gmt":"2023-09-10T16:00:08","slug":"term-and-conditions","status":"publish","type":"page","link":"https:\/\/ecoss.net\/tr\/term-and-conditions\/","title":{"rendered":"kullan\u0131m Ko\u015fullar\u0131"},"content":{"rendered":"<div data-elementor-type=\"wp-page\" data-elementor-id=\"1067\" class=\"elementor elementor-1067\" data-elementor-post-type=\"page\">\n\t\t\t\t<div class=\"elementor-element elementor-element-087d159 e-flex e-con-boxed e-con e-parent\" data-id=\"087d159\" data-element_type=\"container\" data-e-type=\"container\">\n\t\t\t\t\t<div class=\"e-con-inner\">\n\t\t\t\t<div class=\"elementor-element elementor-element-600463b elementor-widget elementor-widget-heading\" data-id=\"600463b\" data-element_type=\"widget\" data-e-type=\"widget\" data-widget_type=\"heading.default\">\n\t\t\t\t<div class=\"elementor-widget-container\">\n\t\t\t\t\t<h2 class=\"elementor-heading-title elementor-size-default\">kullan\u0131m Ko\u015fullar\u0131<\/h2>\t\t\t\t<\/div>\n\t\t\t\t<\/div>\n\t\t\t\t\t<\/div>\n\t\t\t\t<\/div>\n\t\t\t\t<section class=\"elementor-section elementor-top-section elementor-element elementor-element-b891be5 elementor-section-boxed elementor-section-height-default elementor-section-height-default\" data-id=\"b891be5\" data-element_type=\"section\" data-e-type=\"section\">\n\t\t\t\t\t\t<div class=\"elementor-container elementor-column-gap-default\">\n\t\t\t\t\t<div class=\"elementor-column elementor-col-100 elementor-top-column elementor-element elementor-element-744f0fe\" data-id=\"744f0fe\" data-element_type=\"column\" data-e-type=\"column\">\n\t\t\t<div class=\"elementor-widget-wrap elementor-element-populated\">\n\t\t\t\t\t\t<div class=\"elementor-element elementor-element-8958208 elementor-widget elementor-widget-text-editor\" data-id=\"8958208\" data-element_type=\"widget\" data-e-type=\"widget\" data-widget_type=\"text-editor.default\">\n\t\t\t\t<div class=\"elementor-widget-container\">\n\t\t\t\t\t\t\t\t\t<p>Ecoss.net&#039;e ho\u015f geldiniz; hizmetlerini size bu s\u00f6zle\u015fmede (&quot;S\u00f6zle\u015fme&quot;) belirtilen bildirimlere, \u015fartlara ve ko\u015fullara tabi olarak sa\u011fl\u0131yoruz. Ayr\u0131ca, herhangi bir ecoss.net hizmetini (\u00f6rn. m\u00fc\u015fteri incelemeleri) kulland\u0131\u011f\u0131n\u0131zda, bu referansla bu S\u00f6zle\u015fmeye dahil edilen, s\u00f6z konusu hizmetlere uygulanan kurallara, y\u00f6nergelere, politikalara, \u015fartlar ve ko\u015fullara tabi olacaks\u0131n\u0131z. Web sitesi\/portal ecoss.net, bu sayfay\u0131 ve bu h\u00fck\u00fcm ve ko\u015fullar\u0131 herhangi bir zamanda de\u011fi\u015ftirme hakk\u0131n\u0131 sakl\u0131 tutar. Siteye eri\u015ferek, Siteye g\u00f6z atarak veya ba\u015fka bir \u015fekilde kullanarak, bu S\u00f6zle\u015fmenin t\u00fcm \u015fart ve ko\u015fullar\u0131na ba\u011fl\u0131 kalmay\u0131 kabul edersiniz; bu nedenle l\u00fctfen devam etmeden \u00f6nce bu S\u00f6zle\u015fmeyi dikkatlice okuyun.<\/p><p><strong>\u00a0<\/strong><\/p><h2><strong>Web sitesinin kullan\u0131m\u0131<\/strong><\/h2><p>En az 18 ya\u015f\u0131nda oldu\u011funuzu veya Siteyi bir ebeveyn veya vasinin g\u00f6zetimi alt\u0131nda ziyaret etti\u011finizi beyan ve garanti edersiniz. Bu S\u00f6zle\u015fmenin h\u00fck\u00fcm ve ko\u015fullar\u0131na tabi olarak, ecoss.net size, Web Sitesini web taray\u0131c\u0131n\u0131zda g\u00f6r\u00fcnt\u00fcleyerek, yaln\u0131zca \u00fczerinde sat\u0131lan \u00fcr\u00fcnleri sat\u0131n almak amac\u0131yla s\u0131n\u0131rl\u0131, iptal edilebilir, devredilemez ve m\u00fcnhas\u0131r olmayan bir lisans verir. Web Sitesi - G\u0131da ve g\u0131da d\u0131\u015f\u0131 \u00fcr\u00fcnlerin bulundu\u011fu ma\u011faza, hizmet faaliyeti, ekipman payla\u015f\u0131m\u0131, emtia takas\u0131, ESG uygulamas\u0131n\u0131n 7\/24 kullan\u0131m\u0131, d\u00f6viz mevduatlar\u0131n\u0131n paraya \u00e7evrilmesi, zaman ve bilgi, ECOSS algoritmas\u0131n\u0131n \u00fcyeler aras\u0131nda paraya \u00e7evrilmesi\/d\u00fc\u015f\u00fclmesi\/transferi, vesaire. ve ecoss.net taraf\u0131ndan \u00f6nceden a\u00e7\u0131k\u00e7a izin verilmedi\u011fi s\u00fcrece herhangi bir ticari kullan\u0131m veya herhangi bir \u00fc\u00e7\u00fcnc\u00fc taraf ad\u0131na kullan\u0131m i\u00e7in de\u011fildir. Bu S\u00f6zle\u015fmenin herhangi bir ihlali, bu paragrafta verilen lisans\u0131n bildirimde bulunmaks\u0131z\u0131n derhal iptal edilmesiyle sonu\u00e7lanacakt\u0131r. Yukar\u0131daki paragrafta izin verilen durumlar haricinde, ecoss.net&#039;in a\u00e7\u0131k\u00e7a belirtmesi durumu d\u0131\u015f\u0131nda, bu Siteyi veya herhangi bir b\u00f6l\u00fcm\u00fcn\u00fc \u00e7o\u011faltamaz, da\u011f\u0131tamaz, g\u00f6r\u00fcnt\u00fcleyemez, satamaz, kiralayamaz, iletemez, t\u00fcrevler olu\u015fturamaz, terc\u00fcme edemez, tersine m\u00fchendislik yapamaz, par\u00e7alar\u0131na ay\u0131ramaz, kaynak koda d\u00f6n\u00fc\u015ft\u00fcremez veya ba\u015fka \u015fekilde istismar edemezsiniz. buna yaz\u0131l\u0131 olarak izin verir. Ecoss.net \u00f6nceden a\u00e7\u0131k\u00e7a izin vermedi\u011fi s\u00fcrece, web sitesindeki herhangi bir bilgiyi ticari ama\u00e7larla kullanamaz veya web sitesini herhangi bir \u015fekilde ba\u015fka bir \u015firketin yarar\u0131na kullanamazs\u0131n\u0131z. Ecoss.net, m\u00fc\u015fterinin davran\u0131\u015f\u0131n\u0131n y\u00fcr\u00fcrl\u00fckteki yasalar\u0131 ihlal etti\u011fine veya ecoss.net&#039;in \u00e7\u0131karlar\u0131na zarar verdi\u011fine inanmas\u0131 halinde, ancak bunlarla s\u0131n\u0131rl\u0131 olmamak \u00fczere, tamamen kendi takdirine ba\u011fl\u0131 olarak hizmeti reddetme, hesaplar\u0131 sonland\u0131rma ve\/veya sipari\u015fleri iptal etme hakk\u0131n\u0131 sakl\u0131 tutar. Bu Site arac\u0131l\u0131\u011f\u0131yla (a) herhangi bir ki\u015finin telif hakk\u0131n\u0131, patentini, ticari markas\u0131n\u0131, hizmet markas\u0131n\u0131, ticari s\u0131rr\u0131n\u0131 veya di\u011fer m\u00fclkiyet haklar\u0131n\u0131 ihlal eden veya ihlal eden; (b) iftira niteli\u011finde, tehdit edici, iftira niteli\u011finde, m\u00fcstehcen, uygunsuz, pornografik veya uluslararas\u0131 hukuk kapsam\u0131nda herhangi bir hukuki veya cezai sorumlulu\u011fa yol a\u00e7abilecek; veya (c) hatalar\u0131, vir\u00fcsleri, solucanlar\u0131, tuzaklar\u0131, Truva atlar\u0131n\u0131 veya di\u011fer zararl\u0131 kodlar\u0131 veya \u00f6zellikleri i\u00e7erir. Ecoss.net, bu sitenin belirli b\u00f6l\u00fcmlerine eri\u015fmenizi ve bunlar\u0131 kullanman\u0131z\u0131 sa\u011flamak i\u00e7in size bir \u015fifre ve hesap kimli\u011fi atayabilir. Bir \u015fifre veya kimlik kulland\u0131\u011f\u0131n\u0131z her seferde, bu S\u00f6zle\u015fmenin \u015fart ve ko\u015fullar\u0131na uygun bir \u015fekilde Siteye eri\u015fme ve Siteyi kullanma yetkisine sahip oldu\u011funuz kabul edilecek ve ecoss.net&#039;in bu yetkiyi veya kayna\u011f\u0131 ara\u015ft\u0131rma y\u00fck\u00fcml\u00fcl\u00fc\u011f\u00fc olmayacakt\u0131r. web sitesine bu t\u00fcr eri\u015fim veya kullan\u0131m. Bu Siteye eri\u015fime ve bu Sitenin kullan\u0131m\u0131na ger\u00e7ekten izin vermi\u015f olsan\u0131z da olmasan\u0131z da, t\u00fcm ileti\u015fimler ve iletimler ve t\u00fcm ileti\u015fimler ve iletimler dahil ancak bunlarla s\u0131n\u0131rl\u0131 olmamak \u00fczere, orijinal olarak size atanan \u015fifreyi ve kimlik bilgilerini kullanan herhangi birinin bu Siteye t\u00fcm eri\u015fiminden ve bu Siteyi kullanmas\u0131ndan yaln\u0131zca siz sorumlu olacaks\u0131n\u0131z. bu t\u00fcr eri\u015fim veya kullan\u0131mdan kaynaklanan y\u00fck\u00fcml\u00fcl\u00fckler (s\u0131n\u0131rlama olmaks\u0131z\u0131n mali y\u00fck\u00fcml\u00fcl\u00fckler dahil). Size atanan \u015fifrenin ve kimli\u011finizin g\u00fcvenli\u011fini ve gizlili\u011fini korumak sizin sorumlulu\u011funuzdad\u0131r. Parolan\u0131z\u0131n veya kimli\u011finizin yetkisiz kullan\u0131m\u0131 veya bu sitenin g\u00fcvenli\u011finin ba\u015fka bir ihlali veya ihlal tehdidi durumunda Ecoss.net&#039;i derhal bilgilendirmelisiniz.<\/p><p>\u00a0<\/p><h2><strong>Fikri m\u00fclkiyet<\/strong><\/h2><p>T\u00fcm metinler, grafikler, d\u00fc\u011fme simgeleri, resimler, ses kay\u0131tlar\u0131 ve yaz\u0131l\u0131mlar (topluca \u201c\u0130\u00e7erik\u201d) yaln\u0131zca ecoss.net&#039;e aittir. Bu web sitesindeki t\u00fcm i\u00e7eri\u011fin toplanmas\u0131, d\u00fczenlenmesi ve derlenmesi (\u201cderleme\u201d) yaln\u0131zca ecoss.net&#039;e aittir. Bu web sitesinde kullan\u0131lan t\u00fcm yaz\u0131l\u0131mlar (&quot;Yaz\u0131l\u0131m&quot;) ecoss.net&#039;in m\u00fclkiyetindedir. \u0130\u00e7erik, derleme ve yaz\u0131l\u0131m uluslararas\u0131 telif hakk\u0131 yasalar\u0131yla korunmaktad\u0131r. Di\u011fer logolar, sloganlar, ticari isimler veya kelimeler ecoss.net&#039;in, tedarik\u00e7ilerinin veya \u00fc\u00e7\u00fcnc\u00fc taraflar\u0131n tescilli ticari markalar\u0131, ticari markalar\u0131 veya hizmet markalar\u0131d\u0131r. Ecoss.net&#039;in herhangi bir ticari markas\u0131n\u0131n veya hizmet markas\u0131n\u0131n, a\u00e7\u0131k yaz\u0131l\u0131 izni olmadan kullan\u0131lmas\u0131 kesinlikle yasakt\u0131r. Ecoss.net markal\u0131 \u00fcr\u00fcn veya hizmetleri, kafa kar\u0131\u015f\u0131kl\u0131\u011f\u0131na yol a\u00e7acak \u015fekilde kullanamazs\u0131n\u0131z. Ecoss.net ticari markalar\u0131n\u0131 veya hizmet markalar\u0131n\u0131, ecoss.net&#039;i k\u00fc\u00e7\u00fck d\u00fc\u015f\u00fcrecek veya itibars\u0131zla\u015ft\u0131racak \u015fekilde kullanamazs\u0131n\u0131z.<\/p><p>\u00a0<\/p><h2><strong>Fesih ve Feshin Etkisi<\/strong><\/h2><p>Ecoss.net, di\u011fer yasal veya hakkaniyete uygun \u00e7\u00f6z\u00fcm yollar\u0131na ek olarak, bu S\u00f6zle\u015fmeyi derhal feshedebilir veya bu S\u00f6zle\u015fme kapsam\u0131nda verilen haklar\u0131n\u0131z\u0131n herhangi birini veya tamam\u0131n\u0131 bildirimde bulunmaks\u0131z\u0131n iptal edebilir. Bu S\u00f6zle\u015fmenin herhangi bir \u015fekilde feshedilmesi \u00fczerine, Siteye olan t\u00fcm eri\u015fiminizi ve Site kullan\u0131m\u0131n\u0131 derhal durdurman\u0131z gerekir; ecoss.net, di\u011fer t\u00fcm yasal veya adil \u00e7\u00f6z\u00fcm yollar\u0131na ek olarak, size verilen t\u00fcm \u015fifreleri ve hesap kimlik bilgilerini derhal iptal edecek ve a\u015fa\u011f\u0131dakileri reddedecektir: tamamen veya k\u0131smen bu siteye eri\u015fiminiz ve kullan\u0131m\u0131n\u0131z. Bu S\u00f6zle\u015fmenin herhangi bir \u015fekilde feshedilmesi, taraflar\u0131n fesih tarihinden \u00f6nce ortaya \u00e7\u0131kan ilgili hak ve y\u00fck\u00fcml\u00fcl\u00fcklerini (\u00f6deme y\u00fck\u00fcml\u00fcl\u00fckleri dahil ancak bunlarla s\u0131n\u0131rl\u0131 olmamak \u00fczere) etkilemeyecektir.<\/p><h2><strong>Sorumluluk reddi ve sorumlulu\u011fun s\u0131n\u0131rland\u0131r\u0131lmas\u0131<\/strong><\/h2><p>\u00dcr\u00fcn\/hizmet Sat\u0131\u015f Ko\u015fullar\u0131nda aksi belirtilmedi\u011fi s\u00fcrece, ekipman payla\u015f\u0131m\u0131, mal al\u0131\u015fveri\u015fi, ESG 7\/24 uygulamas\u0131n\u0131n kullan\u0131m\u0131, d\u00f6viz mevduatlar\u0131ndan para kazan\u0131lmas\u0131, zaman ve bilgi, ECOSS algoritmas\u0131n\u0131n paraya \u00e7evrilmesi\/devre d\u0131\u015f\u0131 b\u0131rak\u0131lmas\u0131\/transferi Ecoss.net, bu sitedeki \u00fcyelerin kullan\u0131m\u0131na, bu web sitesini oldu\u011fu gibi, yukar\u0131da belirtilenlerin kullan\u0131m\u0131na ve kendisi \u00fczerinden ger\u00e7ekle\u015ftirilen i\u015flemlere sunmaktad\u0131r. Ecoss.net, burada y\u00fcr\u00fcrl\u00fckteki yasan\u0131n izin verdi\u011fi azami \u00f6l\u00e7\u00fcde belirtilenler d\u0131\u015f\u0131nda, Sitenin i\u015fleyi\u015fine veya bu Sitede yer alan bilgi, i\u00e7erik, materyal veya \u00fcr\u00fcnlere ili\u015fkin a\u00e7\u0131k veya z\u0131mni hi\u00e7bir beyan veya garanti vermez, ecoss.net net, ticarete elveri\u015flilik ve belirli bir amaca uygunluk, ihlal etmeme, m\u00fclkiyet, sessiz kullan\u0131m, veri do\u011frulu\u011fu ve sistem entegrasyonuna ili\u015fkin z\u0131mni garantiler dahil ancak bunlarla s\u0131n\u0131rl\u0131 olmamak \u00fczere, a\u00e7\u0131k veya z\u0131mni t\u00fcm garantileri reddeder. Bu web sitesi yanl\u0131\u015fl\u0131klar, hatalar veya yaz\u0131m hatalar\u0131 i\u00e7erebilir. Ecoss.net, \u0130\u00e7eri\u011fin kesintisiz veya hatas\u0131z olaca\u011f\u0131n\u0131 garanti etmez. Ecoss.net, yasalar\u0131n izin verdi\u011fi \u00f6l\u00e7\u00fcde, dolayl\u0131, ar\u0131zi, cezai, \u00f6rnek te\u015fkil eden, \u00f6zel veya sonu\u00e7 olarak ortaya \u00e7\u0131kan zararlar dahil ancak bunlarla s\u0131n\u0131rl\u0131 olmamak \u00fczere, bu web sitesinin kullan\u0131m\u0131ndan kaynaklanan hi\u00e7bir t\u00fcrde zarardan sorumlu olmayacakt\u0131r.<br \/>Y\u00fcr\u00fcrl\u00fckteki yasalar\u0131n izin verdi\u011fi azami \u00f6l\u00e7\u00fcde, ecoss.net&#039;in herhangi bir zarara kar\u015f\u0131 toplam sorumlulu\u011fu (dava nedenine bak\u0131lmaks\u0131z\u0131n), eylemden hemen \u00f6nceki ay i\u00e7inde ecoss.net&#039;e \u00f6dedi\u011finiz fiili \u00fccretlerin toplam tutar\u0131n\u0131 a\u015fmayacakt\u0131r. bu, ecoss.net&#039;in sorumlulu\u011fuyla sonu\u00e7lanacakt\u0131r, sipari\u015f kabul\u00fc \u02ddBaz\u0131 sipari\u015fleri kabul edemeyebilece\u011fimizi ve bunlar\u0131 iptal etmek zorunda kalabilece\u011fimizi l\u00fctfen unutmay\u0131n\u02dd. Ecoss.net, tamamen kendi takdirine ba\u011fl\u0131 olarak, herhangi bir sipari\u015fi herhangi bir nedenle reddetme veya iptal etme hakk\u0131n\u0131 sakl\u0131 tutar. Sipari\u015finizin iptaliyle sonu\u00e7lanabilecek durumlardan baz\u0131lar\u0131, sat\u0131n al\u0131nabilecek miktarlara ili\u015fkin s\u0131n\u0131rlamalar\u0131, \u00fcr\u00fcn veya fiyat bilgilerindeki yanl\u0131\u015fl\u0131klar veya hatalar\u0131 ya da Kredi ve Doland\u0131r\u0131c\u0131l\u0131\u011f\u0131 \u00d6nleme Departman\u0131m\u0131z taraf\u0131ndan ke\u015ffedilen sorunlar\u0131 i\u00e7erir. Ayr\u0131ca herhangi bir sipari\u015fi kabul etmeden veya \u00fcyeler aras\u0131nda ECOSS&#039;tan para kazanma\/para kazanmay\u0131\/transferi kabul etmeden \u00f6nce ek do\u011frulamalar veya bilgiler isteyebiliriz. Sipari\u015finizin tamam\u0131 veya bir k\u0131sm\u0131 iptal edilirse veya sipari\u015finizin kabul\u00fc i\u00e7in ek bilgiye ihtiya\u00e7 duyulursa sizinle ileti\u015fime ge\u00e7ece\u011fiz.<\/p><p>\u00a0<\/p><h2><strong>Yazd\u0131rma hatalar\u0131<\/strong><\/h2><p>Ecoss.net do\u011fru \u00fcr\u00fcn, hizmet ve fiyatland\u0131rma bilgileri sa\u011flamaya \u00e7al\u0131\u015fsa da fiyatland\u0131rma veya yaz\u0131m hatalar\u0131 meydana gelebilir. Ecoss.net, siz sipari\u015finizi verene kadar bir \u00fcr\u00fcn\u00fcn\/hizmetin fiyat\u0131n\u0131 onaylayamaz. Fiyat veya \u00fcr\u00fcn\/hizmet bilgilerindeki bir hata nedeniyle bir \u00fcr\u00fcn\u00fcn\/hizmetin yanl\u0131\u015f fiyatla veya yanl\u0131\u015f bilgiyle listelenmesi durumunda, ecoss.net tamamen kendi takdirine ba\u011fl\u0131 olarak bu konuyla ilgili herhangi bir sipari\u015fi reddetme veya iptal etme hakk\u0131na sahiptir. \u00fcr\u00fcn\/hizmet. Bir \u00fcr\u00fcn\u00fcn\/hizmetin fiyat\u0131n\u0131n yanl\u0131\u015f olmas\u0131 durumunda ecoss.net, tamamen kendi takdirine ba\u011fl\u0131 olarak talimatlar i\u00e7in sizinle ileti\u015fime ge\u00e7ebilir veya sipari\u015finizi iptal edebilir ve bu iptal durumunu size bildirebilir.<\/p><h2><strong>Ba\u011flant\u0131lar<\/strong><\/h2><p>Bu web sitesi, internetteki \u00fc\u00e7\u00fcnc\u00fc \u015fah\u0131slar\u0131n sahibi oldu\u011fu ve i\u015fletti\u011fi di\u011fer web sitelerine ba\u011flant\u0131lar i\u00e7erebilir. Ecoss.net&#039;in bu t\u00fcr sitelerde veya siteler arac\u0131l\u0131\u011f\u0131yla yer alan i\u015flemlerden veya i\u00e7erikten sorumlu olmad\u0131\u011f\u0131n\u0131 kabul ediyoruz.<\/p><h2><strong>Yasal yollar<\/strong><\/h2><p>Ecoss.net&#039;in bu S\u00f6zle\u015fmenin herhangi bir fiili veya ihlal tehdidine kar\u015f\u0131 \u00e7\u00f6z\u00fcm yolunun yetersiz olaca\u011f\u0131n\u0131 ve ecoss.net&#039;in, ecoss.net&#039;ten yasal olarak telafi edilebilecek zararlara ek olarak \u00f6zel icra veya ihtiyati tedbir veya her ikisini birden alma hakk\u0131na sahip oldu\u011funu kabul edersiniz. avukatl\u0131k \u00fccretleri de dahil ancak bunlarla s\u0131n\u0131rl\u0131 olmamak \u00fczere, her t\u00fcrl\u00fc anla\u015fmazl\u0131k \u00e7\u00f6z\u00fcm\u00fcn\u00fcn makul maliyetleriyle birlikte. Ecoss.net&#039;in hi\u00e7bir hakk\u0131 veya \u00e7aresi, ihtiyati tedbir, avukatl\u0131k \u00fccretleri ve masraflar\u0131 dahil ancak bunlarla s\u0131n\u0131rl\u0131 olmamak \u00fczere, kanunen veya hakkaniyet \u00e7er\u00e7evesinde ba\u015fkalar\u0131na ait olmayacakt\u0131r. Ecoss.net&#039;in bu \u015eartlar kapsam\u0131ndaki haklar\u0131ndan veya \u00e7\u00f6z\u00fcm yollar\u0131ndan feragat etmesi, gelecekte benzer veya ba\u015fka bir feragat verilmesi y\u00f6n\u00fcnde herhangi bir y\u00fck\u00fcml\u00fcl\u00fck te\u015fkil etmeyecektir.<\/p>\t\t\t\t\t\t\t\t<\/div>\n\t\t\t\t<\/div>\n\t\t\t\t\t<\/div>\n\t\t<\/div>\n\t\t\t\t\t<\/div>\n\t\t<\/section>\n\t\t\t\t<\/div>","protected":false},"excerpt":{"rendered":"<p>Dobrodo\u0161li na ecoss.net, nudimo vam njegove storitve v skladu z obvestili, dolo\u010dili in pogoji, dolo\u010denimi v tej pogodbi (\u00bbpogodba\u00ab). Poleg tega, ko uporabljate katero koli storitev ecoss.net (npr. ocene strank), boste podvr\u017eeni pravilom, smernicam, pravilnikom, dolo\u010dilom in pogojem, ki veljajo za take storitve, in so vklju\u010deni v to pogodbo s tem sklicevanjem. Spletna stran\/portal ecoss.net [&hellip;]<\/p>\n","protected":false},"author":34,"featured_media":0,"parent":0,"menu_order":0,"comment_status":"closed","ping_status":"closed","template":"","meta":{"inline_featured_image":false,"footnotes":""},"class_list":["post-1067","page","type-page","status-publish","hentry"],"yoast_head":"<!-- This site is optimized with the Yoast SEO plugin v27.5 - https:\/\/yoast.com\/product\/yoast-seo-wordpress\/ -->\n<title>Pravila in pogoji uporabe - ECOSS<\/title>\n<meta name=\"robots\" content=\"index, follow, max-snippet:-1, max-image-preview:large, max-video-preview:-1\" \/>\n<link rel=\"canonical\" href=\"https:\/\/ecoss.net\/tr\/term-and-conditions\/\" \/>\n<meta property=\"og:locale\" content=\"tr_TR\" \/>\n<meta property=\"og:type\" content=\"article\" \/>\n<meta property=\"og:title\" content=\"Pravila in pogoji uporabe - ECOSS\" \/>\n<meta property=\"og:description\" content=\"Dobrodo\u0161li na ecoss.net, nudimo vam njegove storitve v skladu z obvestili, dolo\u010dili in pogoji, dolo\u010denimi v tej pogodbi (\u00bbpogodba\u00ab). Poleg tega, ko uporabljate katero koli storitev ecoss.net (npr. ocene strank), boste podvr\u017eeni pravilom, smernicam, pravilnikom, dolo\u010dilom in pogojem, ki veljajo za take storitve, in so vklju\u010deni v to pogodbo s tem sklicevanjem. Spletna stran\/portal ecoss.net [&hellip;]\" \/>\n<meta property=\"og:url\" content=\"https:\/\/ecoss.net\/tr\/term-and-conditions\/\" \/>\n<meta property=\"og:site_name\" content=\"ECOSS\" \/>\n<meta property=\"article:publisher\" content=\"https:\/\/www.facebook.com\/ecosynergysystem\" \/>\n<meta property=\"article:modified_time\" content=\"2023-09-10T16:00:08+00:00\" \/>\n<meta property=\"og:image\" content=\"https:\/\/ecoss.net\/wp-content\/uploads\/2023\/09\/Ecoss.net-logo.png\" \/>\n\t<meta property=\"og:image:width\" content=\"1778\" \/>\n\t<meta property=\"og:image:height\" content=\"1777\" \/>\n\t<meta property=\"og:image:type\" content=\"image\/png\" \/>\n<meta name=\"twitter:card\" content=\"summary_large_image\" \/>\n<meta name=\"twitter:site\" content=\"@EcoSynergyEcoss\" \/>\n<meta name=\"twitter:label1\" content=\"Tahmini okuma s\u00fcresi\" \/>\n\t<meta name=\"twitter:data1\" content=\"7 dakika\" \/>\n<script type=\"application\/ld+json\" class=\"yoast-schema-graph\">{\"@context\":\"https:\\\/\\\/schema.org\",\"@graph\":[{\"@type\":\"WebPage\",\"@id\":\"https:\\\/\\\/ecoss.net\\\/th\\\/term-and-conditions\\\/\",\"url\":\"https:\\\/\\\/ecoss.net\\\/th\\\/term-and-conditions\\\/\",\"name\":\"Pravila in pogoji uporabe - ECOSS\",\"isPartOf\":{\"@id\":\"https:\\\/\\\/ecoss.net\\\/#website\"},\"datePublished\":\"2023-09-05T11:25:49+00:00\",\"dateModified\":\"2023-09-10T16:00:08+00:00\",\"breadcrumb\":{\"@id\":\"https:\\\/\\\/ecoss.net\\\/th\\\/term-and-conditions\\\/#breadcrumb\"},\"inLanguage\":\"tr\",\"potentialAction\":[{\"@type\":\"ReadAction\",\"target\":[\"https:\\\/\\\/ecoss.net\\\/th\\\/term-and-conditions\\\/\"]}]},{\"@type\":\"BreadcrumbList\",\"@id\":\"https:\\\/\\\/ecoss.net\\\/th\\\/term-and-conditions\\\/#breadcrumb\",\"itemListElement\":[{\"@type\":\"ListItem\",\"position\":1,\"name\":\"Home\",\"item\":\"https:\\\/\\\/ecoss.net\\\/\"},{\"@type\":\"ListItem\",\"position\":2,\"name\":\"Pravila in pogoji uporabe\"}]},{\"@type\":\"WebSite\",\"@id\":\"https:\\\/\\\/ecoss.net\\\/#website\",\"url\":\"https:\\\/\\\/ecoss.net\\\/\",\"name\":\"ECOSS\",\"description\":\"Ecosynergy System\",\"publisher\":{\"@id\":\"https:\\\/\\\/ecoss.net\\\/#organization\"},\"potentialAction\":[{\"@type\":\"SearchAction\",\"target\":{\"@type\":\"EntryPoint\",\"urlTemplate\":\"https:\\\/\\\/ecoss.net\\\/?s={search_term_string}\"},\"query-input\":{\"@type\":\"PropertyValueSpecification\",\"valueRequired\":true,\"valueName\":\"search_term_string\"}}],\"inLanguage\":\"tr\"},{\"@type\":\"Organization\",\"@id\":\"https:\\\/\\\/ecoss.net\\\/#organization\",\"name\":\"EcoSynergy System\",\"url\":\"https:\\\/\\\/ecoss.net\\\/\",\"logo\":{\"@type\":\"ImageObject\",\"inLanguage\":\"tr\",\"@id\":\"https:\\\/\\\/ecoss.net\\\/#\\\/schema\\\/logo\\\/image\\\/\",\"url\":\"https:\\\/\\\/ecoss.net\\\/wp-content\\\/uploads\\\/2023\\\/07\\\/ESS-PublishWall-logo-300x300-1.png\",\"contentUrl\":\"https:\\\/\\\/ecoss.net\\\/wp-content\\\/uploads\\\/2023\\\/07\\\/ESS-PublishWall-logo-300x300-1.png\",\"width\":224,\"height\":224,\"caption\":\"EcoSynergy System\"},\"image\":{\"@id\":\"https:\\\/\\\/ecoss.net\\\/#\\\/schema\\\/logo\\\/image\\\/\"},\"sameAs\":[\"https:\\\/\\\/www.facebook.com\\\/ecosynergysystem\",\"https:\\\/\\\/x.com\\\/EcoSynergyEcoss\",\"https:\\\/\\\/www.instagram.com\\\/ecosynergysystem\\\/\",\"https:\\\/\\\/www.linkedin.com\\\/in\\\/ecosynergy-system-environmental-solution-b9b62220a\\\/\"]}]}<\/script>\n<!-- \/ Yoast SEO plugin. -->","yoast_head_json":{"title":"Kullan\u0131m \u015fartlar\u0131 ve ko\u015fullar\u0131 - ECOSS","robots":{"index":"index","follow":"follow","max-snippet":"max-snippet:-1","max-image-preview":"max-image-preview:large","max-video-preview":"max-video-preview:-1"},"canonical":"https:\/\/ecoss.net\/tr\/term-and-conditions\/","og_locale":"tr_TR","og_type":"article","og_title":"Pravila in pogoji uporabe - ECOSS","og_description":"Dobrodo\u0161li na ecoss.net, nudimo vam njegove storitve v skladu z obvestili, dolo\u010dili in pogoji, dolo\u010denimi v tej pogodbi (\u00bbpogodba\u00ab). Poleg tega, ko uporabljate katero koli storitev ecoss.net (npr. ocene strank), boste podvr\u017eeni pravilom, smernicam, pravilnikom, dolo\u010dilom in pogojem, ki veljajo za take storitve, in so vklju\u010deni v to pogodbo s tem sklicevanjem. Spletna stran\/portal ecoss.net [&hellip;]","og_url":"https:\/\/ecoss.net\/tr\/term-and-conditions\/","og_site_name":"ECOSS","article_publisher":"https:\/\/www.facebook.com\/ecosynergysystem","article_modified_time":"2023-09-10T16:00:08+00:00","og_image":[{"width":1778,"height":1777,"url":"https:\/\/ecoss.net\/wp-content\/uploads\/2023\/09\/Ecoss.net-logo.png","type":"image\/png"}],"twitter_card":"summary_large_image","twitter_site":"@EcoSynergyEcoss","twitter_misc":{"Tahmini okuma s\u00fcresi":"7 dakika"},"schema":{"@context":"https:\/\/schema.org","@graph":[{"@type":"WebPage","@id":"https:\/\/ecoss.net\/th\/term-and-conditions\/","url":"https:\/\/ecoss.net\/th\/term-and-conditions\/","name":"Kullan\u0131m \u015fartlar\u0131 ve ko\u015fullar\u0131 - ECOSS","isPartOf":{"@id":"https:\/\/ecoss.net\/#website"},"datePublished":"2023-09-05T11:25:49+00:00","dateModified":"2023-09-10T16:00:08+00:00","breadcrumb":{"@id":"https:\/\/ecoss.net\/th\/term-and-conditions\/#breadcrumb"},"inLanguage":"tr","potentialAction":[{"@type":"ReadAction","target":["https:\/\/ecoss.net\/th\/term-and-conditions\/"]}]},{"@type":"BreadcrumbList","@id":"https:\/\/ecoss.net\/th\/term-and-conditions\/#breadcrumb","itemListElement":[{"@type":"ListItem","position":1,"name":"Home","item":"https:\/\/ecoss.net\/"},{"@type":"ListItem","position":2,"name":"Pravila in pogoji uporabe"}]},{"@type":"WebSite","@id":"https:\/\/ecoss.net\/#website","url":"https:\/\/ecoss.net\/","name":"ECOS","description":"Ekosinerji Sistemi","publisher":{"@id":"https:\/\/ecoss.net\/#organization"},"potentialAction":[{"@type":"SearchAction","target":{"@type":"EntryPoint","urlTemplate":"https:\/\/ecoss.net\/?s={search_term_string}"},"query-input":{"@type":"PropertyValueSpecification","valueRequired":true,"valueName":"search_term_string"}}],"inLanguage":"tr"},{"@type":"Organization","@id":"https:\/\/ecoss.net\/#organization","name":"EcoSinerji Sistemi","url":"https:\/\/ecoss.net\/","logo":{"@type":"ImageObject","inLanguage":"tr","@id":"https:\/\/ecoss.net\/#\/schema\/logo\/image\/","url":"https:\/\/ecoss.net\/wp-content\/uploads\/2023\/07\/ESS-PublishWall-logo-300x300-1.png","contentUrl":"https:\/\/ecoss.net\/wp-content\/uploads\/2023\/07\/ESS-PublishWall-logo-300x300-1.png","width":224,"height":224,"caption":"EcoSynergy System"},"image":{"@id":"https:\/\/ecoss.net\/#\/schema\/logo\/image\/"},"sameAs":["https:\/\/www.facebook.com\/ecosynergysystem","https:\/\/x.com\/EcoSynergyEcoss","https:\/\/www.instagram.com\/ecosynergysystem\/","https:\/\/www.linkedin.com\/in\/ecosynergy-system-environmental-solution-b9b62220a\/"]}]}},"_links":{"self":[{"href":"https:\/\/ecoss.net\/tr\/wp-json\/wp\/v2\/pages\/1067","targetHints":{"allow":["GET"]}}],"collection":[{"href":"https:\/\/ecoss.net\/tr\/wp-json\/wp\/v2\/pages"}],"about":[{"href":"https:\/\/ecoss.net\/tr\/wp-json\/wp\/v2\/types\/page"}],"author":[{"embeddable":true,"href":"https:\/\/ecoss.net\/tr\/wp-json\/wp\/v2\/users\/34"}],"replies":[{"embeddable":true,"href":"https:\/\/ecoss.net\/tr\/wp-json\/wp\/v2\/comments?post=1067"}],"version-history":[{"count":8,"href":"https:\/\/ecoss.net\/tr\/wp-json\/wp\/v2\/pages\/1067\/revisions"}],"predecessor-version":[{"id":1353,"href":"https:\/\/ecoss.net\/tr\/wp-json\/wp\/v2\/pages\/1067\/revisions\/1353"}],"wp:attachment":[{"href":"https:\/\/ecoss.net\/tr\/wp-json\/wp\/v2\/media?parent=1067"}],"curies":[{"name":"wp","href":"https:\/\/api.w.org\/{rel}","templated":true}]}}