{"id":10,"date":"2023-07-13T17:53:27","date_gmt":"2023-07-13T17:53:27","guid":{"rendered":"https:\/\/ecoss.akumen.eu\/index.php\/my-account\/"},"modified":"2023-10-31T20:30:11","modified_gmt":"2023-10-31T18:30:11","slug":"my-account","status":"publish","type":"page","link":"https:\/\/ecoss.net\/tr\/my-account\/","title":{"rendered":"Hesab\u0131m"},"content":{"rendered":"<div data-elementor-type=\"wp-page\" data-elementor-id=\"10\" class=\"elementor elementor-10\" data-elementor-post-type=\"page\">\n\t\t\t\t<div class=\"elementor-element elementor-element-389367b9 elementor-hidden-desktop elementor-hidden-tablet elementor-hidden-mobile e-flex e-con-boxed e-con e-parent\" data-id=\"389367b9\" data-element_type=\"container\" data-e-type=\"container\">\n\t\t\t\t\t<div class=\"e-con-inner\">\n\t\t<div class=\"elementor-element elementor-element-45e0443e e-flex e-con-boxed e-con e-parent\" data-id=\"45e0443e\" data-element_type=\"container\" data-e-type=\"container\">\n\t\t\t\t\t<div class=\"e-con-inner\">\n\t\t\t\t<div class=\"elementor-element elementor-element-520156c1 elementor-widget__width-initial elementor-view-default elementor-position-block-start elementor-mobile-position-block-start elementor-widget elementor-widget-icon-box\" data-id=\"520156c1\" data-element_type=\"widget\" data-e-type=\"widget\" data-widget_type=\"icon-box.default\">\n\t\t\t\t<div class=\"elementor-widget-container\">\n\t\t\t\t\t\t\t<div class=\"elementor-icon-box-wrapper\">\n\n\t\t\t\t\t\t<div class=\"elementor-icon-box-icon\">\n\t\t\t\t<a href=\"https:\/\/ecoss.net\/tr\/my-account\/orders\/\" class=\"elementor-icon\" tabindex=\"-1\" aria-label=\"Buna bir bak &lt;br&gt;emirler\">\n\t\t\t\t<i aria-hidden=\"true\" class=\"fas fa-list-ul\"><\/i>\t\t\t\t<\/a>\n\t\t\t<\/div>\n\t\t\t\n\t\t\t\t\t\t<div class=\"elementor-icon-box-content\">\n\n\t\t\t\t\t\t\t\t\t<h3 class=\"elementor-icon-box-title\">\n\t\t\t\t\t\t<a href=\"https:\/\/ecoss.net\/tr\/my-account\/orders\/\" >\n\t\t\t\t\t\t\tBuna bir bak <br>emirler\t\t\t\t\t\t<\/a>\n\t\t\t\t\t<\/h3>\n\t\t\t\t\n\t\t\t\t\n\t\t\t<\/div>\n\t\t\t\n\t\t<\/div>\n\t\t\t\t\t\t<\/div>\n\t\t\t\t<\/div>\n\t\t\t\t<div class=\"elementor-element elementor-element-489acdd5 elementor-widget__width-initial elementor-view-default elementor-position-block-start elementor-mobile-position-block-start elementor-widget elementor-widget-icon-box\" data-id=\"489acdd5\" data-element_type=\"widget\" data-e-type=\"widget\" data-widget_type=\"icon-box.default\">\n\t\t\t\t<div class=\"elementor-widget-container\">\n\t\t\t\t\t\t\t<div class=\"elementor-icon-box-wrapper\">\n\n\t\t\t\t\t\t<div class=\"elementor-icon-box-icon\">\n\t\t\t\t<span  class=\"elementor-icon\">\n\t\t\t\t<i aria-hidden=\"true\" class=\"fas fa-user-alt\"><\/i>\t\t\t\t<\/span>\n\t\t\t<\/div>\n\t\t\t\n\t\t\t\t\t\t<div class=\"elementor-icon-box-content\">\n\n\t\t\t\t\t\t\t\t\t<h3 class=\"elementor-icon-box-title\">\n\t\t\t\t\t\t<span  >\n\t\t\t\t\t\t\td\u00fczenlemek<br> veri\t\t\t\t\t\t<\/span>\n\t\t\t\t\t<\/h3>\n\t\t\t\t\n\t\t\t\t\n\t\t\t<\/div>\n\t\t\t\n\t\t<\/div>\n\t\t\t\t\t\t<\/div>\n\t\t\t\t<\/div>\n\t\t\t\t\t<\/div>\n\t\t\t\t<\/div>\n\t\t\t\t\t<\/div>\n\t\t\t\t<\/div>\n\t\t<div class=\"elementor-element elementor-element-e2d1a06 user-data-ecoss-quantity e-flex e-con-boxed e-con e-parent\" data-id=\"e2d1a06\" data-element_type=\"container\" data-e-type=\"container\" data-settings=\"{&quot;background_background&quot;:&quot;classic&quot;}\">\n\t\t\t\t\t<div class=\"e-con-inner\">\n\t\t<div class=\"elementor-element elementor-element-fabd804 e-con-full e-flex e-con e-parent\" data-id=\"fabd804\" data-element_type=\"container\" data-e-type=\"container\">\n\t\t\t\t<div class=\"elementor-element elementor-element-4cd67ca elementor-align-start elementor-icon-list--layout-traditional elementor-list-item-link-full_width elementor-widget elementor-widget-icon-list\" data-id=\"4cd67ca\" data-element_type=\"widget\" data-e-type=\"widget\" data-widget_type=\"icon-list.default\">\n\t\t\t\t<div class=\"elementor-widget-container\">\n\t\t\t\t\t\t\t<ul class=\"elementor-icon-list-items\">\n\t\t\t\t\t\t\t<li class=\"elementor-icon-list-item\">\n\t\t\t\t\t\t\t\t\t\t\t<span class=\"elementor-icon-list-icon\">\n\t\t\t\t\t\t\t<i aria-hidden=\"true\" class=\"fas fa-user-alt\"><\/i>\t\t\t\t\t\t<\/span>\n\t\t\t\t\t\t\t\t\t\t<span class=\"elementor-icon-list-text\"><\/span>\n\t\t\t\t\t\t\t\t\t<\/li>\n\t\t\t\t\t\t\t\t<li class=\"elementor-icon-list-item\">\n\t\t\t\t\t\t\t\t\t\t\t<span class=\"elementor-icon-list-icon\">\n\t\t\t\t\t\t\t<i aria-hidden=\"true\" class=\"fas fa-hashtag\"><\/i>\t\t\t\t\t\t<\/span>\n\t\t\t\t\t\t\t\t\t\t<span class=\"elementor-icon-list-text\"><\/span>\n\t\t\t\t\t\t\t\t\t<\/li>\n\t\t\t\t\t\t<\/ul>\n\t\t\t\t\t\t<\/div>\n\t\t\t\t<\/div>\n\t\t\t\t<\/div>\n\t\t<div class=\"elementor-element elementor-element-b282640 e-con-full e-flex e-con e-parent\" data-id=\"b282640\" data-element_type=\"container\" data-e-type=\"container\">\n\t\t\t\t<div class=\"elementor-element elementor-element-0e3291e elementor-align-start elementor-icon-list--layout-traditional elementor-list-item-link-full_width elementor-widget elementor-widget-icon-list\" data-id=\"0e3291e\" data-element_type=\"widget\" data-e-type=\"widget\" data-widget_type=\"icon-list.default\">\n\t\t\t\t<div class=\"elementor-widget-container\">\n\t\t\t\t\t\t\t<ul class=\"elementor-icon-list-items\">\n\t\t\t\t\t\t\t<li class=\"elementor-icon-list-item\">\n\t\t\t\t\t\t\t\t\t\t\t<span class=\"elementor-icon-list-icon\">\n\t\t\t\t\t\t\t<i aria-hidden=\"true\" class=\"fas fa-wallet\"><\/i>\t\t\t\t\t\t<\/span>\n\t\t\t\t\t\t\t\t\t\t<span class=\"elementor-icon-list-text\">ECOSS&#039;un durumu<\/span>\n\t\t\t\t\t\t\t\t\t<\/li>\n\t\t\t\t\t\t<\/ul>\n\t\t\t\t\t\t<\/div>\n\t\t\t\t<\/div>\n\t\t<div class=\"elementor-element elementor-element-e0f0e0b e-flex e-con-boxed e-con e-parent\" data-id=\"e0f0e0b\" data-element_type=\"container\" data-e-type=\"container\">\n\t\t\t\t\t<div class=\"e-con-inner\">\n\t\t\t\t<div class=\"elementor-element elementor-element-6de4670 elementor-widget elementor-widget-shortcode\" data-id=\"6de4670\" data-element_type=\"widget\" data-e-type=\"widget\" id=\"ecoss-balance\" data-widget_type=\"shortcode.default\">\n\t\t\t\t<div class=\"elementor-widget-container\">\n\t\t\t\t\t\t\t<div class=\"elementor-shortcode\">Miktar\u0131n\u0131z\u0131 g\u00f6r\u00fcnt\u00fclemek i\u00e7in giri\u015f yapmal\u0131s\u0131n\u0131z.<\/div>\n\t\t\t\t\t\t<\/div>\n\t\t\t\t<\/div>\n\t\t\t\t<div class=\"elementor-element elementor-element-969d2c3 elementor-view-default elementor-widget elementor-widget-icon\" data-id=\"969d2c3\" data-element_type=\"widget\" data-e-type=\"widget\" data-widget_type=\"icon.default\">\n\t\t\t\t<div class=\"elementor-widget-container\">\n\t\t\t\t\t\t\t<div class=\"elementor-icon-wrapper\">\n\t\t\t<div class=\"elementor-icon\">\n\t\t\t<svg xmlns=\"http:\/\/www.w3.org\/2000\/svg\" xmlns:xlink=\"http:\/\/www.w3.org\/1999\/xlink\" viewbox=\"0 0 15.12 13.88\"><defs><style>.ed046fe8-c45e-4c27-8c99-cc455fb09a11{fill:none;}.b32586c3-dfe5-496f-a419-32fe72f1cf2d{clip-path:url(#bb1bb767-467e-4f6f-80c9-2f013c83d443);}.e050f8b8-22ba-4d59-a115-75f81d50f79f{clip-path:url(#a686ce43-54d6-4dec-834a-5bec187f16b9);}.e9051052-8828-467b-a86d-a4352bef3533{isolation:isolate;}.f7f13c51-4373-440f-913c-eca64fd81153{clip-path:url(#b92e6111-a70f-4468-b0e5-1122e46d5783);}.a3dc4e03-9438-4112-b09d-17c6e6f44df1{clip-path:url(#af0cd453-3c29-4d89-94b1-5169ff05fbbb);}.e17d67db-7d38-40e2-915b-99144db4c38e{clip-path:url(#edfcf7c6-b1ed-4029-8c73-c5add007aa2a);}.f7f97d84-6d08-4686-a895-e748f2c591d6{clip-path:url(#e849b637-b94e-46e7-82ef-28aa65631402);}.a0f86e43-aa47-4691-8ad2-0f54810d80f6{clip-path:url(#a54fd6b3-26b0-4148-a751-f3fc03776dad);}.a96d1abe-6742-4488-8c3a-e0c448a78f5e{clip-path:url(#e0799cd4-4afa-4ec8-8e66-a78107f288a5);}.bb7a87a6-a929-4446-ba9f-166e2d3f035f{clip-path:url(#e6201ef8-5c7f-43e5-b262-cd449072f506);}.a8d42e27-967b-45d5-b607-5a1d33fa664a{clip-path:url(#ada393b8-c063-49b5-bb3c-3afb94ecc5b6);}.a9b73388-a7e5-4adb-b0ab-54804ac8ea88{clip-path:url(#f68d1a1e-e3c6-43fa-b26d-d774ca08340f);}.b6d4808a-3173-4944-87df-cc47c95e1c32{clip-path:url(#fee52bc7-09eb-432e-8a74-9a7a579bcc8e);}<\/style><clippath id=\"bb1bb767-467e-4f6f-80c9-2f013c83d443\" transform=\"translate(1.42 0.56)\"><path class=\"ed046fe8-c45e-4c27-8c99-cc455fb09a11\" d=\"M9.39,7.73A5.52,5.52,0,0,1,6.23,9.26h0a.09.09,0,0,0-.08.08v0a.83.83,0,0,0,.19.26.79.79,0,0,0,.31.2,1.11,1.11,0,0,0,.78-.07,3.26,3.26,0,0,0,.94-.66,6.1,6.1,0,0,0,1-1.37Zm.86-3.94a2.05,2.05,0,0,1-.35.71,2.64,2.64,0,0,1-.35.4,3.81,3.81,0,0,1-.67.53A9.38,9.38,0,0,0,6.9,7a3.57,3.57,0,0,0-.83,1.3A1.36,1.36,0,0,0,6,8.65H6a.17.17,0,0,0,0,.1s.09.09.14.08a5.4,5.4,0,0,0,3.62-2,6.28,6.28,0,0,0,.44-3Z\"><\/path><\/clippath><clippath id=\"a686ce43-54d6-4dec-834a-5bec187f16b9\" transform=\"translate(1.42 0.56)\"><rect class=\"ed046fe8-c45e-4c27-8c99-cc455fb09a11\" x=\"6\" y=\"3.79\" width=\"4.36\" height=\"6.13\"><\/rect><\/clippath><clippath id=\"b92e6111-a70f-4468-b0e5-1122e46d5783\" transform=\"translate(1.42 0.56)\"><path class=\"ed046fe8-c45e-4c27-8c99-cc455fb09a11\" d=\"M9.2.59a3.64,3.64,0,0,1,.69,1A5.59,5.59,0,0,1,10.47,3a6.55,6.55,0,0,1-.18,3.51A7,7,0,0,1,8.61,9.34a3.82,3.82,0,0,1-1,.74,2.07,2.07,0,0,1-.33.1,2.75,2.75,0,0,0,1.07,0A3.45,3.45,0,0,0,10,9.44a6.26,6.26,0,0,0,1.3-1.51A5.34,5.34,0,0,0,12,6a5.61,5.61,0,0,0-1.79-4.63h0a5,5,0,0,0-1-.7Z\"><\/path><\/clippath><clippath id=\"af0cd453-3c29-4d89-94b1-5169ff05fbbb\" transform=\"translate(1.42 0.56)\"><rect class=\"ed046fe8-c45e-4c27-8c99-cc455fb09a11\" x=\"7.23\" y=\"0.59\" width=\"4.98\" height=\"9.68\"><\/rect><\/clippath><clippath id=\"edfcf7c6-b1ed-4029-8c73-c5add007aa2a\" transform=\"translate(1.42 0.56)\"><path class=\"ed046fe8-c45e-4c27-8c99-cc455fb09a11\" d=\"M6.08,1.78A5.43,5.43,0,0,1,9,3.76H9a.08.08,0,0,0,.11,0l0,0a.84.84,0,0,0,.13-.29.77.77,0,0,0,0-.37,1.13,1.13,0,0,0-.45-.64,3.08,3.08,0,0,0-1-.48,6.09,6.09,0,0,0-1.7-.2ZM2.24,3A2.42,2.42,0,0,1,3,3a4.51,4.51,0,0,1,.53.1,4.31,4.31,0,0,1,.8.32,9.74,9.74,0,0,0,2.32.94,3.53,3.53,0,0,0,1.55.07,2.06,2.06,0,0,0,.35-.12h0a.15.15,0,0,0,.06-.09V4.06A5.36,5.36,0,0,0,5.07,1.88,6.34,6.34,0,0,0,2.24,3Z\"><\/path><\/clippath><clippath id=\"e849b637-b94e-46e7-82ef-28aa65631402\" transform=\"translate(1.42 0.56)\"><rect class=\"ed046fe8-c45e-4c27-8c99-cc455fb09a11\" x=\"2.24\" y=\"1.77\" width=\"7.05\" height=\"2.73\"><\/rect><\/clippath><clippath id=\"a54fd6b3-26b0-4148-a751-f3fc03776dad\" transform=\"translate(1.42 0.56)\"><path class=\"ed046fe8-c45e-4c27-8c99-cc455fb09a11\" d=\"M0,5.51A4.12,4.12,0,0,1,.48,4.44a5.73,5.73,0,0,1,1-1.25A6.6,6.6,0,0,1,4.6,1.6a7,7,0,0,1,3.27,0A3.22,3.22,0,0,1,9,2.19l.26.23a3,3,0,0,0-.5-.94A3.5,3.5,0,0,0,7.25.38,5.63,5.63,0,0,0,5.31,0,5.2,5.2,0,0,0,3.25.42,5.63,5.63,0,0,0,.14,4.29h0A5.57,5.57,0,0,0,0,5.51Z\"><\/path><\/clippath><clippath id=\"e0799cd4-4afa-4ec8-8e66-a78107f288a5\" transform=\"translate(1.42 0.56)\"><rect class=\"ed046fe8-c45e-4c27-8c99-cc455fb09a11\" y=\"0.02\" width=\"9.29\" height=\"5.49\"><\/rect><\/clippath><clippath id=\"e6201ef8-5c7f-43e5-b262-cd449072f506\" transform=\"translate(1.42 0.56)\"><path class=\"ed046fe8-c45e-4c27-8c99-cc455fb09a11\" d=\"M2.6,7.63a5.49,5.49,0,0,1,.25-3.51h0a.08.08,0,0,0,0-.11h0a.86.86,0,0,0-.32,0,1,1,0,0,0-.33.17,1.11,1.11,0,0,0-.32.71A3.17,3.17,0,0,0,1.92,6,6.27,6.27,0,0,0,2.6,7.63Zm3,2.71a2.46,2.46,0,0,1-.44-.66A2.91,2.91,0,0,1,5,9.18a3.5,3.5,0,0,1-.13-.85,9.53,9.53,0,0,0-.35-2.49,3.46,3.46,0,0,0-.71-1.37,1.74,1.74,0,0,0-.29-.25H3.41s-.12,0-.14.08a5.45,5.45,0,0,0,0,4.16,6.21,6.21,0,0,0,2.39,1.89Z\"><\/path><\/clippath><clippath id=\"ada393b8-c063-49b5-bb3c-3afb94ecc5b6\" transform=\"translate(1.42 0.56)\"><rect class=\"ed046fe8-c45e-4c27-8c99-cc455fb09a11\" x=\"1.77\" y=\"3.98\" width=\"3.81\" height=\"6.36\"><\/rect><\/clippath><clippath id=\"f68d1a1e-e3c6-43fa-b26d-d774ca08340f\" transform=\"translate(1.42 0.56)\"><path class=\"ed046fe8-c45e-4c27-8c99-cc455fb09a11\" d=\"M8.87,11a4.13,4.13,0,0,1-1.16.13,6,6,0,0,1-1.58-.24A6.5,6.5,0,0,1,3.19,9a7,7,0,0,1-1.6-2.86,3.2,3.2,0,0,1-.11-1.27,1.36,1.36,0,0,1,.07-.35A3,3,0,0,0,1,5.43,3.56,3.56,0,0,0,.8,7.31a5.69,5.69,0,0,0,.67,1.86,5.11,5.11,0,0,0,1.37,1.59,5.64,5.64,0,0,0,4.91.76h0A4.75,4.75,0,0,0,8.87,11Z\"><\/path><\/clippath><clippath id=\"fee52bc7-09eb-432e-8a74-9a7a579bcc8e\" transform=\"translate(1.42 0.56)\"><rect class=\"ed046fe8-c45e-4c27-8c99-cc455fb09a11\" x=\"0.69\" y=\"4.52\" width=\"8.18\" height=\"7.42\"><\/rect><\/clippath><\/defs><title>Ecoss_logo_green_1<\/title><g id=\"b29a4ef6-bb1a-4e37-b233-6549accb1a82\" data-name=\"Layer 2\"><g id=\"bdfcb5c7-c462-4605-b239-efd2a68c8278\" data-name=\"Layer 1\"><g id=\"a15beee7-3d14-4290-befc-0709576f2083\" data-name=\"e9ac6f1d-2fc0-405b-ba4b-b60efb6020ce\"><g id=\"b5e4be4a-6e33-49e0-8d09-4ecb16cef941\" data-name=\"b97b3e76-c793-4a8a-b21c-3c9d21b23c57\"><g class=\"b32586c3-dfe5-496f-a419-32fe72f1cf2d\"><g class=\"e050f8b8-22ba-4d59-a115-75f81d50f79f\"><image class=\"e9051052-8828-467b-a86d-a4352bef3533\" width=\"16\" height=\"17\" transform=\"matrix(0.48, 0, 0, -0.48, 6.15, 11.72)\" xlink:href=\"data:image\/png;base64,iVBORw0KGgoAAAANSUhEUgAAABAAAAARCAYAAADUryzEAAAACXBIWXMAABcRAAAXEQHKJvM\/AAAAnUlEQVQ4T6WUSwrDMBBDpZGcnKarXqt36cHaO7mbfGgazxQyC2OE30MwYPbeOy5MVA+q8Xq5Pe5bGAQIgMtB7tnr+T4XVGAQ6CSOswnEHFyzoYCRgwQgZQ0iBx2VoAAtQE4EDKagREg\/\/C4I5qCXbCiYG1NQQfhr6UfBRIQI+xyUCsE0RwrKfzTIwDUbC1oOuqFoMOegTehEwKv\/wQfi9hMuaupW1wAAAABJRU5ErkJggg==\"><\/image><\/g><\/g><g class=\"f7f13c51-4373-440f-913c-eca64fd81153\"><g class=\"a3dc4e03-9438-4112-b09d-17c6e6f44df1\"><image class=\"e9051052-8828-467b-a86d-a4352bef3533\" width=\"16\" height=\"24\" transform=\"matrix(0.48, 0, 0, -0.48, 7.44, 11.94)\" xlink:href=\"data:image\/png;base64,iVBORw0KGgoAAAANSUhEUgAAABAAAAAYCAYAAADzoH0MAAAACXBIWXMAABcRAAAXEQHKJvM\/AAABKElEQVQ4T6WUwXXDMAxDkb4M1gk6Vm9dqpcMFQHIgRJNOVLT96IT41CfAEn7Ytt443y8Snh1riP4uX0CAEyABkRDBGSABEz358D31+8zwAKkflEAFckRO8D9WT0JaA2wnEkkIHUYowAVSjYAF\/mhhKmq\/3ZY3ABmn6ni1I+tBbZIorpcutsoKhS2loDWcACK\/PB\/9Eaa7hfAffY5xkeW3ihga0Dzk1zKOQHZ+d8GUC8fu5DyS7wEsM0+5erdMYE\/m3gPn+5JYxqSJ\/+nPSoAzj6jolMN5d6LLcBZJS7M8ZC\/HWPd\/XP1jPlPBZPn0wS2gKUCnqbRLS0Bje6v7FByTKDG2z3I13cxgVF5wJeA2MTZf53GqL5dJPJoUq5yjy2AdsLqubz7WX8AsYwVZc6KiMcAAAAASUVORK5CYII=\"><\/image><\/g><\/g><g class=\"e17d67db-7d38-40e2-915b-99144db4c38e\"><g class=\"f7f97d84-6d08-4686-a895-e748f2c591d6\"><image class=\"e9051052-8828-467b-a86d-a4352bef3533\" width=\"20\" height=\"10\" transform=\"matrix(0.48, 0, 0, -0.48, 2.5, 6.42)\" xlink:href=\"data:image\/png;base64,iVBORw0KGgoAAAANSUhEUgAAABQAAAAKCAYAAAC0VX7mAAAACXBIWXMAABcRAAAXEQHKJvM\/AAAAqUlEQVQoU62SSw4CIRBEH8aDeUFXHsqViaeRQTP9XMzgMB81JlZCgIYuqrpJqvwRu28XfsW+Lo7nA48iOUOXJWfpbpKLdEXKXUoX5CKPXvqACDGgD7meLsBCoQCKMozZoQRrLGNzy4IkalUrMTo+xmt+h7lCwTHZoCFJk+KRLDW9bPm3m1IVtXsBFxY3lK4VzgIf3W1iIqzJMVic6jWplcHqUn2L9O+P\/QTdMH7DcrVg1wAAAABJRU5ErkJggg==\"><\/image><\/g><\/g><g class=\"a0f86e43-aa47-4691-8ad2-0f54810d80f6\"><g class=\"a96d1abe-6742-4488-8c3a-e0c448a78f5e\"><image class=\"e9051052-8828-467b-a86d-a4352bef3533\" width=\"28\" height=\"15\" transform=\"matrix(0.48, 0, 0, -0.48, 0, 7.2)\" xlink:href=\"data:image\/png;base64,iVBORw0KGgoAAAANSUhEUgAAABwAAAAPCAYAAAD3T6+hAAAACXBIWXMAABcRAAAXEQHKJvM\/AAAAY0lEQVQ4T+2VMQqAMBAEZ729vEiw8FfiA\/1ZLFQQG5uQKlMty8Jw1anWSk+mv0Fr\/IRlm2tYZAhbOIQNtsiACJG+urBIQ5bXpkAafHeZYl8PfYXdLxzC5gxhc4awOd2F6v0tTrj+ChnOd01mAAAAAElFTkSuQmCC\"><\/image><\/g><\/g><g class=\"bb7a87a6-a929-4446-ba9f-166e2d3f035f\"><g class=\"a8d42e27-967b-45d5-b607-5a1d33fa664a\"><image class=\"e9051052-8828-467b-a86d-a4352bef3533\" width=\"16\" height=\"17\" transform=\"matrix(0.48, 0, 0, -0.48, 1.89, 11.88)\" xlink:href=\"data:image\/png;base64,iVBORw0KGgoAAAANSUhEUgAAABAAAAARCAYAAADUryzEAAAACXBIWXMAABcRAAAXEQHKJvM\/AAAA5ElEQVQ4T6WUwW3DMAxFH1MxU\/XQWbpFN+k6Has2+H8PdIM4deVDCAjUQXx8FASFbfNEXM4OnMX43bx\/vjISckTnhJFBJmQGeYWPt6\/\/Ad+LkaAKskAKJOMtS\/GneAdYFmEFL6KLbFRBlclq8BywgmyGQNu6t6k6vuvdCCWowU15PNhMAcsiSoEKnFvRg80csJphsEDm0GYKKIHWHkPyzUYZlNpmDnC\/KldDrnc2Gp2nAMs4gAiIHunRZgoog4HABLGzSbXFFNAG3Z3Y26z2+QgyeOseHNucAi4ANgTHNgcRz\/4HP9eL0v6vjUMvAAAAAElFTkSuQmCC\"><\/image><\/g><\/g><g class=\"a9b73388-a7e5-4adb-b0ab-54804ac8ea88\"><g class=\"b6d4808a-3173-4944-87df-cc47c95e1c32\"><image class=\"e9051052-8828-467b-a86d-a4352bef3533\" width=\"24\" height=\"20\" transform=\"matrix(0.48, 0, 0, -0.48, 1.03, 13.88)\" xlink:href=\"data:image\/png;base64,iVBORw0KGgoAAAANSUhEUgAAABgAAAAUCAYAAACXtf2DAAAACXBIWXMAABcRAAAXEQHKJvM\/AAABwUlEQVQ4T7WVS47cYAiEv6KdQ+UguVU2uddIcyKoLOBv29N2ZxGNV8iyKOoBlm3zjU\/864P\/fbZV\/Pr9kywoQxVUmSrw1OlznQUuU4Ys44I0fP75uAZ4PIQ0DQQhUQGZRhIypKYuE4KSSIMEFuhC7RNAyOQ0s0wWSMK116VuKEPIqBrIMirdA2wbZAqpaZe+1lBhMoedIQesv+n6FqAlMlVCNVPOpF33hEtGLXbyyNQK3AJsASmNtgcfRvuQ+r3Za4EP\/tQFhR3gB6jA2UAKvmi\/m\/2sX7556X+QaNMYBpqILh9a65agGZ1raSXsDcC2Tf4DKkVV51u5G1wllGPswZ8V37pY2wOAqDQZEIJMUKj1T0gf\/KnxoXZ2y+xbgMcGES2TZRTNSBKOyXvy1L6TJJSmZukuQnQ22clzcVSd+Y5lS1PaT8jyIdVDxTC7B9hmG82cCO1LtKZ0+5PZDPPgz6rfAEymV5LkNvw4rdsfjf7SxNrd3PVu0bbJeo3B06Rmqx0L\/DB90f4s+S4onG9RtGm7NJ0sxfiT3aQXa3bleT7an1sARZ+LUjNZxyy0X1ep\/wMrCOU+5zEDZb4y0Hf\/Mv8CVmWC02N1juUAAAAASUVORK5CYII=\"><\/image><\/g><\/g><\/g><\/g><\/g><\/g><\/svg>\t\t\t<\/div>\n\t\t<\/div>\n\t\t\t\t\t\t<\/div>\n\t\t\t\t<\/div>\n\t\t\t\t\t<\/div>\n\t\t\t\t<\/div>\n\t\t\t\t<\/div>\n\t\t\t\t\t<\/div>\n\t\t\t\t<\/div>\n\t\t<div class=\"elementor-element elementor-element-5078e32 e-flex e-con-boxed e-con e-parent\" data-id=\"5078e32\" data-element_type=\"container\" data-e-type=\"container\">\n\t\t\t\t\t<div class=\"e-con-inner\">\n\t\t\t\t<div class=\"elementor-element elementor-element-a70ca82 e-my-account-tabs-vertical elementor-widget elementor-widget-woocommerce-my-account\" data-id=\"a70ca82\" data-element_type=\"widget\" data-e-type=\"widget\" data-settings=\"{&quot;customize_dashboard_check&quot;:&quot;yes&quot;}\" data-widget_type=\"woocommerce-my-account.default\">\n\t\t\t\t<div class=\"elementor-widget-container\">\n\t\t\t\t\t<div class=\"e-my-account-tab e-my-account-tab__\">\t\t\t<div class=\"woocommerce\"><\/div>\t\t<\/div>\n\t\t\t\t\t\t<\/div>\n\t\t\t\t<\/div>\n\t\t\t\t\t<\/div>\n\t\t\t\t<\/div>\n\t\t\t\t<\/div>","protected":false},"excerpt":{"rendered":"<p>Sipari\u015fleri g\u00f6r\u00fcnt\u00fcle Verileri d\u00fczenle ECOSS durumu Ecoss_logo_green_1 Kontrol paneli Sipari\u015fler \u0130ndirilenler \u015eirket verileri \u00d6deme y\u00f6ntemleri Temel veriler Oturumu kapat Merhaba ecoss (ecoss de\u011fil mi? Oturumu kapat) Hesap kontrol panelinizden son sipari\u015flerinizi g\u00f6r\u00fcnt\u00fcleyebilir, g\u00f6nderim ve fatura adreslerinizi y\u00f6netebilir ve \u015fifrenizi d\u00fczenleyebilirsiniz. hesap detaylar\u0131.<\/p>","protected":false},"author":34,"featured_media":0,"parent":0,"menu_order":0,"comment_status":"closed","ping_status":"closed","template":"","meta":{"inline_featured_image":false,"footnotes":""},"class_list":["post-10","page","type-page","status-publish","hentry"],"yoast_head":"<!-- This site is optimized with the Yoast SEO plugin v27.5 - https:\/\/yoast.com\/product\/yoast-seo-wordpress\/ -->\n<title>My account - ECOSS<\/title>\n<meta name=\"robots\" content=\"index, follow, max-snippet:-1, max-image-preview:large, max-video-preview:-1\" \/>\n<link rel=\"canonical\" href=\"https:\/\/ecoss.net\/tr\/my-account\/\" \/>\n<meta property=\"og:locale\" content=\"tr_TR\" \/>\n<meta property=\"og:type\" content=\"article\" \/>\n<meta property=\"og:title\" content=\"My account - ECOSS\" \/>\n<meta property=\"og:description\" content=\"Preglej naro\u010dila Uredi podatke Stanje ECOSS Ecoss_logo_green_1 Nadzorna plo\u0161\u010da Naro\u010dila Downloads Podatki podjetja Payment methods Osnovni podatki Odjava Hello ecoss (not ecoss? Log out) From your account dashboard you can view your recent orders, manage your shipping and billing addresses, and edit your password and account details.\" \/>\n<meta property=\"og:url\" content=\"https:\/\/ecoss.net\/tr\/my-account\/\" \/>\n<meta property=\"og:site_name\" content=\"ECOSS\" \/>\n<meta property=\"article:publisher\" content=\"https:\/\/www.facebook.com\/ecosynergysystem\" \/>\n<meta property=\"article:modified_time\" content=\"2023-10-31T18:30:11+00:00\" \/>\n<meta property=\"og:image\" content=\"https:\/\/ecoss.net\/wp-content\/uploads\/2023\/09\/Ecoss.net-logo.png\" \/>\n\t<meta property=\"og:image:width\" content=\"1778\" \/>\n\t<meta property=\"og:image:height\" content=\"1777\" \/>\n\t<meta property=\"og:image:type\" content=\"image\/png\" \/>\n<meta name=\"twitter:card\" content=\"summary_large_image\" \/>\n<meta name=\"twitter:site\" content=\"@EcoSynergyEcoss\" \/>\n<meta name=\"twitter:label1\" content=\"Tahmini okuma s\u00fcresi\" \/>\n\t<meta name=\"twitter:data1\" content=\"2 dakika\" \/>\n<script type=\"application\/ld+json\" class=\"yoast-schema-graph\">{\"@context\":\"https:\\\/\\\/schema.org\",\"@graph\":[{\"@type\":\"WebPage\",\"@id\":\"https:\\\/\\\/ecoss.net\\\/my-account\\\/\",\"url\":\"https:\\\/\\\/ecoss.net\\\/my-account\\\/\",\"name\":\"My account - ECOSS\",\"isPartOf\":{\"@id\":\"https:\\\/\\\/ecoss.net\\\/#website\"},\"datePublished\":\"2023-07-13T17:53:27+00:00\",\"dateModified\":\"2023-10-31T18:30:11+00:00\",\"breadcrumb\":{\"@id\":\"https:\\\/\\\/ecoss.net\\\/my-account\\\/#breadcrumb\"},\"inLanguage\":\"tr\",\"potentialAction\":[{\"@type\":\"ReadAction\",\"target\":[\"https:\\\/\\\/ecoss.net\\\/my-account\\\/\"]}]},{\"@type\":\"BreadcrumbList\",\"@id\":\"https:\\\/\\\/ecoss.net\\\/my-account\\\/#breadcrumb\",\"itemListElement\":[{\"@type\":\"ListItem\",\"position\":1,\"name\":\"Home\",\"item\":\"https:\\\/\\\/ecoss.net\\\/\"},{\"@type\":\"ListItem\",\"position\":2,\"name\":\"My account\"}]},{\"@type\":\"WebSite\",\"@id\":\"https:\\\/\\\/ecoss.net\\\/#website\",\"url\":\"https:\\\/\\\/ecoss.net\\\/\",\"name\":\"ECOSS\",\"description\":\"Ecosynergy System\",\"publisher\":{\"@id\":\"https:\\\/\\\/ecoss.net\\\/#organization\"},\"potentialAction\":[{\"@type\":\"SearchAction\",\"target\":{\"@type\":\"EntryPoint\",\"urlTemplate\":\"https:\\\/\\\/ecoss.net\\\/?s={search_term_string}\"},\"query-input\":{\"@type\":\"PropertyValueSpecification\",\"valueRequired\":true,\"valueName\":\"search_term_string\"}}],\"inLanguage\":\"tr\"},{\"@type\":\"Organization\",\"@id\":\"https:\\\/\\\/ecoss.net\\\/#organization\",\"name\":\"EcoSynergy System\",\"url\":\"https:\\\/\\\/ecoss.net\\\/\",\"logo\":{\"@type\":\"ImageObject\",\"inLanguage\":\"tr\",\"@id\":\"https:\\\/\\\/ecoss.net\\\/#\\\/schema\\\/logo\\\/image\\\/\",\"url\":\"https:\\\/\\\/ecoss.net\\\/wp-content\\\/uploads\\\/2023\\\/07\\\/ESS-PublishWall-logo-300x300-1.png\",\"contentUrl\":\"https:\\\/\\\/ecoss.net\\\/wp-content\\\/uploads\\\/2023\\\/07\\\/ESS-PublishWall-logo-300x300-1.png\",\"width\":224,\"height\":224,\"caption\":\"EcoSynergy System\"},\"image\":{\"@id\":\"https:\\\/\\\/ecoss.net\\\/#\\\/schema\\\/logo\\\/image\\\/\"},\"sameAs\":[\"https:\\\/\\\/www.facebook.com\\\/ecosynergysystem\",\"https:\\\/\\\/x.com\\\/EcoSynergyEcoss\",\"https:\\\/\\\/www.instagram.com\\\/ecosynergysystem\\\/\",\"https:\\\/\\\/www.linkedin.com\\\/in\\\/ecosynergy-system-environmental-solution-b9b62220a\\\/\"]}]}<\/script>\n<!-- \/ Yoast SEO plugin. -->","yoast_head_json":{"title":"Hesab\u0131m - ECOSS","robots":{"index":"index","follow":"follow","max-snippet":"max-snippet:-1","max-image-preview":"max-image-preview:large","max-video-preview":"max-video-preview:-1"},"canonical":"https:\/\/ecoss.net\/tr\/my-account\/","og_locale":"tr_TR","og_type":"article","og_title":"My account - ECOSS","og_description":"Preglej naro\u010dila Uredi podatke Stanje ECOSS Ecoss_logo_green_1 Nadzorna plo\u0161\u010da Naro\u010dila Downloads Podatki podjetja Payment methods Osnovni podatki Odjava Hello ecoss (not ecoss? Log out) From your account dashboard you can view your recent orders, manage your shipping and billing addresses, and edit your password and account details.","og_url":"https:\/\/ecoss.net\/tr\/my-account\/","og_site_name":"ECOSS","article_publisher":"https:\/\/www.facebook.com\/ecosynergysystem","article_modified_time":"2023-10-31T18:30:11+00:00","og_image":[{"width":1778,"height":1777,"url":"https:\/\/ecoss.net\/wp-content\/uploads\/2023\/09\/Ecoss.net-logo.png","type":"image\/png"}],"twitter_card":"summary_large_image","twitter_site":"@EcoSynergyEcoss","twitter_misc":{"Tahmini okuma s\u00fcresi":"2 dakika"},"schema":{"@context":"https:\/\/schema.org","@graph":[{"@type":"WebPage","@id":"https:\/\/ecoss.net\/my-account\/","url":"https:\/\/ecoss.net\/my-account\/","name":"Hesab\u0131m - ECOSS","isPartOf":{"@id":"https:\/\/ecoss.net\/#website"},"datePublished":"2023-07-13T17:53:27+00:00","dateModified":"2023-10-31T18:30:11+00:00","breadcrumb":{"@id":"https:\/\/ecoss.net\/my-account\/#breadcrumb"},"inLanguage":"tr","potentialAction":[{"@type":"ReadAction","target":["https:\/\/ecoss.net\/my-account\/"]}]},{"@type":"BreadcrumbList","@id":"https:\/\/ecoss.net\/my-account\/#breadcrumb","itemListElement":[{"@type":"ListItem","position":1,"name":"Home","item":"https:\/\/ecoss.net\/"},{"@type":"ListItem","position":2,"name":"My account"}]},{"@type":"WebSite","@id":"https:\/\/ecoss.net\/#website","url":"https:\/\/ecoss.net\/","name":"ECOS","description":"Ekosinerji Sistemi","publisher":{"@id":"https:\/\/ecoss.net\/#organization"},"potentialAction":[{"@type":"SearchAction","target":{"@type":"EntryPoint","urlTemplate":"https:\/\/ecoss.net\/?s={search_term_string}"},"query-input":{"@type":"PropertyValueSpecification","valueRequired":true,"valueName":"search_term_string"}}],"inLanguage":"tr"},{"@type":"Organization","@id":"https:\/\/ecoss.net\/#organization","name":"EcoSinerji Sistemi","url":"https:\/\/ecoss.net\/","logo":{"@type":"ImageObject","inLanguage":"tr","@id":"https:\/\/ecoss.net\/#\/schema\/logo\/image\/","url":"https:\/\/ecoss.net\/wp-content\/uploads\/2023\/07\/ESS-PublishWall-logo-300x300-1.png","contentUrl":"https:\/\/ecoss.net\/wp-content\/uploads\/2023\/07\/ESS-PublishWall-logo-300x300-1.png","width":224,"height":224,"caption":"EcoSynergy System"},"image":{"@id":"https:\/\/ecoss.net\/#\/schema\/logo\/image\/"},"sameAs":["https:\/\/www.facebook.com\/ecosynergysystem","https:\/\/x.com\/EcoSynergyEcoss","https:\/\/www.instagram.com\/ecosynergysystem\/","https:\/\/www.linkedin.com\/in\/ecosynergy-system-environmental-solution-b9b62220a\/"]}]}},"_links":{"self":[{"href":"https:\/\/ecoss.net\/tr\/wp-json\/wp\/v2\/pages\/10","targetHints":{"allow":["GET"]}}],"collection":[{"href":"https:\/\/ecoss.net\/tr\/wp-json\/wp\/v2\/pages"}],"about":[{"href":"https:\/\/ecoss.net\/tr\/wp-json\/wp\/v2\/types\/page"}],"author":[{"embeddable":true,"href":"https:\/\/ecoss.net\/tr\/wp-json\/wp\/v2\/users\/34"}],"replies":[{"embeddable":true,"href":"https:\/\/ecoss.net\/tr\/wp-json\/wp\/v2\/comments?post=10"}],"version-history":[{"count":117,"href":"https:\/\/ecoss.net\/tr\/wp-json\/wp\/v2\/pages\/10\/revisions"}],"predecessor-version":[{"id":2208,"href":"https:\/\/ecoss.net\/tr\/wp-json\/wp\/v2\/pages\/10\/revisions\/2208"}],"wp:attachment":[{"href":"https:\/\/ecoss.net\/tr\/wp-json\/wp\/v2\/media?parent=10"}],"curies":[{"name":"wp","href":"https:\/\/api.w.org\/{rel}","templated":true}]}}