{"id":1067,"date":"2023-09-05T13:25:49","date_gmt":"2023-09-05T11:25:49","guid":{"rendered":"https:\/\/ecoss.akumen.eu\/?page_id=1067"},"modified":"2023-09-10T18:00:08","modified_gmt":"2023-09-10T16:00:08","slug":"term-and-conditions","status":"publish","type":"page","link":"https:\/\/ecoss.net\/sk\/term-and-conditions\/","title":{"rendered":"Podmienky pou\u017e\u00edvania"},"content":{"rendered":"<div data-elementor-type=\"wp-page\" data-elementor-id=\"1067\" class=\"elementor elementor-1067\" data-elementor-post-type=\"page\">\n\t\t\t\t<div class=\"elementor-element elementor-element-087d159 e-flex e-con-boxed e-con e-parent\" data-id=\"087d159\" data-element_type=\"container\" data-e-type=\"container\">\n\t\t\t\t\t<div class=\"e-con-inner\">\n\t\t\t\t<div class=\"elementor-element elementor-element-600463b elementor-widget elementor-widget-heading\" data-id=\"600463b\" data-element_type=\"widget\" data-e-type=\"widget\" data-widget_type=\"heading.default\">\n\t\t\t\t<div class=\"elementor-widget-container\">\n\t\t\t\t\t<h2 class=\"elementor-heading-title elementor-size-default\">Podmienky pou\u017e\u00edvania<\/h2>\t\t\t\t<\/div>\n\t\t\t\t<\/div>\n\t\t\t\t\t<\/div>\n\t\t\t\t<\/div>\n\t\t\t\t<section class=\"elementor-section elementor-top-section elementor-element elementor-element-b891be5 elementor-section-boxed elementor-section-height-default elementor-section-height-default\" data-id=\"b891be5\" data-element_type=\"section\" data-e-type=\"section\">\n\t\t\t\t\t\t<div class=\"elementor-container elementor-column-gap-default\">\n\t\t\t\t\t<div class=\"elementor-column elementor-col-100 elementor-top-column elementor-element elementor-element-744f0fe\" data-id=\"744f0fe\" data-element_type=\"column\" data-e-type=\"column\">\n\t\t\t<div class=\"elementor-widget-wrap elementor-element-populated\">\n\t\t\t\t\t\t<div class=\"elementor-element elementor-element-8958208 elementor-widget elementor-widget-text-editor\" data-id=\"8958208\" data-element_type=\"widget\" data-e-type=\"widget\" data-widget_type=\"text-editor.default\">\n\t\t\t\t<div class=\"elementor-widget-container\">\n\t\t\t\t\t\t\t\t\t<p>Vitajte na str\u00e1nke ecoss.net, jej slu\u017eby v\u00e1m poskytujeme v s\u00falade s upozorneniami a podmienkami stanoven\u00fdmi v tejto zmluve (\u010falej len \u201ezmluva\u201c). Okrem toho, ke\u010f pou\u017eijete ak\u00fako\u013evek slu\u017ebu ecoss.net (napr. z\u00e1kazn\u00edcke recenzie), budete podlieha\u0165 pravidl\u00e1m, usmerneniam, politik\u00e1m, zmluvn\u00fdm podmienkam platn\u00fdm pre tak\u00e9to slu\u017eby, ktor\u00e9 s\u00fa zahrnut\u00e9 do tejto zmluvy t\u00fdmto odkazom. Web\/port\u00e1l ecoss.net si vyhradzuje pr\u00e1vo kedyko\u013evek zmeni\u0165 t\u00fato str\u00e1nku a tieto podmienky. Vstupom na str\u00e1nku, jej prehliadan\u00edm alebo in\u00fdm pou\u017e\u00edvan\u00edm s\u00fahlas\u00edte s t\u00fdm, \u017ee budete viazan\u00ed v\u0161etk\u00fdmi podmienkami tejto zmluvy, preto si pred pokra\u010dovan\u00edm pozorne pre\u010d\u00edtajte t\u00fato dohodu.<\/p><p><strong>\u00a0<\/strong><\/p><h2><strong>Pou\u017e\u00edvanie webovej str\u00e1nky<\/strong><\/h2><p>Vyhlasujete a zaru\u010dujete, \u017ee m\u00e1te aspo\u0148 18 rokov alebo \u017ee nav\u0161tevujete str\u00e1nku pod doh\u013eadom rodi\u010da alebo opatrovn\u00edka. V s\u00falade s podmienkami tejto zmluvy v\u00e1m ecoss.net ude\u013euje obmedzen\u00fa, odvolate\u013en\u00fa, neprenosn\u00fa a nev\u00fdhradn\u00fa licenciu na pr\u00edstup a pou\u017e\u00edvanie webovej str\u00e1nky jej zobrazen\u00edm vo va\u0161om webovom prehliada\u010di, a to v\u00fdlu\u010dne za \u00fa\u010delom z\u00edskania polo\u017eiek pred\u00e1van\u00fdch na Internetov\u00e1 str\u00e1nka - Obchod s potravinami a nepotravin\u00e1rskymi v\u00fdrobkami, servisn\u00e1 \u010dinnos\u0165, zdie\u013eanie zariaden\u00ed, burza komod\u00edt, pou\u017e\u00edvanie aplik\u00e1cie ESG 24\/7, spe\u0148a\u017eenie menov\u00fdch vkladov, \u010dasu a znalost\u00ed, spe\u0148a\u017eenie\/demonetiz\u00e1cia\/prenos algoritmu ECOSS medzi \u010dlenov, at\u010f. a nie na \u017eiadne komer\u010dn\u00e9 pou\u017eitie alebo pou\u017eitie v mene akejko\u013evek tretej strany, pokia\u013e to ecoss.net vopred v\u00fdslovne nepovol\u00ed. Ak\u00e9ko\u013evek poru\u0161enie tejto zmluvy bude ma\u0165 za n\u00e1sledok okam\u017eit\u00e9 zru\u0161enie licencie udelenej v tomto odseku bez upozornenia. S v\u00fdnimkou pr\u00edpadov povolen\u00fdch v odseku vy\u0161\u0161ie nesmiete reprodukova\u0165, distribuova\u0165, zobrazova\u0165, pred\u00e1va\u0165, prenaj\u00edma\u0165, pren\u00e1\u0161a\u0165, vytv\u00e1ra\u0165 deriv\u00e1ty, preklada\u0165, sp\u00e4tne analyzova\u0165, rozobera\u0165, dekompilova\u0165 alebo inak vyu\u017e\u00edva\u0165 t\u00fato str\u00e1nku alebo ak\u00fako\u013evek jej \u010das\u0165, okrem pr\u00edpadov, ke\u010f to v\u00fdslovne uv\u00e1dza ecoss.net umo\u017e\u0148uje to p\u00edsomne. Nesmiete pou\u017ei\u0165 \u017eiadne inform\u00e1cie na webovej str\u00e1nke na komer\u010dn\u00e9 \u00fa\u010dely alebo ju ak\u00fdmko\u013evek sp\u00f4sobom pou\u017e\u00edva\u0165 v prospech inej spolo\u010dnosti, pokia\u013e to ecoss.net vopred v\u00fdslovne nepovol\u00ed. Ecoss.net si vyhradzuje pr\u00e1vo pod\u013ea vlastn\u00e9ho uv\u00e1\u017eenia odmietnu\u0165 slu\u017ebu, ukon\u010di\u0165 \u00fa\u010dty a\/alebo zru\u0161i\u0165 objedn\u00e1vky, vr\u00e1tane, bez obmedzenia, ak sa domnieva, \u017ee spr\u00e1vanie z\u00e1kazn\u00edka poru\u0161uje platn\u00e9 z\u00e1kony alebo po\u0161kodzuje z\u00e1ujmy ecoss.net. Prostredn\u00edctvom tejto str\u00e1nky nesmiete nahr\u00e1va\u0165, distribuova\u0165 ani inak zverej\u0148ova\u0165 \u017eiadny obsah, inform\u00e1cie alebo in\u00fd materi\u00e1l, ktor\u00fd (a) poru\u0161uje alebo poru\u0161uje ak\u00e9ko\u013evek autorsk\u00e9 pr\u00e1vo, patent, ochrann\u00fa zn\u00e1mku, servisn\u00fa zna\u010dku, obchodn\u00e9 tajomstvo alebo in\u00e9 vlastn\u00edcke pr\u00e1vo akejko\u013evek osoby; (b) je hanliv\u00fd, v\u00fdhra\u017en\u00fd, ur\u00e1\u017eliv\u00fd, obsc\u00e9nny, neslu\u0161n\u00fd, pornografick\u00fd alebo by mohol vies\u0165 k akejko\u013evek ob\u010dianskej alebo trestnej zodpovednosti pod\u013ea medzin\u00e1rodn\u00e9ho pr\u00e1va; alebo (c) obsahuje chyby, v\u00edrusy, \u010dervy, pasce, tr\u00f3jske kone alebo in\u00fd \u0161kodliv\u00fd k\u00f3d alebo funkcie. Ecoss.net v\u00e1m m\u00f4\u017ee prideli\u0165 heslo a identifik\u00e1ciu \u00fa\u010dtu, aby ste mohli pristupova\u0165 a pou\u017e\u00edva\u0165 ur\u010dit\u00e9 \u010dasti tejto str\u00e1nky. Zaka\u017ed\u00fdm, ke\u010f pou\u017eijete heslo alebo identifik\u00e1ciu, budete sa pova\u017eova\u0165 za opr\u00e1vnen\u00fd pristupova\u0165 na str\u00e1nku a pou\u017e\u00edva\u0165 ju sp\u00f4sobom, ktor\u00fd je v s\u00falade s podmienkami tejto zmluvy, a ecoss.net nebude ma\u0165 \u017eiadnu povinnos\u0165 sk\u00fama\u0165 autoriz\u00e1ciu alebo zdroj ak\u00fdko\u013evek tak\u00fdto pr\u00edstup alebo pou\u017e\u00edvanie webovej str\u00e1nky. Budete v\u00fdhradne zodpovedn\u00ed za v\u0161etok pr\u00edstup a pou\u017e\u00edvanie tejto str\u00e1nky k\u00fdmko\u013evek, kto pou\u017eije heslo a identifik\u00e1ciu, ktor\u00e1 v\u00e1m bola p\u00f4vodne pridelen\u00e1, bez oh\u013eadu na to, \u010di ste skuto\u010dne povolili tak\u00fdto pr\u00edstup a pou\u017e\u00edvanie tejto str\u00e1nky, vr\u00e1tane, bez obmedzenia, v\u0161etkej komunik\u00e1cie a prenosov a v\u0161etk\u00fdch z\u00e1v\u00e4zky (vr\u00e1tane, bez obmedzenia, finan\u010dn\u00fdch z\u00e1v\u00e4zkov) vypl\u00fdvaj\u00face z tak\u00e9hoto pr\u00edstupu alebo pou\u017e\u00edvania. Zodpoved\u00e1te za zachovanie bezpe\u010dnosti a d\u00f4vernosti hesla a identifik\u00e1cie, ktor\u00e9 v\u00e1m boli pridelen\u00e9. Mus\u00edte okam\u017eite informova\u0165 Ecoss.net o akomko\u013evek neopr\u00e1vnenom pou\u017eit\u00ed v\u00e1\u0161ho hesla alebo identifik\u00e1cie alebo o akomko\u013evek inom poru\u0161en\u00ed alebo hroziacom poru\u0161en\u00ed bezpe\u010dnosti tejto str\u00e1nky.<\/p><p>\u00a0<\/p><h2><strong>Du\u0161evn\u00e9 vlastn\u00edctvo<\/strong><\/h2><p>V\u0161etok text, grafika, ikony tla\u010didiel, obr\u00e1zky, zvukov\u00e9 nahr\u00e1vky a softv\u00e9r (spolo\u010dne \u201eObsah\u201c) patria v\u00fdlu\u010dne ecoss.net. Zhroma\u017e\u010fovanie, \u00faprava a kompil\u00e1cia v\u0161etk\u00e9ho obsahu na tejto webovej str\u00e1nke (\u201ekompil\u00e1cia\u201c) patr\u00ed v\u00fdlu\u010dne ecoss.net. V\u0161etok softv\u00e9r pou\u017eit\u00fd na tejto webovej lokalite (\u201eSoftv\u00e9r\u201c) je majetkom spolo\u010dnosti ecoss.net. Obsah, kompil\u00e1cia a softv\u00e9r s\u00fa chr\u00e1nen\u00e9 medzin\u00e1rodn\u00fdmi z\u00e1konmi o autorsk\u00fdch pr\u00e1vach. Ostatn\u00e9 log\u00e1, slogany, obchodn\u00e9 n\u00e1zvy alebo slov\u00e1 s\u00fa registrovan\u00e9 ochrann\u00e9 zn\u00e1mky, ochrann\u00e9 zn\u00e1mky alebo servisn\u00e9 zn\u00e1mky spolo\u010dnosti ecoss.net, jej dod\u00e1vate\u013eov alebo tret\u00edch str\u00e1n. Pou\u017e\u00edvanie akejko\u013evek ochrannej zn\u00e1mky alebo servisnej zn\u00e1mky ecoss.net bez jej v\u00fdslovn\u00e9ho p\u00edsomn\u00e9ho s\u00fahlasu je pr\u00edsne zak\u00e1zan\u00e9. Nesmiete pou\u017e\u00edva\u0165 produkty alebo slu\u017eby zna\u010dky ecoss.net ani \u017eiadnym sp\u00f4sobom, ktor\u00fd by mohol sp\u00f4sobi\u0165 zm\u00e4tok. Nesmiete pou\u017e\u00edva\u0165 ochrann\u00e9 zn\u00e1mky alebo servisn\u00e9 zn\u00e1mky ecoss.net \u017eiadnym sp\u00f4sobom, ktor\u00fd zneva\u017euje alebo diskredituje ecoss.net.<\/p><p>\u00a0<\/p><h2><strong>Ukon\u010denie a \u00fa\u010dinnos\u0165 ukon\u010denia<\/strong><\/h2><p>Okrem ak\u00fdchko\u013evek in\u00fdch z\u00e1konn\u00fdch alebo spravodliv\u00fdch opravn\u00fdch prostriedkov m\u00f4\u017ee ecoss.net okam\u017eite ukon\u010di\u0165 t\u00fato zmluvu alebo odvola\u0165 niektor\u00e9 alebo v\u0161etky va\u0161e pr\u00e1va udelen\u00e9 touto dohodou bez upozornenia. Po akomko\u013evek ukon\u010den\u00ed tejto zmluvy mus\u00edte okam\u017eite zastavi\u0165 v\u0161etok pr\u00edstup na str\u00e1nku a jej pou\u017e\u00edvanie a ecoss.net, okrem v\u0161etk\u00fdch ostatn\u00fdch z\u00e1konn\u00fdch alebo spravodliv\u00fdch n\u00e1pravn\u00fdch opatren\u00ed, okam\u017eite zru\u0161\u00ed v\u0161etky hesl\u00e1 a identifik\u00e1ciu \u00fa\u010dtu, ktor\u00e9 v\u00e1m boli vydan\u00e9, a odmietne, v cel\u00fd alebo \u010diasto\u010dne v\u00e1\u0161 pr\u00edstup a pou\u017e\u00edvanie tejto str\u00e1nky. Ak\u00e9ko\u013evek ukon\u010denie tejto zmluvy neovplyvn\u00ed pr\u00edslu\u0161n\u00e9 pr\u00e1va a povinnosti (vr\u00e1tane, bez obmedzenia, platobn\u00fdch povinnost\u00ed) zmluvn\u00fdch str\u00e1n, ktor\u00e9 vznikli pred d\u00e1tumom ukon\u010denia.<\/p><h2><strong>Zrieknutie sa zodpovednosti a obmedzenie zodpovednosti<\/strong><\/h2><p>Ak nie je v podmienkach predaja produktov\/slu\u017eieb uveden\u00e9 inak, zdie\u013eanie zariaden\u00ed, v\u00fdmena tovaru, pou\u017e\u00edvanie aplik\u00e1cie ESG 24\/7, spe\u0148a\u017eenie vkladov v cudzej mene, \u010das a znalosti, spe\u0148a\u017eenie\/demonetiz\u00e1cia\/prevod algoritmu ECOSS medzi \u010clenovia na tejto str\u00e1nke, ecoss.net spr\u00edstup\u0148uje t\u00fato webov\u00fa str\u00e1nku na pou\u017eitie vy\u0161\u0161ie uveden\u00e9ho a na transakcie vykon\u00e1van\u00e9 prostredn\u00edctvom nej na z\u00e1klade. Ecoss.net neposkytuje \u017eiadne vyhl\u00e1senia ani z\u00e1ruky, v\u00fdslovn\u00e9 alebo implicitn\u00e9, t\u00fdkaj\u00face sa prev\u00e1dzky str\u00e1nky alebo inform\u00e1ci\u00ed, obsahu, materi\u00e1lov alebo produktov na tejto str\u00e1nke, okrem pr\u00edpadov uveden\u00fdch v tomto dokumente v plnom rozsahu povolenom pr\u00edslu\u0161n\u00fdm z\u00e1konom, ecoss.net .net sa zrieka v\u0161etk\u00fdch z\u00e1ruk, v\u00fdslovn\u00fdch alebo implicitn\u00fdch, vr\u00e1tane, ale nie v\u00fdlu\u010dne, implicitn\u00fdch z\u00e1ruk obchodovate\u013enosti a vhodnosti na konkr\u00e9tny \u00fa\u010del, neporu\u0161enia pr\u00e1v, titulu, tich\u00e9ho u\u017e\u00edvania, presnosti \u00fadajov a syst\u00e9movej integr\u00e1cie. T\u00e1to webov\u00e1 str\u00e1nka m\u00f4\u017ee obsahova\u0165 nepresnosti, chyby alebo typografick\u00e9 chyby. Ecoss.net nezaru\u010duje, \u017ee Obsah bude nepreru\u0161ovan\u00fd alebo bezchybn\u00fd. V plnom rozsahu povolenom z\u00e1konom nenesie ecoss.net zodpovednos\u0165 za \u017eiadne \u0161kody ak\u00e9hoko\u013evek druhu vypl\u00fdvaj\u00face z pou\u017e\u00edvania tejto webovej str\u00e1nky, vr\u00e1tane, ale nie v\u00fdlu\u010dne, nepriamych, n\u00e1hodn\u00fdch, repres\u00edvnych, exempl\u00e1rnych, \u0161peci\u00e1lnych alebo n\u00e1sledn\u00fdch \u0161k\u00f4d.<br \/>V maxim\u00e1lnom rozsahu povolenom pr\u00edslu\u0161n\u00fdmi z\u00e1konmi celkov\u00e1 zodpovednos\u0165 ecoss.net vo\u010di v\u00e1m za ak\u00e9ko\u013evek \u0161kody (bez oh\u013eadu na pr\u00ed\u010dinu \u017ealoby) nepresiahne celkov\u00fa sumu poplatkov, ktor\u00e9 ste skuto\u010dne zaplatili spolo\u010dnosti ecoss.net po\u010das mesiaca bezprostredne pred aktom. v\u00fdsledkom by mala by\u0165 zodpovednos\u0165 ecoss.net, prijatie objedn\u00e1vky \u201eUpozor\u0148ujeme, \u017ee niektor\u00e9 objedn\u00e1vky mo\u017eno nebudeme m\u00f4c\u0165 prija\u0165 a budeme ich musie\u0165 zru\u0161i\u0165\u201c. Ecoss.net si vyhradzuje pr\u00e1vo na z\u00e1klade vlastn\u00e9ho uv\u00e1\u017eenia odmietnu\u0165 alebo zru\u0161i\u0165 ak\u00fako\u013evek objedn\u00e1vku z ak\u00e9hoko\u013evek d\u00f4vodu. Niektor\u00e9 zo situ\u00e1ci\u00ed, ktor\u00e9 m\u00f4\u017eu vies\u0165 k zru\u0161eniu va\u0161ej objedn\u00e1vky, zah\u0155\u0148aj\u00fa obmedzenia mno\u017estiev dostupn\u00fdch na n\u00e1kup, nepresnosti alebo chyby v inform\u00e1ci\u00e1ch o produkte alebo cen\u00e1ch alebo probl\u00e9my, ktor\u00e9 objavilo na\u0161e oddelenie pre zamedzenie \u00faverov a podvodov. Pred prijat\u00edm akejko\u013evek objedn\u00e1vky alebo spe\u0148a\u017een\u00edm\/demonetiz\u00e1ciou\/prenosom algoritmu ECOSS medzi \u010dlenmi m\u00f4\u017eeme tie\u017e vy\u017eadova\u0165 dodato\u010dn\u00e9 overenia alebo inform\u00e1cie. Budeme v\u00e1s kontaktova\u0165, ak bude cel\u00e1 va\u0161a objedn\u00e1vka alebo niektor\u00e1 \u010das\u0165 zru\u0161en\u00e1 alebo ak bud\u00fa potrebn\u00e9 \u010fal\u0161ie inform\u00e1cie na prijatie va\u0161ej objedn\u00e1vky.<\/p><p>\u00a0<\/p><h2><strong>Chyby tla\u010de<\/strong><\/h2><p>Hoci sa ecoss.net sna\u017e\u00ed poskytova\u0165 presn\u00e9 inform\u00e1cie o produktoch, slu\u017eb\u00e1ch a cen\u00e1ch, m\u00f4\u017eu sa vyskytn\u00fa\u0165 chyby v cen\u00e1ch alebo typografick\u00e9 chyby. Ecoss.net nem\u00f4\u017ee potvrdi\u0165 cenu polo\u017eky\/slu\u017eby, k\u00fdm nezad\u00e1te objedn\u00e1vku. V pr\u00edpade, \u017ee je polo\u017eka\/slu\u017eba uveden\u00e1 za nespr\u00e1vnu cenu alebo s nespr\u00e1vnymi inform\u00e1ciami z d\u00f4vodu chyby v cene alebo inform\u00e1ci\u00e1ch o produkte\/slu\u017ebe, ecoss.net m\u00e1 pr\u00e1vo pod\u013ea vlastn\u00e9ho uv\u00e1\u017eenia odmietnu\u0165 alebo zru\u0161i\u0165 ak\u00fako\u013evek objedn\u00e1vku. polo\u017eka\/slu\u017eba. V pr\u00edpade, \u017ee cena polo\u017eky\/slu\u017eby je nespr\u00e1vna, ecoss.net v\u00e1s m\u00f4\u017ee pod\u013ea vlastn\u00e9ho uv\u00e1\u017eenia kontaktova\u0165 so \u017eiados\u0165ou o pokyny alebo zru\u0161i\u0165 va\u0161u objedn\u00e1vku a upozorni\u0165 v\u00e1s na tak\u00e9to zru\u0161enie.<\/p><h2><strong>Spojenia<\/strong><\/h2><p>T\u00e1to webov\u00e1 str\u00e1nka m\u00f4\u017ee obsahova\u0165 odkazy na in\u00e9 webov\u00e9 str\u00e1nky na internete, ktor\u00e9 vlastnia a prev\u00e1dzkuj\u00fa tretie strany. Berieme na vedomie, \u017ee ecoss.net nezodpoved\u00e1 za prev\u00e1dzku alebo obsah umiestnen\u00fd na takejto str\u00e1nke alebo prostredn\u00edctvom nej.<\/p><h2><strong>Pr\u00e1vne prostriedky<\/strong><\/h2><p>S\u00fahlas\u00edte s t\u00fdm, \u017ee n\u00e1prava zo strany ecoss.net za ak\u00e9ko\u013evek skuto\u010dn\u00e9 alebo hroziace poru\u0161enie tejto zmluvy by bola neadekv\u00e1tna a \u017ee ecoss.net m\u00e1 n\u00e1rok na \u0161pecifick\u00e9 plnenie alebo prik\u00e1zan\u00fa n\u00e1pravu, pr\u00edpadne oboje, okrem ak\u00fdchko\u013evek \u0161k\u00f4d, ktor\u00e9 m\u00f4\u017eu by\u0165 od ecoss.net z\u00e1konne vym\u00e1han\u00e9 , spolu s primeran\u00fdmi n\u00e1kladmi na ak\u00fako\u013evek formu rie\u0161enia sporu, vr\u00e1tane, bez obmedzenia, poplatkov za pr\u00e1vne zast\u00fapenie. \u017diadne pr\u00e1vo alebo opravn\u00fd prostriedok ecoss.net nesmie by\u0165 vyl\u00fa\u010den\u00fd in\u00fdm, zo z\u00e1kona alebo pod\u013ea vlastn\u00e9ho imania, vr\u00e1tane, bez obmedzenia, s\u00fadneho pr\u00edkazu, poplatkov a n\u00e1kladov na pr\u00e1vne zastupovanie. \u017diadne zrieknutie sa pr\u00e1v alebo opravn\u00fdch prostriedkov zo strany ecoss.net pod\u013ea t\u00fdchto Podmienok nepredstavuje \u017eiadnu povinnos\u0165 poskytn\u00fa\u0165 ak\u00e9ko\u013evek podobn\u00e9, bud\u00face alebo in\u00e9 zrieknutie sa.<\/p>\t\t\t\t\t\t\t\t<\/div>\n\t\t\t\t<\/div>\n\t\t\t\t\t<\/div>\n\t\t<\/div>\n\t\t\t\t\t<\/div>\n\t\t<\/section>\n\t\t\t\t<\/div>","protected":false},"excerpt":{"rendered":"<p>Dobrodo\u0161li na ecoss.net, nudimo vam njegove storitve v skladu z obvestili, dolo\u010dili in pogoji, dolo\u010denimi v tej pogodbi (\u00bbpogodba\u00ab). Poleg tega, ko uporabljate katero koli storitev ecoss.net (npr. ocene strank), boste podvr\u017eeni pravilom, smernicam, pravilnikom, dolo\u010dilom in pogojem, ki veljajo za take storitve, in so vklju\u010deni v to pogodbo s tem sklicevanjem. Spletna stran\/portal ecoss.net [&hellip;]<\/p>\n","protected":false},"author":34,"featured_media":0,"parent":0,"menu_order":0,"comment_status":"closed","ping_status":"closed","template":"","meta":{"inline_featured_image":false,"footnotes":""},"class_list":["post-1067","page","type-page","status-publish","hentry"],"yoast_head":"<!-- This site is optimized with the Yoast SEO plugin v27.6 - https:\/\/yoast.com\/product\/yoast-seo-wordpress\/ -->\n<title>Pravila in pogoji uporabe - ECOSS<\/title>\n<meta name=\"robots\" content=\"index, follow, max-snippet:-1, max-image-preview:large, max-video-preview:-1\" \/>\n<link rel=\"canonical\" href=\"https:\/\/ecoss.net\/sk\/term-and-conditions\/\" \/>\n<meta property=\"og:locale\" content=\"sk_SK\" \/>\n<meta property=\"og:type\" content=\"article\" \/>\n<meta property=\"og:title\" content=\"Pravila in pogoji uporabe - ECOSS\" \/>\n<meta property=\"og:description\" content=\"Dobrodo\u0161li na ecoss.net, nudimo vam njegove storitve v skladu z obvestili, dolo\u010dili in pogoji, dolo\u010denimi v tej pogodbi (\u00bbpogodba\u00ab). Poleg tega, ko uporabljate katero koli storitev ecoss.net (npr. ocene strank), boste podvr\u017eeni pravilom, smernicam, pravilnikom, dolo\u010dilom in pogojem, ki veljajo za take storitve, in so vklju\u010deni v to pogodbo s tem sklicevanjem. Spletna stran\/portal ecoss.net [&hellip;]\" \/>\n<meta property=\"og:url\" content=\"https:\/\/ecoss.net\/sk\/term-and-conditions\/\" \/>\n<meta property=\"og:site_name\" content=\"ECOSS\" \/>\n<meta property=\"article:publisher\" content=\"https:\/\/www.facebook.com\/ecosynergysystem\" \/>\n<meta property=\"article:modified_time\" content=\"2023-09-10T16:00:08+00:00\" \/>\n<meta property=\"og:image\" content=\"https:\/\/ecoss.net\/wp-content\/uploads\/2023\/09\/Ecoss.net-logo.png\" \/>\n\t<meta property=\"og:image:width\" content=\"1778\" \/>\n\t<meta property=\"og:image:height\" content=\"1777\" \/>\n\t<meta property=\"og:image:type\" content=\"image\/png\" \/>\n<meta name=\"twitter:card\" content=\"summary_large_image\" \/>\n<meta name=\"twitter:site\" content=\"@EcoSynergyEcoss\" \/>\n<meta name=\"twitter:label1\" content=\"Predpokladan\u00fd \u010das \u010d\u00edtania\" \/>\n\t<meta name=\"twitter:data1\" content=\"7 min\u00fat\" \/>\n<script type=\"application\/ld+json\" class=\"yoast-schema-graph\">{\"@context\":\"https:\\\/\\\/schema.org\",\"@graph\":[{\"@type\":\"WebPage\",\"@id\":\"https:\\\/\\\/ecoss.net\\\/th\\\/term-and-conditions\\\/\",\"url\":\"https:\\\/\\\/ecoss.net\\\/th\\\/term-and-conditions\\\/\",\"name\":\"Pravila in pogoji uporabe - ECOSS\",\"isPartOf\":{\"@id\":\"https:\\\/\\\/ecoss.net\\\/#website\"},\"datePublished\":\"2023-09-05T11:25:49+00:00\",\"dateModified\":\"2023-09-10T16:00:08+00:00\",\"breadcrumb\":{\"@id\":\"https:\\\/\\\/ecoss.net\\\/th\\\/term-and-conditions\\\/#breadcrumb\"},\"inLanguage\":\"sk-SK\",\"potentialAction\":[{\"@type\":\"ReadAction\",\"target\":[\"https:\\\/\\\/ecoss.net\\\/th\\\/term-and-conditions\\\/\"]}]},{\"@type\":\"BreadcrumbList\",\"@id\":\"https:\\\/\\\/ecoss.net\\\/th\\\/term-and-conditions\\\/#breadcrumb\",\"itemListElement\":[{\"@type\":\"ListItem\",\"position\":1,\"name\":\"Home\",\"item\":\"https:\\\/\\\/ecoss.net\\\/\"},{\"@type\":\"ListItem\",\"position\":2,\"name\":\"Pravila in pogoji uporabe\"}]},{\"@type\":\"WebSite\",\"@id\":\"https:\\\/\\\/ecoss.net\\\/#website\",\"url\":\"https:\\\/\\\/ecoss.net\\\/\",\"name\":\"ECOSS\",\"description\":\"Ecosynergy System\",\"publisher\":{\"@id\":\"https:\\\/\\\/ecoss.net\\\/#organization\"},\"potentialAction\":[{\"@type\":\"SearchAction\",\"target\":{\"@type\":\"EntryPoint\",\"urlTemplate\":\"https:\\\/\\\/ecoss.net\\\/?s={search_term_string}\"},\"query-input\":{\"@type\":\"PropertyValueSpecification\",\"valueRequired\":true,\"valueName\":\"search_term_string\"}}],\"inLanguage\":\"sk-SK\"},{\"@type\":\"Organization\",\"@id\":\"https:\\\/\\\/ecoss.net\\\/#organization\",\"name\":\"EcoSynergy System\",\"url\":\"https:\\\/\\\/ecoss.net\\\/\",\"logo\":{\"@type\":\"ImageObject\",\"inLanguage\":\"sk-SK\",\"@id\":\"https:\\\/\\\/ecoss.net\\\/#\\\/schema\\\/logo\\\/image\\\/\",\"url\":\"https:\\\/\\\/ecoss.net\\\/wp-content\\\/uploads\\\/2023\\\/07\\\/ESS-PublishWall-logo-300x300-1.png\",\"contentUrl\":\"https:\\\/\\\/ecoss.net\\\/wp-content\\\/uploads\\\/2023\\\/07\\\/ESS-PublishWall-logo-300x300-1.png\",\"width\":224,\"height\":224,\"caption\":\"EcoSynergy System\"},\"image\":{\"@id\":\"https:\\\/\\\/ecoss.net\\\/#\\\/schema\\\/logo\\\/image\\\/\"},\"sameAs\":[\"https:\\\/\\\/www.facebook.com\\\/ecosynergysystem\",\"https:\\\/\\\/x.com\\\/EcoSynergyEcoss\",\"https:\\\/\\\/www.instagram.com\\\/ecosynergysystem\\\/\",\"https:\\\/\\\/www.linkedin.com\\\/in\\\/ecosynergy-system-environmental-solution-b9b62220a\\\/\"]}]}<\/script>\n<!-- \/ Yoast SEO plugin. -->","yoast_head_json":{"title":"Podmienky pou\u017e\u00edvania - ECOSS","robots":{"index":"index","follow":"follow","max-snippet":"max-snippet:-1","max-image-preview":"max-image-preview:large","max-video-preview":"max-video-preview:-1"},"canonical":"https:\/\/ecoss.net\/sk\/term-and-conditions\/","og_locale":"sk_SK","og_type":"article","og_title":"Pravila in pogoji uporabe - ECOSS","og_description":"Dobrodo\u0161li na ecoss.net, nudimo vam njegove storitve v skladu z obvestili, dolo\u010dili in pogoji, dolo\u010denimi v tej pogodbi (\u00bbpogodba\u00ab). Poleg tega, ko uporabljate katero koli storitev ecoss.net (npr. ocene strank), boste podvr\u017eeni pravilom, smernicam, pravilnikom, dolo\u010dilom in pogojem, ki veljajo za take storitve, in so vklju\u010deni v to pogodbo s tem sklicevanjem. Spletna stran\/portal ecoss.net [&hellip;]","og_url":"https:\/\/ecoss.net\/sk\/term-and-conditions\/","og_site_name":"ECOSS","article_publisher":"https:\/\/www.facebook.com\/ecosynergysystem","article_modified_time":"2023-09-10T16:00:08+00:00","og_image":[{"width":1778,"height":1777,"url":"https:\/\/ecoss.net\/wp-content\/uploads\/2023\/09\/Ecoss.net-logo.png","type":"image\/png"}],"twitter_card":"summary_large_image","twitter_site":"@EcoSynergyEcoss","twitter_misc":{"Predpokladan\u00fd \u010das \u010d\u00edtania":"7 min\u00fat"},"schema":{"@context":"https:\/\/schema.org","@graph":[{"@type":"WebPage","@id":"https:\/\/ecoss.net\/th\/term-and-conditions\/","url":"https:\/\/ecoss.net\/th\/term-and-conditions\/","name":"Podmienky pou\u017e\u00edvania - ECOSS","isPartOf":{"@id":"https:\/\/ecoss.net\/#website"},"datePublished":"2023-09-05T11:25:49+00:00","dateModified":"2023-09-10T16:00:08+00:00","breadcrumb":{"@id":"https:\/\/ecoss.net\/th\/term-and-conditions\/#breadcrumb"},"inLanguage":"sk-SK","potentialAction":[{"@type":"ReadAction","target":["https:\/\/ecoss.net\/th\/term-and-conditions\/"]}]},{"@type":"BreadcrumbList","@id":"https:\/\/ecoss.net\/th\/term-and-conditions\/#breadcrumb","itemListElement":[{"@type":"ListItem","position":1,"name":"Home","item":"https:\/\/ecoss.net\/"},{"@type":"ListItem","position":2,"name":"Pravila in pogoji uporabe"}]},{"@type":"WebSite","@id":"https:\/\/ecoss.net\/#website","url":"https:\/\/ecoss.net\/","name":"ECOSS","description":"Ekosynergick\u00fd syst\u00e9m","publisher":{"@id":"https:\/\/ecoss.net\/#organization"},"potentialAction":[{"@type":"SearchAction","target":{"@type":"EntryPoint","urlTemplate":"https:\/\/ecoss.net\/?s={search_term_string}"},"query-input":{"@type":"PropertyValueSpecification","valueRequired":true,"valueName":"search_term_string"}}],"inLanguage":"sk-SK"},{"@type":"Organization","@id":"https:\/\/ecoss.net\/#organization","name":"Syst\u00e9m EcoSynergy","url":"https:\/\/ecoss.net\/","logo":{"@type":"ImageObject","inLanguage":"sk-SK","@id":"https:\/\/ecoss.net\/#\/schema\/logo\/image\/","url":"https:\/\/ecoss.net\/wp-content\/uploads\/2023\/07\/ESS-PublishWall-logo-300x300-1.png","contentUrl":"https:\/\/ecoss.net\/wp-content\/uploads\/2023\/07\/ESS-PublishWall-logo-300x300-1.png","width":224,"height":224,"caption":"EcoSynergy System"},"image":{"@id":"https:\/\/ecoss.net\/#\/schema\/logo\/image\/"},"sameAs":["https:\/\/www.facebook.com\/ecosynergysystem","https:\/\/x.com\/EcoSynergyEcoss","https:\/\/www.instagram.com\/ecosynergysystem\/","https:\/\/www.linkedin.com\/in\/ecosynergy-system-environmental-solution-b9b62220a\/"]}]}},"_links":{"self":[{"href":"https:\/\/ecoss.net\/sk\/wp-json\/wp\/v2\/pages\/1067","targetHints":{"allow":["GET"]}}],"collection":[{"href":"https:\/\/ecoss.net\/sk\/wp-json\/wp\/v2\/pages"}],"about":[{"href":"https:\/\/ecoss.net\/sk\/wp-json\/wp\/v2\/types\/page"}],"author":[{"embeddable":true,"href":"https:\/\/ecoss.net\/sk\/wp-json\/wp\/v2\/users\/34"}],"replies":[{"embeddable":true,"href":"https:\/\/ecoss.net\/sk\/wp-json\/wp\/v2\/comments?post=1067"}],"version-history":[{"count":8,"href":"https:\/\/ecoss.net\/sk\/wp-json\/wp\/v2\/pages\/1067\/revisions"}],"predecessor-version":[{"id":1353,"href":"https:\/\/ecoss.net\/sk\/wp-json\/wp\/v2\/pages\/1067\/revisions\/1353"}],"wp:attachment":[{"href":"https:\/\/ecoss.net\/sk\/wp-json\/wp\/v2\/media?parent=1067"}],"curies":[{"name":"wp","href":"https:\/\/api.w.org\/{rel}","templated":true}]}}