{"id":3,"date":"2023-07-13T17:49:36","date_gmt":"2023-07-13T17:49:36","guid":{"rendered":"https:\/\/ecoss.akumen.eu\/?page_id=3"},"modified":"2023-09-11T21:16:31","modified_gmt":"2023-09-11T19:16:31","slug":"privacy-policy","status":"publish","type":"page","link":"https:\/\/ecoss.net\/ro\/privacy-policy\/","title":{"rendered":"Politica de confiden\u021bialitate"},"content":{"rendered":"<div data-elementor-type=\"wp-page\" data-elementor-id=\"3\" class=\"elementor elementor-3\" data-elementor-post-type=\"page\">\n\t\t\t\t<div class=\"elementor-element elementor-element-84790e1 e-flex e-con-boxed e-con e-parent\" data-id=\"84790e1\" data-element_type=\"container\" data-e-type=\"container\">\n\t\t\t\t\t<div class=\"e-con-inner\">\n\t\t\t\t<div class=\"elementor-element elementor-element-1a2dbee elementor-widget elementor-widget-heading\" data-id=\"1a2dbee\" data-element_type=\"widget\" data-e-type=\"widget\" data-widget_type=\"heading.default\">\n\t\t\t\t<div class=\"elementor-widget-container\">\n\t\t\t\t\t<h2 class=\"elementor-heading-title elementor-size-default\">Politica de confiden\u021bialitate<\/h2>\t\t\t\t<\/div>\n\t\t\t\t<\/div>\n\t\t\t\t\t<\/div>\n\t\t\t\t<\/div>\n\t\t\t\t<section class=\"elementor-section elementor-top-section elementor-element elementor-element-2554cb32 elementor-section-boxed elementor-section-height-default elementor-section-height-default\" data-id=\"2554cb32\" data-element_type=\"section\" data-e-type=\"section\">\n\t\t\t\t\t\t<div class=\"elementor-container elementor-column-gap-default\">\n\t\t\t\t\t<div class=\"elementor-column elementor-col-100 elementor-top-column elementor-element elementor-element-24e53e09\" data-id=\"24e53e09\" data-element_type=\"column\" data-e-type=\"column\">\n\t\t\t<div class=\"elementor-widget-wrap elementor-element-populated\">\n\t\t\t\t\t\t<div class=\"elementor-element elementor-element-73cd64cb elementor-widget elementor-widget-text-editor\" data-id=\"73cd64cb\" data-element_type=\"widget\" data-e-type=\"widget\" data-widget_type=\"text-editor.default\">\n\t\t\t\t<div class=\"elementor-widget-container\">\n\t\t\t\t\t\t\t\t\t<h2><strong>Securitatea informa\u021biilor private<\/strong><\/h2>\n<p>Pentru siguran\u021ba \u0219i securitatea dumneavoastr\u0103, informa\u021biile cardului dumneavoastr\u0103 de credit nu sunt stocate pe serverele noastre. Furnizorul nostru de gateway de plat\u0103, autorizat de ecoss.net, p\u0103streaz\u0103 aceste informa\u021bii criptate \u0219i securizate \u00een numele dvs.<\/p>\n<p><\/p>\n<h2><strong>Intimitatea ta<\/strong><\/h2>\n<p>La ecoss.net, v\u0103 lu\u0103m foarte \u00een serios confiden\u021bialitatea. V\u0103 rug\u0103m s\u0103 citi\u021bi aceast\u0103 politic\u0103 (aceast\u0103 \u201ePolitic\u0103\u201d) pentru a vedea cum ecoss.net trateaz\u0103 informa\u021biile dumneavoastr\u0103 personale pe care ni le furniza\u021bi atunci c\u00e2nd v\u0103 \u00eenregistra\u021bi pe site-ul nostru (\u201eSite-ul\u201d). Aceast\u0103 politic\u0103 se aplic\u0103 numai angaja\u021bilor ecoss.net \u0219i nu se aplic\u0103 persoanelor sau companiilor neangajate sau administrate de ecoss.net. Ne rezerv\u0103m dreptul de a modifica aceast\u0103 politic\u0103. V\u0103 vom anun\u021ba cu privire la modific\u0103rile materiale ale acestei politici, public\u00e2ndu-le pe panoul nostru de anun\u021buri.<\/p>\n<p><\/p>\n<h2><strong>Informa\u021biile pe care le colect\u0103m<\/strong><\/h2>\n<p>Scopul nostru principal \u00een colectarea datelor cu caracter personal este s\u0103 v\u0103 oferim o experien\u021b\u0103 pl\u0103cut\u0103, personalizat\u0103 \u0219i eficient\u0103 pe site-ul nostru. Politica noastr\u0103 este s\u0103 nu dezv\u0103luim niciodat\u0103 \u00een mod inten\u021bionat informa\u021bii personale despre membrii no\u0219tri publicului larg f\u0103r\u0103 consim\u021b\u0103m\u00e2ntul acestuia. Ecoss.net colecteaz\u0103 informa\u021bii de la dvs. atunci c\u00e2nd v\u0103 \u00eenregistra\u021bi \u0219i efectua\u021bi anumite activit\u0103\u021bi pe site. Colect\u0103m numele dvs. complet, num\u0103rul de telefon valid, informa\u021biile de contact\/facturare, adresa de e-mail, num\u0103rul de identificare fiscal\u0103 \u0219i adresa de expediere. \u00cen plus, fiecare membru trebuie s\u0103 creeze un nume de utilizator \u0219i o parol\u0103 unice \u0219i s\u0103 primeasc\u0103 un num\u0103r de membru. Orice informa\u021bii suplimentare colectate vor fi utilizate \u00een conformitate cu Politica noastr\u0103 de confiden\u021bialitate. Colect\u0103m c\u00e2teva date din browserul dvs. Aceasta include adresa dvs. IP \u0219i numele paginii pe care a\u021bi solicitat-o. Aceste informa\u021bii ne ajut\u0103 s\u0103 diagnostic\u0103m problemele cu serverele noastre \u0219i s\u0103 \u00eentre\u021binem site-ul. \u00cen esen\u021b\u0103, adresa dumneavoastr\u0103 IP ne ajut\u0103 s\u0103 v\u0103 identific\u0103m pe dumneavoastr\u0103 \u0219i nevoile dumneavoastr\u0103 specifice. De asemenea, colect\u0103m date din cookie-uri, care sunt etichete software pe care browserul dumneavoastr\u0103 le stocheaz\u0103 pe hard disk. Aceste informa\u021bii sunt de natur\u0103 general\u0103 \u0219i ne permit s\u0103 ne adapt\u0103m site-ul web la nevoile dumneavoastr\u0103 specifice. Cookie-urile v\u0103 permit, de asemenea, s\u0103 v\u0103 conecta\u021bi sau s\u0103 naviga\u021bi prin anumite p\u0103r\u021bi ale site-ului nostru web f\u0103r\u0103 a fi nevoie s\u0103 reintroduce\u021bi anumite informa\u021bii. Pute\u021bi refuza utilizarea oric\u0103ror cookie-uri prin intermediul browserului dumneavoastr\u0103. Ca \u00eentotdeauna, informa\u021biile dumneavoastr\u0103 r\u0103m\u00e2n strict confiden\u021biale \u0219i nu le transmitem niciodat\u0103 \u00een mod voluntar unor ter\u021bi.<\/p>\n<p><\/p>\n<h2><strong>\u201eCum sunt folosite datele mele?\u201d<\/strong><\/h2>\n<p>Informa\u021biile colectate de la membrii ecoss.net sunt folosite pentru a \u00eembun\u0103t\u0103\u021bi ofertele de produse\/servicii, pentru a personaliza con\u021binutul \u0219i aspectul site-ului nostru web \u0219i pentru eforturile de marketing \u0219i statistic\u0103. Din c\u00e2nd \u00een c\u00e2nd v\u0103 vom trimite e-mailuri despre noi servicii sau promo\u021bii. V\u0103 pute\u021bi dezabona oric\u00e2nd de la primirea oric\u0103ror informa\u021bii de la noi.<\/p>\n<p><strong>&nbsp;<\/strong><\/p>\n<h2><strong>\u201eCine va vedea informa\u021biile mele personale?\u201d<\/strong><\/h2>\n<p><\/p>\n<p>Prioritatea noastr\u0103 num\u0103rul unu este s\u0103 v\u0103 p\u0103str\u0103m informa\u021biile personale private \u0219i confiden\u021biale. Nu vom dezv\u0103lui \u00een mod inten\u021bionat datele dumneavoastr\u0103 cu caracter personal c\u0103tre ter\u021bi. \u0218i nu vom \u00eenchiria \u0219i nu vom vinde nim\u0103nui informa\u021biile dvs. personale.<\/p>\n<p>Ecoss.net va dezv\u0103lui informa\u021biile dumneavoastr\u0103 personale altora \u00een urm\u0103toarele circumstan\u021be:<\/p>\n<p>\u2013 sunte\u021bi de acord cu partajarea informa\u021biilor;<\/p>\n<p>\u2013 ca r\u0103spuns la cita\u021bii, hot\u0103r\u00e2ri judec\u0103tore\u0219ti sau procese legale;<\/p>\n<p>\u2013 ac\u021biunile dumneavoastr\u0103 pe site-ul nostru \u00eencalc\u0103 sau par a fi \u00een \u00eenc\u0103lcare a Termenilor \u0219i condi\u021biilor, iar dezv\u0103luirea acestor informa\u021bii va ajuta la eforturile de a pune \u00een aplicare Termenii \u0219i condi\u021biile;<\/p>\n<p>- s\u0103 publice o list\u0103 despre care ecoss.net consider\u0103, la propria sa discre\u021bie, c\u0103 poate da na\u0219tere la r\u0103spundere pentru ecoss.net, iar dezv\u0103luirea unor astfel de informa\u021bii personale poate reduce sau elimina r\u0103spunderea acestuia.<\/p>\n<p><\/p>\n<p>Nimic din aceast\u0103 politic\u0103 nu limiteaz\u0103, interzice sau neag\u0103 \u00een alt mod capacitatea ecoss.net de a (1) transfera, cesiona sau vinde activele sale, inclusiv, f\u0103r\u0103 limitare, activele site-ului nostru web, unei ter\u021be p\u0103r\u021bi sau (2) \u00een vreun fel s\u0103 cedeze cu acesta. active \u00een faliment sau proceduri similare. De asemenea, Ecoss.net nu face nicio declara\u021bie cu privire la acurate\u021bea sau caracterul complet al informa\u021biilor pe care le colecteaz\u0103 \u0219i le dezv\u0103luie pe site-ul nostru web \u0219i declin\u0103 orice r\u0103spundere care decurge din sau \u00een leg\u0103tur\u0103 cu acestea.<\/p>\n<h2><strong>Siguran\u021b\u0103<\/strong><\/h2>\n<p>Pentru a v\u0103 p\u0103stra informa\u021biile confiden\u021biale, ecoss.net ofer\u0103 membrilor s\u0103i cele mai \u00eenalte standarde din industrie pentru servere securizate - Secure Socket Layers (SSL) \u0219i firewall-uri. Din p\u0103cate, nu exist\u0103 securitate perfect\u0103 pe Internet (sau \u00een lumea real\u0103) - a\u0219a c\u0103 nu putem garanta c\u0103 datele dumneavoastr\u0103 nu pot fi garantate. Cu toate acestea, vom face tot posibilul pentru a continua s\u0103 asigur\u0103m securitatea informa\u021biilor dumneavoastr\u0103 private.<\/p>\n<p><\/p>\n<h2><strong>Minorii<\/strong><\/h2>\n<p>Minorii (cu v\u00e2rsta sub 18 ani) nu sunt eligibili s\u0103 foloseasc\u0103 ecoss.net dec\u00e2t dac\u0103 folosesc site-ul nostru prin intermediul unui p\u0103rinte sau tutore care este membru \u00eenregistrat al ecoss.net.<\/p>\n<p><strong>&nbsp;<\/strong><\/p>\n<h2><strong>Responsabilit\u0103\u021bile tale<\/strong><\/h2>\n<p>Lucr\u0103m din greu pentru a v\u0103 proteja toate informa\u021biile de pe site-ul nostru. Pentru a ne ajuta s\u0103 p\u0103str\u0103m informa\u021biile dumneavoastr\u0103 personale \u00een siguran\u021b\u0103, v\u0103 rug\u0103m s\u0103 nu \u00eemp\u0103rt\u0103\u0219i\u021bi parola cu nimeni. Partajarea acestor informa\u021bii ar putea pune \u00een pericol dvs. \u0219i evaluarea dvs. ca utilizator. Dac\u0103 pierde\u021bi controlul parolei sau crede\u021bi c\u0103 cineva a ob\u021binut acces neautorizat la contul dvs., schimba\u021bi-v\u0103 imediat parola. V\u0103 rug\u0103m s\u0103 ne contacta\u021bi dac\u0103 ave\u021bi \u00eentreb\u0103ri.<\/p>\n<p><\/p>\t\t\t\t\t\t\t\t<\/div>\n\t\t\t\t<\/div>\n\t\t\t\t\t<\/div>\n\t\t<\/div>\n\t\t\t\t\t<\/div>\n\t\t<\/section>\n\t\t<div class=\"elementor-element elementor-element-d74d630 e-flex e-con-boxed e-con e-parent\" data-id=\"d74d630\" data-element_type=\"container\" data-e-type=\"container\">\n\t\t\t\t\t<div class=\"e-con-inner\">\n\t\t\t\t<div class=\"elementor-element elementor-element-c2add75 elementor-widget elementor-widget-heading\" data-id=\"c2add75\" data-element_type=\"widget\" data-e-type=\"widget\" data-widget_type=\"heading.default\">\n\t\t\t\t<div class=\"elementor-widget-container\">\n\t\t\t\t\t<h2 class=\"elementor-heading-title elementor-size-default\">UTILIZAREA COOKIELOR<\/h2>\t\t\t\t<\/div>\n\t\t\t\t<\/div>\n\t\t\t\t\t<\/div>\n\t\t\t\t<\/div>\n\t\t\t\t<section class=\"elementor-section elementor-top-section elementor-element elementor-element-fa5e29f elementor-section-boxed elementor-section-height-default elementor-section-height-default\" data-id=\"fa5e29f\" data-element_type=\"section\" data-e-type=\"section\">\n\t\t\t\t\t\t<div class=\"elementor-container elementor-column-gap-default\">\n\t\t\t\t\t<div class=\"elementor-column elementor-col-100 elementor-top-column elementor-element elementor-element-01ca4d2\" data-id=\"01ca4d2\" data-element_type=\"column\" data-e-type=\"column\">\n\t\t\t<div class=\"elementor-widget-wrap elementor-element-populated\">\n\t\t\t\t\t\t<div class=\"elementor-element elementor-element-3b31c98 elementor-widget elementor-widget-text-editor\" data-id=\"3b31c98\" data-element_type=\"widget\" data-e-type=\"widget\" data-widget_type=\"text-editor.default\">\n\t\t\t\t<div class=\"elementor-widget-container\">\n\t\t\t\t\t\t\t\t\t<h2><b>Defini\u021bia Cookies<\/b><\/h2><p>Cookie-urile sunt fi\u0219iere text mici, care se pot \u0219terge stocate pe computerul utilizatorului \u0219i permit personalizarea con\u021binutului de pe site-ul nostru. Acestea sunt desc\u0103rcate de browserul utilizatorului \u00een timpul primei sale vizite pe site-ul nostru. Atunci c\u00e2nd site-ul nostru este accesat din nou folosind acela\u0219i terminal, dispozitiv sau browser, cookie-ul \u0219i informa\u021biile stocate \u00een acesta vor fi trimise \u00eenapoi c\u0103tre site-ul care l-a creat (cookie propriu) sau trimise c\u0103tre un alt site web c\u0103ruia \u00eei apar\u021bine (al treilea cookie) . \u00cen acest fel, cookie-ul detecteaz\u0103 c\u0103 browserul \u00een cauz\u0103 a fost folosit pentru a accesa site-ul web \u0219i, prin aceast\u0103 stare, modific\u0103 modul \u00een care este afi\u0219at con\u021binutul. De exemplu, cookie-urile \u201e\u00ee\u021bi amintesc\u201d preferin\u021bele utilizatorului \u0219i indic\u0103 modul \u00een care utilizatorul folose\u0219te site-ul \u0219i adapteaz\u0103 par\u021bial con\u021binutul afi\u0219at la preferin\u021bele individuale ale utilizatorului.<\/p><h2><b>Cookie-urile sunt necesare pentru a func\u021biona<\/b><\/h2><p>Folosim cookie-urile enumerate mai jos pentru a efectua transmiterea mesajelor si a furniza serviciile solicitate de utilizator. Activit\u0103\u021bile noastre de prelucrare a datelor desf\u0103\u0219urate folosind cookie-uri se bazeaz\u0103 pe interesele noastre legitime de a furniza un site web complet func\u021bional \u0219i serviciile solicitate de utilizatori, precum \u0219i interesul nostru legitim de a \u00eembun\u0103t\u0103\u021bi continuu con\u021binutul site-ului nostru \u0219i de a-l adapta la nevoile utilizatorilor cu Regulamentul (UE) 2016\/679 privind protec\u021bia persoanelor fizice \u00een prelucrarea datelor cu caracter personal \u0219i privind libera circula\u021bie a acestor date.<\/p><h2><b>Cookie-uri care nu sunt necesare func\u021bional<\/b><\/h2><p>Folosim cookie-urile enumerate mai jos pentru a ne \u00eembun\u0103t\u0103\u021bi serviciile \u0219i site-ul nostru web, pentru a-l face mai u\u0219or de utilizat, pentru a personaliza serviciile noastre pentru utilizatorii site-ului web prin stocarea temporar\u0103 a parametrilor de c\u0103utare \u0219i \u00een scopuri de marketing online. Activit\u0103\u021bile de prelucrare a datelor efectuate cu ajutorul cookie-urilor se bazeaz\u0103 pe consim\u021b\u0103m\u00e2ntul explicit al utilizatorilor fa\u021b\u0103 de Regulamentul (UE) 2016\/679 privind protec\u021bia persoanelor \u00een prelucrarea datelor cu caracter personal \u0219i pe libera circula\u021bie a acestor date.<\/p><p>Vizitatorii site-ului cu v\u00e2rsta sub 14 ani sunt ruga\u021bi s\u0103 ob\u021bin\u0103 consim\u021b\u0103m\u00e2ntul unui p\u0103rinte sau tutore \u00eenainte de a ne trimite informa\u021bii prin intermediul site-ului nostru. F\u0103r\u0103 un astfel de consim\u021b\u0103m\u00e2nt, ace\u0219tia nu au voie s\u0103 furnizeze nicio informa\u021bie. Cu toate acestea, dac\u0103 primim date de la persoane cu v\u00e2rsta sub 14 ani, vom \u00eenceta prelucrarea acestor date de \u00eendat\u0103 ce vom avea cuno\u0219tin\u021b\u0103 de acest lucru.<\/p><h2><b>Set\u0103ri cookie pe acest site web<\/b><\/h2><p>Utilizatorul \u00ee\u0219i poate bloca sau limita cookie-urile inactive modific\u00e2ndu-\u0219i set\u0103rile cookie-urilor aici.<\/p><h2><b>Google Analytics<\/b><\/h2><p><u>Scopul \u0219i sfera prelucr\u0103rii datelor<\/u><\/p><p>Pentru a ne proiecta site-ul web \u00een func\u021bie de cerin\u021bele utilizatorului, cre\u0103m profiluri de utilizator pseudonim cu ajutorul Google Analytics. Google Analytics utilizeaz\u0103 cookie-uri de direc\u021bionare care sunt stocate pe dispozitivul dvs. final \u0219i care pot fi citite de noi. \u00cen acest fel, putem recunoa\u0219te \u0219i num\u0103ra vizitatorii care revin ca atare \u0219i putem determina c\u00e2t de des diferi\u021bi utilizatori au accesat paginile site-ului nostru.<\/p><p><u>Baz\u0103 legal\u0103<\/u><\/p><p>Prelucrarea datelor se bazeaz\u0103 pe consim\u021b\u0103m\u00e2nt \u00een conformitate cu Regulamentul (UE) 2016\/679 privind protec\u021bia persoanelor fizice \u00een prelucrarea datelor cu caracter personal \u0219i pe libera circula\u021bie a acestor date.<\/p><p>Informa\u021biile generate de cookie-ul despre utilizarea site-ului nostru web sunt de obicei transferate pe un server Google din Statele Unite \u0219i stocate acolo. Cu toate acestea, deoarece am activat anonimizarea IP pe site-ul nostru web, Google va scurta mai \u00eent\u00e2i adresa dumneavoastr\u0103 IP \u00een statele membre ale Uniunii Europene. Doar \u00een cazuri excep\u021bionale adresa dvs. IP complet\u0103 va fi transferat\u0103 pe un server Google din Statele Unite \u0219i va fi scurtat\u0103 doar acolo.<\/p><p>Google LLC prelucreaz\u0103 aceste date \u0219i le folose\u0219te pentru a crea profiluri \u0219i link-uri c\u0103tre Conturile Google. Pentru mai multe informa\u021bii despre modul \u00een care Google v\u0103 prelucreaz\u0103 datele, vizita\u021bi\u00a0<a href=\"https:\/\/policies.google.com\/technologies\/partner-sites\" target=\"_blank\" rel=\"noopener\">https:\/\/policies.google.com\/technologies\/partner-sites<\/a>.<\/p><p><u>Informa\u021bii despre furnizorul ter\u021b:<\/u><\/p><p>Google Dublin, Google Ireland Ltd.,<br \/><span style=\"color: var( --e-global-color-b15d4bd );\">Casa Gordon, strada Barrow,<br \/><\/span><span style=\"color: var( --e-global-color-b15d4bd );\">Dublin 4<br \/><\/span><span style=\"color: var( --e-global-color-b15d4bd );\">Irlanda<br \/><\/span><span style=\"color: var( --e-global-color-b15d4bd );\">Fax: +353 (1) 436 1001<br \/><\/span><span style=\"color: var( --e-global-color-b15d4bd );\">Termeni de utilizare:\u00a0<\/span><a href=\"http:\/\/www.google.com\/analytics\/terms\/de.html\" target=\"_blank\" rel=\"noopener\">http:\/\/www.google.com\/analytics\/terms\/de.html<\/a><span style=\"color: var( --e-global-color-b15d4bd );\"><br \/><\/span><span style=\"color: var( --e-global-color-b15d4bd );\">Declara\u021bie de confiden\u021bialitate:\u00a0<\/span><a style=\"background-color: #ffffff;\" href=\"http:\/\/www.google.de\/intl\/de\/policies\/privacy\" target=\"_blank\" rel=\"noopener\">www.google.de\/intl\/de\/policies\/privacy<\/a><\/p><p>\u00a0<\/p>\t\t\t\t\t\t\t\t<\/div>\n\t\t\t\t<\/div>\n\t\t\t\t\t<\/div>\n\t\t<\/div>\n\t\t\t\t\t<\/div>\n\t\t<\/section>\n\t\t\t\t<\/div>","protected":false},"excerpt":{"rendered":"<p>Politika zasebnosti Zasebna informacijska varnost Zaradi va\u0161e varnosti in za\u0161\u010dite podatki o va\u0161i kreditni kartici niso shranjeni na na\u0161ih stre\u017enikih. Na\u0161 ponudnik pla\u010dilnega prehoda, avtoriziran s strani ecoss.net, hrani te podatke \u0161ifrirane in varne v va\u0161em imenu. Va\u0161a zasebnost Pri ecoss.net va\u0161o zasebnost jemljemo zelo resno. Preberite to politiko (ta \u00bbPolitika\u00ab), da vidite, kako ecoss.net [&hellip;]<\/p>\n","protected":false},"author":34,"featured_media":0,"parent":0,"menu_order":0,"comment_status":"closed","ping_status":"open","template":"","meta":{"inline_featured_image":false,"footnotes":""},"class_list":["post-3","page","type-page","status-publish","hentry"],"yoast_head":"<!-- This site is optimized with the Yoast SEO plugin v27.5 - https:\/\/yoast.com\/product\/yoast-seo-wordpress\/ -->\n<title>Politika zasebnosti - ECOSS<\/title>\n<meta name=\"robots\" content=\"index, follow, max-snippet:-1, max-image-preview:large, max-video-preview:-1\" \/>\n<link rel=\"canonical\" href=\"https:\/\/ecoss.net\/ro\/privacy-policy\/\" \/>\n<meta property=\"og:locale\" content=\"ro_RO\" \/>\n<meta property=\"og:type\" content=\"article\" \/>\n<meta property=\"og:title\" content=\"Politika zasebnosti - ECOSS\" \/>\n<meta property=\"og:description\" content=\"Politika zasebnosti Zasebna informacijska varnost Zaradi va\u0161e varnosti in za\u0161\u010dite podatki o va\u0161i kreditni kartici niso shranjeni na na\u0161ih stre\u017enikih. Na\u0161 ponudnik pla\u010dilnega prehoda, avtoriziran s strani ecoss.net, hrani te podatke \u0161ifrirane in varne v va\u0161em imenu. Va\u0161a zasebnost Pri ecoss.net va\u0161o zasebnost jemljemo zelo resno. Preberite to politiko (ta \u00bbPolitika\u00ab), da vidite, kako ecoss.net [&hellip;]\" \/>\n<meta property=\"og:url\" content=\"https:\/\/ecoss.net\/ro\/privacy-policy\/\" \/>\n<meta property=\"og:site_name\" content=\"ECOSS\" \/>\n<meta property=\"article:publisher\" content=\"https:\/\/www.facebook.com\/ecosynergysystem\" \/>\n<meta property=\"article:modified_time\" content=\"2023-09-11T19:16:31+00:00\" \/>\n<meta property=\"og:image\" content=\"https:\/\/ecoss.net\/wp-content\/uploads\/2023\/09\/Ecoss.net-logo.png\" \/>\n\t<meta property=\"og:image:width\" content=\"1778\" \/>\n\t<meta property=\"og:image:height\" content=\"1777\" \/>\n\t<meta property=\"og:image:type\" content=\"image\/png\" \/>\n<meta name=\"twitter:card\" content=\"summary_large_image\" \/>\n<meta name=\"twitter:site\" content=\"@EcoSynergyEcoss\" \/>\n<meta name=\"twitter:label1\" content=\"Timp estimat pentru citire\" \/>\n\t<meta name=\"twitter:data1\" content=\"6 minute\" \/>\n<script type=\"application\/ld+json\" class=\"yoast-schema-graph\">{\"@context\":\"https:\\\/\\\/schema.org\",\"@graph\":[{\"@type\":\"WebPage\",\"@id\":\"https:\\\/\\\/ecoss.net\\\/privacy-policy\\\/\",\"url\":\"https:\\\/\\\/ecoss.net\\\/privacy-policy\\\/\",\"name\":\"Politika zasebnosti - ECOSS\",\"isPartOf\":{\"@id\":\"https:\\\/\\\/ecoss.net\\\/#website\"},\"datePublished\":\"2023-07-13T17:49:36+00:00\",\"dateModified\":\"2023-09-11T19:16:31+00:00\",\"breadcrumb\":{\"@id\":\"https:\\\/\\\/ecoss.net\\\/privacy-policy\\\/#breadcrumb\"},\"inLanguage\":\"ro-RO\",\"potentialAction\":[{\"@type\":\"ReadAction\",\"target\":[\"https:\\\/\\\/ecoss.net\\\/privacy-policy\\\/\"]}]},{\"@type\":\"BreadcrumbList\",\"@id\":\"https:\\\/\\\/ecoss.net\\\/privacy-policy\\\/#breadcrumb\",\"itemListElement\":[{\"@type\":\"ListItem\",\"position\":1,\"name\":\"Home\",\"item\":\"https:\\\/\\\/ecoss.net\\\/\"},{\"@type\":\"ListItem\",\"position\":2,\"name\":\"Politika zasebnosti\"}]},{\"@type\":\"WebSite\",\"@id\":\"https:\\\/\\\/ecoss.net\\\/#website\",\"url\":\"https:\\\/\\\/ecoss.net\\\/\",\"name\":\"ECOSS\",\"description\":\"Ecosynergy System\",\"publisher\":{\"@id\":\"https:\\\/\\\/ecoss.net\\\/#organization\"},\"potentialAction\":[{\"@type\":\"SearchAction\",\"target\":{\"@type\":\"EntryPoint\",\"urlTemplate\":\"https:\\\/\\\/ecoss.net\\\/?s={search_term_string}\"},\"query-input\":{\"@type\":\"PropertyValueSpecification\",\"valueRequired\":true,\"valueName\":\"search_term_string\"}}],\"inLanguage\":\"ro-RO\"},{\"@type\":\"Organization\",\"@id\":\"https:\\\/\\\/ecoss.net\\\/#organization\",\"name\":\"EcoSynergy System\",\"url\":\"https:\\\/\\\/ecoss.net\\\/\",\"logo\":{\"@type\":\"ImageObject\",\"inLanguage\":\"ro-RO\",\"@id\":\"https:\\\/\\\/ecoss.net\\\/#\\\/schema\\\/logo\\\/image\\\/\",\"url\":\"https:\\\/\\\/ecoss.net\\\/wp-content\\\/uploads\\\/2023\\\/07\\\/ESS-PublishWall-logo-300x300-1.png\",\"contentUrl\":\"https:\\\/\\\/ecoss.net\\\/wp-content\\\/uploads\\\/2023\\\/07\\\/ESS-PublishWall-logo-300x300-1.png\",\"width\":224,\"height\":224,\"caption\":\"EcoSynergy System\"},\"image\":{\"@id\":\"https:\\\/\\\/ecoss.net\\\/#\\\/schema\\\/logo\\\/image\\\/\"},\"sameAs\":[\"https:\\\/\\\/www.facebook.com\\\/ecosynergysystem\",\"https:\\\/\\\/x.com\\\/EcoSynergyEcoss\",\"https:\\\/\\\/www.instagram.com\\\/ecosynergysystem\\\/\",\"https:\\\/\\\/www.linkedin.com\\\/in\\\/ecosynergy-system-environmental-solution-b9b62220a\\\/\"]}]}<\/script>\n<!-- \/ Yoast SEO plugin. -->","yoast_head_json":{"title":"Politica de confiden\u021bialitate - ECOSS","robots":{"index":"index","follow":"follow","max-snippet":"max-snippet:-1","max-image-preview":"max-image-preview:large","max-video-preview":"max-video-preview:-1"},"canonical":"https:\/\/ecoss.net\/ro\/privacy-policy\/","og_locale":"ro_RO","og_type":"article","og_title":"Politika zasebnosti - ECOSS","og_description":"Politika zasebnosti Zasebna informacijska varnost Zaradi va\u0161e varnosti in za\u0161\u010dite podatki o va\u0161i kreditni kartici niso shranjeni na na\u0161ih stre\u017enikih. Na\u0161 ponudnik pla\u010dilnega prehoda, avtoriziran s strani ecoss.net, hrani te podatke \u0161ifrirane in varne v va\u0161em imenu. Va\u0161a zasebnost Pri ecoss.net va\u0161o zasebnost jemljemo zelo resno. Preberite to politiko (ta \u00bbPolitika\u00ab), da vidite, kako ecoss.net [&hellip;]","og_url":"https:\/\/ecoss.net\/ro\/privacy-policy\/","og_site_name":"ECOSS","article_publisher":"https:\/\/www.facebook.com\/ecosynergysystem","article_modified_time":"2023-09-11T19:16:31+00:00","og_image":[{"width":1778,"height":1777,"url":"https:\/\/ecoss.net\/wp-content\/uploads\/2023\/09\/Ecoss.net-logo.png","type":"image\/png"}],"twitter_card":"summary_large_image","twitter_site":"@EcoSynergyEcoss","twitter_misc":{"Timp estimat pentru citire":"6 minute"},"schema":{"@context":"https:\/\/schema.org","@graph":[{"@type":"WebPage","@id":"https:\/\/ecoss.net\/privacy-policy\/","url":"https:\/\/ecoss.net\/privacy-policy\/","name":"Politica de confiden\u021bialitate - ECOSS","isPartOf":{"@id":"https:\/\/ecoss.net\/#website"},"datePublished":"2023-07-13T17:49:36+00:00","dateModified":"2023-09-11T19:16:31+00:00","breadcrumb":{"@id":"https:\/\/ecoss.net\/privacy-policy\/#breadcrumb"},"inLanguage":"ro-RO","potentialAction":[{"@type":"ReadAction","target":["https:\/\/ecoss.net\/privacy-policy\/"]}]},{"@type":"BreadcrumbList","@id":"https:\/\/ecoss.net\/privacy-policy\/#breadcrumb","itemListElement":[{"@type":"ListItem","position":1,"name":"Home","item":"https:\/\/ecoss.net\/"},{"@type":"ListItem","position":2,"name":"Politika zasebnosti"}]},{"@type":"WebSite","@id":"https:\/\/ecoss.net\/#website","url":"https:\/\/ecoss.net\/","name":"ECOSS","description":"Sistemul Ecosynergy","publisher":{"@id":"https:\/\/ecoss.net\/#organization"},"potentialAction":[{"@type":"SearchAction","target":{"@type":"EntryPoint","urlTemplate":"https:\/\/ecoss.net\/?s={search_term_string}"},"query-input":{"@type":"PropertyValueSpecification","valueRequired":true,"valueName":"search_term_string"}}],"inLanguage":"ro-RO"},{"@type":"Organization","@id":"https:\/\/ecoss.net\/#organization","name":"Sistemul EcoSynergy","url":"https:\/\/ecoss.net\/","logo":{"@type":"ImageObject","inLanguage":"ro-RO","@id":"https:\/\/ecoss.net\/#\/schema\/logo\/image\/","url":"https:\/\/ecoss.net\/wp-content\/uploads\/2023\/07\/ESS-PublishWall-logo-300x300-1.png","contentUrl":"https:\/\/ecoss.net\/wp-content\/uploads\/2023\/07\/ESS-PublishWall-logo-300x300-1.png","width":224,"height":224,"caption":"EcoSynergy System"},"image":{"@id":"https:\/\/ecoss.net\/#\/schema\/logo\/image\/"},"sameAs":["https:\/\/www.facebook.com\/ecosynergysystem","https:\/\/x.com\/EcoSynergyEcoss","https:\/\/www.instagram.com\/ecosynergysystem\/","https:\/\/www.linkedin.com\/in\/ecosynergy-system-environmental-solution-b9b62220a\/"]}]}},"_links":{"self":[{"href":"https:\/\/ecoss.net\/ro\/wp-json\/wp\/v2\/pages\/3","targetHints":{"allow":["GET"]}}],"collection":[{"href":"https:\/\/ecoss.net\/ro\/wp-json\/wp\/v2\/pages"}],"about":[{"href":"https:\/\/ecoss.net\/ro\/wp-json\/wp\/v2\/types\/page"}],"author":[{"embeddable":true,"href":"https:\/\/ecoss.net\/ro\/wp-json\/wp\/v2\/users\/34"}],"replies":[{"embeddable":true,"href":"https:\/\/ecoss.net\/ro\/wp-json\/wp\/v2\/comments?post=3"}],"version-history":[{"count":13,"href":"https:\/\/ecoss.net\/ro\/wp-json\/wp\/v2\/pages\/3\/revisions"}],"predecessor-version":[{"id":1544,"href":"https:\/\/ecoss.net\/ro\/wp-json\/wp\/v2\/pages\/3\/revisions\/1544"}],"wp:attachment":[{"href":"https:\/\/ecoss.net\/ro\/wp-json\/wp\/v2\/media?parent=3"}],"curies":[{"name":"wp","href":"https:\/\/api.w.org\/{rel}","templated":true}]}}