{"id":3,"date":"2023-07-13T17:49:36","date_gmt":"2023-07-13T17:49:36","guid":{"rendered":"https:\/\/ecoss.akumen.eu\/?page_id=3"},"modified":"2023-09-11T21:16:31","modified_gmt":"2023-09-11T19:16:31","slug":"privacy-policy","status":"publish","type":"page","link":"https:\/\/ecoss.net\/pt\/privacy-policy\/","title":{"rendered":"Pol\u00edtica de Privacidade"},"content":{"rendered":"<div data-elementor-type=\"wp-page\" data-elementor-id=\"3\" class=\"elementor elementor-3\" data-elementor-post-type=\"page\">\n\t\t\t\t<div class=\"elementor-element elementor-element-84790e1 e-flex e-con-boxed e-con e-parent\" data-id=\"84790e1\" data-element_type=\"container\" data-e-type=\"container\">\n\t\t\t\t\t<div class=\"e-con-inner\">\n\t\t\t\t<div class=\"elementor-element elementor-element-1a2dbee elementor-widget elementor-widget-heading\" data-id=\"1a2dbee\" data-element_type=\"widget\" data-e-type=\"widget\" data-widget_type=\"heading.default\">\n\t\t\t\t<div class=\"elementor-widget-container\">\n\t\t\t\t\t<h2 class=\"elementor-heading-title elementor-size-default\">Pol\u00edtica de Privacidade<\/h2>\t\t\t\t<\/div>\n\t\t\t\t<\/div>\n\t\t\t\t\t<\/div>\n\t\t\t\t<\/div>\n\t\t\t\t<section class=\"elementor-section elementor-top-section elementor-element elementor-element-2554cb32 elementor-section-boxed elementor-section-height-default elementor-section-height-default\" data-id=\"2554cb32\" data-element_type=\"section\" data-e-type=\"section\">\n\t\t\t\t\t\t<div class=\"elementor-container elementor-column-gap-default\">\n\t\t\t\t\t<div class=\"elementor-column elementor-col-100 elementor-top-column elementor-element elementor-element-24e53e09\" data-id=\"24e53e09\" data-element_type=\"column\" data-e-type=\"column\">\n\t\t\t<div class=\"elementor-widget-wrap elementor-element-populated\">\n\t\t\t\t\t\t<div class=\"elementor-element elementor-element-73cd64cb elementor-widget elementor-widget-text-editor\" data-id=\"73cd64cb\" data-element_type=\"widget\" data-e-type=\"widget\" data-widget_type=\"text-editor.default\">\n\t\t\t\t<div class=\"elementor-widget-container\">\n\t\t\t\t\t\t\t\t\t<h2><strong>Seguran\u00e7a da informa\u00e7\u00e3o privada<\/strong><\/h2>\n<p>Para sua seguran\u00e7a, as informa\u00e7\u00f5es do seu cart\u00e3o de cr\u00e9dito n\u00e3o s\u00e3o armazenadas em nossos servidores. Nosso provedor de gateway de pagamento, autorizado por ecoss.net, mant\u00e9m esses dados criptografados e seguros em seu nome.<\/p>\n<p><\/p>\n<h2><strong>Sua privacidade<\/strong><\/h2>\n<p>Em ecoss.net, levamos a sua privacidade muito a s\u00e9rio. Por favor, leia esta pol\u00edtica (esta \u201cPol\u00edtica\u201d) para ver como ecoss.net trata suas informa\u00e7\u00f5es pessoais que voc\u00ea nos fornece quando se registra em nosso site (o \u201cSite\u201d). Esta pol\u00edtica se aplica apenas aos funcion\u00e1rios do ecoss.net e n\u00e3o se aplica a pessoas ou empresas n\u00e3o empregadas ou gerenciadas pelo ecoss.net. Reservamo-nos o direito de alterar esta pol\u00edtica. Iremos notific\u00e1-lo sobre altera\u00e7\u00f5es materiais nesta pol\u00edtica publicando-as em nosso quadro de avisos.<\/p>\n<p><\/p>\n<h2><strong>Informa\u00e7\u00f5es que coletamos<\/strong><\/h2>\n<p>O nosso principal objetivo na recolha de dados pessoais \u00e9 proporcionar-lhe uma experi\u00eancia agrad\u00e1vel, personalizada e eficiente no nosso site. \u00c9 nossa pol\u00edtica nunca divulgar intencionalmente informa\u00e7\u00f5es pessoais sobre nossos membros ao p\u00fablico em geral sem o seu consentimento. Ecoss.net coleta informa\u00e7\u00f5es suas quando voc\u00ea se registra e realiza determinadas atividades no site. Recolhemos o seu nome completo, n\u00famero de telefone v\u00e1lido, informa\u00e7\u00f5es de contacto\/factura\u00e7\u00e3o, endere\u00e7o de e-mail, n\u00famero de identifica\u00e7\u00e3o fiscal e morada de envio. Al\u00e9m disso, cada membro deve criar um nome de usu\u00e1rio e senha exclusivos e receber um n\u00famero de membro. Qualquer informa\u00e7\u00e3o adicional recolhida ser\u00e1 utilizada de acordo com a nossa Pol\u00edtica de Privacidade. Coletamos alguns dados do seu navegador. Isso inclui seu endere\u00e7o IP e o nome da p\u00e1gina que voc\u00ea solicitou. Essas informa\u00e7\u00f5es nos ajudam a diagnosticar problemas com nossos servidores e a manter o site. Essencialmente, o seu endere\u00e7o IP nos ajuda a identificar voc\u00ea e suas necessidades espec\u00edficas. Tamb\u00e9m coletamos dados de cookies, que s\u00e3o tags de software que seu navegador armazena em seu disco r\u00edgido. Estas informa\u00e7\u00f5es s\u00e3o de natureza geral e permitem-nos adaptar o nosso site \u00e0s suas necessidades espec\u00edficas. Os cookies tamb\u00e9m permitem que voc\u00ea fa\u00e7a login ou navegue por determinadas partes do nosso site sem precisar inserir novamente determinadas informa\u00e7\u00f5es. Voc\u00ea pode recusar o uso de quaisquer cookies atrav\u00e9s do seu navegador. Como sempre, suas informa\u00e7\u00f5es permanecem estritamente confidenciais e nunca as repassamos voluntariamente a terceiros.<\/p>\n<p><\/p>\n<h2><strong>&quot;Como meus dados s\u00e3o usados?&quot;<\/strong><\/h2>\n<p>As informa\u00e7\u00f5es coletadas dos membros do ecoss.net s\u00e3o usadas para melhorar as ofertas de produtos\/servi\u00e7os, personalizar o conte\u00fado e o layout do nosso site e para esfor\u00e7os de marketing e estat\u00edsticas. De tempos em tempos, enviaremos e-mails sobre novos servi\u00e7os ou promo\u00e7\u00f5es. Voc\u00ea sempre pode cancelar o recebimento de qualquer informa\u00e7\u00e3o nossa.<\/p>\n<p><strong>&nbsp;<\/strong><\/p>\n<h2><strong>&quot;Quem vai ver a minha informa\u00e7\u00e3o pessoal?&quot;<\/strong><\/h2>\n<p><\/p>\n<p>Nossa prioridade n\u00famero um \u00e9 manter suas informa\u00e7\u00f5es pessoais privadas e confidenciais. N\u00e3o divulgaremos intencionalmente os seus dados pessoais a terceiros. E n\u00e3o alugaremos ou venderemos suas informa\u00e7\u00f5es pessoais a ningu\u00e9m.<\/p>\n<p>Ecoss.net divulgar\u00e1 suas informa\u00e7\u00f5es pessoais a terceiros nas seguintes circunst\u00e2ncias:<\/p>\n<p>\u2013 voc\u00ea concorda com o compartilhamento de informa\u00e7\u00f5es;<\/p>\n<p>\u2013 em resposta a intima\u00e7\u00f5es, ordens judiciais ou processos legais;<\/p>\n<p>\u2013 suas a\u00e7\u00f5es em nosso site violam ou parecem violar os Termos de Servi\u00e7o e a divulga\u00e7\u00e3o dessas informa\u00e7\u00f5es ajudar\u00e1 nos esfor\u00e7os para fazer cumprir os Termos de Servi\u00e7o;<\/p>\n<p>- publicar uma lista que a ecoss.net acredite, a seu exclusivo crit\u00e9rio, pode dar origem a responsabilidade para a ecoss.net, e a divulga\u00e7\u00e3o de tais informa\u00e7\u00f5es pessoais pode reduzir ou eliminar a sua responsabilidade.<\/p>\n<p><\/p>\n<p>Nada nesta pol\u00edtica limita, pro\u00edbe ou de outra forma nega a capacidade do ecoss.net de (1) transferir, ceder ou vender seus ativos, incluindo, sem limita\u00e7\u00e3o, os ativos do nosso site, a terceiros ou (2) de qualquer forma alienar com seus ativos em processo de fal\u00eancia ou similar. Ecoss.net tamb\u00e9m n\u00e3o faz representa\u00e7\u00f5es quanto \u00e0 exatid\u00e3o ou integridade das informa\u00e7\u00f5es que coleta e divulga em nosso site e se isenta de qualquer responsabilidade decorrente ou relacionada a elas.<\/p>\n<h2><strong>Seguran\u00e7a<\/strong><\/h2>\n<p>Para manter a confidencialidade de suas informa\u00e7\u00f5es, ecoss.net oferece aos seus membros os mais altos padr\u00f5es da ind\u00fastria para servidores seguros - Secure Socket Layers (SSL) e firewalls. Infelizmente, n\u00e3o existe seguran\u00e7a perfeita na Internet (ou no mundo real) - por isso n\u00e3o podemos garantir que os seus dados n\u00e3o possam ser garantidos. No entanto, faremos o nosso melhor para continuar a garantir a seguran\u00e7a das suas informa\u00e7\u00f5es privadas.<\/p>\n<p><\/p>\n<h2><strong>Menores<\/strong><\/h2>\n<p>Menores (menores de 18 anos) n\u00e3o s\u00e3o eleg\u00edveis para usar ecoss.net, a menos que usem nosso site por meio de um dos pais ou respons\u00e1vel que seja um membro registrado do ecoss.net.<\/p>\n<p><strong>&nbsp;<\/strong><\/p>\n<h2><strong>Suas responsabilidades<\/strong><\/h2>\n<p>Trabalhamos arduamente para proteger todas as suas informa\u00e7\u00f5es em nosso site. Para nos ajudar a manter suas informa\u00e7\u00f5es pessoais seguras, n\u00e3o compartilhe sua senha com ningu\u00e9m. Compartilhar essas informa\u00e7\u00f5es pode colocar voc\u00ea e sua classifica\u00e7\u00e3o como usu\u00e1rio em risco. Se voc\u00ea perder o controle de sua senha ou achar que algu\u00e9m obteve acesso n\u00e3o autorizado \u00e0 sua conta, altere sua senha imediatamente. Entre em contato conosco se tiver alguma d\u00favida.<\/p>\n<p><\/p>\t\t\t\t\t\t\t\t<\/div>\n\t\t\t\t<\/div>\n\t\t\t\t\t<\/div>\n\t\t<\/div>\n\t\t\t\t\t<\/div>\n\t\t<\/section>\n\t\t<div class=\"elementor-element elementor-element-d74d630 e-flex e-con-boxed e-con e-parent\" data-id=\"d74d630\" data-element_type=\"container\" data-e-type=\"container\">\n\t\t\t\t\t<div class=\"e-con-inner\">\n\t\t\t\t<div class=\"elementor-element elementor-element-c2add75 elementor-widget elementor-widget-heading\" data-id=\"c2add75\" data-element_type=\"widget\" data-e-type=\"widget\" data-widget_type=\"heading.default\">\n\t\t\t\t<div class=\"elementor-widget-container\">\n\t\t\t\t\t<h2 class=\"elementor-heading-title elementor-size-default\">USO DE COOKIES<\/h2>\t\t\t\t<\/div>\n\t\t\t\t<\/div>\n\t\t\t\t\t<\/div>\n\t\t\t\t<\/div>\n\t\t\t\t<section class=\"elementor-section elementor-top-section elementor-element elementor-element-fa5e29f elementor-section-boxed elementor-section-height-default elementor-section-height-default\" data-id=\"fa5e29f\" data-element_type=\"section\" data-e-type=\"section\">\n\t\t\t\t\t\t<div class=\"elementor-container elementor-column-gap-default\">\n\t\t\t\t\t<div class=\"elementor-column elementor-col-100 elementor-top-column elementor-element elementor-element-01ca4d2\" data-id=\"01ca4d2\" data-element_type=\"column\" data-e-type=\"column\">\n\t\t\t<div class=\"elementor-widget-wrap elementor-element-populated\">\n\t\t\t\t\t\t<div class=\"elementor-element elementor-element-3b31c98 elementor-widget elementor-widget-text-editor\" data-id=\"3b31c98\" data-element_type=\"widget\" data-e-type=\"widget\" data-widget_type=\"text-editor.default\">\n\t\t\t\t<div class=\"elementor-widget-container\">\n\t\t\t\t\t\t\t\t\t<h2><b>Defini\u00e7\u00e3o de Cookies<\/b><\/h2><p>Os cookies s\u00e3o pequenos ficheiros de texto apag\u00e1veis, armazenados no computador do utilizador e que permitem a personaliza\u00e7\u00e3o do conte\u00fado do nosso site. Eles s\u00e3o baixados pelo navegador do usu\u00e1rio durante sua primeira visita ao nosso site. Quando o nosso site for acessado novamente atrav\u00e9s do mesmo terminal, dispositivo ou navegador, o cookie e as informa\u00e7\u00f5es nele armazenadas ser\u00e3o enviados de volta ao site que o criou (cookie pr\u00f3prio) ou enviados para outro site ao qual pertence (terceiro cookie) . Desta forma, o cookie detecta que o navegador em quest\u00e3o foi utilizado para aceder ao website e, atrav\u00e9s deste estado, altera a forma como o conte\u00fado \u00e9 apresentado. Por exemplo, os cookies \u201clembram\u201d as prefer\u00eancias do utilizador e indicam como o utilizador utiliza o site, e adaptam parcialmente o conte\u00fado exibido \u00e0s prefer\u00eancias individuais do utilizador.<\/p><h2><b>Os cookies s\u00e3o necess\u00e1rios para funcionar<\/b><\/h2><p>Utilizamos os cookies listados abaixo para realizar a transmiss\u00e3o de mensagens e prestar os servi\u00e7os solicitados pelo usu\u00e1rio. As nossas atividades de tratamento de dados realizadas atrav\u00e9s de cookies baseiam-se nos nossos interesses leg\u00edtimos em fornecer um site totalmente funcional e nos servi\u00e7os solicitados pelos utilizadores, bem como no nosso interesse leg\u00edtimo em melhorar continuamente o conte\u00fado do nosso site e adapt\u00e1-lo \u00e0s necessidades dos utilizadores com Regulamento (UE) 2016\/679 relativo \u00e0 prote\u00e7\u00e3o das pessoas singulares no tratamento de dados pessoais e \u00e0 livre circula\u00e7\u00e3o desses dados.<\/p><h2><b>Cookies que n\u00e3o s\u00e3o funcionalmente necess\u00e1rios<\/b><\/h2><p>Utilizamos os cookies listados abaixo para melhorar os nossos servi\u00e7os e o nosso website, para torn\u00e1-los mais f\u00e1ceis de utilizar, para personalizar os nossos servi\u00e7os para os utilizadores do website, armazenando temporariamente par\u00e2metros de pesquisa, e para fins de marketing online. As atividades de tratamento de dados realizadas atrav\u00e9s de cookies baseiam-se no consentimento expresso dos utilizadores ao Regulamento (UE) 2016\/679 sobre a prote\u00e7\u00e3o das pessoas singulares no tratamento de dados pessoais e sobre o livre fluxo desses dados.<\/p><p>Os visitantes do site com menos de 14 anos devem obter o consentimento de um dos pais ou respons\u00e1vel antes de nos enviar informa\u00e7\u00f5es atrav\u00e9s do nosso site. Sem esse consentimento, eles n\u00e3o est\u00e3o autorizados a fornecer qualquer informa\u00e7\u00e3o. No entanto, se recebermos dados de pessoas com menos de 14 anos, deixaremos de processar esses dados assim que tivermos conhecimento deles.<\/p><h2><b>Configura\u00e7\u00f5es de cookies neste site<\/b><\/h2><p>O usu\u00e1rio pode bloquear ou limitar seus cookies inativos alterando aqui suas configura\u00e7\u00f5es de cookies.<\/p><h2><b>Google Analytics<\/b><\/h2><p><u>Finalidade e escopo do processamento de dados<\/u><\/p><p>Para projetar nosso site de acordo com as necessidades do usu\u00e1rio, criamos perfis de usu\u00e1rio pseud\u00f4nimos com a ajuda do Google Analytics. O Google Analytics utiliza cookies de direcionamento que s\u00e3o armazenados no seu dispositivo final e podem ser lidos por n\u00f3s. Desta forma, podemos reconhecer e contar os visitantes recorrentes como tal e determinar com que frequ\u00eancia diferentes utilizadores acederam \u00e0s p\u00e1ginas do nosso website.<\/p><p><u>Base jur\u00eddica<\/u><\/p><p>O tratamento de dados baseia-se no consentimento, de acordo com o Regulamento (UE) 2016\/679 relativo \u00e0 prote\u00e7\u00e3o das pessoas singulares no tratamento de dados pessoais e \u00e0 livre circula\u00e7\u00e3o desses dados.<\/p><p>As informa\u00e7\u00f5es geradas pelo cookie sobre o uso do nosso site s\u00e3o geralmente transferidas para um servidor do Google nos Estados Unidos e l\u00e1 armazenadas. No entanto, como ativamos o anonimato de IP no nosso site, o Google primeiro encurtar\u00e1 o seu endere\u00e7o IP nos estados membros da Uni\u00e3o Europeia. Somente em casos excepcionais o seu endere\u00e7o IP completo ser\u00e1 transferido para um servidor do Google nos Estados Unidos e apenas l\u00e1 ser\u00e1 encurtado.<\/p><p>A Google LLC processa esses dados e os utiliza para criar perfis e links para Contas do Google. Para obter mais informa\u00e7\u00f5es sobre como o Google processa seus dados, visite\u00a0<a href=\"https:\/\/policies.google.com\/technologies\/partner-sites\" target=\"_blank\" rel=\"noopener\">https:\/\/policies.google.com\/technologies\/partner-sites<\/a>.<\/p><p><u>Informa\u00e7\u00f5es sobre o fornecedor terceirizado:<\/u><\/p><p>Google Dublin, Google Ireland Ltd.,<br \/><span style=\"color: var( --e-global-color-b15d4bd );\">Casa Gordon, Rua Barrow,<br \/><\/span><span style=\"color: var( --e-global-color-b15d4bd );\">Dublim 4<br \/><\/span><span style=\"color: var( --e-global-color-b15d4bd );\">Irlanda<br \/><\/span><span style=\"color: var( --e-global-color-b15d4bd );\">Fax: +353 (1) 436 1001<br \/><\/span><span style=\"color: var( --e-global-color-b15d4bd );\">Termos de uso:\u00a0<\/span><a href=\"http:\/\/www.google.com\/analytics\/terms\/de.html\" target=\"_blank\" rel=\"noopener\">http:\/\/www.google.com\/analytics\/terms\/de.html<\/a><span style=\"color: var( --e-global-color-b15d4bd );\"><br \/><\/span><span style=\"color: var( --e-global-color-b15d4bd );\">Declara\u00e7\u00e3o de privacidade:\u00a0<\/span><a style=\"background-color: #ffffff;\" href=\"http:\/\/www.google.de\/intl\/de\/policies\/privacy\" target=\"_blank\" rel=\"noopener\">www.google.de\/intl\/de\/policies\/privacy<\/a><\/p><p>\u00a0<\/p>\t\t\t\t\t\t\t\t<\/div>\n\t\t\t\t<\/div>\n\t\t\t\t\t<\/div>\n\t\t<\/div>\n\t\t\t\t\t<\/div>\n\t\t<\/section>\n\t\t\t\t<\/div>","protected":false},"excerpt":{"rendered":"<p>Politika zasebnosti Zasebna informacijska varnost Zaradi va\u0161e varnosti in za\u0161\u010dite podatki o va\u0161i kreditni kartici niso shranjeni na na\u0161ih stre\u017enikih. Na\u0161 ponudnik pla\u010dilnega prehoda, avtoriziran s strani ecoss.net, hrani te podatke \u0161ifrirane in varne v va\u0161em imenu. Va\u0161a zasebnost Pri ecoss.net va\u0161o zasebnost jemljemo zelo resno. Preberite to politiko (ta \u00bbPolitika\u00ab), da vidite, kako ecoss.net [&hellip;]<\/p>\n","protected":false},"author":34,"featured_media":0,"parent":0,"menu_order":0,"comment_status":"closed","ping_status":"open","template":"","meta":{"inline_featured_image":false,"footnotes":""},"class_list":["post-3","page","type-page","status-publish","hentry"],"yoast_head":"<!-- This site is optimized with the Yoast SEO plugin v27.6 - https:\/\/yoast.com\/product\/yoast-seo-wordpress\/ -->\n<title>Politika zasebnosti - ECOSS<\/title>\n<meta name=\"robots\" content=\"index, follow, max-snippet:-1, max-image-preview:large, max-video-preview:-1\" \/>\n<link rel=\"canonical\" href=\"https:\/\/ecoss.net\/pt\/privacy-policy\/\" \/>\n<meta property=\"og:locale\" content=\"pt_PT\" \/>\n<meta property=\"og:type\" content=\"article\" \/>\n<meta property=\"og:title\" content=\"Politika zasebnosti - ECOSS\" \/>\n<meta property=\"og:description\" content=\"Politika zasebnosti Zasebna informacijska varnost Zaradi va\u0161e varnosti in za\u0161\u010dite podatki o va\u0161i kreditni kartici niso shranjeni na na\u0161ih stre\u017enikih. Na\u0161 ponudnik pla\u010dilnega prehoda, avtoriziran s strani ecoss.net, hrani te podatke \u0161ifrirane in varne v va\u0161em imenu. Va\u0161a zasebnost Pri ecoss.net va\u0161o zasebnost jemljemo zelo resno. Preberite to politiko (ta \u00bbPolitika\u00ab), da vidite, kako ecoss.net [&hellip;]\" \/>\n<meta property=\"og:url\" content=\"https:\/\/ecoss.net\/pt\/privacy-policy\/\" \/>\n<meta property=\"og:site_name\" content=\"ECOSS\" \/>\n<meta property=\"article:publisher\" content=\"https:\/\/www.facebook.com\/ecosynergysystem\" \/>\n<meta property=\"article:modified_time\" content=\"2023-09-11T19:16:31+00:00\" \/>\n<meta property=\"og:image\" content=\"https:\/\/ecoss.net\/wp-content\/uploads\/2023\/09\/Ecoss.net-logo.png\" \/>\n\t<meta property=\"og:image:width\" content=\"1778\" \/>\n\t<meta property=\"og:image:height\" content=\"1777\" \/>\n\t<meta property=\"og:image:type\" content=\"image\/png\" \/>\n<meta name=\"twitter:card\" content=\"summary_large_image\" \/>\n<meta name=\"twitter:site\" content=\"@EcoSynergyEcoss\" \/>\n<meta name=\"twitter:label1\" content=\"Tempo estimado de leitura\" \/>\n\t<meta name=\"twitter:data1\" content=\"6 minutos\" \/>\n<script type=\"application\/ld+json\" class=\"yoast-schema-graph\">{\"@context\":\"https:\\\/\\\/schema.org\",\"@graph\":[{\"@type\":\"WebPage\",\"@id\":\"https:\\\/\\\/ecoss.net\\\/privacy-policy\\\/\",\"url\":\"https:\\\/\\\/ecoss.net\\\/privacy-policy\\\/\",\"name\":\"Politika zasebnosti - ECOSS\",\"isPartOf\":{\"@id\":\"https:\\\/\\\/ecoss.net\\\/#website\"},\"datePublished\":\"2023-07-13T17:49:36+00:00\",\"dateModified\":\"2023-09-11T19:16:31+00:00\",\"breadcrumb\":{\"@id\":\"https:\\\/\\\/ecoss.net\\\/privacy-policy\\\/#breadcrumb\"},\"inLanguage\":\"pt-PT\",\"potentialAction\":[{\"@type\":\"ReadAction\",\"target\":[\"https:\\\/\\\/ecoss.net\\\/privacy-policy\\\/\"]}]},{\"@type\":\"BreadcrumbList\",\"@id\":\"https:\\\/\\\/ecoss.net\\\/privacy-policy\\\/#breadcrumb\",\"itemListElement\":[{\"@type\":\"ListItem\",\"position\":1,\"name\":\"Home\",\"item\":\"https:\\\/\\\/ecoss.net\\\/\"},{\"@type\":\"ListItem\",\"position\":2,\"name\":\"Politika zasebnosti\"}]},{\"@type\":\"WebSite\",\"@id\":\"https:\\\/\\\/ecoss.net\\\/#website\",\"url\":\"https:\\\/\\\/ecoss.net\\\/\",\"name\":\"ECOSS\",\"description\":\"Ecosynergy System\",\"publisher\":{\"@id\":\"https:\\\/\\\/ecoss.net\\\/#organization\"},\"potentialAction\":[{\"@type\":\"SearchAction\",\"target\":{\"@type\":\"EntryPoint\",\"urlTemplate\":\"https:\\\/\\\/ecoss.net\\\/?s={search_term_string}\"},\"query-input\":{\"@type\":\"PropertyValueSpecification\",\"valueRequired\":true,\"valueName\":\"search_term_string\"}}],\"inLanguage\":\"pt-PT\"},{\"@type\":\"Organization\",\"@id\":\"https:\\\/\\\/ecoss.net\\\/#organization\",\"name\":\"EcoSynergy System\",\"url\":\"https:\\\/\\\/ecoss.net\\\/\",\"logo\":{\"@type\":\"ImageObject\",\"inLanguage\":\"pt-PT\",\"@id\":\"https:\\\/\\\/ecoss.net\\\/#\\\/schema\\\/logo\\\/image\\\/\",\"url\":\"https:\\\/\\\/ecoss.net\\\/wp-content\\\/uploads\\\/2023\\\/07\\\/ESS-PublishWall-logo-300x300-1.png\",\"contentUrl\":\"https:\\\/\\\/ecoss.net\\\/wp-content\\\/uploads\\\/2023\\\/07\\\/ESS-PublishWall-logo-300x300-1.png\",\"width\":224,\"height\":224,\"caption\":\"EcoSynergy System\"},\"image\":{\"@id\":\"https:\\\/\\\/ecoss.net\\\/#\\\/schema\\\/logo\\\/image\\\/\"},\"sameAs\":[\"https:\\\/\\\/www.facebook.com\\\/ecosynergysystem\",\"https:\\\/\\\/x.com\\\/EcoSynergyEcoss\",\"https:\\\/\\\/www.instagram.com\\\/ecosynergysystem\\\/\",\"https:\\\/\\\/www.linkedin.com\\\/in\\\/ecosynergy-system-environmental-solution-b9b62220a\\\/\"]}]}<\/script>\n<!-- \/ Yoast SEO plugin. -->","yoast_head_json":{"title":"Pol\u00edtica de Privacidade - ECOSS","robots":{"index":"index","follow":"follow","max-snippet":"max-snippet:-1","max-image-preview":"max-image-preview:large","max-video-preview":"max-video-preview:-1"},"canonical":"https:\/\/ecoss.net\/pt\/privacy-policy\/","og_locale":"pt_PT","og_type":"article","og_title":"Politika zasebnosti - ECOSS","og_description":"Politika zasebnosti Zasebna informacijska varnost Zaradi va\u0161e varnosti in za\u0161\u010dite podatki o va\u0161i kreditni kartici niso shranjeni na na\u0161ih stre\u017enikih. Na\u0161 ponudnik pla\u010dilnega prehoda, avtoriziran s strani ecoss.net, hrani te podatke \u0161ifrirane in varne v va\u0161em imenu. Va\u0161a zasebnost Pri ecoss.net va\u0161o zasebnost jemljemo zelo resno. Preberite to politiko (ta \u00bbPolitika\u00ab), da vidite, kako ecoss.net [&hellip;]","og_url":"https:\/\/ecoss.net\/pt\/privacy-policy\/","og_site_name":"ECOSS","article_publisher":"https:\/\/www.facebook.com\/ecosynergysystem","article_modified_time":"2023-09-11T19:16:31+00:00","og_image":[{"width":1778,"height":1777,"url":"https:\/\/ecoss.net\/wp-content\/uploads\/2023\/09\/Ecoss.net-logo.png","type":"image\/png"}],"twitter_card":"summary_large_image","twitter_site":"@EcoSynergyEcoss","twitter_misc":{"Tempo estimado de leitura":"6 minutos"},"schema":{"@context":"https:\/\/schema.org","@graph":[{"@type":"WebPage","@id":"https:\/\/ecoss.net\/privacy-policy\/","url":"https:\/\/ecoss.net\/privacy-policy\/","name":"Pol\u00edtica de Privacidade - ECOSS","isPartOf":{"@id":"https:\/\/ecoss.net\/#website"},"datePublished":"2023-07-13T17:49:36+00:00","dateModified":"2023-09-11T19:16:31+00:00","breadcrumb":{"@id":"https:\/\/ecoss.net\/privacy-policy\/#breadcrumb"},"inLanguage":"pt-PT","potentialAction":[{"@type":"ReadAction","target":["https:\/\/ecoss.net\/privacy-policy\/"]}]},{"@type":"BreadcrumbList","@id":"https:\/\/ecoss.net\/privacy-policy\/#breadcrumb","itemListElement":[{"@type":"ListItem","position":1,"name":"Home","item":"https:\/\/ecoss.net\/"},{"@type":"ListItem","position":2,"name":"Politika zasebnosti"}]},{"@type":"WebSite","@id":"https:\/\/ecoss.net\/#website","url":"https:\/\/ecoss.net\/","name":"ECOSS","description":"Sistema de Ecossinergia","publisher":{"@id":"https:\/\/ecoss.net\/#organization"},"potentialAction":[{"@type":"SearchAction","target":{"@type":"EntryPoint","urlTemplate":"https:\/\/ecoss.net\/?s={search_term_string}"},"query-input":{"@type":"PropertyValueSpecification","valueRequired":true,"valueName":"search_term_string"}}],"inLanguage":"pt-PT"},{"@type":"Organization","@id":"https:\/\/ecoss.net\/#organization","name":"Sistema EcoSynergy","url":"https:\/\/ecoss.net\/","logo":{"@type":"ImageObject","inLanguage":"pt-PT","@id":"https:\/\/ecoss.net\/#\/schema\/logo\/image\/","url":"https:\/\/ecoss.net\/wp-content\/uploads\/2023\/07\/ESS-PublishWall-logo-300x300-1.png","contentUrl":"https:\/\/ecoss.net\/wp-content\/uploads\/2023\/07\/ESS-PublishWall-logo-300x300-1.png","width":224,"height":224,"caption":"EcoSynergy System"},"image":{"@id":"https:\/\/ecoss.net\/#\/schema\/logo\/image\/"},"sameAs":["https:\/\/www.facebook.com\/ecosynergysystem","https:\/\/x.com\/EcoSynergyEcoss","https:\/\/www.instagram.com\/ecosynergysystem\/","https:\/\/www.linkedin.com\/in\/ecosynergy-system-environmental-solution-b9b62220a\/"]}]}},"_links":{"self":[{"href":"https:\/\/ecoss.net\/pt\/wp-json\/wp\/v2\/pages\/3","targetHints":{"allow":["GET"]}}],"collection":[{"href":"https:\/\/ecoss.net\/pt\/wp-json\/wp\/v2\/pages"}],"about":[{"href":"https:\/\/ecoss.net\/pt\/wp-json\/wp\/v2\/types\/page"}],"author":[{"embeddable":true,"href":"https:\/\/ecoss.net\/pt\/wp-json\/wp\/v2\/users\/34"}],"replies":[{"embeddable":true,"href":"https:\/\/ecoss.net\/pt\/wp-json\/wp\/v2\/comments?post=3"}],"version-history":[{"count":13,"href":"https:\/\/ecoss.net\/pt\/wp-json\/wp\/v2\/pages\/3\/revisions"}],"predecessor-version":[{"id":1544,"href":"https:\/\/ecoss.net\/pt\/wp-json\/wp\/v2\/pages\/3\/revisions\/1544"}],"wp:attachment":[{"href":"https:\/\/ecoss.net\/pt\/wp-json\/wp\/v2\/media?parent=3"}],"curies":[{"name":"wp","href":"https:\/\/api.w.org\/{rel}","templated":true}]}}