{"id":1067,"date":"2023-09-05T13:25:49","date_gmt":"2023-09-05T11:25:49","guid":{"rendered":"https:\/\/ecoss.akumen.eu\/?page_id=1067"},"modified":"2023-09-10T18:00:08","modified_gmt":"2023-09-10T16:00:08","slug":"term-and-conditions","status":"publish","type":"page","link":"https:\/\/ecoss.net\/pl\/term-and-conditions\/","title":{"rendered":"Regulamin u\u017cytkowania"},"content":{"rendered":"<div data-elementor-type=\"wp-page\" data-elementor-id=\"1067\" class=\"elementor elementor-1067\" data-elementor-post-type=\"page\">\n\t\t\t\t<div class=\"elementor-element elementor-element-087d159 e-flex e-con-boxed e-con e-parent\" data-id=\"087d159\" data-element_type=\"container\" data-e-type=\"container\">\n\t\t\t\t\t<div class=\"e-con-inner\">\n\t\t\t\t<div class=\"elementor-element elementor-element-600463b elementor-widget elementor-widget-heading\" data-id=\"600463b\" data-element_type=\"widget\" data-e-type=\"widget\" data-widget_type=\"heading.default\">\n\t\t\t\t<div class=\"elementor-widget-container\">\n\t\t\t\t\t<h2 class=\"elementor-heading-title elementor-size-default\">Regulamin u\u017cytkowania<\/h2>\t\t\t\t<\/div>\n\t\t\t\t<\/div>\n\t\t\t\t\t<\/div>\n\t\t\t\t<\/div>\n\t\t\t\t<section class=\"elementor-section elementor-top-section elementor-element elementor-element-b891be5 elementor-section-boxed elementor-section-height-default elementor-section-height-default\" data-id=\"b891be5\" data-element_type=\"section\" data-e-type=\"section\">\n\t\t\t\t\t\t<div class=\"elementor-container elementor-column-gap-default\">\n\t\t\t\t\t<div class=\"elementor-column elementor-col-100 elementor-top-column elementor-element elementor-element-744f0fe\" data-id=\"744f0fe\" data-element_type=\"column\" data-e-type=\"column\">\n\t\t\t<div class=\"elementor-widget-wrap elementor-element-populated\">\n\t\t\t\t\t\t<div class=\"elementor-element elementor-element-8958208 elementor-widget elementor-widget-text-editor\" data-id=\"8958208\" data-element_type=\"widget\" data-e-type=\"widget\" data-widget_type=\"text-editor.default\">\n\t\t\t\t<div class=\"elementor-widget-container\">\n\t\t\t\t\t\t\t\t\t<p>Witamy w ecoss.net. \u015awiadczymy us\u0142ugi zgodnie z postanowieniami i warunkami okre\u015blonymi w niniejszej umowie (\u201eUmowa\u201d). Ponadto, korzystaj\u0105c z dowolnej us\u0142ugi ecoss.net (np. z recenzji klient\u00f3w), b\u0119dziesz podlega\u0107 zasadom, wytycznym, zasadom i warunkom maj\u0105cym zastosowanie do takich us\u0142ug, kt\u00f3re s\u0105 w\u0142\u0105czone do niniejszej Umowy poprzez to odniesienie. Strona internetowa\/portal ecoss.net zastrzega sobie prawo do zmiany tej strony i niniejszego regulaminu w dowolnym momencie. Uzyskuj\u0105c dost\u0119p, przegl\u0105daj\u0105c lub korzystaj\u0105c w inny spos\u00f3b z Witryny, wyra\u017casz zgod\u0119 na przestrzeganie wszystkich warunk\u00f3w niniejszej Umowy, dlatego przed kontynuowaniem prosimy o uwa\u017cne przeczytanie niniejszej Umowy.<\/p><p><strong>\u00a0<\/strong><\/p><h2><strong>Korzystanie ze strony internetowej<\/strong><\/h2><p>O\u015bwiadczasz i gwarantujesz, \u017ce masz co najmniej 18 lat lub \u017ce odwiedzasz Stron\u0119 pod nadzorem rodzica lub opiekuna. Z zastrze\u017ceniem warunk\u00f3w niniejszej Umowy, ecoss.net udziela u\u017cytkownikowi ograniczonej, odwo\u0142alnej, niezbywalnej i niewy\u0142\u0105cznej licencji na dost\u0119p do Witryny i korzystanie z niej poprzez wy\u015bwietlanie jej w przegl\u0105darce internetowej wy\u0142\u0105cznie w celu nabycia przedmiot\u00f3w sprzedawanych na Serwis - Sklep z artyku\u0142ami spo\u017cywczymi i nie\u017cywno\u015bciowymi, dzia\u0142alno\u015b\u0107 us\u0142ugowa, wsp\u00f3\u0142dzielenie sprz\u0119tu, gie\u0142da towarowa, korzystanie z aplikacji ESG 24\/7, monetyzacja depozyt\u00f3w walutowych, czas i wiedza, monetyzacja\/demonetyzacja\/przekazywanie algorytmu ECOSS pomi\u0119dzy cz\u0142onkami, itp. i nie do u\u017cytku komercyjnego ani do u\u017cytku w imieniu jakiejkolwiek strony trzeciej, chyba \u017ce zosta\u0142o to wcze\u015bniej wyra\u017anie dozwolone przez ecoss.net. Ka\u017cde naruszenie niniejszej Umowy b\u0119dzie skutkowa\u0107 natychmiastowym cofni\u0119ciem licencji przyznanej na mocy niniejszego paragrafu bez uprzedzenia. Z wyj\u0105tkiem przypadk\u00f3w dozwolonych w powy\u017cszym akapicie, nie mo\u017cesz reprodukowa\u0107, rozpowszechnia\u0107, wy\u015bwietla\u0107, sprzedawa\u0107, wynajmowa\u0107, przesy\u0142a\u0107, tworzy\u0107 pochodnych, t\u0142umaczy\u0107, odtwarza\u0107 kodu \u017ar\u00f3d\u0142owego, dezasemblowa\u0107, dekompilowa\u0107 lub w inny spos\u00f3b wykorzystywa\u0107 tej Strony lub jakiejkolwiek jej cz\u0119\u015bci, chyba \u017ce ecoss.net wyra\u017anie to wyrazi pozwala na to w formie pisemnej. Nie mo\u017cesz wykorzystywa\u0107 \u017cadnych informacji zawartych na stronie internetowej do cel\u00f3w komercyjnych ani wykorzystywa\u0107 jej w jakikolwiek spos\u00f3b na rzecz innej firmy, chyba \u017ce ecoss.net wyra\u017anie na to z g\u00f3ry wyrazi zgod\u0119. Ecoss.net zastrzega sobie prawo, wed\u0142ug w\u0142asnego uznania, do odmowy \u015bwiadczenia us\u0142ug, zamkni\u0119cia kont i\/lub anulowania zam\u00f3wie\u0144, w tym mi\u0119dzy innymi, je\u015bli uwa\u017ca, \u017ce zachowanie klienta narusza obowi\u0105zuj\u0105ce prawo lub szkodzi interesom ecoss.net. Nie mo\u017cesz przesy\u0142a\u0107, rozpowszechnia\u0107 ani w \u017caden inny spos\u00f3b publikowa\u0107 za po\u015brednictwem tej Witryny jakichkolwiek tre\u015bci, informacji lub innych materia\u0142\u00f3w, kt\u00f3re (a) naruszaj\u0105 lub naruszaj\u0105 jakiekolwiek prawa autorskie, patenty, znaki towarowe, znaki us\u0142ugowe, tajemnice handlowe lub inne prawa w\u0142asno\u015bci jakiejkolwiek osoby; (b) ma charakter znies\u0142awiaj\u0105cy, zawieraj\u0105cy gro\u017aby, znies\u0142awiaj\u0105cy, obsceniczny, nieprzyzwoity, pornograficzny lub mo\u017ce skutkowa\u0107 odpowiedzialno\u015bci\u0105 cywiln\u0105 lub karn\u0105 na mocy prawa mi\u0119dzynarodowego; lub (c) zawiera b\u0142\u0119dy, wirusy, robaki, pu\u0142apki, konie troja\u0144skie lub inny szkodliwy kod lub funkcje. Ecoss.net mo\u017ce przypisa\u0107 Ci has\u0142o i identyfikacj\u0119 konta, aby umo\u017cliwi\u0107 Ci dost\u0119p i korzystanie z niekt\u00f3rych cz\u0119\u015bci tej witryny. Za ka\u017cdym razem, gdy u\u017cyjesz has\u0142a lub identyfikatora, zostaniesz uznany za upowa\u017cnionego do dost\u0119pu do Witryny i korzystania z niej w spos\u00f3b zgodny z warunkami niniejszej Umowy, a ecoss.net nie b\u0119dzie mie\u0107 obowi\u0105zku sprawdzania autoryzacji lub \u017ar\u00f3d\u0142a jakiegokolwiek takiego dost\u0119pu lub korzystania ze strony internetowej. B\u0119dziesz ponosi\u0142 wy\u0142\u0105czn\u0105 odpowiedzialno\u015b\u0107 za dost\u0119p do tej Strony i korzystanie z niej przez kogokolwiek, kto u\u017cyje has\u0142a i identyfikatora pierwotnie przypisanego do Ciebie, niezale\u017cnie od tego, czy faktycznie autoryzowa\u0142e\u015b taki dost\u0119p i korzystanie z tej Strony, w tym mi\u0119dzy innymi ca\u0142\u0105 komunikacj\u0119 i transmisje oraz wszelkie zobowi\u0105zania (w tym mi\u0119dzy innymi zobowi\u0105zania finansowe) wynikaj\u0105ce z takiego dost\u0119pu lub u\u017cytkowania. Jeste\u015b odpowiedzialny za utrzymanie bezpiecze\u0144stwa i poufno\u015bci przypisanego Ci has\u0142a i identyfikatora. Musisz natychmiast powiadomi\u0107 Ecoss.net o ka\u017cdym nieuprawnionym u\u017cyciu Twojego has\u0142a lub identyfikatora lub o jakimkolwiek innym naruszeniu lub gro\u017abie naruszenia bezpiecze\u0144stwa tej witryny.<\/p><p>\u00a0<\/p><h2><strong>W\u0142asno\u015b\u0107 intelektualna<\/strong><\/h2><p>Ca\u0142y tekst, grafika, ikony przycisk\u00f3w, obrazy, nagrania d\u017awi\u0119kowe i oprogramowanie (zwane \u0142\u0105cznie \u201eTre\u015bci\u0105\u201d) nale\u017c\u0105 wy\u0142\u0105cznie do ecoss.net. Gromadzenie, edytowanie i kompilacja ca\u0142ej zawarto\u015bci tej witryny (\u201ekompilacja\u201d) nale\u017cy wy\u0142\u0105cznie do ecoss.net. Ca\u0142e oprogramowanie u\u017cywane na tej stronie (\u201eOprogramowanie\u201d) jest w\u0142asno\u015bci\u0105 ecoss.net. Tre\u015b\u0107, kompilacja i oprogramowanie s\u0105 chronione mi\u0119dzynarodowymi przepisami prawa autorskiego. Inne logo, slogany, nazwy handlowe lub s\u0142owa s\u0105 zastrze\u017conymi znakami towarowymi, znakami towarowymi lub znakami us\u0142ugowymi firmy ecoss.net, jej dostawc\u00f3w lub stron trzecich. U\u017cywanie jakiegokolwiek znaku towarowego lub znaku us\u0142ugowego ecoss.net bez jej wyra\u017anej pisemnej zgody jest surowo zabronione. Nie wolno u\u017cywa\u0107 produkt\u00f3w i us\u0142ug marki ecoss.net ani w \u017caden spos\u00f3b, kt\u00f3ry m\u00f3g\u0142by spowodowa\u0107 zamieszanie. Nie wolno u\u017cywa\u0107 znak\u00f3w towarowych lub znak\u00f3w us\u0142ugowych ecoss.net w spos\u00f3b dyskredytuj\u0105cy lub dyskredytuj\u0105cy ecoss.net.<\/p><p>\u00a0<\/p><h2><strong>Rozwi\u0105zanie umowy i skutki rozwi\u0105zania umowy<\/strong><\/h2><p>Opr\u00f3cz wszelkich innych prawnych lub s\u0142usznych \u015brodk\u00f3w naprawczych, ecoss.net mo\u017ce natychmiast rozwi\u0105za\u0107 niniejsz\u0105 Umow\u0119 lub uniewa\u017cni\u0107 dowolne lub wszystkie Twoje prawa przyznane na mocy niniejszej Umowy bez uprzedzenia. Po rozwi\u0105zaniu niniejszej Umowy musisz natychmiast zaprzesta\u0107 dost\u0119pu do Witryny i korzystania z niej, a ecoss.net, opr\u00f3cz wszelkich innych prawnych lub s\u0142usznych \u015brodk\u00f3w, natychmiast uniewa\u017cni wszystkie wydane Ci has\u0142a i dane identyfikacyjne konta oraz odrzuci, w w ca\u0142o\u015bci lub w cz\u0119\u015bci, dost\u0119p i korzystanie z tej witryny. Ka\u017cde rozwi\u0105zanie niniejszej Umowy nie ma wp\u0142ywu na odpowiednie prawa i obowi\u0105zki (w tym mi\u0119dzy innymi zobowi\u0105zania p\u0142atnicze) stron powsta\u0142e przed dat\u0105 rozwi\u0105zania.<\/p><h2><strong>Zastrze\u017cenie i ograniczenie odpowiedzialno\u015bci<\/strong><\/h2><p>O ile w Warunkach sprzeda\u017cy produkt\u00f3w\/us\u0142ug nie okre\u015blono inaczej, udost\u0119pnianie sprz\u0119tu, wymiana towar\u00f3w, korzystanie z aplikacji ESG 24\/7, monetyzacja depozyt\u00f3w walutowych, czasu i wiedzy, monetyzacja\/demonetyzacja\/przenoszenie algorytmu ECOSS pomi\u0119dzy cz\u0142onk\u00f3w tej witryny, ecoss.net udost\u0119pnia t\u0119 witryn\u0119 do u\u017cytku powy\u017cszych os\u00f3b oraz do transakcji przeprowadzanych za jej po\u015brednictwem w stanie niezmienionym. Ecoss.net nie sk\u0142ada \u017cadnych o\u015bwiadcze\u0144 ani zapewnie\u0144, wyra\u017anych lub dorozumianych, dotycz\u0105cych dzia\u0142ania Witryny lub informacji, tre\u015bci, materia\u0142\u00f3w lub produkt\u00f3w zawartych w tej Witrynie, z wyj\u0105tkiem przypadk\u00f3w okre\u015blonych w niniejszym dokumencie w najszerszym zakresie dozwolonym przez obowi\u0105zuj\u0105ce prawo, ecoss.net .net zrzeka si\u0119 wszelkich gwarancji, wyra\u017anych lub dorozumianych, w tym mi\u0119dzy innymi dorozumianych gwarancji warto\u015bci handlowej i przydatno\u015bci do okre\u015blonego celu, nienaruszania praw, tytu\u0142u prawnego, spokojnego korzystania, dok\u0142adno\u015bci danych i integracji systemu. Niniejsza witryna internetowa mo\u017ce zawiera\u0107 nie\u015bcis\u0142o\u015bci, b\u0142\u0119dy lub b\u0142\u0119dy typograficzne. Ecoss.net nie gwarantuje, \u017ce Tre\u015b\u0107 b\u0119dzie nieprzerwana i wolna od b\u0142\u0119d\u00f3w. W najszerszym zakresie dozwolonym przez prawo, ecoss.net nie ponosi odpowiedzialno\u015bci za jakiekolwiek szkody powsta\u0142e w wyniku korzystania z tej witryny, w tym mi\u0119dzy innymi za szkody po\u015brednie, przypadkowe, karne, przyk\u0142adowe, specjalne lub wt\u00f3rne.<br \/>W maksymalnym zakresie dozwolonym przez obowi\u0105zuj\u0105ce prawo \u0142\u0105czna odpowiedzialno\u015b\u0107 ecoss.net wobec Ciebie za jakiekolwiek szkody (bez wzgl\u0119du na przyczyn\u0119 pow\u00f3dztwa) nie mo\u017ce przekroczy\u0107 ca\u0142kowitej kwoty op\u0142at faktycznie uiszczonych przez Ciebie na rzecz ecoss.net w miesi\u0105cu bezpo\u015brednio poprzedzaj\u0105cym czynno\u015b\u0107 powinno to skutkowa\u0107 odpowiedzialno\u015bci\u0105 ecoss.net za przyj\u0119cie zam\u00f3wienia \u201eProsz\u0119 pami\u0119ta\u0107, \u017ce mo\u017cemy nie by\u0107 w stanie przyj\u0105\u0107 niekt\u00f3rych zam\u00f3wie\u0144 i by\u0107 zmuszeni je anulowa\u0107\u201d. Ecoss.net zastrzega sobie prawo, wed\u0142ug w\u0142asnego uznania, do odmowy lub anulowania dowolnego zam\u00f3wienia z dowolnego powodu. Niekt\u00f3re z sytuacji, kt\u00f3re mog\u0105 skutkowa\u0107 anulowaniem zam\u00f3wienia, obejmuj\u0105 limity ilo\u015bci dost\u0119pnych do zakupu, nie\u015bcis\u0142o\u015bci lub b\u0142\u0119dy w informacjach o produkcie lub cenie, b\u0105d\u017a problemy wykryte przez nasz Dzia\u0142 ds. Unikania Kredyt\u00f3w i Oszustw. Mo\u017cemy r\u00f3wnie\u017c wymaga\u0107 dodatkowej weryfikacji lub informacji przed przyj\u0119ciem jakiegokolwiek zam\u00f3wienia lub monetyzacj\u0105\/demonetyzacj\u0105\/przeniesieniem algorytmu ECOSS pomi\u0119dzy cz\u0142onkami. Skontaktujemy si\u0119 z Tob\u0105, je\u015bli ca\u0142o\u015b\u0107 lub cz\u0119\u015b\u0107 Twojego zam\u00f3wienia zostanie anulowana lub je\u015bli do przyj\u0119cia zam\u00f3wienia potrzebne b\u0119d\u0105 dodatkowe informacje.<\/p><p>\u00a0<\/p><h2><strong>B\u0142\u0119dy w druku<\/strong><\/h2><p>Chocia\u017c ecoss.net stara si\u0119 podawa\u0107 dok\u0142adne informacje o produktach, us\u0142ugach i cenach, mog\u0105 wyst\u0105pi\u0107 b\u0142\u0119dy cenowe lub typograficzne. Ecoss.net nie mo\u017ce potwierdzi\u0107 ceny artyku\u0142u\/us\u0142ugi, dop\u00f3ki nie z\u0142o\u017cysz zam\u00f3wienia. W przypadku, gdy produkt\/us\u0142uga jest wystawiona z nieprawid\u0142ow\u0105 cen\u0105 lub zawiera nieprawid\u0142owe informacje z powodu b\u0142\u0119du w cenie lub informacjach o produkcie\/us\u0142udze, ecoss.net ma prawo, wed\u0142ug w\u0142asnego uznania, odm\u00f3wi\u0107 lub anulowa\u0107 ka\u017cde zam\u00f3wienie z tego tytu\u0142u przedmiot\/us\u0142uga. W przypadku, gdy cena przedmiotu\/us\u0142ugi jest nieprawid\u0142owa, ecoss.net mo\u017ce, wed\u0142ug w\u0142asnego uznania, skontaktowa\u0107 si\u0119 z Tob\u0105 w celu uzyskania instrukcji lub anulowa\u0107 zam\u00f3wienie i powiadomi\u0107 Ci\u0119 o takim anulowaniu.<\/p><h2><strong>Znajomo\u015bci<\/strong><\/h2><p>Niniejsza witryna internetowa mo\u017ce zawiera\u0107 \u0142\u0105cza do innych witryn internetowych, kt\u00f3re s\u0105 w\u0142asno\u015bci\u0105 os\u00f3b trzecich i s\u0105 przez nie obs\u0142ugiwane. Przyjmujemy do wiadomo\u015bci, \u017ce ecoss.net nie ponosi odpowiedzialno\u015bci za dzia\u0142anie ani tre\u015bci znajduj\u0105ce si\u0119 w takiej witrynie lub za jej po\u015brednictwem.<\/p><h2><strong>Prawnych<\/strong><\/h2><p>Zgadzasz si\u0119, \u017ce zado\u015b\u0107uczynienie przyznane przez ecoss.net w przypadku faktycznego lub potencjalnego naruszenia niniejszej Umowy by\u0142oby niewystarczaj\u0105ce i \u017ce ecoss.net ma prawo do okre\u015blonego wykonania lub nakazu s\u0105dowego lub obu, opr\u00f3cz wszelkich odszkodowa\u0144, kt\u00f3re mog\u0105 by\u0107 zgodnie z prawem odzyskane od ecoss.net , wraz z uzasadnionymi kosztami wszelkich form rozstrzygania spor\u00f3w, w tym mi\u0119dzy innymi honorariami adwokackimi. \u017badne prawo ani \u015brodek zaradczy ecoss.net nie b\u0119dzie wy\u0142\u0105czny dla innych, zgodnie z prawem lub na zasadzie s\u0142uszno\u015bci, w tym, bez ogranicze\u0144, zado\u015b\u0107uczynienia, honorari\u00f3w i koszt\u00f3w adwokackich. \u017badne zrzeczenie si\u0119 przez ecoss.net swoich praw lub \u015brodk\u00f3w naprawczych wynikaj\u0105cych z niniejszych Warunk\u00f3w nie b\u0119dzie stanowi\u0107 \u017cadnego zobowi\u0105zania do udzielenia podobnego, przysz\u0142ego lub innego zrzeczenia si\u0119.<\/p>\t\t\t\t\t\t\t\t<\/div>\n\t\t\t\t<\/div>\n\t\t\t\t\t<\/div>\n\t\t<\/div>\n\t\t\t\t\t<\/div>\n\t\t<\/section>\n\t\t\t\t<\/div>","protected":false},"excerpt":{"rendered":"<p>Dobrodo\u0161li na ecoss.net, nudimo vam njegove storitve v skladu z obvestili, dolo\u010dili in pogoji, dolo\u010denimi v tej pogodbi (\u00bbpogodba\u00ab). Poleg tega, ko uporabljate katero koli storitev ecoss.net (npr. ocene strank), boste podvr\u017eeni pravilom, smernicam, pravilnikom, dolo\u010dilom in pogojem, ki veljajo za take storitve, in so vklju\u010deni v to pogodbo s tem sklicevanjem. Spletna stran\/portal ecoss.net [&hellip;]<\/p>\n","protected":false},"author":34,"featured_media":0,"parent":0,"menu_order":0,"comment_status":"closed","ping_status":"closed","template":"","meta":{"inline_featured_image":false,"footnotes":""},"class_list":["post-1067","page","type-page","status-publish","hentry"],"yoast_head":"<!-- This site is optimized with the Yoast SEO plugin v27.6 - https:\/\/yoast.com\/product\/yoast-seo-wordpress\/ -->\n<title>Pravila in pogoji uporabe - ECOSS<\/title>\n<meta name=\"robots\" content=\"index, follow, max-snippet:-1, max-image-preview:large, max-video-preview:-1\" \/>\n<link rel=\"canonical\" href=\"https:\/\/ecoss.net\/pl\/term-and-conditions\/\" \/>\n<meta property=\"og:locale\" content=\"pl_PL\" \/>\n<meta property=\"og:type\" content=\"article\" \/>\n<meta property=\"og:title\" content=\"Pravila in pogoji uporabe - ECOSS\" \/>\n<meta property=\"og:description\" content=\"Dobrodo\u0161li na ecoss.net, nudimo vam njegove storitve v skladu z obvestili, dolo\u010dili in pogoji, dolo\u010denimi v tej pogodbi (\u00bbpogodba\u00ab). Poleg tega, ko uporabljate katero koli storitev ecoss.net (npr. ocene strank), boste podvr\u017eeni pravilom, smernicam, pravilnikom, dolo\u010dilom in pogojem, ki veljajo za take storitve, in so vklju\u010deni v to pogodbo s tem sklicevanjem. Spletna stran\/portal ecoss.net [&hellip;]\" \/>\n<meta property=\"og:url\" content=\"https:\/\/ecoss.net\/pl\/term-and-conditions\/\" \/>\n<meta property=\"og:site_name\" content=\"ECOSS\" \/>\n<meta property=\"article:publisher\" content=\"https:\/\/www.facebook.com\/ecosynergysystem\" \/>\n<meta property=\"article:modified_time\" content=\"2023-09-10T16:00:08+00:00\" \/>\n<meta property=\"og:image\" content=\"https:\/\/ecoss.net\/wp-content\/uploads\/2023\/09\/Ecoss.net-logo.png\" \/>\n\t<meta property=\"og:image:width\" content=\"1778\" \/>\n\t<meta property=\"og:image:height\" content=\"1777\" \/>\n\t<meta property=\"og:image:type\" content=\"image\/png\" \/>\n<meta name=\"twitter:card\" content=\"summary_large_image\" \/>\n<meta name=\"twitter:site\" content=\"@EcoSynergyEcoss\" \/>\n<meta name=\"twitter:label1\" content=\"Szacowany czas czytania\" \/>\n\t<meta name=\"twitter:data1\" content=\"7 minut\" \/>\n<script type=\"application\/ld+json\" class=\"yoast-schema-graph\">{\"@context\":\"https:\\\/\\\/schema.org\",\"@graph\":[{\"@type\":\"WebPage\",\"@id\":\"https:\\\/\\\/ecoss.net\\\/th\\\/term-and-conditions\\\/\",\"url\":\"https:\\\/\\\/ecoss.net\\\/th\\\/term-and-conditions\\\/\",\"name\":\"Pravila in pogoji uporabe - ECOSS\",\"isPartOf\":{\"@id\":\"https:\\\/\\\/ecoss.net\\\/#website\"},\"datePublished\":\"2023-09-05T11:25:49+00:00\",\"dateModified\":\"2023-09-10T16:00:08+00:00\",\"breadcrumb\":{\"@id\":\"https:\\\/\\\/ecoss.net\\\/th\\\/term-and-conditions\\\/#breadcrumb\"},\"inLanguage\":\"pl-PL\",\"potentialAction\":[{\"@type\":\"ReadAction\",\"target\":[\"https:\\\/\\\/ecoss.net\\\/th\\\/term-and-conditions\\\/\"]}]},{\"@type\":\"BreadcrumbList\",\"@id\":\"https:\\\/\\\/ecoss.net\\\/th\\\/term-and-conditions\\\/#breadcrumb\",\"itemListElement\":[{\"@type\":\"ListItem\",\"position\":1,\"name\":\"Home\",\"item\":\"https:\\\/\\\/ecoss.net\\\/\"},{\"@type\":\"ListItem\",\"position\":2,\"name\":\"Pravila in pogoji uporabe\"}]},{\"@type\":\"WebSite\",\"@id\":\"https:\\\/\\\/ecoss.net\\\/#website\",\"url\":\"https:\\\/\\\/ecoss.net\\\/\",\"name\":\"ECOSS\",\"description\":\"Ecosynergy System\",\"publisher\":{\"@id\":\"https:\\\/\\\/ecoss.net\\\/#organization\"},\"potentialAction\":[{\"@type\":\"SearchAction\",\"target\":{\"@type\":\"EntryPoint\",\"urlTemplate\":\"https:\\\/\\\/ecoss.net\\\/?s={search_term_string}\"},\"query-input\":{\"@type\":\"PropertyValueSpecification\",\"valueRequired\":true,\"valueName\":\"search_term_string\"}}],\"inLanguage\":\"pl-PL\"},{\"@type\":\"Organization\",\"@id\":\"https:\\\/\\\/ecoss.net\\\/#organization\",\"name\":\"EcoSynergy System\",\"url\":\"https:\\\/\\\/ecoss.net\\\/\",\"logo\":{\"@type\":\"ImageObject\",\"inLanguage\":\"pl-PL\",\"@id\":\"https:\\\/\\\/ecoss.net\\\/#\\\/schema\\\/logo\\\/image\\\/\",\"url\":\"https:\\\/\\\/ecoss.net\\\/wp-content\\\/uploads\\\/2023\\\/07\\\/ESS-PublishWall-logo-300x300-1.png\",\"contentUrl\":\"https:\\\/\\\/ecoss.net\\\/wp-content\\\/uploads\\\/2023\\\/07\\\/ESS-PublishWall-logo-300x300-1.png\",\"width\":224,\"height\":224,\"caption\":\"EcoSynergy System\"},\"image\":{\"@id\":\"https:\\\/\\\/ecoss.net\\\/#\\\/schema\\\/logo\\\/image\\\/\"},\"sameAs\":[\"https:\\\/\\\/www.facebook.com\\\/ecosynergysystem\",\"https:\\\/\\\/x.com\\\/EcoSynergyEcoss\",\"https:\\\/\\\/www.instagram.com\\\/ecosynergysystem\\\/\",\"https:\\\/\\\/www.linkedin.com\\\/in\\\/ecosynergy-system-environmental-solution-b9b62220a\\\/\"]}]}<\/script>\n<!-- \/ Yoast SEO plugin. -->","yoast_head_json":{"title":"Regulamin korzystania - ECOSS","robots":{"index":"index","follow":"follow","max-snippet":"max-snippet:-1","max-image-preview":"max-image-preview:large","max-video-preview":"max-video-preview:-1"},"canonical":"https:\/\/ecoss.net\/pl\/term-and-conditions\/","og_locale":"pl_PL","og_type":"article","og_title":"Pravila in pogoji uporabe - ECOSS","og_description":"Dobrodo\u0161li na ecoss.net, nudimo vam njegove storitve v skladu z obvestili, dolo\u010dili in pogoji, dolo\u010denimi v tej pogodbi (\u00bbpogodba\u00ab). Poleg tega, ko uporabljate katero koli storitev ecoss.net (npr. ocene strank), boste podvr\u017eeni pravilom, smernicam, pravilnikom, dolo\u010dilom in pogojem, ki veljajo za take storitve, in so vklju\u010deni v to pogodbo s tem sklicevanjem. Spletna stran\/portal ecoss.net [&hellip;]","og_url":"https:\/\/ecoss.net\/pl\/term-and-conditions\/","og_site_name":"ECOSS","article_publisher":"https:\/\/www.facebook.com\/ecosynergysystem","article_modified_time":"2023-09-10T16:00:08+00:00","og_image":[{"width":1778,"height":1777,"url":"https:\/\/ecoss.net\/wp-content\/uploads\/2023\/09\/Ecoss.net-logo.png","type":"image\/png"}],"twitter_card":"summary_large_image","twitter_site":"@EcoSynergyEcoss","twitter_misc":{"Szacowany czas czytania":"7 minut"},"schema":{"@context":"https:\/\/schema.org","@graph":[{"@type":"WebPage","@id":"https:\/\/ecoss.net\/th\/term-and-conditions\/","url":"https:\/\/ecoss.net\/th\/term-and-conditions\/","name":"Regulamin korzystania - ECOSS","isPartOf":{"@id":"https:\/\/ecoss.net\/#website"},"datePublished":"2023-09-05T11:25:49+00:00","dateModified":"2023-09-10T16:00:08+00:00","breadcrumb":{"@id":"https:\/\/ecoss.net\/th\/term-and-conditions\/#breadcrumb"},"inLanguage":"pl-PL","potentialAction":[{"@type":"ReadAction","target":["https:\/\/ecoss.net\/th\/term-and-conditions\/"]}]},{"@type":"BreadcrumbList","@id":"https:\/\/ecoss.net\/th\/term-and-conditions\/#breadcrumb","itemListElement":[{"@type":"ListItem","position":1,"name":"Home","item":"https:\/\/ecoss.net\/"},{"@type":"ListItem","position":2,"name":"Pravila in pogoji uporabe"}]},{"@type":"WebSite","@id":"https:\/\/ecoss.net\/#website","url":"https:\/\/ecoss.net\/","name":"ECOSS","description":"System ekosynergiczny","publisher":{"@id":"https:\/\/ecoss.net\/#organization"},"potentialAction":[{"@type":"SearchAction","target":{"@type":"EntryPoint","urlTemplate":"https:\/\/ecoss.net\/?s={search_term_string}"},"query-input":{"@type":"PropertyValueSpecification","valueRequired":true,"valueName":"search_term_string"}}],"inLanguage":"pl-PL"},{"@type":"Organization","@id":"https:\/\/ecoss.net\/#organization","name":"System EcoSynergy","url":"https:\/\/ecoss.net\/","logo":{"@type":"ImageObject","inLanguage":"pl-PL","@id":"https:\/\/ecoss.net\/#\/schema\/logo\/image\/","url":"https:\/\/ecoss.net\/wp-content\/uploads\/2023\/07\/ESS-PublishWall-logo-300x300-1.png","contentUrl":"https:\/\/ecoss.net\/wp-content\/uploads\/2023\/07\/ESS-PublishWall-logo-300x300-1.png","width":224,"height":224,"caption":"EcoSynergy System"},"image":{"@id":"https:\/\/ecoss.net\/#\/schema\/logo\/image\/"},"sameAs":["https:\/\/www.facebook.com\/ecosynergysystem","https:\/\/x.com\/EcoSynergyEcoss","https:\/\/www.instagram.com\/ecosynergysystem\/","https:\/\/www.linkedin.com\/in\/ecosynergy-system-environmental-solution-b9b62220a\/"]}]}},"_links":{"self":[{"href":"https:\/\/ecoss.net\/pl\/wp-json\/wp\/v2\/pages\/1067","targetHints":{"allow":["GET"]}}],"collection":[{"href":"https:\/\/ecoss.net\/pl\/wp-json\/wp\/v2\/pages"}],"about":[{"href":"https:\/\/ecoss.net\/pl\/wp-json\/wp\/v2\/types\/page"}],"author":[{"embeddable":true,"href":"https:\/\/ecoss.net\/pl\/wp-json\/wp\/v2\/users\/34"}],"replies":[{"embeddable":true,"href":"https:\/\/ecoss.net\/pl\/wp-json\/wp\/v2\/comments?post=1067"}],"version-history":[{"count":8,"href":"https:\/\/ecoss.net\/pl\/wp-json\/wp\/v2\/pages\/1067\/revisions"}],"predecessor-version":[{"id":1353,"href":"https:\/\/ecoss.net\/pl\/wp-json\/wp\/v2\/pages\/1067\/revisions\/1353"}],"wp:attachment":[{"href":"https:\/\/ecoss.net\/pl\/wp-json\/wp\/v2\/media?parent=1067"}],"curies":[{"name":"wp","href":"https:\/\/api.w.org\/{rel}","templated":true}]}}