{"id":1067,"date":"2023-09-05T13:25:49","date_gmt":"2023-09-05T11:25:49","guid":{"rendered":"https:\/\/ecoss.akumen.eu\/?page_id=1067"},"modified":"2023-09-10T18:00:08","modified_gmt":"2023-09-10T16:00:08","slug":"term-and-conditions","status":"publish","type":"page","link":"https:\/\/ecoss.net\/nb\/term-and-conditions\/","title":{"rendered":"Vilk\u00e5r og betingelser for bruk"},"content":{"rendered":"<div data-elementor-type=\"wp-page\" data-elementor-id=\"1067\" class=\"elementor elementor-1067\" data-elementor-post-type=\"page\">\n\t\t\t\t<div class=\"elementor-element elementor-element-087d159 e-flex e-con-boxed e-con e-parent\" data-id=\"087d159\" data-element_type=\"container\" data-e-type=\"container\">\n\t\t\t\t\t<div class=\"e-con-inner\">\n\t\t\t\t<div class=\"elementor-element elementor-element-600463b elementor-widget elementor-widget-heading\" data-id=\"600463b\" data-element_type=\"widget\" data-e-type=\"widget\" data-widget_type=\"heading.default\">\n\t\t\t\t<div class=\"elementor-widget-container\">\n\t\t\t\t\t<h2 class=\"elementor-heading-title elementor-size-default\">Vilk\u00e5r og betingelser for bruk<\/h2>\t\t\t\t<\/div>\n\t\t\t\t<\/div>\n\t\t\t\t\t<\/div>\n\t\t\t\t<\/div>\n\t\t\t\t<section class=\"elementor-section elementor-top-section elementor-element elementor-element-b891be5 elementor-section-boxed elementor-section-height-default elementor-section-height-default\" data-id=\"b891be5\" data-element_type=\"section\" data-e-type=\"section\">\n\t\t\t\t\t\t<div class=\"elementor-container elementor-column-gap-default\">\n\t\t\t\t\t<div class=\"elementor-column elementor-col-100 elementor-top-column elementor-element elementor-element-744f0fe\" data-id=\"744f0fe\" data-element_type=\"column\" data-e-type=\"column\">\n\t\t\t<div class=\"elementor-widget-wrap elementor-element-populated\">\n\t\t\t\t\t\t<div class=\"elementor-element elementor-element-8958208 elementor-widget elementor-widget-text-editor\" data-id=\"8958208\" data-element_type=\"widget\" data-e-type=\"widget\" data-widget_type=\"text-editor.default\">\n\t\t\t\t<div class=\"elementor-widget-container\">\n\t\t\t\t\t\t\t\t\t<p>Velkommen til ecoss.net, vi tilbyr sine tjenester til deg underlagt merknadene, vilk\u00e5rene og betingelsene som er angitt i denne avtalen (&quot;Avtalen&quot;). I tillegg, n\u00e5r du bruker en ecoss.net-tjeneste (f.eks. kundeanmeldelser), vil du v\u00e6re underlagt reglene, retningslinjene, retningslinjene, vilk\u00e5rene og betingelsene som gjelder for slike tjenester, som er innlemmet i denne avtalen ved denne referansen. Nettstedet\/portalen ecoss.net forbeholder seg retten til \u00e5 endre denne siden og disse vilk\u00e5rene n\u00e5r som helst. Ved \u00e5 g\u00e5 inn p\u00e5, surfe eller p\u00e5 annen m\u00e5te bruke nettstedet godtar du \u00e5 v\u00e6re bundet av alle vilk\u00e5rene og betingelsene i denne avtalen, s\u00e5 les denne avtalen n\u00f8ye f\u00f8r du fortsetter.<\/p><p><strong>\u00a0<\/strong><\/p><h2><strong>Bruk av nettsiden<\/strong><\/h2><p>Du representerer og garanterer at du er minst 18 \u00e5r eller at du bes\u00f8ker nettstedet under tilsyn av en forelder eller verge. I henhold til vilk\u00e5rene og betingelsene i denne avtalen, gir ecoss.net deg en begrenset, tilbakekallbar, ikke-overf\u00f8rbar og ikke-eksklusiv lisens til \u00e5 f\u00e5 tilgang til og bruke nettstedet ved \u00e5 vise det i nettleseren din med det eneste form\u00e5l \u00e5 skaffe varer som selges p\u00e5 Nettstedet - Butikk med mat- og ikke-matprodukter, tjenesteaktivitet, deling av utstyr, vareutveksling, bruk av ESG-applikasjon 24\/7, inntektsgenerering av valutainnskudd, tid og kunnskap, inntektsgenerering\/demonetisering\/overf\u00f8ring av ECOSS-algoritme blant medlemmer, etc. og ikke for kommersiell bruk eller bruk p\u00e5 vegne av en tredjepart med mindre det er uttrykkelig tillatt p\u00e5 forh\u00e5nd av ecoss.net. Ethvert brudd p\u00e5 denne avtalen skal resultere i umiddelbar tilbakekall av lisensen gitt i dette avsnittet uten varsel. Med unntak av det som er tillatt i avsnittet ovenfor, kan du ikke reprodusere, distribuere, vise, selge, leie, overf\u00f8re, lage derivater, oversette, omvendt konstruere, demontere, dekompilere eller p\u00e5 annen m\u00e5te utnytte dette nettstedet eller noen del av det, med mindre ecoss.net uttrykkelig tillater dette skriftlig. Du kan ikke bruke noen informasjon p\u00e5 nettstedet til kommersielle form\u00e5l eller bruke nettstedet p\u00e5 noen m\u00e5te til fordel for et annet selskap, med mindre ecoss.net uttrykkelig tillater dette p\u00e5 forh\u00e5nd. Ecoss.net forbeholder seg retten til, etter eget skj\u00f8nn, \u00e5 nekte tjenesten, avslutte kontoer og\/eller kansellere bestillinger, inkludert, uten begrensning, dersom den mener at kundens oppf\u00f8rsel bryter gjeldende lover eller skader interessene til ecoss.net. Du kan ikke laste opp, distribuere eller p\u00e5 annen m\u00e5te publisere gjennom dette nettstedet noe innhold, informasjon eller annet materiale som (a) krenker eller krenker noen opphavsrett, patent, varemerke, tjenestemerke, forretningshemmelighet eller annen eiendomsrett til noen person; (b) er \u00e6rekrenkende, truende, injurierende, uanstendig, us\u00f8mmelig, pornografisk eller kan gi opphav til sivilt eller strafferettslig ansvar i henhold til internasjonal lov; eller (c) inkluderer feil, virus, ormer, feller, trojanske hester eller annen skadelig kode eller funksjoner. Ecoss.net kan tildele deg et passord og kontoidentifikasjon for \u00e5 gi deg tilgang til og bruke visse deler av dette nettstedet. Hver gang du bruker et passord eller en identifikasjon, vil du bli ansett for \u00e5 v\u00e6re autorisert til \u00e5 f\u00e5 tilgang til og bruke nettstedet p\u00e5 en m\u00e5te i samsvar med vilk\u00e5rene og betingelsene i denne avtalen, og ecoss.net skal ikke ha noen forpliktelse til \u00e5 unders\u00f8ke autorisasjonen eller kilden til slik tilgang eller bruk av nettstedet. Du vil v\u00e6re eneansvarlig for all tilgang til og bruk av dette nettstedet av alle som bruker passordet og identifikasjonen som opprinnelig ble tildelt deg, uansett om du faktisk autoriserte slik tilgang til og bruk av dette nettstedet, inkludert uten begrensning all kommunikasjon og overf\u00f8ringer og alle forpliktelser (inkludert uten begrensning \u00f8konomiske forpliktelser) som oppst\u00e5r fra slik tilgang eller bruk. Du er ansvarlig for \u00e5 opprettholde sikkerheten og konfidensialiteten til passordet og identifikasjonen som er tildelt deg. Du m\u00e5 varsle Ecoss.net umiddelbart om enhver uautorisert bruk av passordet eller identifikasjonen eller andre brudd eller truende brudd p\u00e5 sikkerheten til dette nettstedet.<\/p><p>\u00a0<\/p><h2><strong>\u00c5ndsverk<\/strong><\/h2><p>All tekst, grafikk, knappeikoner, bilder, lydopptak og programvare (samlet \u00abInnholdet\u00bb) tilh\u00f8rer eksklusivt ecoss.net. Innsamling, redigering og kompilering av alt innhold p\u00e5 denne nettsiden (&quot;kompilering&quot;) tilh\u00f8rer eksklusivt ecoss.net. All programvare som brukes p\u00e5 denne nettsiden (&quot;programvare&quot;) er ecoss.nets eiendom. Innholdet, kompileringen og programvaren er beskyttet av internasjonale lover om opphavsrett. Andre logoer, slagord, handelsnavn eller ord er registrerte varemerker, varemerker eller tjenestemerker for ecoss.net, dets leverand\u00f8rer eller tredjeparter. Bruk av ethvert ecoss.net-varemerke eller tjenestemerke uten dets uttrykkelige skriftlige samtykke er strengt forbudt. Du kan ikke bruke ecoss.net-merkede produkter eller tjenester eller p\u00e5 noen m\u00e5te som kan for\u00e5rsake forvirring. Du kan ikke bruke ecoss.net-varemerkene eller tjenestemerkene p\u00e5 noen m\u00e5te som nedvurderer eller diskrediterer ecoss.net.<\/p><p>\u00a0<\/p><h2><strong>Oppsigelse og virkning av oppsigelse<\/strong><\/h2><p>I tillegg til andre juridiske eller rettferdige rettsmidler, kan ecoss.net umiddelbart si opp denne avtalen eller tilbakekalle noen eller alle rettighetene dine gitt under denne avtalen uten varsel. Ved oppsigelse av denne avtalen m\u00e5 du umiddelbart slutte med all tilgang til og bruk av nettstedet, og ecoss.net vil, i tillegg til alle andre juridiske eller rettferdige rettsmidler, umiddelbart tilbakekalle alle passord og kontoidentifikasjon som er utstedt til deg og avvise, i helt eller delvis, din tilgang til og bruk av dette nettstedet. Enhver oppsigelse av denne avtalen skal ikke p\u00e5virke partenes respektive rettigheter og forpliktelser (inkludert, men ikke begrenset til betalingsforpliktelser) som oppst\u00e5r f\u00f8r oppsigelsesdatoen.<\/p><h2><strong>Ansvarsfraskrivelse og ansvarsbegrensning<\/strong><\/h2><p>Med mindre annet er angitt i salgsvilk\u00e5rene for produkter\/tjenester, deling av utstyr, utveksling av varer, bruk av ESG 24\/7-applikasjonen, inntektsgenerering av valutainnskudd, tid og kunnskap, inntektsgenerering\/demonetisering\/overf\u00f8ring av ECOSS-algoritmen mellom medlemmer p\u00e5 denne siden, ecoss.net gj\u00f8r denne nettsiden tilgjengelig for bruk av det foreg\u00e5ende og for transaksjoner utf\u00f8rt gjennom det p\u00e5 en som den er. Ecoss.net gir ingen representasjoner eller garantier, uttrykte eller underforst\u00e5tte, ang\u00e5ende driften av nettstedet eller informasjonen, innholdet, materialene eller produktene som er inkludert p\u00e5 dette nettstedet, bortsett fra det som er angitt her i den fulle utstrekning det er tillatt av gjeldende lov, ecoss.net .net fraskriver seg alle garantier, uttrykte eller underforst\u00e5tte, inkludert, men ikke begrenset til, underforst\u00e5tte garantier for salgbarhet og egnethet for et bestemt form\u00e5l, ikke-krenkelse, tittel, stille nytelse, datan\u00f8yaktighet og systemintegrasjon. Denne nettsiden kan inneholde un\u00f8yaktigheter, feil eller typografiske feil. Ecoss.net garanterer ikke at innholdet vil v\u00e6re uavbrutt eller feilfritt. I den fulle utstrekning loven tillater, skal ecoss.net ikke holdes ansvarlig for eventuelle skader av noe slag som oppst\u00e5r ved bruk av denne nettsiden, inkludert men ikke begrenset til indirekte, tilfeldige, straffbare, eksemplariske, spesielle eller f\u00f8lgeskader.<br \/>I den maksimale utstrekning det er tillatt av gjeldende lov, skal ecoss.nets samlede ansvar overfor deg for eventuelle skader (uavhengig av s\u00f8ksm\u00e5ls\u00e5rsaken) ikke overstige det totale bel\u00f8pet du faktisk betalte til ecoss.net i l\u00f8pet av m\u00e5neden umiddelbart f\u00f8r handlingen som b\u00f8r resultere i ansvaret til ecoss.net, ordreaksept \u02ddV\u00e6r oppmerksom p\u00e5 at vi kanskje ikke kan godta enkelte bestillinger og m\u00e5 kansellere dem\u02dd. Ecoss.net forbeholder seg retten til, etter eget skj\u00f8nn, \u00e5 nekte eller kansellere enhver bestilling uansett \u00e5rsak. Noen av situasjonene som kan f\u00f8re til kansellering av bestillingen din inkluderer begrensninger p\u00e5 mengder tilgjengelig for kj\u00f8p, un\u00f8yaktigheter eller feil i produkt- eller prisinformasjon, eller problemer oppdaget av v\u00e5r kreditt- og svindelunng\u00e5elsesavdeling. Vi kan ogs\u00e5 kreve ytterligere verifikasjoner eller informasjon f\u00f8r vi godtar en bestilling eller inntektsgenerering\/demonetisering\/overf\u00f8ring av ECOSS-algoritmen mellom medlemmer. Vi vil kontakte deg hvis hele eller deler av bestillingen din blir kansellert eller hvis ytterligere informasjon er n\u00f8dvendig for \u00e5 godta bestillingen.<\/p><p>\u00a0<\/p><h2><strong>Trykkfeil<\/strong><\/h2><p>Selv om ecoss.net streber etter \u00e5 gi n\u00f8yaktig produkt-, tjeneste- og prisinformasjon, kan det forekomme pris- eller typografiske feil. Ecoss.net kan ikke bekrefte prisen p\u00e5 en vare\/tjeneste f\u00f8r du har lagt inn bestillingen. I tilfelle en vare\/tjeneste er oppf\u00f8rt til en feil pris eller med feil informasjon p\u00e5 grunn av feil i pris eller produkt\/tjenesteinformasjon, har ecoss.net rett til, etter eget skj\u00f8nn, \u00e5 avvise eller kansellere enhver bestilling for det vare\/tjeneste. I tilfelle at prisen p\u00e5 en vare\/tjeneste er feil, kan ecoss.net, etter eget skj\u00f8nn, kontakte deg for instruksjoner eller kansellere bestillingen din og varsle deg om slik kansellering.<\/p><h2><strong>Tilkoblinger<\/strong><\/h2><p>Denne nettsiden kan inneholde lenker til andre nettsteder p\u00e5 Internett som eies og drives av tredjeparter. Vi erkjenner at ecoss.net ikke er ansvarlig for driften eller innholdet p\u00e5 eller gjennom et slikt nettsted.<\/p><h2><strong>Juridiske midler<\/strong><\/h2><p>Du godtar at ecoss.nets rettsmidler for ethvert faktisk eller truet brudd p\u00e5 denne avtalen vil v\u00e6re utilstrekkelig, og at ecoss.net har rett til spesifikk ytelse eller p\u00e5bud, eller begge deler, i tillegg til eventuelle skader som lovlig kan inndrives fra ecoss.net , sammen med de rimelige kostnadene ved enhver form for tvistel\u00f8sning, inkludert, uten begrensning, advokatsal\u00e6rer. Ingen rett eller rettsmiddel fra ecoss.net skal v\u00e6re eksklusivt for andre, ved lov eller i egenkapital, inkludert, uten begrensning, p\u00e5bud, advokatsal\u00e6rer og kostnader. Ingen fraskrivelse fra ecoss.net av sine rettigheter eller rettsmidler under disse vilk\u00e5rene skal utgj\u00f8re noen forpliktelse til \u00e5 gi lignende, fremtidig eller annen fraskrivelse.<\/p>\t\t\t\t\t\t\t\t<\/div>\n\t\t\t\t<\/div>\n\t\t\t\t\t<\/div>\n\t\t<\/div>\n\t\t\t\t\t<\/div>\n\t\t<\/section>\n\t\t\t\t<\/div>","protected":false},"excerpt":{"rendered":"<p>Dobrodo\u0161li na ecoss.net, nudimo vam njegove storitve v skladu z obvestili, dolo\u010dili in pogoji, dolo\u010denimi v tej pogodbi (\u00bbpogodba\u00ab). Poleg tega, ko uporabljate katero koli storitev ecoss.net (npr. ocene strank), boste podvr\u017eeni pravilom, smernicam, pravilnikom, dolo\u010dilom in pogojem, ki veljajo za take storitve, in so vklju\u010deni v to pogodbo s tem sklicevanjem. Spletna stran\/portal ecoss.net [&hellip;]<\/p>\n","protected":false},"author":34,"featured_media":0,"parent":0,"menu_order":0,"comment_status":"closed","ping_status":"closed","template":"","meta":{"inline_featured_image":false,"footnotes":""},"class_list":["post-1067","page","type-page","status-publish","hentry"],"yoast_head":"<!-- This site is optimized with the Yoast SEO plugin v27.5 - https:\/\/yoast.com\/product\/yoast-seo-wordpress\/ -->\n<title>Pravila in pogoji uporabe - ECOSS<\/title>\n<meta name=\"robots\" content=\"index, follow, max-snippet:-1, max-image-preview:large, max-video-preview:-1\" \/>\n<link rel=\"canonical\" href=\"https:\/\/ecoss.net\/nb\/term-and-conditions\/\" \/>\n<meta property=\"og:locale\" content=\"nb_NO\" \/>\n<meta property=\"og:type\" content=\"article\" \/>\n<meta property=\"og:title\" content=\"Pravila in pogoji uporabe - ECOSS\" \/>\n<meta property=\"og:description\" content=\"Dobrodo\u0161li na ecoss.net, nudimo vam njegove storitve v skladu z obvestili, dolo\u010dili in pogoji, dolo\u010denimi v tej pogodbi (\u00bbpogodba\u00ab). Poleg tega, ko uporabljate katero koli storitev ecoss.net (npr. ocene strank), boste podvr\u017eeni pravilom, smernicam, pravilnikom, dolo\u010dilom in pogojem, ki veljajo za take storitve, in so vklju\u010deni v to pogodbo s tem sklicevanjem. Spletna stran\/portal ecoss.net [&hellip;]\" \/>\n<meta property=\"og:url\" content=\"https:\/\/ecoss.net\/nb\/term-and-conditions\/\" \/>\n<meta property=\"og:site_name\" content=\"ECOSS\" \/>\n<meta property=\"article:publisher\" content=\"https:\/\/www.facebook.com\/ecosynergysystem\" \/>\n<meta property=\"article:modified_time\" content=\"2023-09-10T16:00:08+00:00\" \/>\n<meta property=\"og:image\" content=\"https:\/\/ecoss.net\/wp-content\/uploads\/2023\/09\/Ecoss.net-logo.png\" \/>\n\t<meta property=\"og:image:width\" content=\"1778\" \/>\n\t<meta property=\"og:image:height\" content=\"1777\" \/>\n\t<meta property=\"og:image:type\" content=\"image\/png\" \/>\n<meta name=\"twitter:card\" content=\"summary_large_image\" \/>\n<meta name=\"twitter:site\" content=\"@EcoSynergyEcoss\" \/>\n<meta name=\"twitter:label1\" content=\"Ansl. lesetid\" \/>\n\t<meta name=\"twitter:data1\" content=\"7 minutter\" \/>\n<script type=\"application\/ld+json\" class=\"yoast-schema-graph\">{\"@context\":\"https:\\\/\\\/schema.org\",\"@graph\":[{\"@type\":\"WebPage\",\"@id\":\"https:\\\/\\\/ecoss.net\\\/th\\\/term-and-conditions\\\/\",\"url\":\"https:\\\/\\\/ecoss.net\\\/th\\\/term-and-conditions\\\/\",\"name\":\"Pravila in pogoji uporabe - ECOSS\",\"isPartOf\":{\"@id\":\"https:\\\/\\\/ecoss.net\\\/#website\"},\"datePublished\":\"2023-09-05T11:25:49+00:00\",\"dateModified\":\"2023-09-10T16:00:08+00:00\",\"breadcrumb\":{\"@id\":\"https:\\\/\\\/ecoss.net\\\/th\\\/term-and-conditions\\\/#breadcrumb\"},\"inLanguage\":\"nb-NO\",\"potentialAction\":[{\"@type\":\"ReadAction\",\"target\":[\"https:\\\/\\\/ecoss.net\\\/th\\\/term-and-conditions\\\/\"]}]},{\"@type\":\"BreadcrumbList\",\"@id\":\"https:\\\/\\\/ecoss.net\\\/th\\\/term-and-conditions\\\/#breadcrumb\",\"itemListElement\":[{\"@type\":\"ListItem\",\"position\":1,\"name\":\"Home\",\"item\":\"https:\\\/\\\/ecoss.net\\\/\"},{\"@type\":\"ListItem\",\"position\":2,\"name\":\"Pravila in pogoji uporabe\"}]},{\"@type\":\"WebSite\",\"@id\":\"https:\\\/\\\/ecoss.net\\\/#website\",\"url\":\"https:\\\/\\\/ecoss.net\\\/\",\"name\":\"ECOSS\",\"description\":\"Ecosynergy System\",\"publisher\":{\"@id\":\"https:\\\/\\\/ecoss.net\\\/#organization\"},\"potentialAction\":[{\"@type\":\"SearchAction\",\"target\":{\"@type\":\"EntryPoint\",\"urlTemplate\":\"https:\\\/\\\/ecoss.net\\\/?s={search_term_string}\"},\"query-input\":{\"@type\":\"PropertyValueSpecification\",\"valueRequired\":true,\"valueName\":\"search_term_string\"}}],\"inLanguage\":\"nb-NO\"},{\"@type\":\"Organization\",\"@id\":\"https:\\\/\\\/ecoss.net\\\/#organization\",\"name\":\"EcoSynergy System\",\"url\":\"https:\\\/\\\/ecoss.net\\\/\",\"logo\":{\"@type\":\"ImageObject\",\"inLanguage\":\"nb-NO\",\"@id\":\"https:\\\/\\\/ecoss.net\\\/#\\\/schema\\\/logo\\\/image\\\/\",\"url\":\"https:\\\/\\\/ecoss.net\\\/wp-content\\\/uploads\\\/2023\\\/07\\\/ESS-PublishWall-logo-300x300-1.png\",\"contentUrl\":\"https:\\\/\\\/ecoss.net\\\/wp-content\\\/uploads\\\/2023\\\/07\\\/ESS-PublishWall-logo-300x300-1.png\",\"width\":224,\"height\":224,\"caption\":\"EcoSynergy System\"},\"image\":{\"@id\":\"https:\\\/\\\/ecoss.net\\\/#\\\/schema\\\/logo\\\/image\\\/\"},\"sameAs\":[\"https:\\\/\\\/www.facebook.com\\\/ecosynergysystem\",\"https:\\\/\\\/x.com\\\/EcoSynergyEcoss\",\"https:\\\/\\\/www.instagram.com\\\/ecosynergysystem\\\/\",\"https:\\\/\\\/www.linkedin.com\\\/in\\\/ecosynergy-system-environmental-solution-b9b62220a\\\/\"]}]}<\/script>\n<!-- \/ Yoast SEO plugin. -->","yoast_head_json":{"title":"Vilk\u00e5r og betingelser for bruk - ECOSS","robots":{"index":"index","follow":"follow","max-snippet":"max-snippet:-1","max-image-preview":"max-image-preview:large","max-video-preview":"max-video-preview:-1"},"canonical":"https:\/\/ecoss.net\/nb\/term-and-conditions\/","og_locale":"nb_NO","og_type":"article","og_title":"Pravila in pogoji uporabe - ECOSS","og_description":"Dobrodo\u0161li na ecoss.net, nudimo vam njegove storitve v skladu z obvestili, dolo\u010dili in pogoji, dolo\u010denimi v tej pogodbi (\u00bbpogodba\u00ab). Poleg tega, ko uporabljate katero koli storitev ecoss.net (npr. ocene strank), boste podvr\u017eeni pravilom, smernicam, pravilnikom, dolo\u010dilom in pogojem, ki veljajo za take storitve, in so vklju\u010deni v to pogodbo s tem sklicevanjem. Spletna stran\/portal ecoss.net [&hellip;]","og_url":"https:\/\/ecoss.net\/nb\/term-and-conditions\/","og_site_name":"ECOSS","article_publisher":"https:\/\/www.facebook.com\/ecosynergysystem","article_modified_time":"2023-09-10T16:00:08+00:00","og_image":[{"width":1778,"height":1777,"url":"https:\/\/ecoss.net\/wp-content\/uploads\/2023\/09\/Ecoss.net-logo.png","type":"image\/png"}],"twitter_card":"summary_large_image","twitter_site":"@EcoSynergyEcoss","twitter_misc":{"Ansl. lesetid":"7 minutter"},"schema":{"@context":"https:\/\/schema.org","@graph":[{"@type":"WebPage","@id":"https:\/\/ecoss.net\/th\/term-and-conditions\/","url":"https:\/\/ecoss.net\/th\/term-and-conditions\/","name":"Vilk\u00e5r og betingelser for bruk - ECOSS","isPartOf":{"@id":"https:\/\/ecoss.net\/#website"},"datePublished":"2023-09-05T11:25:49+00:00","dateModified":"2023-09-10T16:00:08+00:00","breadcrumb":{"@id":"https:\/\/ecoss.net\/th\/term-and-conditions\/#breadcrumb"},"inLanguage":"nb-NO","potentialAction":[{"@type":"ReadAction","target":["https:\/\/ecoss.net\/th\/term-and-conditions\/"]}]},{"@type":"BreadcrumbList","@id":"https:\/\/ecoss.net\/th\/term-and-conditions\/#breadcrumb","itemListElement":[{"@type":"ListItem","position":1,"name":"Home","item":"https:\/\/ecoss.net\/"},{"@type":"ListItem","position":2,"name":"Pravila in pogoji uporabe"}]},{"@type":"WebSite","@id":"https:\/\/ecoss.net\/#website","url":"https:\/\/ecoss.net\/","name":"ECOSS","description":"\u00d8kosynergisystem","publisher":{"@id":"https:\/\/ecoss.net\/#organization"},"potentialAction":[{"@type":"SearchAction","target":{"@type":"EntryPoint","urlTemplate":"https:\/\/ecoss.net\/?s={search_term_string}"},"query-input":{"@type":"PropertyValueSpecification","valueRequired":true,"valueName":"search_term_string"}}],"inLanguage":"nb-NO"},{"@type":"Organization","@id":"https:\/\/ecoss.net\/#organization","name":"EcoSynergy System","url":"https:\/\/ecoss.net\/","logo":{"@type":"ImageObject","inLanguage":"nb-NO","@id":"https:\/\/ecoss.net\/#\/schema\/logo\/image\/","url":"https:\/\/ecoss.net\/wp-content\/uploads\/2023\/07\/ESS-PublishWall-logo-300x300-1.png","contentUrl":"https:\/\/ecoss.net\/wp-content\/uploads\/2023\/07\/ESS-PublishWall-logo-300x300-1.png","width":224,"height":224,"caption":"EcoSynergy System"},"image":{"@id":"https:\/\/ecoss.net\/#\/schema\/logo\/image\/"},"sameAs":["https:\/\/www.facebook.com\/ecosynergysystem","https:\/\/x.com\/EcoSynergyEcoss","https:\/\/www.instagram.com\/ecosynergysystem\/","https:\/\/www.linkedin.com\/in\/ecosynergy-system-environmental-solution-b9b62220a\/"]}]}},"_links":{"self":[{"href":"https:\/\/ecoss.net\/nb\/wp-json\/wp\/v2\/pages\/1067","targetHints":{"allow":["GET"]}}],"collection":[{"href":"https:\/\/ecoss.net\/nb\/wp-json\/wp\/v2\/pages"}],"about":[{"href":"https:\/\/ecoss.net\/nb\/wp-json\/wp\/v2\/types\/page"}],"author":[{"embeddable":true,"href":"https:\/\/ecoss.net\/nb\/wp-json\/wp\/v2\/users\/34"}],"replies":[{"embeddable":true,"href":"https:\/\/ecoss.net\/nb\/wp-json\/wp\/v2\/comments?post=1067"}],"version-history":[{"count":8,"href":"https:\/\/ecoss.net\/nb\/wp-json\/wp\/v2\/pages\/1067\/revisions"}],"predecessor-version":[{"id":1353,"href":"https:\/\/ecoss.net\/nb\/wp-json\/wp\/v2\/pages\/1067\/revisions\/1353"}],"wp:attachment":[{"href":"https:\/\/ecoss.net\/nb\/wp-json\/wp\/v2\/media?parent=1067"}],"curies":[{"name":"wp","href":"https:\/\/api.w.org\/{rel}","templated":true}]}}