{"id":2326,"date":"2026-02-25T10:04:54","date_gmt":"2026-02-25T08:04:54","guid":{"rendered":"https:\/\/ecoss.net\/?page_id=2326"},"modified":"2026-02-25T10:04:55","modified_gmt":"2026-02-25T08:04:55","slug":"nov-marketing-landing-index1-html","status":"publish","type":"page","link":"https:\/\/ecoss.net\/ko\/nov-marketing-landing-index1-html\/","title":{"rendered":"NOV MARKETING QR KODA"},"content":{"rendered":"<p><strong>QR \u2013 koda: monetizacija ECOSS<\/strong><\/p>\n\n\n\n<p>Dobrodo\u0161li v svet, kjer vam va\u0161e navade prina\u0161ajo nov dru\u017ebeni, socialni in eti\u010dni status v okolju, kjer \u017eivite in delate. \u010cajno vre\u010dko s semeni (<a href=\"https:\/\/www.amarant.si\/domov\">https:\/\/www.amarant.si\/domov<\/a>) lahko posadite v zemljo ali lon\u010dek &#8211; doma, na sprehodu, v parku s prijatelji in znanci,&#8230;in s tem se pridru\u017eite najve\u010dje rasto\u010di globalni skupini ljudi na svetu, ki naravo in njene dobrine \u0161\u010ditijo\/varujejo in postavljajo na prvo mesto.<\/p>\n\n\n\n<p>S skeniranjem QR kode kot \u010dlan EcoSynergy System(a) lahko prenesete 1 ECOSS (1 ECOSS = 2 EUR) na svojo \u010dlansko \u0161tevilko &#8211; enkraten prenos. V kolikor pa \u017eelite postati in prenesti monetizacijo ECOSS na svojo bodo\u010do \u010dlansko \u0161tevilko, se lahko v\u010dlanite TUKAJ: https:\/\/ecoss.net\/pogodba-o-clanstvu\/.<\/p>\n\n\n\n<p>Monetizacija surovin, materialov, embala\u017e v okoljski blockchain algoritem ECOSS vam prina\u0161a dostop do \u017eivilskih in ne\u017eivilskih izdelkov po proizvodnih\/tovarni\u0161kih cenah. Ve\u010d na: <a href=\"https:\/\/ecosynergysystem.com\/\">https:\/\/ecosynergysystem.com\/<\/a> \uadf8\ub9ac\uace0 <a href=\"https:\/\/ecoss.net\/ko\/\">https:\/\/ecoss.net\/<\/a>.<\/p>\n\n\n\n<p>&#8212;&#8212;&#8212;&#8212;&#8212;&#8212;&#8212;&#8212;&#8212;&#8212;&#8212;&#8212;&#8212;&#8212;&#8212;&#8212;&#8212;&#8212;&#8212;&#8212;&#8212;&#8212;&#8212;&#8212;&#8212;&#8212;&#8212;&#8212;&#8212;&#8212;&#8212;&#8212;&#8212;&#8212;&#8212;&#8212;&#8212;&#8211;<\/p>\n\n\n\n<p><strong>QR&nbsp; code \u2013 ECOSS monetisation<\/strong><strong><\/strong><\/p>\n\n\n\n<p>Welcome to a world where your habits grant you a new social, economic, and ethical status in the environment where you live and work. You can plant a tea bag with seeds (<a href=\"https:\/\/www.amarant.si\/en\">https:\/\/www.amarant.si\/en<\/a>) in the ground or in a pot \u2013 at home, on a walk, or in the park with friends and acquaintances \u2013 and thus join the largest and fastest-growing global community of people who protect and preserve nature and its resources, placing them first.<\/p>\n\n\n\n<p>By scanning the QR code as a member of the EcoSynergy System(a), you can transfer 1 ECOSS (1 ECOSS = 2 EUR) to your membership number as a one-time transfer. If you wish to become a member and transfer the monetisation of ECOSS to your future membership number, you can join here: <a href=\"https:\/\/ecoss.net\/en\/pogodba-o-clanstvu\/\">https:\/\/ecoss.net\/en\/pogodba-o-clanstvu\/<\/a>.<\/p>\n\n\n\n<p>Monetisation of raw materials, materials, and packaging through the environmental blockchain algorithm ECOSS gives you access to food and non-food products at production or factory prices. Find out more at: <a href=\"https:\/\/ecosynergysystem.com\/\">https:\/\/ecosynergysystem.com\/<\/a> and <a href=\"https:\/\/ecoss.net\/en\/\">https:\/\/ecoss.net\/en\/<\/a>.<\/p>","protected":false},"excerpt":{"rendered":"<p>QR \u2013 koda: monetizacija ECOSS Dobrodo\u0161li v svet, kjer vam va\u0161e navade prina\u0161ajo nov dru\u017ebeni, socialni in eti\u010dni status v okolju, kjer \u017eivite in delate. \u010cajno vre\u010dko s semeni (https:\/\/www.amarant.si\/domov) lahko posadite v zemljo ali lon\u010dek &#8211; doma, na sprehodu, v parku s prijatelji in znanci,&#8230;in s tem se pridru\u017eite najve\u010dje rasto\u010di globalni skupini ljudi [&hellip;]<\/p>\n","protected":false},"author":203,"featured_media":0,"parent":0,"menu_order":0,"comment_status":"closed","ping_status":"closed","template":"","meta":{"inline_featured_image":false,"footnotes":""},"class_list":["post-2326","page","type-page","status-publish","hentry"],"yoast_head":"<!-- This site is optimized with the Yoast SEO plugin v27.1.1 - https:\/\/yoast.com\/product\/yoast-seo-wordpress\/ -->\n<title>NOV MARKETING QR KODA - ECOSS<\/title>\n<meta name=\"robots\" content=\"index, follow, max-snippet:-1, max-image-preview:large, max-video-preview:-1\" \/>\n<link rel=\"canonical\" href=\"https:\/\/ecoss.net\/ko\/nov-marketing-landing-index1-html\/\" \/>\n<meta property=\"og:locale\" content=\"ko_KR\" \/>\n<meta property=\"og:type\" content=\"article\" \/>\n<meta property=\"og:title\" content=\"NOV MARKETING QR KODA - ECOSS\" \/>\n<meta property=\"og:description\" content=\"QR \u2013 koda: monetizacija ECOSS Dobrodo\u0161li v svet, kjer vam va\u0161e navade prina\u0161ajo nov dru\u017ebeni, socialni in eti\u010dni status v okolju, kjer \u017eivite in delate. \u010cajno vre\u010dko s semeni (https:\/\/www.amarant.si\/domov) lahko posadite v zemljo ali lon\u010dek &#8211; doma, na sprehodu, v parku s prijatelji in znanci,&#8230;in s tem se pridru\u017eite najve\u010dje rasto\u010di globalni skupini ljudi [&hellip;]\" \/>\n<meta property=\"og:url\" content=\"https:\/\/ecoss.net\/ko\/nov-marketing-landing-index1-html\/\" \/>\n<meta property=\"og:site_name\" content=\"ECOSS\" \/>\n<meta property=\"article:publisher\" content=\"https:\/\/www.facebook.com\/ecosynergysystem\" \/>\n<meta property=\"article:modified_time\" content=\"2026-02-25T08:04:55+00:00\" \/>\n<meta property=\"og:image\" content=\"https:\/\/ecoss.net\/wp-content\/uploads\/2023\/09\/Ecoss.net-logo.png\" \/>\n\t<meta property=\"og:image:width\" content=\"1778\" \/>\n\t<meta property=\"og:image:height\" content=\"1777\" \/>\n\t<meta property=\"og:image:type\" content=\"image\/png\" \/>\n<meta name=\"twitter:card\" content=\"summary_large_image\" \/>\n<meta name=\"twitter:site\" content=\"@EcoSynergyEcoss\" \/>\n<meta name=\"twitter:label1\" content=\"\uc608\uc0c1 \ub418\ub294 \ud310\ub3c5 \uc2dc\uac04\" \/>\n\t<meta name=\"twitter:data1\" content=\"2\ubd84\" \/>\n<script type=\"application\/ld+json\" class=\"yoast-schema-graph\">{\"@context\":\"https:\/\/schema.org\",\"@graph\":[{\"@type\":\"WebPage\",\"@id\":\"https:\/\/ecoss.net\/nov-marketing-landing-index1-html\/\",\"url\":\"https:\/\/ecoss.net\/nov-marketing-landing-index1-html\/\",\"name\":\"NOV MARKETING QR KODA - ECOSS\",\"isPartOf\":{\"@id\":\"https:\/\/ecoss.net\/#website\"},\"datePublished\":\"2026-02-25T08:04:54+00:00\",\"dateModified\":\"2026-02-25T08:04:55+00:00\",\"breadcrumb\":{\"@id\":\"https:\/\/ecoss.net\/nov-marketing-landing-index1-html\/#breadcrumb\"},\"inLanguage\":\"ko-KR\",\"potentialAction\":[{\"@type\":\"ReadAction\",\"target\":[\"https:\/\/ecoss.net\/nov-marketing-landing-index1-html\/\"]}]},{\"@type\":\"BreadcrumbList\",\"@id\":\"https:\/\/ecoss.net\/nov-marketing-landing-index1-html\/#breadcrumb\",\"itemListElement\":[{\"@type\":\"ListItem\",\"position\":1,\"name\":\"Home\",\"item\":\"https:\/\/ecoss.net\/\"},{\"@type\":\"ListItem\",\"position\":2,\"name\":\"NOV MARKETING QR KODA\"}]},{\"@type\":\"WebSite\",\"@id\":\"https:\/\/ecoss.net\/#website\",\"url\":\"https:\/\/ecoss.net\/\",\"name\":\"ECOSS\",\"description\":\"Ecosynergy System\",\"publisher\":{\"@id\":\"https:\/\/ecoss.net\/#organization\"},\"potentialAction\":[{\"@type\":\"SearchAction\",\"target\":{\"@type\":\"EntryPoint\",\"urlTemplate\":\"https:\/\/ecoss.net\/?s={search_term_string}\"},\"query-input\":{\"@type\":\"PropertyValueSpecification\",\"valueRequired\":true,\"valueName\":\"search_term_string\"}}],\"inLanguage\":\"ko-KR\"},{\"@type\":\"Organization\",\"@id\":\"https:\/\/ecoss.net\/#organization\",\"name\":\"EcoSynergy System\",\"url\":\"https:\/\/ecoss.net\/\",\"logo\":{\"@type\":\"ImageObject\",\"inLanguage\":\"ko-KR\",\"@id\":\"https:\/\/ecoss.net\/#\/schema\/logo\/image\/\",\"url\":\"https:\/\/ecoss.net\/wp-content\/uploads\/2023\/07\/ESS-PublishWall-logo-300x300-1.png\",\"contentUrl\":\"https:\/\/ecoss.net\/wp-content\/uploads\/2023\/07\/ESS-PublishWall-logo-300x300-1.png\",\"width\":224,\"height\":224,\"caption\":\"EcoSynergy System\"},\"image\":{\"@id\":\"https:\/\/ecoss.net\/#\/schema\/logo\/image\/\"},\"sameAs\":[\"https:\/\/www.facebook.com\/ecosynergysystem\",\"https:\/\/x.com\/EcoSynergyEcoss\",\"https:\/\/www.instagram.com\/ecosynergysystem\/\",\"https:\/\/www.linkedin.com\/in\/ecosynergy-system-environmental-solution-b9b62220a\/\"]}]}<\/script>\n<!-- \/ Yoast SEO plugin. -->","yoast_head_json":{"title":"NOV MARKETING QR KODA - ECOSS","robots":{"index":"index","follow":"follow","max-snippet":"max-snippet:-1","max-image-preview":"max-image-preview:large","max-video-preview":"max-video-preview:-1"},"canonical":"https:\/\/ecoss.net\/ko\/nov-marketing-landing-index1-html\/","og_locale":"ko_KR","og_type":"article","og_title":"NOV MARKETING QR KODA - ECOSS","og_description":"QR \u2013 koda: monetizacija ECOSS Dobrodo\u0161li v svet, kjer vam va\u0161e navade prina\u0161ajo nov dru\u017ebeni, socialni in eti\u010dni status v okolju, kjer \u017eivite in delate. \u010cajno vre\u010dko s semeni (https:\/\/www.amarant.si\/domov) lahko posadite v zemljo ali lon\u010dek &#8211; doma, na sprehodu, v parku s prijatelji in znanci,&#8230;in s tem se pridru\u017eite najve\u010dje rasto\u010di globalni skupini ljudi [&hellip;]","og_url":"https:\/\/ecoss.net\/ko\/nov-marketing-landing-index1-html\/","og_site_name":"ECOSS","article_publisher":"https:\/\/www.facebook.com\/ecosynergysystem","article_modified_time":"2026-02-25T08:04:55+00:00","og_image":[{"width":1778,"height":1777,"url":"https:\/\/ecoss.net\/wp-content\/uploads\/2023\/09\/Ecoss.net-logo.png","type":"image\/png"}],"twitter_card":"summary_large_image","twitter_site":"@EcoSynergyEcoss","twitter_misc":{"\uc608\uc0c1 \ub418\ub294 \ud310\ub3c5 \uc2dc\uac04":"2\ubd84"},"schema":{"@context":"https:\/\/schema.org","@graph":[{"@type":"WebPage","@id":"https:\/\/ecoss.net\/nov-marketing-landing-index1-html\/","url":"https:\/\/ecoss.net\/nov-marketing-landing-index1-html\/","name":"NOV MARKETING QR KODA - ECOSS","isPartOf":{"@id":"https:\/\/ecoss.net\/#website"},"datePublished":"2026-02-25T08:04:54+00:00","dateModified":"2026-02-25T08:04:55+00:00","breadcrumb":{"@id":"https:\/\/ecoss.net\/nov-marketing-landing-index1-html\/#breadcrumb"},"inLanguage":"ko-KR","potentialAction":[{"@type":"ReadAction","target":["https:\/\/ecoss.net\/nov-marketing-landing-index1-html\/"]}]},{"@type":"BreadcrumbList","@id":"https:\/\/ecoss.net\/nov-marketing-landing-index1-html\/#breadcrumb","itemListElement":[{"@type":"ListItem","position":1,"name":"Home","item":"https:\/\/ecoss.net\/"},{"@type":"ListItem","position":2,"name":"NOV MARKETING QR KODA"}]},{"@type":"WebSite","@id":"https:\/\/ecoss.net\/#website","url":"https:\/\/ecoss.net\/","name":"\uc5d0\ucf54\ucf54\uc2a4","description":"\uc5d0\ucf54\uc2dc\ub108\uc9c0 \uc2dc\uc2a4\ud15c","publisher":{"@id":"https:\/\/ecoss.net\/#organization"},"potentialAction":[{"@type":"SearchAction","target":{"@type":"EntryPoint","urlTemplate":"https:\/\/ecoss.net\/?s={search_term_string}"},"query-input":{"@type":"PropertyValueSpecification","valueRequired":true,"valueName":"search_term_string"}}],"inLanguage":"ko-KR"},{"@type":"Organization","@id":"https:\/\/ecoss.net\/#organization","name":"\uc5d0\ucf54\uc2dc\ub108\uc9c0 \uc2dc\uc2a4\ud15c","url":"https:\/\/ecoss.net\/","logo":{"@type":"ImageObject","inLanguage":"ko-KR","@id":"https:\/\/ecoss.net\/#\/schema\/logo\/image\/","url":"https:\/\/ecoss.net\/wp-content\/uploads\/2023\/07\/ESS-PublishWall-logo-300x300-1.png","contentUrl":"https:\/\/ecoss.net\/wp-content\/uploads\/2023\/07\/ESS-PublishWall-logo-300x300-1.png","width":224,"height":224,"caption":"EcoSynergy System"},"image":{"@id":"https:\/\/ecoss.net\/#\/schema\/logo\/image\/"},"sameAs":["https:\/\/www.facebook.com\/ecosynergysystem","https:\/\/x.com\/EcoSynergyEcoss","https:\/\/www.instagram.com\/ecosynergysystem\/","https:\/\/www.linkedin.com\/in\/ecosynergy-system-environmental-solution-b9b62220a\/"]}]}},"_links":{"self":[{"href":"https:\/\/ecoss.net\/ko\/wp-json\/wp\/v2\/pages\/2326","targetHints":{"allow":["GET"]}}],"collection":[{"href":"https:\/\/ecoss.net\/ko\/wp-json\/wp\/v2\/pages"}],"about":[{"href":"https:\/\/ecoss.net\/ko\/wp-json\/wp\/v2\/types\/page"}],"author":[{"embeddable":true,"href":"https:\/\/ecoss.net\/ko\/wp-json\/wp\/v2\/users\/203"}],"replies":[{"embeddable":true,"href":"https:\/\/ecoss.net\/ko\/wp-json\/wp\/v2\/comments?post=2326"}],"version-history":[{"count":1,"href":"https:\/\/ecoss.net\/ko\/wp-json\/wp\/v2\/pages\/2326\/revisions"}],"predecessor-version":[{"id":2327,"href":"https:\/\/ecoss.net\/ko\/wp-json\/wp\/v2\/pages\/2326\/revisions\/2327"}],"wp:attachment":[{"href":"https:\/\/ecoss.net\/ko\/wp-json\/wp\/v2\/media?parent=2326"}],"curies":[{"name":"wp","href":"https:\/\/api.w.org\/{rel}","templated":true}]}}