{"id":3,"date":"2023-07-13T17:49:36","date_gmt":"2023-07-13T17:49:36","guid":{"rendered":"https:\/\/ecoss.akumen.eu\/?page_id=3"},"modified":"2023-09-11T21:16:31","modified_gmt":"2023-09-11T19:16:31","slug":"privacy-policy","status":"publish","type":"page","link":"https:\/\/ecoss.net\/it\/privacy-policy\/","title":{"rendered":"Politica sulla riservatezza"},"content":{"rendered":"<div data-elementor-type=\"wp-page\" data-elementor-id=\"3\" class=\"elementor elementor-3\" data-elementor-post-type=\"page\">\n\t\t\t\t<div class=\"elementor-element elementor-element-84790e1 e-flex e-con-boxed e-con e-parent\" data-id=\"84790e1\" data-element_type=\"container\" data-e-type=\"container\">\n\t\t\t\t\t<div class=\"e-con-inner\">\n\t\t\t\t<div class=\"elementor-element elementor-element-1a2dbee elementor-widget elementor-widget-heading\" data-id=\"1a2dbee\" data-element_type=\"widget\" data-e-type=\"widget\" data-widget_type=\"heading.default\">\n\t\t\t\t<div class=\"elementor-widget-container\">\n\t\t\t\t\t<h2 class=\"elementor-heading-title elementor-size-default\">Politica sulla riservatezza<\/h2>\t\t\t\t<\/div>\n\t\t\t\t<\/div>\n\t\t\t\t\t<\/div>\n\t\t\t\t<\/div>\n\t\t\t\t<section class=\"elementor-section elementor-top-section elementor-element elementor-element-2554cb32 elementor-section-boxed elementor-section-height-default elementor-section-height-default\" data-id=\"2554cb32\" data-element_type=\"section\" data-e-type=\"section\">\n\t\t\t\t\t\t<div class=\"elementor-container elementor-column-gap-default\">\n\t\t\t\t\t<div class=\"elementor-column elementor-col-100 elementor-top-column elementor-element elementor-element-24e53e09\" data-id=\"24e53e09\" data-element_type=\"column\" data-e-type=\"column\">\n\t\t\t<div class=\"elementor-widget-wrap elementor-element-populated\">\n\t\t\t\t\t\t<div class=\"elementor-element elementor-element-73cd64cb elementor-widget elementor-widget-text-editor\" data-id=\"73cd64cb\" data-element_type=\"widget\" data-e-type=\"widget\" data-widget_type=\"text-editor.default\">\n\t\t\t\t<div class=\"elementor-widget-container\">\n\t\t\t\t\t\t\t\t\t<h2><strong>Sicurezza delle informazioni private<\/strong><\/h2>\n<p>Per la tua sicurezza e protezione, i dati della tua carta di credito non vengono archiviati sui nostri server. Il nostro fornitore di gateway di pagamento, autorizzato da ecoss.net, mantiene questi dati crittografati e sicuri per tuo conto.<\/p>\n<p><\/p>\n<h2><strong>La tua privacy<\/strong><\/h2>\n<p>Su ecoss.net prendiamo molto sul serio la tua privacy. Ti preghiamo di leggere questa politica (questa \u201cPolitica\u201d) per vedere come ecoss.net tratta le tue informazioni personali che ci fornisci quando ti registri al nostro sito web (il \u201cSito\u201d). Questa politica si applica solo ai dipendenti di ecoss.net e non si applica a persone o aziende non impiegate o gestite da ecoss.net. Ci riserviamo il diritto di modificare questa politica. Ti informeremo delle modifiche sostanziali a questa politica pubblicandole sulla nostra bacheca.<\/p>\n<p><\/p>\n<h2><strong>Informazioni che raccogliamo<\/strong><\/h2>\n<p>Il nostro scopo principale nella raccolta dei dati personali \u00e8 fornirti un&#039;esperienza piacevole, personalizzata ed efficiente sul nostro sito web. \u00c8 nostra politica non divulgare mai intenzionalmente informazioni personali sui nostri membri al pubblico in generale senza il loro consenso. Ecoss.net raccoglie informazioni da te quando ti registri e svolgi determinate attivit\u00e0 sul sito web. Raccogliamo il tuo nome completo, numero di telefono valido, informazioni di contatto\/fatturazione, indirizzo e-mail, codice fiscale e indirizzo di spedizione. Inoltre, ogni membro deve creare un nome utente e una password univoci e ricevere un numero di iscrizione. Qualsiasi informazione aggiuntiva raccolta verr\u00e0 utilizzata in conformit\u00e0 con la nostra Informativa sulla privacy. Raccogliamo alcuni dati dal tuo browser. Ci\u00f2 include il tuo indirizzo IP e il nome della pagina che hai richiesto. Queste informazioni ci aiutano a diagnosticare problemi con i nostri server e a mantenere il sito. In sostanza, il tuo indirizzo IP ci aiuta a identificare te e le tue esigenze specifiche. Raccogliamo anche dati dai cookie, che sono tag software che il tuo browser memorizza sul tuo disco rigido. Queste informazioni sono di natura generale e ci consentono di adattare il nostro sito web alle vostre esigenze specifiche. I cookie consentono inoltre di accedere o navigare in alcune parti del nostro sito Web senza dover reinserire determinate informazioni. Puoi rifiutare l&#039;uso di qualsiasi cookie tramite il tuo browser. Come sempre, le tue informazioni rimangono strettamente confidenziali e non le trasmettiamo mai volontariamente a terzi.<\/p>\n<p><\/p>\n<h2><strong>&quot;Come vengono utilizzati i miei dati?&quot;<\/strong><\/h2>\n<p>Le informazioni raccolte dai membri di ecoss.net vengono utilizzate per migliorare le offerte di prodotti\/servizi, personalizzare il contenuto e il layout del nostro sito Web e per attivit\u00e0 di marketing e statistiche. Di tanto in tanto ti invieremo e-mail su nuovi servizi o promozioni. Puoi sempre annullare l&#039;iscrizione alla ricezione di qualsiasi informazione da parte nostra.<\/p>\n<p><strong>&nbsp;<\/strong><\/p>\n<h2><strong>&quot;Chi vedr\u00e0 le mie informazioni personali?&quot;<\/strong><\/h2>\n<p><\/p>\n<p>La nostra priorit\u00e0 numero uno \u00e8 mantenere le tue informazioni personali private e riservate. Non divulgheremo intenzionalmente i tuoi dati personali a terzi. E non affitteremo n\u00e9 venderemo le tue informazioni personali a nessuno.<\/p>\n<p>Ecoss.net divulgher\u00e0 le tue informazioni personali ad altri nelle seguenti circostanze:<\/p>\n<p>\u2013 acconsenti alla condivisione delle informazioni;<\/p>\n<p>\u2013 in risposta a mandati di comparizione, ordinanze del tribunale o procedimenti legali;<\/p>\n<p>\u2013 le tue azioni sul nostro sito sono o sembrano essere in violazione dei Termini di servizio e la divulgazione di queste informazioni aiuter\u00e0 negli sforzi per far rispettare i Termini di servizio;<\/p>\n<p>- pubblicare un elenco che ecoss.net ritiene, a sua esclusiva discrezione, possa dar luogo a responsabilit\u00e0 per ecoss.net, e la divulgazione di tali informazioni personali pu\u00f2 ridurre o eliminare la sua responsabilit\u00e0.<\/p>\n<p><\/p>\n<p>Niente in questa politica limita, proibisce o altrimenti nega la capacit\u00e0 di ecoss.net di (1) trasferire, assegnare o vendere i propri beni, inclusi senza limitazione i beni del nostro sito web, a terzi o (2) disporre in qualsiasi modo con i suoi beni in procedure fallimentari o simili. Ecoss.net inoltre non rilascia alcuna garanzia in merito all&#039;accuratezza o alla completezza delle informazioni che raccoglie e divulga sul nostro sito Web e declina ogni responsabilit\u00e0 derivante da o in connessione con esse.<\/p>\n<h2><strong>Sicurezza<\/strong><\/h2>\n<p>Per mantenere riservate le tue informazioni, ecoss.net fornisce ai suoi membri i pi\u00f9 alti standard del settore per server sicuri: Secure Socket Layers (SSL) e firewall. Sfortunatamente, non esiste una sicurezza perfetta su Internet (o nel mondo reale), quindi non possiamo garantire che i tuoi dati non possano essere garantiti. Tuttavia, faremo del nostro meglio per continuare a garantire la sicurezza delle tue informazioni private.<\/p>\n<p><\/p>\n<h2><strong>Minori<\/strong><\/h2>\n<p>I minori (di et\u00e0 inferiore a 18 anni) non possono utilizzare ecoss.net a meno che non utilizzino il nostro sito tramite un genitore o tutore che sia un membro registrato di ecoss.net.<\/p>\n<p><strong>&nbsp;<\/strong><\/p>\n<h2><strong>tue responsabilit\u00e0<\/strong><\/h2>\n<p>Lavoriamo duramente per proteggere tutte le tue informazioni sul nostro sito web. Per aiutarci a mantenere le tue informazioni personali al sicuro, ti preghiamo di non condividere la tua password con nessuno. La condivisione di queste informazioni potrebbe mettere a rischio te e la tua valutazione come utente. Se perdi il controllo della tua password o pensi che qualcuno abbia ottenuto un accesso non autorizzato al tuo account, cambia immediatamente la password. Si prega di contattarci se avete qualsiasi domanda.<\/p>\n<p><\/p>\t\t\t\t\t\t\t\t<\/div>\n\t\t\t\t<\/div>\n\t\t\t\t\t<\/div>\n\t\t<\/div>\n\t\t\t\t\t<\/div>\n\t\t<\/section>\n\t\t<div class=\"elementor-element elementor-element-d74d630 e-flex e-con-boxed e-con e-parent\" data-id=\"d74d630\" data-element_type=\"container\" data-e-type=\"container\">\n\t\t\t\t\t<div class=\"e-con-inner\">\n\t\t\t\t<div class=\"elementor-element elementor-element-c2add75 elementor-widget elementor-widget-heading\" data-id=\"c2add75\" data-element_type=\"widget\" data-e-type=\"widget\" data-widget_type=\"heading.default\">\n\t\t\t\t<div class=\"elementor-widget-container\">\n\t\t\t\t\t<h2 class=\"elementor-heading-title elementor-size-default\">UTILIZZO DEI COOKIE<\/h2>\t\t\t\t<\/div>\n\t\t\t\t<\/div>\n\t\t\t\t\t<\/div>\n\t\t\t\t<\/div>\n\t\t\t\t<section class=\"elementor-section elementor-top-section elementor-element elementor-element-fa5e29f elementor-section-boxed elementor-section-height-default elementor-section-height-default\" data-id=\"fa5e29f\" data-element_type=\"section\" data-e-type=\"section\">\n\t\t\t\t\t\t<div class=\"elementor-container elementor-column-gap-default\">\n\t\t\t\t\t<div class=\"elementor-column elementor-col-100 elementor-top-column elementor-element elementor-element-01ca4d2\" data-id=\"01ca4d2\" data-element_type=\"column\" data-e-type=\"column\">\n\t\t\t<div class=\"elementor-widget-wrap elementor-element-populated\">\n\t\t\t\t\t\t<div class=\"elementor-element elementor-element-3b31c98 elementor-widget elementor-widget-text-editor\" data-id=\"3b31c98\" data-element_type=\"widget\" data-e-type=\"widget\" data-widget_type=\"text-editor.default\">\n\t\t\t\t<div class=\"elementor-widget-container\">\n\t\t\t\t\t\t\t\t\t<h2><b>Definizione di cookie<\/b><\/h2><p>I cookie sono piccoli file di testo cancellabili memorizzati sul computer dell&#039;utente e consentono la personalizzazione dei contenuti del nostro sito web. Vengono scaricati dal browser dell&#039;utente durante la sua prima visita al nostro sito web. Quando si accede nuovamente al nostro sito web utilizzando lo stesso terminale, dispositivo o browser, il cookie e le informazioni in esso memorizzate verranno rinviati al sito web che lo ha creato (cookie proprio) o inviati a un altro sito web a cui appartiene (cookie terzo) . In questo modo, il cookie rileva che il browser in questione \u00e8 stato utilizzato per accedere al sito e, attraverso questo stato, modifica la modalit\u00e0 di visualizzazione del contenuto. Ad esempio, i cookie &quot;ricordano&quot; le preferenze dell&#039;utente e indicano come l&#039;utente utilizza il sito e adattano parzialmente il contenuto visualizzato alle preferenze individuali dell&#039;utente.<\/p><h2><b>I cookie sono necessari per funzionare<\/b><\/h2><p>Utilizziamo i cookie elencati di seguito per effettuare la trasmissione di messaggi e fornire i servizi richiesti dall&#039;utente. Le nostre attivit\u00e0 di trattamento dei dati effettuate utilizzando i cookie si basano sui nostri legittimi interessi nel fornire un sito Web completamente funzionale e sui servizi richiesti dagli utenti, nonch\u00e9 sul nostro legittimo interesse a migliorare continuamente il contenuto del nostro sito Web e ad adattarlo alle esigenze degli utenti con Regolamento (UE) 2016\/679 relativo alla protezione delle persone fisiche rispetto al trattamento dei dati personali e alla libera circolazione di tali dati.<\/p><h2><b>Cookie che non sono funzionalmente necessari<\/b><\/h2><p>Utilizziamo i cookie elencati di seguito per migliorare i nostri servizi e il nostro sito web, per renderli pi\u00f9 facili da usare, per personalizzare i nostri servizi per gli utenti del sito web memorizzando temporaneamente i parametri di ricerca e per scopi di marketing online. Le attivit\u00e0 di trattamento dei dati effettuate utilizzando i cookie si basano sul consenso espresso degli utenti al Regolamento (UE) 2016\/679 sulla protezione delle persone fisiche rispetto al trattamento dei dati personali e sulla libera circolazione di tali dati.<\/p><p>Ai visitatori del sito web di et\u00e0 inferiore ai 14 anni viene chiesto di ottenere il consenso di un genitore o tutore prima di inviarci informazioni tramite il nostro sito web. Senza tale consenso non sono autorizzati a fornire alcuna informazione. Tuttavia, se riceviamo dati da persone di et\u00e0 inferiore ai 14 anni, interromperemo il trattamento di tali dati non appena ne verremo a conoscenza.<\/p><h2><b>Impostazioni dei cookie su questo sito web<\/b><\/h2><p>L&#039;utente pu\u00f2 bloccare o limitare i cookie inattivi modificando le impostazioni dei cookie qui.<\/p><h2><b>statistiche di Google<\/b><\/h2><p><u>Finalit\u00e0 e ambito del trattamento dei dati<\/u><\/p><p>Per progettare il nostro sito web in base alle esigenze degli utenti, creiamo profili utente pseudonimi con l&#039;aiuto di Google Analytics. Google Analytics utilizza cookie di targeting che vengono memorizzati sul tuo dispositivo finale e possono essere letti da noi. In questo modo possiamo riconoscere e conteggiare i visitatori di ritorno come tali e determinare con quale frequenza i diversi utenti hanno visitato le nostre pagine web.<\/p><p><u>Basi legali<\/u><\/p><p>Il trattamento dei dati si basa sul consenso ai sensi del Regolamento (UE) 2016\/679 sulla tutela delle persone fisiche rispetto al trattamento dei dati personali e sulla libera circolazione di tali dati.<\/p><p>Le informazioni generate dal cookie sull&#039;utilizzo del nostro sito web vengono solitamente trasferite a un server di Google negli Stati Uniti e ivi archiviate. Tuttavia, poich\u00e9 abbiamo attivato l&#039;anonimizzazione IP sul nostro sito web, Google abbrevia prima il vostro indirizzo IP negli stati membri dell&#039;Unione Europea. Solo in casi eccezionali il vostro indirizzo IP completo verr\u00e0 trasferito su un server di Google negli Stati Uniti e l\u00ec solo abbreviato.<\/p><p>Google LLC elabora questi dati e li utilizza per creare profili e collegamenti agli account Google. Per ulteriori informazioni su come Google tratta i tuoi dati, visita\u00a0<a href=\"https:\/\/policies.google.com\/technologies\/partner-sites\" target=\"_blank\" rel=\"noopener\">https:\/\/policies.google.com\/technologies\/partner-sites<\/a>.<\/p><p><u>Informazioni sul fornitore terzo:<\/u><\/p><p>Google Dublino, Google Ireland Ltd.,<br \/><span style=\"color: var( --e-global-color-b15d4bd );\">Gordon House, Barrow Street,<br \/><\/span><span style=\"color: var( --e-global-color-b15d4bd );\">Dublino 4<br \/><\/span><span style=\"color: var( --e-global-color-b15d4bd );\">Irlanda<br \/><\/span><span style=\"color: var( --e-global-color-b15d4bd );\">Fax: +353 (1) 436 1001<br \/><\/span><span style=\"color: var( --e-global-color-b15d4bd );\">Termini di utilizzo:\u00a0<\/span><a href=\"http:\/\/www.google.com\/analytics\/terms\/de.html\" target=\"_blank\" rel=\"noopener\">http:\/\/www.google.com\/analytics\/terms\/de.html<\/a><span style=\"color: var( --e-global-color-b15d4bd );\"><br \/><\/span><span style=\"color: var( --e-global-color-b15d4bd );\">Informativa sulla Privacy:\u00a0<\/span><a style=\"background-color: #ffffff;\" href=\"http:\/\/www.google.de\/intl\/de\/policies\/privacy\" target=\"_blank\" rel=\"noopener\">www.google.de\/intl\/de\/policies\/privacy<\/a><\/p><p>\u00a0<\/p>\t\t\t\t\t\t\t\t<\/div>\n\t\t\t\t<\/div>\n\t\t\t\t\t<\/div>\n\t\t<\/div>\n\t\t\t\t\t<\/div>\n\t\t<\/section>\n\t\t\t\t<\/div>","protected":false},"excerpt":{"rendered":"<p>Politika zasebnosti Zasebna informacijska varnost Zaradi va\u0161e varnosti in za\u0161\u010dite podatki o va\u0161i kreditni kartici niso shranjeni na na\u0161ih stre\u017enikih. Na\u0161 ponudnik pla\u010dilnega prehoda, avtoriziran s strani ecoss.net, hrani te podatke \u0161ifrirane in varne v va\u0161em imenu. Va\u0161a zasebnost Pri ecoss.net va\u0161o zasebnost jemljemo zelo resno. Preberite to politiko (ta \u00bbPolitika\u00ab), da vidite, kako ecoss.net [&hellip;]<\/p>\n","protected":false},"author":34,"featured_media":0,"parent":0,"menu_order":0,"comment_status":"closed","ping_status":"open","template":"","meta":{"inline_featured_image":false,"footnotes":""},"class_list":["post-3","page","type-page","status-publish","hentry"],"yoast_head":"<!-- This site is optimized with the Yoast SEO plugin v27.6 - https:\/\/yoast.com\/product\/yoast-seo-wordpress\/ -->\n<title>Politika zasebnosti - ECOSS<\/title>\n<meta name=\"robots\" content=\"index, follow, max-snippet:-1, max-image-preview:large, max-video-preview:-1\" \/>\n<link rel=\"canonical\" href=\"https:\/\/ecoss.net\/it\/privacy-policy\/\" \/>\n<meta property=\"og:locale\" content=\"it_IT\" \/>\n<meta property=\"og:type\" content=\"article\" \/>\n<meta property=\"og:title\" content=\"Politika zasebnosti - ECOSS\" \/>\n<meta property=\"og:description\" content=\"Politika zasebnosti Zasebna informacijska varnost Zaradi va\u0161e varnosti in za\u0161\u010dite podatki o va\u0161i kreditni kartici niso shranjeni na na\u0161ih stre\u017enikih. Na\u0161 ponudnik pla\u010dilnega prehoda, avtoriziran s strani ecoss.net, hrani te podatke \u0161ifrirane in varne v va\u0161em imenu. Va\u0161a zasebnost Pri ecoss.net va\u0161o zasebnost jemljemo zelo resno. Preberite to politiko (ta \u00bbPolitika\u00ab), da vidite, kako ecoss.net [&hellip;]\" \/>\n<meta property=\"og:url\" content=\"https:\/\/ecoss.net\/it\/privacy-policy\/\" \/>\n<meta property=\"og:site_name\" content=\"ECOSS\" \/>\n<meta property=\"article:publisher\" content=\"https:\/\/www.facebook.com\/ecosynergysystem\" \/>\n<meta property=\"article:modified_time\" content=\"2023-09-11T19:16:31+00:00\" \/>\n<meta property=\"og:image\" content=\"https:\/\/ecoss.net\/wp-content\/uploads\/2023\/09\/Ecoss.net-logo.png\" \/>\n\t<meta property=\"og:image:width\" content=\"1778\" \/>\n\t<meta property=\"og:image:height\" content=\"1777\" \/>\n\t<meta property=\"og:image:type\" content=\"image\/png\" \/>\n<meta name=\"twitter:card\" content=\"summary_large_image\" \/>\n<meta name=\"twitter:site\" content=\"@EcoSynergyEcoss\" \/>\n<meta name=\"twitter:label1\" content=\"Tempo di lettura stimato\" \/>\n\t<meta name=\"twitter:data1\" content=\"6 minuti\" \/>\n<script type=\"application\/ld+json\" class=\"yoast-schema-graph\">{\"@context\":\"https:\\\/\\\/schema.org\",\"@graph\":[{\"@type\":\"WebPage\",\"@id\":\"https:\\\/\\\/ecoss.net\\\/privacy-policy\\\/\",\"url\":\"https:\\\/\\\/ecoss.net\\\/privacy-policy\\\/\",\"name\":\"Politika zasebnosti - ECOSS\",\"isPartOf\":{\"@id\":\"https:\\\/\\\/ecoss.net\\\/#website\"},\"datePublished\":\"2023-07-13T17:49:36+00:00\",\"dateModified\":\"2023-09-11T19:16:31+00:00\",\"breadcrumb\":{\"@id\":\"https:\\\/\\\/ecoss.net\\\/privacy-policy\\\/#breadcrumb\"},\"inLanguage\":\"it-IT\",\"potentialAction\":[{\"@type\":\"ReadAction\",\"target\":[\"https:\\\/\\\/ecoss.net\\\/privacy-policy\\\/\"]}]},{\"@type\":\"BreadcrumbList\",\"@id\":\"https:\\\/\\\/ecoss.net\\\/privacy-policy\\\/#breadcrumb\",\"itemListElement\":[{\"@type\":\"ListItem\",\"position\":1,\"name\":\"Home\",\"item\":\"https:\\\/\\\/ecoss.net\\\/\"},{\"@type\":\"ListItem\",\"position\":2,\"name\":\"Politika zasebnosti\"}]},{\"@type\":\"WebSite\",\"@id\":\"https:\\\/\\\/ecoss.net\\\/#website\",\"url\":\"https:\\\/\\\/ecoss.net\\\/\",\"name\":\"ECOSS\",\"description\":\"Ecosynergy System\",\"publisher\":{\"@id\":\"https:\\\/\\\/ecoss.net\\\/#organization\"},\"potentialAction\":[{\"@type\":\"SearchAction\",\"target\":{\"@type\":\"EntryPoint\",\"urlTemplate\":\"https:\\\/\\\/ecoss.net\\\/?s={search_term_string}\"},\"query-input\":{\"@type\":\"PropertyValueSpecification\",\"valueRequired\":true,\"valueName\":\"search_term_string\"}}],\"inLanguage\":\"it-IT\"},{\"@type\":\"Organization\",\"@id\":\"https:\\\/\\\/ecoss.net\\\/#organization\",\"name\":\"EcoSynergy System\",\"url\":\"https:\\\/\\\/ecoss.net\\\/\",\"logo\":{\"@type\":\"ImageObject\",\"inLanguage\":\"it-IT\",\"@id\":\"https:\\\/\\\/ecoss.net\\\/#\\\/schema\\\/logo\\\/image\\\/\",\"url\":\"https:\\\/\\\/ecoss.net\\\/wp-content\\\/uploads\\\/2023\\\/07\\\/ESS-PublishWall-logo-300x300-1.png\",\"contentUrl\":\"https:\\\/\\\/ecoss.net\\\/wp-content\\\/uploads\\\/2023\\\/07\\\/ESS-PublishWall-logo-300x300-1.png\",\"width\":224,\"height\":224,\"caption\":\"EcoSynergy System\"},\"image\":{\"@id\":\"https:\\\/\\\/ecoss.net\\\/#\\\/schema\\\/logo\\\/image\\\/\"},\"sameAs\":[\"https:\\\/\\\/www.facebook.com\\\/ecosynergysystem\",\"https:\\\/\\\/x.com\\\/EcoSynergyEcoss\",\"https:\\\/\\\/www.instagram.com\\\/ecosynergysystem\\\/\",\"https:\\\/\\\/www.linkedin.com\\\/in\\\/ecosynergy-system-environmental-solution-b9b62220a\\\/\"]}]}<\/script>\n<!-- \/ Yoast SEO plugin. -->","yoast_head_json":{"title":"Informativa sulla privacy - ECOSS","robots":{"index":"index","follow":"follow","max-snippet":"max-snippet:-1","max-image-preview":"max-image-preview:large","max-video-preview":"max-video-preview:-1"},"canonical":"https:\/\/ecoss.net\/it\/privacy-policy\/","og_locale":"it_IT","og_type":"article","og_title":"Politika zasebnosti - ECOSS","og_description":"Politika zasebnosti Zasebna informacijska varnost Zaradi va\u0161e varnosti in za\u0161\u010dite podatki o va\u0161i kreditni kartici niso shranjeni na na\u0161ih stre\u017enikih. Na\u0161 ponudnik pla\u010dilnega prehoda, avtoriziran s strani ecoss.net, hrani te podatke \u0161ifrirane in varne v va\u0161em imenu. Va\u0161a zasebnost Pri ecoss.net va\u0161o zasebnost jemljemo zelo resno. Preberite to politiko (ta \u00bbPolitika\u00ab), da vidite, kako ecoss.net [&hellip;]","og_url":"https:\/\/ecoss.net\/it\/privacy-policy\/","og_site_name":"ECOSS","article_publisher":"https:\/\/www.facebook.com\/ecosynergysystem","article_modified_time":"2023-09-11T19:16:31+00:00","og_image":[{"width":1778,"height":1777,"url":"https:\/\/ecoss.net\/wp-content\/uploads\/2023\/09\/Ecoss.net-logo.png","type":"image\/png"}],"twitter_card":"summary_large_image","twitter_site":"@EcoSynergyEcoss","twitter_misc":{"Tempo di lettura stimato":"6 minuti"},"schema":{"@context":"https:\/\/schema.org","@graph":[{"@type":"WebPage","@id":"https:\/\/ecoss.net\/privacy-policy\/","url":"https:\/\/ecoss.net\/privacy-policy\/","name":"Informativa sulla privacy - ECOSS","isPartOf":{"@id":"https:\/\/ecoss.net\/#website"},"datePublished":"2023-07-13T17:49:36+00:00","dateModified":"2023-09-11T19:16:31+00:00","breadcrumb":{"@id":"https:\/\/ecoss.net\/privacy-policy\/#breadcrumb"},"inLanguage":"it-IT","potentialAction":[{"@type":"ReadAction","target":["https:\/\/ecoss.net\/privacy-policy\/"]}]},{"@type":"BreadcrumbList","@id":"https:\/\/ecoss.net\/privacy-policy\/#breadcrumb","itemListElement":[{"@type":"ListItem","position":1,"name":"Home","item":"https:\/\/ecoss.net\/"},{"@type":"ListItem","position":2,"name":"Politika zasebnosti"}]},{"@type":"WebSite","@id":"https:\/\/ecoss.net\/#website","url":"https:\/\/ecoss.net\/","name":"ECOSS","description":"Sistema Ecosynergy","publisher":{"@id":"https:\/\/ecoss.net\/#organization"},"potentialAction":[{"@type":"SearchAction","target":{"@type":"EntryPoint","urlTemplate":"https:\/\/ecoss.net\/?s={search_term_string}"},"query-input":{"@type":"PropertyValueSpecification","valueRequired":true,"valueName":"search_term_string"}}],"inLanguage":"it-IT"},{"@type":"Organization","@id":"https:\/\/ecoss.net\/#organization","name":"Sistema EcoSinergy","url":"https:\/\/ecoss.net\/","logo":{"@type":"ImageObject","inLanguage":"it-IT","@id":"https:\/\/ecoss.net\/#\/schema\/logo\/image\/","url":"https:\/\/ecoss.net\/wp-content\/uploads\/2023\/07\/ESS-PublishWall-logo-300x300-1.png","contentUrl":"https:\/\/ecoss.net\/wp-content\/uploads\/2023\/07\/ESS-PublishWall-logo-300x300-1.png","width":224,"height":224,"caption":"EcoSynergy System"},"image":{"@id":"https:\/\/ecoss.net\/#\/schema\/logo\/image\/"},"sameAs":["https:\/\/www.facebook.com\/ecosynergysystem","https:\/\/x.com\/EcoSynergyEcoss","https:\/\/www.instagram.com\/ecosynergysystem\/","https:\/\/www.linkedin.com\/in\/ecosynergy-system-environmental-solution-b9b62220a\/"]}]}},"_links":{"self":[{"href":"https:\/\/ecoss.net\/it\/wp-json\/wp\/v2\/pages\/3","targetHints":{"allow":["GET"]}}],"collection":[{"href":"https:\/\/ecoss.net\/it\/wp-json\/wp\/v2\/pages"}],"about":[{"href":"https:\/\/ecoss.net\/it\/wp-json\/wp\/v2\/types\/page"}],"author":[{"embeddable":true,"href":"https:\/\/ecoss.net\/it\/wp-json\/wp\/v2\/users\/34"}],"replies":[{"embeddable":true,"href":"https:\/\/ecoss.net\/it\/wp-json\/wp\/v2\/comments?post=3"}],"version-history":[{"count":13,"href":"https:\/\/ecoss.net\/it\/wp-json\/wp\/v2\/pages\/3\/revisions"}],"predecessor-version":[{"id":1544,"href":"https:\/\/ecoss.net\/it\/wp-json\/wp\/v2\/pages\/3\/revisions\/1544"}],"wp:attachment":[{"href":"https:\/\/ecoss.net\/it\/wp-json\/wp\/v2\/media?parent=3"}],"curies":[{"name":"wp","href":"https:\/\/api.w.org\/{rel}","templated":true}]}}