{"id":1067,"date":"2023-09-05T13:25:49","date_gmt":"2023-09-05T11:25:49","guid":{"rendered":"https:\/\/ecoss.akumen.eu\/?page_id=1067"},"modified":"2023-09-10T18:00:08","modified_gmt":"2023-09-10T16:00:08","slug":"term-and-conditions","status":"publish","type":"page","link":"https:\/\/ecoss.net\/it\/term-and-conditions\/","title":{"rendered":"Termini e condizioni d'uso"},"content":{"rendered":"<div data-elementor-type=\"wp-page\" data-elementor-id=\"1067\" class=\"elementor elementor-1067\" data-elementor-post-type=\"page\">\n\t\t\t\t<div class=\"elementor-element elementor-element-087d159 e-flex e-con-boxed e-con e-parent\" data-id=\"087d159\" data-element_type=\"container\" data-e-type=\"container\">\n\t\t\t\t\t<div class=\"e-con-inner\">\n\t\t\t\t<div class=\"elementor-element elementor-element-600463b elementor-widget elementor-widget-heading\" data-id=\"600463b\" data-element_type=\"widget\" data-e-type=\"widget\" data-widget_type=\"heading.default\">\n\t\t\t\t<div class=\"elementor-widget-container\">\n\t\t\t\t\t<h2 class=\"elementor-heading-title elementor-size-default\">Termini e condizioni d'uso<\/h2>\t\t\t\t<\/div>\n\t\t\t\t<\/div>\n\t\t\t\t\t<\/div>\n\t\t\t\t<\/div>\n\t\t\t\t<section class=\"elementor-section elementor-top-section elementor-element elementor-element-b891be5 elementor-section-boxed elementor-section-height-default elementor-section-height-default\" data-id=\"b891be5\" data-element_type=\"section\" data-e-type=\"section\">\n\t\t\t\t\t\t<div class=\"elementor-container elementor-column-gap-default\">\n\t\t\t\t\t<div class=\"elementor-column elementor-col-100 elementor-top-column elementor-element elementor-element-744f0fe\" data-id=\"744f0fe\" data-element_type=\"column\" data-e-type=\"column\">\n\t\t\t<div class=\"elementor-widget-wrap elementor-element-populated\">\n\t\t\t\t\t\t<div class=\"elementor-element elementor-element-8958208 elementor-widget elementor-widget-text-editor\" data-id=\"8958208\" data-element_type=\"widget\" data-e-type=\"widget\" data-widget_type=\"text-editor.default\">\n\t\t\t\t<div class=\"elementor-widget-container\">\n\t\t\t\t\t\t\t\t\t<p>Benvenuto su ecoss.net, ti forniamo i nostri servizi soggetti agli avvisi, ai termini e alle condizioni stabiliti nel presente accordo (&quot;Accordo&quot;). Inoltre, quando utilizzi qualsiasi servizio ecoss.net (ad esempio, recensioni dei clienti), sarai soggetto alle regole, linee guida, politiche, termini e condizioni applicabili a tali servizi, che sono incorporati nel presente Contratto tramite questo riferimento. Il sito\/portale ecoss.net si riserva il diritto di modificare questa pagina e questi termini e condizioni in qualsiasi momento. Accedendo, navigando o utilizzando in altro modo il Sito, l&#039;utente accetta di essere vincolato da tutti i termini e le condizioni del presente Contratto, pertanto si prega di leggere attentamente il presente Contratto prima di procedere.<\/p><p><strong>\u00a0<\/strong><\/p><h2><strong>Utilizzo del sito web<\/strong><\/h2><p>Dichiari e garantisci di avere almeno 18 anni o di visitare il Sito sotto la supervisione di un genitore o tutore. In base ai termini e alle condizioni del presente Accordo, ecoss.net ti concede una licenza limitata, revocabile, non trasferibile e non esclusiva per accedere e utilizzare il sito Web visualizzandolo nel tuo browser web al solo scopo di ottenere articoli venduti su il Sito Web - Negozio con prodotti alimentari e non alimentari, attivit\u00e0 di servizio, condivisione di attrezzature, scambio di merci, utilizzo dell&#039;applicazione ESG 24 ore su 24, 7 giorni su 7, monetizzazione di depositi in valuta, tempo e conoscenza, monetizzazione\/demonetizzazione\/trasferimento dell&#039;algoritmo ECOSS tra i membri, eccetera. e non per alcun uso commerciale o per conto di terzi se non espressamente consentito in anticipo da ecoss.net. Qualsiasi violazione del presente Contratto comporter\u00e0 l&#039;immediata revoca della licenza concessa in questo paragrafo senza preavviso. Fatto salvo quanto consentito nel paragrafo precedente, non \u00e8 consentito riprodurre, distribuire, visualizzare, vendere, affittare, trasmettere, creare derivati, tradurre, decodificare, disassemblare, decompilare o sfruttare in altro modo questo Sito o qualsiasi sua parte, a meno che ecoss.net non lo esprima espressamente. lo consente per iscritto. Non \u00e8 possibile utilizzare alcuna informazione sul sito Web per scopi commerciali o utilizzare il sito Web in alcun modo a beneficio di un&#039;altra societ\u00e0, a meno che ecoss.net non lo consenta espressamente in anticipo. Ecoss.net si riserva il diritto, a sua esclusiva discrezione, di rifiutare il servizio, chiudere account e\/o annullare ordini, incluso, senza limitazione, se ritiene che la condotta del cliente violi le leggi applicabili o danneggi gli interessi di ecoss.net. Non \u00e8 possibile caricare, distribuire o pubblicare in altro modo attraverso questo Sito alcun contenuto, informazione o altro materiale che (a) violi o violi qualsiasi diritto d&#039;autore, brevetto, marchio commerciale, marchio di servizio, segreto commerciale o altro diritto di propriet\u00e0 di qualsiasi persona; (b) sia diffamatorio, minaccioso, calunnioso, osceno, indecente, pornografico o possa dar luogo a qualsiasi responsabilit\u00e0 civile o penale ai sensi del diritto internazionale; o (c) includa bug, virus, worm, trappole, cavalli di Troia o altri codici o funzionalit\u00e0 dannosi. Ecoss.net pu\u00f2 assegnarti una password e un identificativo dell&#039;account per consentirti di accedere e utilizzare alcune parti di questo sito. Ogni volta che utilizzi una password o un identificativo, sarai considerato autorizzato ad accedere e utilizzare il Sito in modo coerente con i termini e le condizioni del presente Accordo, ed ecoss.net non avr\u00e0 alcun obbligo di indagare sull&#039;autorizzazione o sulla fonte di qualsiasi accesso o utilizzo del sito web. Sarai l&#039;unico responsabile per qualsiasi accesso e utilizzo di questo Sito da parte di chiunque utilizzi la password e l&#039;identificazione originariamente assegnata a te, indipendentemente dal fatto che tu abbia effettivamente autorizzato o meno tale accesso e utilizzo di questo Sito, incluse senza limitazione tutte le comunicazioni e trasmissioni e tutti obblighi (inclusi, senza limitazione, obblighi finanziari) derivanti da tale accesso o utilizzo. Sei responsabile del mantenimento della sicurezza e della riservatezza della password e dell&#039;identificazione che ti sono state assegnate. \u00c8 necessario notificare immediatamente a Ecoss.net qualsiasi uso non autorizzato della propria password o identificazione o qualsiasi altra violazione o minaccia di violazione della sicurezza di questo sito.<\/p><p>\u00a0<\/p><h2><strong>Propriet\u00e0 intellettuale<\/strong><\/h2><p>Tutti i testi, la grafica, le icone dei pulsanti, le immagini, le registrazioni audio e il software (collettivamente il \u201cContenuto\u201d) appartengono esclusivamente a ecoss.net. La raccolta, la modifica e la compilazione di tutti i contenuti di questo sito web (&quot;compilazione&quot;) appartengono esclusivamente a ecoss.net. Tutto il software utilizzato su questo sito Web (&quot;Software&quot;) \u00e8 di propriet\u00e0 di ecoss.net. Il contenuto, la compilazione e il software sono protetti dalle leggi internazionali sul copyright. Altri loghi, slogan, nomi commerciali o parole sono marchi registrati, marchi o marchi di servizio di ecoss.net, dei suoi fornitori o di terze parti. L&#039;uso di qualsiasi marchio commerciale o marchio di servizio di ecoss.net senza il suo esplicito consenso scritto \u00e8 severamente vietato. Non \u00e8 consentito utilizzare prodotti o servizi a marchio ecoss.net o in qualsiasi modo che possa causare confusione. Non \u00e8 possibile utilizzare i marchi commerciali o i marchi di servizio di ecoss.net in alcun modo che possa denigrare o screditare ecoss.net.<\/p><p>\u00a0<\/p><h2><strong>Risoluzione ed effetti della risoluzione<\/strong><\/h2><p>Oltre a qualsiasi altro rimedio legale o equo, ecoss.net pu\u00f2 risolvere immediatamente il presente Accordo o revocare uno o tutti i diritti concessi ai sensi del presente Accordo senza preavviso. In caso di risoluzione del presente Contratto, \u00e8 necessario cessare immediatamente ogni accesso e utilizzo del Sito ed ecoss.net, oltre a tutti gli altri rimedi legali o equi, revocher\u00e0 immediatamente tutte le password e gli identificativi dell&#039;account rilasciati all&#039;utente e li rifiuter\u00e0, in in tutto o in parte, l&#039;accesso e l&#039;utilizzo di questo sito. Qualsiasi risoluzione del presente Contratto non pregiudica i rispettivi diritti e obblighi (inclusi, a titolo esemplificativo, gli obblighi di pagamento) delle parti sorti prima della data di risoluzione.<\/p><h2><strong>Dichiarazione di non responsabilit\u00e0 e limitazione di responsabilit\u00e0<\/strong><\/h2><p>Salvo diversa indicazione nelle Condizioni di vendita di prodotti\/servizi, condivisione di attrezzature, scambio di beni, utilizzo dell&#039;applicazione ESG 24 ore su 24, 7 giorni su 7, monetizzazione di depositi in valuta estera, tempo e conoscenza, monetizzazione\/demonetizzazione\/trasferimento dell&#039;algoritmo ECOSS tra membri di questo sito, ecoss.net rende questo sito disponibile per l&#039;uso di quanto sopra e per le transazioni condotte attraverso di esso cos\u00ec come sono. Ecoss.net non rilascia alcuna dichiarazione o garanzia, espressa o implicita, riguardante il funzionamento del Sito o le informazioni, i contenuti, i materiali o i prodotti inclusi in questo Sito, ad eccezione di quanto stabilito nel presente documento nella misura massima consentita dalla legge applicabile, ecoss.net .net esclude ogni garanzia, espressa o implicita, incluse, ma non limitate a, le garanzie implicite di commerciabilit\u00e0 e idoneit\u00e0 per uno scopo particolare, non violazione, titolo, godimento tranquillo, accuratezza dei dati e integrazione del sistema. Questo sito web pu\u00f2 contenere imprecisioni, errori o errori tipografici. Ecoss.net non garantisce che il Contenuto sar\u00e0 ininterrotto o privo di errori. Nella misura massima consentita dalla legge, ecoss.net non sar\u00e0 responsabile per eventuali danni di qualsiasi tipo derivanti dall&#039;uso di questo sito Web, inclusi ma non limitati a danni indiretti, incidentali, punitivi, esemplari, speciali o consequenziali.<br \/>Nella misura massima consentita dalla legge applicabile, la responsabilit\u00e0 complessiva di ecoss.net nei tuoi confronti per eventuali danni (indipendentemente dalla causa dell&#039;azione) non dovr\u00e0 superare l&#039;importo totale delle tariffe effettivamente pagate da te a ecoss.net durante il mese immediatamente precedente l&#039;atto. ci\u00f2 dovrebbe comportare la responsabilit\u00e0 di ecoss.net, accettazione dell&#039;ordine \u02ddSi prega di notare che potremmo non essere in grado di accettare alcuni ordini e dovremo annullarli\u02dd. Ecoss.net si riserva il diritto, a sua esclusiva discrezione, di rifiutare o annullare qualsiasi ordine per qualsiasi motivo. Alcune delle situazioni che potrebbero comportare l&#039;annullamento del tuo ordine includono limiti sulle quantit\u00e0 disponibili per l&#039;acquisto, imprecisioni o errori nelle informazioni sul prodotto o sui prezzi o problemi scoperti dal nostro dipartimento antifrode e crediti. Potremmo anche richiedere ulteriori verifiche o informazioni prima di accettare qualsiasi ordine o monetizzazione\/demonetizzazione\/trasferimento ECOSS tra membri. Ti contatteremo se tutto o parte del tuo ordine viene annullato o se sono necessarie ulteriori informazioni per accettare il tuo ordine.<\/p><p>\u00a0<\/p><h2><strong>Errori di stampa<\/strong><\/h2><p>Sebbene ecoss.net si impegni a fornire informazioni accurate su prodotti, servizi e prezzi, potrebbero verificarsi errori tipografici o di prezzo. Ecoss.net non pu\u00f2 confermare il prezzo di un articolo\/servizio finch\u00e9 non hai effettuato l&#039;ordine. Nel caso in cui un articolo\/servizio sia elencato ad un prezzo errato o con informazioni errate a causa di un errore nel prezzo o nelle informazioni sul prodotto\/servizio, ecoss.net ha il diritto, a sua esclusiva discrezione, di rifiutare o annullare qualsiasi ordine per quello articolo\/servizio. Nel caso in cui il prezzo di un articolo\/servizio non sia corretto, ecoss.net pu\u00f2, a sua esclusiva discrezione, contattarti per istruzioni o annullare il tuo ordine e avvisarti di tale annullamento.<\/p><h2><strong>Connessioni<\/strong><\/h2><p>Questo sito Web pu\u00f2 contenere collegamenti ad altri siti Web su Internet di propriet\u00e0 e gestiti da terzi. Riconosciamo che ecoss.net non \u00e8 responsabile del funzionamento o dei contenuti presenti su o attraverso tali siti.<\/p><h2><strong>Mezzi legali<\/strong><\/h2><p>Accetti che il rimedio di ecoss.net per qualsiasi violazione effettiva o minacciata del presente Accordo sarebbe inadeguato e che ecoss.net ha diritto a prestazioni specifiche o provvedimenti ingiuntivi, o entrambi, oltre a qualsiasi danno che possa essere legalmente recuperato da ecoss.net , insieme ai costi ragionevoli di qualsiasi forma di risoluzione delle controversie, comprese, a titolo esemplificativo, le spese legali. Nessun diritto o rimedio di ecoss.net sar\u00e0 esclusivo di altri, per legge o secondo equit\u00e0, inclusi, senza limitazioni, provvedimenti ingiuntivi, spese legali e costi. Nessuna rinuncia da parte di ecoss.net ai propri diritti o rimedi ai sensi dei presenti Termini costituir\u00e0 alcun obbligo di concedere qualsiasi rinuncia simile, futura o di altro tipo.<\/p>\t\t\t\t\t\t\t\t<\/div>\n\t\t\t\t<\/div>\n\t\t\t\t\t<\/div>\n\t\t<\/div>\n\t\t\t\t\t<\/div>\n\t\t<\/section>\n\t\t\t\t<\/div>","protected":false},"excerpt":{"rendered":"<p>Dobrodo\u0161li na ecoss.net, nudimo vam njegove storitve v skladu z obvestili, dolo\u010dili in pogoji, dolo\u010denimi v tej pogodbi (\u00bbpogodba\u00ab). Poleg tega, ko uporabljate katero koli storitev ecoss.net (npr. ocene strank), boste podvr\u017eeni pravilom, smernicam, pravilnikom, dolo\u010dilom in pogojem, ki veljajo za take storitve, in so vklju\u010deni v to pogodbo s tem sklicevanjem. Spletna stran\/portal ecoss.net [&hellip;]<\/p>\n","protected":false},"author":34,"featured_media":0,"parent":0,"menu_order":0,"comment_status":"closed","ping_status":"closed","template":"","meta":{"inline_featured_image":false,"footnotes":""},"class_list":["post-1067","page","type-page","status-publish","hentry"],"yoast_head":"<!-- This site is optimized with the Yoast SEO plugin v27.5 - https:\/\/yoast.com\/product\/yoast-seo-wordpress\/ -->\n<title>Pravila in pogoji uporabe - ECOSS<\/title>\n<meta name=\"robots\" content=\"index, follow, max-snippet:-1, max-image-preview:large, max-video-preview:-1\" \/>\n<link rel=\"canonical\" href=\"https:\/\/ecoss.net\/it\/term-and-conditions\/\" \/>\n<meta property=\"og:locale\" content=\"it_IT\" \/>\n<meta property=\"og:type\" content=\"article\" \/>\n<meta property=\"og:title\" content=\"Pravila in pogoji uporabe - ECOSS\" \/>\n<meta property=\"og:description\" content=\"Dobrodo\u0161li na ecoss.net, nudimo vam njegove storitve v skladu z obvestili, dolo\u010dili in pogoji, dolo\u010denimi v tej pogodbi (\u00bbpogodba\u00ab). Poleg tega, ko uporabljate katero koli storitev ecoss.net (npr. ocene strank), boste podvr\u017eeni pravilom, smernicam, pravilnikom, dolo\u010dilom in pogojem, ki veljajo za take storitve, in so vklju\u010deni v to pogodbo s tem sklicevanjem. Spletna stran\/portal ecoss.net [&hellip;]\" \/>\n<meta property=\"og:url\" content=\"https:\/\/ecoss.net\/it\/term-and-conditions\/\" \/>\n<meta property=\"og:site_name\" content=\"ECOSS\" \/>\n<meta property=\"article:publisher\" content=\"https:\/\/www.facebook.com\/ecosynergysystem\" \/>\n<meta property=\"article:modified_time\" content=\"2023-09-10T16:00:08+00:00\" \/>\n<meta property=\"og:image\" content=\"https:\/\/ecoss.net\/wp-content\/uploads\/2023\/09\/Ecoss.net-logo.png\" \/>\n\t<meta property=\"og:image:width\" content=\"1778\" \/>\n\t<meta property=\"og:image:height\" content=\"1777\" \/>\n\t<meta property=\"og:image:type\" content=\"image\/png\" \/>\n<meta name=\"twitter:card\" content=\"summary_large_image\" \/>\n<meta name=\"twitter:site\" content=\"@EcoSynergyEcoss\" \/>\n<meta name=\"twitter:label1\" content=\"Tempo di lettura stimato\" \/>\n\t<meta name=\"twitter:data1\" content=\"7 minuti\" \/>\n<script type=\"application\/ld+json\" class=\"yoast-schema-graph\">{\"@context\":\"https:\\\/\\\/schema.org\",\"@graph\":[{\"@type\":\"WebPage\",\"@id\":\"https:\\\/\\\/ecoss.net\\\/th\\\/term-and-conditions\\\/\",\"url\":\"https:\\\/\\\/ecoss.net\\\/th\\\/term-and-conditions\\\/\",\"name\":\"Pravila in pogoji uporabe - ECOSS\",\"isPartOf\":{\"@id\":\"https:\\\/\\\/ecoss.net\\\/#website\"},\"datePublished\":\"2023-09-05T11:25:49+00:00\",\"dateModified\":\"2023-09-10T16:00:08+00:00\",\"breadcrumb\":{\"@id\":\"https:\\\/\\\/ecoss.net\\\/th\\\/term-and-conditions\\\/#breadcrumb\"},\"inLanguage\":\"it-IT\",\"potentialAction\":[{\"@type\":\"ReadAction\",\"target\":[\"https:\\\/\\\/ecoss.net\\\/th\\\/term-and-conditions\\\/\"]}]},{\"@type\":\"BreadcrumbList\",\"@id\":\"https:\\\/\\\/ecoss.net\\\/th\\\/term-and-conditions\\\/#breadcrumb\",\"itemListElement\":[{\"@type\":\"ListItem\",\"position\":1,\"name\":\"Home\",\"item\":\"https:\\\/\\\/ecoss.net\\\/\"},{\"@type\":\"ListItem\",\"position\":2,\"name\":\"Pravila in pogoji uporabe\"}]},{\"@type\":\"WebSite\",\"@id\":\"https:\\\/\\\/ecoss.net\\\/#website\",\"url\":\"https:\\\/\\\/ecoss.net\\\/\",\"name\":\"ECOSS\",\"description\":\"Ecosynergy System\",\"publisher\":{\"@id\":\"https:\\\/\\\/ecoss.net\\\/#organization\"},\"potentialAction\":[{\"@type\":\"SearchAction\",\"target\":{\"@type\":\"EntryPoint\",\"urlTemplate\":\"https:\\\/\\\/ecoss.net\\\/?s={search_term_string}\"},\"query-input\":{\"@type\":\"PropertyValueSpecification\",\"valueRequired\":true,\"valueName\":\"search_term_string\"}}],\"inLanguage\":\"it-IT\"},{\"@type\":\"Organization\",\"@id\":\"https:\\\/\\\/ecoss.net\\\/#organization\",\"name\":\"EcoSynergy System\",\"url\":\"https:\\\/\\\/ecoss.net\\\/\",\"logo\":{\"@type\":\"ImageObject\",\"inLanguage\":\"it-IT\",\"@id\":\"https:\\\/\\\/ecoss.net\\\/#\\\/schema\\\/logo\\\/image\\\/\",\"url\":\"https:\\\/\\\/ecoss.net\\\/wp-content\\\/uploads\\\/2023\\\/07\\\/ESS-PublishWall-logo-300x300-1.png\",\"contentUrl\":\"https:\\\/\\\/ecoss.net\\\/wp-content\\\/uploads\\\/2023\\\/07\\\/ESS-PublishWall-logo-300x300-1.png\",\"width\":224,\"height\":224,\"caption\":\"EcoSynergy System\"},\"image\":{\"@id\":\"https:\\\/\\\/ecoss.net\\\/#\\\/schema\\\/logo\\\/image\\\/\"},\"sameAs\":[\"https:\\\/\\\/www.facebook.com\\\/ecosynergysystem\",\"https:\\\/\\\/x.com\\\/EcoSynergyEcoss\",\"https:\\\/\\\/www.instagram.com\\\/ecosynergysystem\\\/\",\"https:\\\/\\\/www.linkedin.com\\\/in\\\/ecosynergy-system-environmental-solution-b9b62220a\\\/\"]}]}<\/script>\n<!-- \/ Yoast SEO plugin. -->","yoast_head_json":{"title":"Termini e condizioni d&#039;uso - ECOSS","robots":{"index":"index","follow":"follow","max-snippet":"max-snippet:-1","max-image-preview":"max-image-preview:large","max-video-preview":"max-video-preview:-1"},"canonical":"https:\/\/ecoss.net\/it\/term-and-conditions\/","og_locale":"it_IT","og_type":"article","og_title":"Pravila in pogoji uporabe - ECOSS","og_description":"Dobrodo\u0161li na ecoss.net, nudimo vam njegove storitve v skladu z obvestili, dolo\u010dili in pogoji, dolo\u010denimi v tej pogodbi (\u00bbpogodba\u00ab). Poleg tega, ko uporabljate katero koli storitev ecoss.net (npr. ocene strank), boste podvr\u017eeni pravilom, smernicam, pravilnikom, dolo\u010dilom in pogojem, ki veljajo za take storitve, in so vklju\u010deni v to pogodbo s tem sklicevanjem. Spletna stran\/portal ecoss.net [&hellip;]","og_url":"https:\/\/ecoss.net\/it\/term-and-conditions\/","og_site_name":"ECOSS","article_publisher":"https:\/\/www.facebook.com\/ecosynergysystem","article_modified_time":"2023-09-10T16:00:08+00:00","og_image":[{"width":1778,"height":1777,"url":"https:\/\/ecoss.net\/wp-content\/uploads\/2023\/09\/Ecoss.net-logo.png","type":"image\/png"}],"twitter_card":"summary_large_image","twitter_site":"@EcoSynergyEcoss","twitter_misc":{"Tempo di lettura stimato":"7 minuti"},"schema":{"@context":"https:\/\/schema.org","@graph":[{"@type":"WebPage","@id":"https:\/\/ecoss.net\/th\/term-and-conditions\/","url":"https:\/\/ecoss.net\/th\/term-and-conditions\/","name":"Termini e condizioni d&#039;uso - ECOSS","isPartOf":{"@id":"https:\/\/ecoss.net\/#website"},"datePublished":"2023-09-05T11:25:49+00:00","dateModified":"2023-09-10T16:00:08+00:00","breadcrumb":{"@id":"https:\/\/ecoss.net\/th\/term-and-conditions\/#breadcrumb"},"inLanguage":"it-IT","potentialAction":[{"@type":"ReadAction","target":["https:\/\/ecoss.net\/th\/term-and-conditions\/"]}]},{"@type":"BreadcrumbList","@id":"https:\/\/ecoss.net\/th\/term-and-conditions\/#breadcrumb","itemListElement":[{"@type":"ListItem","position":1,"name":"Home","item":"https:\/\/ecoss.net\/"},{"@type":"ListItem","position":2,"name":"Pravila in pogoji uporabe"}]},{"@type":"WebSite","@id":"https:\/\/ecoss.net\/#website","url":"https:\/\/ecoss.net\/","name":"ECOSS","description":"Sistema Ecosynergy","publisher":{"@id":"https:\/\/ecoss.net\/#organization"},"potentialAction":[{"@type":"SearchAction","target":{"@type":"EntryPoint","urlTemplate":"https:\/\/ecoss.net\/?s={search_term_string}"},"query-input":{"@type":"PropertyValueSpecification","valueRequired":true,"valueName":"search_term_string"}}],"inLanguage":"it-IT"},{"@type":"Organization","@id":"https:\/\/ecoss.net\/#organization","name":"Sistema EcoSinergy","url":"https:\/\/ecoss.net\/","logo":{"@type":"ImageObject","inLanguage":"it-IT","@id":"https:\/\/ecoss.net\/#\/schema\/logo\/image\/","url":"https:\/\/ecoss.net\/wp-content\/uploads\/2023\/07\/ESS-PublishWall-logo-300x300-1.png","contentUrl":"https:\/\/ecoss.net\/wp-content\/uploads\/2023\/07\/ESS-PublishWall-logo-300x300-1.png","width":224,"height":224,"caption":"EcoSynergy System"},"image":{"@id":"https:\/\/ecoss.net\/#\/schema\/logo\/image\/"},"sameAs":["https:\/\/www.facebook.com\/ecosynergysystem","https:\/\/x.com\/EcoSynergyEcoss","https:\/\/www.instagram.com\/ecosynergysystem\/","https:\/\/www.linkedin.com\/in\/ecosynergy-system-environmental-solution-b9b62220a\/"]}]}},"_links":{"self":[{"href":"https:\/\/ecoss.net\/it\/wp-json\/wp\/v2\/pages\/1067","targetHints":{"allow":["GET"]}}],"collection":[{"href":"https:\/\/ecoss.net\/it\/wp-json\/wp\/v2\/pages"}],"about":[{"href":"https:\/\/ecoss.net\/it\/wp-json\/wp\/v2\/types\/page"}],"author":[{"embeddable":true,"href":"https:\/\/ecoss.net\/it\/wp-json\/wp\/v2\/users\/34"}],"replies":[{"embeddable":true,"href":"https:\/\/ecoss.net\/it\/wp-json\/wp\/v2\/comments?post=1067"}],"version-history":[{"count":8,"href":"https:\/\/ecoss.net\/it\/wp-json\/wp\/v2\/pages\/1067\/revisions"}],"predecessor-version":[{"id":1353,"href":"https:\/\/ecoss.net\/it\/wp-json\/wp\/v2\/pages\/1067\/revisions\/1353"}],"wp:attachment":[{"href":"https:\/\/ecoss.net\/it\/wp-json\/wp\/v2\/media?parent=1067"}],"curies":[{"name":"wp","href":"https:\/\/api.w.org\/{rel}","templated":true}]}}