{"id":3,"date":"2023-07-13T17:49:36","date_gmt":"2023-07-13T17:49:36","guid":{"rendered":"https:\/\/ecoss.akumen.eu\/?page_id=3"},"modified":"2023-09-11T21:16:31","modified_gmt":"2023-09-11T19:16:31","slug":"privacy-policy","status":"publish","type":"page","link":"https:\/\/ecoss.net\/hr\/privacy-policy\/","title":{"rendered":"Politika privatnosti"},"content":{"rendered":"<div data-elementor-type=\"wp-page\" data-elementor-id=\"3\" class=\"elementor elementor-3\" data-elementor-post-type=\"page\">\n\t\t\t\t<div class=\"elementor-element elementor-element-84790e1 e-flex e-con-boxed e-con e-parent\" data-id=\"84790e1\" data-element_type=\"container\" data-e-type=\"container\">\n\t\t\t\t\t<div class=\"e-con-inner\">\n\t\t\t\t<div class=\"elementor-element elementor-element-1a2dbee elementor-widget elementor-widget-heading\" data-id=\"1a2dbee\" data-element_type=\"widget\" data-e-type=\"widget\" data-widget_type=\"heading.default\">\n\t\t\t\t<div class=\"elementor-widget-container\">\n\t\t\t\t\t<h2 class=\"elementor-heading-title elementor-size-default\">Politika privatnosti<\/h2>\t\t\t\t<\/div>\n\t\t\t\t<\/div>\n\t\t\t\t\t<\/div>\n\t\t\t\t<\/div>\n\t\t\t\t<section class=\"elementor-section elementor-top-section elementor-element elementor-element-2554cb32 elementor-section-boxed elementor-section-height-default elementor-section-height-default\" data-id=\"2554cb32\" data-element_type=\"section\" data-e-type=\"section\">\n\t\t\t\t\t\t<div class=\"elementor-container elementor-column-gap-default\">\n\t\t\t\t\t<div class=\"elementor-column elementor-col-100 elementor-top-column elementor-element elementor-element-24e53e09\" data-id=\"24e53e09\" data-element_type=\"column\" data-e-type=\"column\">\n\t\t\t<div class=\"elementor-widget-wrap elementor-element-populated\">\n\t\t\t\t\t\t<div class=\"elementor-element elementor-element-73cd64cb elementor-widget elementor-widget-text-editor\" data-id=\"73cd64cb\" data-element_type=\"widget\" data-e-type=\"widget\" data-widget_type=\"text-editor.default\">\n\t\t\t\t<div class=\"elementor-widget-container\">\n\t\t\t\t\t\t\t\t\t<h2><strong>Privatna informacijska sigurnost<\/strong><\/h2>\n<p>Radi va\u0161e sigurnosti, podaci o va\u0161oj kreditnoj kartici nisu pohranjeni na na\u0161im poslu\u017eiteljima. Na\u0161 pru\u017eatelj pristupnika pla\u0107anja, kojeg je ovlastio ecoss.net, \u010duva ove informacije \u0161ifrirane i sigurne u va\u0161e ime.<\/p>\n<p><\/p>\n<h2><strong>Va\u0161a privatnost<\/strong><\/h2>\n<p>U ecoss.net va\u0161u privatnost shva\u0107amo vrlo ozbiljno. Molimo pro\u010ditajte ova pravila (ova \u201cPravila\u201d) kako biste vidjeli kako ecoss.net postupa s va\u0161im osobnim podacima koje ste nam dali kada se registrirate na na\u0161oj web stranici (\u201cSite\u201d). Ova se politika odnosi samo na zaposlenike ecoss.net-a i ne odnosi se na osobe ili tvrtke koje nisu zaposlene ili kojima ecoss.net ne upravlja. Zadr\u017eavamo pravo izmjene ove politike. Obavijestit \u0107emo vas o materijalnim promjenama ove politike objavom na na\u0161oj oglasnoj plo\u010di.<\/p>\n<p><\/p>\n<h2><strong>Podaci koje prikupljamo<\/strong><\/h2>\n<p>Na\u0161a glavna svrha prikupljanja osobnih podataka je pru\u017eiti vam ugodno, personalizirano i u\u010dinkovito iskustvo na na\u0161oj web stranici. Na\u0161a je politika da nikada namjerno ne otkrivamo osobne podatke o na\u0161im \u010dlanovima \u0161iroj javnosti bez njihovog pristanka. Ecoss.net prikuplja podatke od vas kada se registrirate i obavljate odre\u0111ene aktivnosti na web stranici. Prikupljamo va\u0161e puno ime, va\u017ee\u0107i broj telefona, podatke za kontakt\/naplatu, adresu e-po\u0161te, porezni identifikacijski broj i adresu za dostavu. Osim toga, svaki \u010dlan mora stvoriti jedinstveno korisni\u010dko ime i lozinku te dobiti \u010dlanski broj. Sve dodatne prikupljene informacije koristit \u0107e se u skladu s na\u0161om Politikom privatnosti. Prikupljamo neke podatke iz va\u0161eg preglednika. To uklju\u010duje va\u0161u IP adresu i naziv stranice koju ste zatra\u017eili. Ove informacije nam poma\u017eu u dijagnosticiranju problema s na\u0161im poslu\u017eiteljima i odr\u017eavanju stranice. U su\u0161tini, va\u0161a IP adresa nam poma\u017ee identificirati vas i va\u0161e specifi\u010dne potrebe. Tako\u0111er prikupljamo podatke iz kola\u010di\u0107a, softverskih oznaka koje va\u0161 preglednik pohranjuje na va\u0161em tvrdom disku. Ove informacije su op\u0107enite i omogu\u0107uju nam da prilagodimo na\u0161u web stranicu va\u0161im specifi\u010dnim potrebama. Kola\u010di\u0107i vam tako\u0111er omogu\u0107uju prijavu ili navigaciju kroz odre\u0111ene dijelove na\u0161e web stranice bez potrebe za ponovnim unosom odre\u0111enih informacija. Mo\u017eete odbiti kori\u0161tenje bilo kojeg kola\u010di\u0107a putem svog preglednika. Kao i uvijek, va\u0161i podaci ostaju strogo povjerljivi i nikada ih dobrovoljno ne proslje\u0111ujemo tre\u0107im stranama.<\/p>\n<p><\/p>\n<h2><strong>&quot;Kako se koriste moji podaci?&quot;<\/strong><\/h2>\n<p>Podaci prikupljeni od \u010dlanova ecoss.net koriste se za pobolj\u0161anje ponude proizvoda\/usluga, prilagodbu sadr\u017eaja i izgleda na\u0161e web stranice te za marketin\u0161ke i statisti\u010dke napore. S vremena na vrijeme slat \u0107emo vam e-poruke o novim uslugama ili promocijama. Uvijek se mo\u017eete odjaviti od primanja bilo kakvih informacija od nas.<\/p>\n<p><strong>&nbsp;<\/strong><\/p>\n<h2><strong>&quot;Tko \u0107e vidjeti moje osobne podatke?&quot;<\/strong><\/h2>\n<p><\/p>\n<p>Na\u0161 prioritet broj jedan je \u010duvanje privatnosti i povjerljivosti va\u0161ih osobnih podataka. Va\u0161e osobne podatke ne\u0107emo namjerno otkriti tre\u0107im stranama. Va\u0161e osobne podatke ne\u0107emo nikome iznajmljivati niti prodavati.<\/p>\n<p>Ecoss.net \u0107e otkriti va\u0161e osobne podatke drugima u sljede\u0107im okolnostima:<\/p>\n<p>\u2013 pristajete na dijeljenje informacija;<\/p>\n<p>\u2013 kao odgovor na sudske pozive, sudske naloge ili pravni postupak;<\/p>\n<p>\u2013 va\u0161e radnje na na\u0161oj web stranici jesu ili se \u010dini da kr\u0161e Uvjete pru\u017eanja usluge, a otkrivanje ovih informacija pomo\u0107i \u0107e u naporima da se provedu Uvjeti pru\u017eanja usluge;<\/p>\n<p>- objaviti popis za koji ecoss.net vjeruje, prema vlastitom naho\u0111enju, mo\u017ee dovesti do odgovornosti za ecoss.net, a otkrivanje takvih osobnih podataka mo\u017ee smanjiti ili eliminirati njegovu odgovornost.<\/p>\n<p><\/p>\n<p>Ni\u0161ta u ovim pravilima ne ograni\u010dava, zabranjuje ili na drugi na\u010din negira mogu\u0107nost ecoss.net-a da (1) prenese, dodijeli ili proda svoju imovinu, uklju\u010duju\u0107i bez ograni\u010denja imovinu na\u0161e web stranice, tre\u0107oj strani ili (2) na bilo koji na\u010din raspola\u017ee svojom imovinom u ste\u010daju ili sli\u010dnom postupku. Ecoss.net tako\u0111er ne daje nikakve izjave u pogledu to\u010dnosti ili potpunosti informacija koje prikuplja i objavljuje na na\u0161oj web stranici te se odri\u010de svake odgovornosti koja proizlazi iz ili u vezi s tim.<\/p>\n<h2><strong>Sigurnost<\/strong><\/h2>\n<p>Kako bi va\u0161i podaci ostali povjerljivi, ecoss.net svojim \u010dlanovima pru\u017ea najvi\u0161e industrijske standarde za sigurne poslu\u017eitelje - Secure Socket Layers (SSL) i vatrozid. Na\u017ealost, savr\u0161ena sigurnost na Internetu (ili u stvarnom svijetu) ne postoji - stoga ne mo\u017eemo jam\u010diti da se za va\u0161e podatke ne mo\u017ee jam\u010diti. Me\u0111utim, dat \u0107emo sve od sebe kako bismo i dalje osiguravali sigurnost va\u0161ih osobnih podataka.<\/p>\n<p><\/p>\n<h2><strong>Maloljetnici<\/strong><\/h2>\n<p>Maloljetnici (mla\u0111i od 18 godina) nemaju pravo koristiti ecoss.net osim ako koriste na\u0161u stranicu preko roditelja ili skrbnika koji je registrirani \u010dlan ecoss.net.<\/p>\n<p><strong>&nbsp;<\/strong><\/p>\n<h2><strong>Va\u0161e odgovornosti<\/strong><\/h2>\n<p>Trudimo se za\u0161tititi sve va\u0161e podatke na na\u0161oj web stranici. Kako biste nam pomogli da za\u0161titimo va\u0161e osobne podatke, molimo vas da svoju lozinku ne dijelite ni s kim. Dijeljenje ovih informacija moglo bi ugroziti vas i va\u0161u ocjenu kao korisnika. Ako izgubite kontrolu nad svojom lozinkom ili mislite da je netko neovla\u0161teno pristupio va\u0161em ra\u010dunu, odmah promijenite lozinku. Kontaktirajte nas ako imate pitanja.<\/p>\n<p><\/p>\t\t\t\t\t\t\t\t<\/div>\n\t\t\t\t<\/div>\n\t\t\t\t\t<\/div>\n\t\t<\/div>\n\t\t\t\t\t<\/div>\n\t\t<\/section>\n\t\t<div class=\"elementor-element elementor-element-d74d630 e-flex e-con-boxed e-con e-parent\" data-id=\"d74d630\" data-element_type=\"container\" data-e-type=\"container\">\n\t\t\t\t\t<div class=\"e-con-inner\">\n\t\t\t\t<div class=\"elementor-element elementor-element-c2add75 elementor-widget elementor-widget-heading\" data-id=\"c2add75\" data-element_type=\"widget\" data-e-type=\"widget\" data-widget_type=\"heading.default\">\n\t\t\t\t<div class=\"elementor-widget-container\">\n\t\t\t\t\t<h2 class=\"elementor-heading-title elementor-size-default\">KORI\u0160TENJE KOLA\u010cI\u0106A<\/h2>\t\t\t\t<\/div>\n\t\t\t\t<\/div>\n\t\t\t\t\t<\/div>\n\t\t\t\t<\/div>\n\t\t\t\t<section class=\"elementor-section elementor-top-section elementor-element elementor-element-fa5e29f elementor-section-boxed elementor-section-height-default elementor-section-height-default\" data-id=\"fa5e29f\" data-element_type=\"section\" data-e-type=\"section\">\n\t\t\t\t\t\t<div class=\"elementor-container elementor-column-gap-default\">\n\t\t\t\t\t<div class=\"elementor-column elementor-col-100 elementor-top-column elementor-element elementor-element-01ca4d2\" data-id=\"01ca4d2\" data-element_type=\"column\" data-e-type=\"column\">\n\t\t\t<div class=\"elementor-widget-wrap elementor-element-populated\">\n\t\t\t\t\t\t<div class=\"elementor-element elementor-element-3b31c98 elementor-widget elementor-widget-text-editor\" data-id=\"3b31c98\" data-element_type=\"widget\" data-e-type=\"widget\" data-widget_type=\"text-editor.default\">\n\t\t\t\t<div class=\"elementor-widget-container\">\n\t\t\t\t\t\t\t\t\t<h2><b>Definicija kola\u010di\u0107a<\/b><\/h2><p>Kola\u010di\u0107i su male, izbrisive tekstualne datoteke pohranjene na ra\u010dunalu korisnika i omogu\u0107uju personalizaciju sadr\u017eaja na na\u0161oj web stranici. Preuzima ih preglednik korisnika prilikom prvog posjeta na\u0161oj web stranici. Kada se na\u0161em web-mjestu ponovno pristupi pomo\u0107u istog terminala, ure\u0111aja ili preglednika, kola\u010di\u0107 i informacije pohranjene u njemu bit \u0107e poslani natrag na web-mjesto koje ga je izradilo (vlastiti kola\u010di\u0107) ili na drugo web-mjesto kojem pripada (tre\u0107i kola\u010di\u0107) . Na taj na\u010din kola\u010di\u0107 detektira da je doti\u010dni preglednik kori\u0161ten za pristup web stranici i kroz taj status mijenja na\u010din prikaza sadr\u017eaja. Na primjer, kola\u010di\u0107i &quot;pamte&quot; korisni\u010dke postavke i pokazuju kako korisnik koristi stranicu, te djelomi\u010dno prilago\u0111avaju prikazani sadr\u017eaj individualnim preferencijama korisnika.<\/p><h2><b>Kola\u010di\u0107i su potrebni za rad<\/b><\/h2><p>Koristimo dolje navedene kola\u010di\u0107e za prijenos poruka i pru\u017eanje usluga koje korisnik tra\u017ei. Na\u0161e aktivnosti obrade podataka koje se provode pomo\u0107u kola\u010di\u0107a temelje se na na\u0161im legitimnim interesima za pru\u017eanje potpuno funkcionalne web stranice i usluga koje korisnici tra\u017ee, kao i na na\u0161em legitimnom interesu da kontinuirano pobolj\u0161avamo sadr\u017eaj na\u0161e web stranice i prilago\u0111avamo ga potrebama korisnika s Uredbom (EU) 2016\/679 o za\u0161titi pojedinaca pri obradi osobnih podataka i slobodnom protoku takvih podataka.<\/p><h2><b>Kola\u010di\u0107i koji nisu funkcionalno potrebni<\/b><\/h2><p>Kola\u010di\u0107e navedene u nastavku koristimo kako bismo pobolj\u0161ali na\u0161e usluge i na\u0161u web stranicu, kako bismo ih u\u010dinili lak\u0161ima za kori\u0161tenje, kako bismo personalizirali na\u0161e usluge za korisnike web stranice privremenim pohranjivanjem parametara pretra\u017eivanja te u svrhu internetskog marketinga. Aktivnosti obrade podataka koje se provode pomo\u0107u kola\u010di\u0107a temelje se na izri\u010ditom pristanku korisnika na Uredbu (EU) 2016\/679 o za\u0161titi pojedinaca pri obradi osobnih podataka i slobodnom protoku takvih podataka.<\/p><p>Posjetitelje web stranice mla\u0111e od 14 godina molimo da dobiju pristanak roditelja ili skrbnika prije nego \u0161to nam dostave informacije putem na\u0161e web stranice. Bez takve suglasnosti ne smiju davati nikakve informacije. Me\u0111utim, ako primimo podatke od osoba mla\u0111ih od 14 godina, prestat \u0107emo obra\u0111ivati te podatke \u010dim to saznamo.<\/p><h2><b>Postavke kola\u010di\u0107a na ovoj web stranici<\/b><\/h2><p>Korisnik mo\u017ee blokirati ili ograni\u010diti svoje neaktivne kola\u010di\u0107e promjenom postavki kola\u010di\u0107a ovdje.<\/p><h2><b>Google Analytics<\/b><\/h2><p><u>Svrha i opseg obrade podataka<\/u><\/p><p>Kako bismo dizajnirali na\u0161u web stranicu prema zahtjevima korisnika, izra\u0111ujemo pseudonimizirane korisni\u010dke profile uz pomo\u0107 Google Analytics. Google Analytics koristi ciljane kola\u010di\u0107e koji su pohranjeni na va\u0161em krajnjem ure\u0111aju i mi ih mo\u017eemo \u010ditati. Na taj na\u010din mo\u017eemo prepoznati i prebrojati posjetitelje koji se vra\u0107aju kao takve i odrediti koliko su \u010desto razli\u010diti korisnici pristupali stranicama na\u0161e web stranice.<\/p><p><u>Pravna osnova<\/u><\/p><p>Obrada podataka temelji se na privoli u skladu s Uredbom (EU) 2016\/679 o za\u0161titi pojedinaca pri obradi osobnih podataka i slobodnom protoku takvih podataka.<\/p><p>Podaci koje generira kola\u010di\u0107 o va\u0161em kori\u0161tenju na\u0161e web stranice obi\u010dno se prenose na Google poslu\u017eitelj u Sjedinjenim Dr\u017eavama i tamo se pohranjuju. Me\u0111utim, budu\u0107i da smo na na\u0161oj web stranici aktivirali IP anonimizaciju, Google \u0107e najprije skratiti va\u0161u IP adresu u dr\u017eavama \u010dlanicama Europske unije. Samo u iznimnim slu\u010dajevima va\u0161a \u0107e se puna IP adresa prenijeti na Googleov poslu\u017eitelj u Sjedinjenim Dr\u017eavama i tamo samo skratiti.<\/p><p>Google LLC obra\u0111uje te podatke i koristi ih za izradu profila i veza s Google ra\u010dunima. Za vi\u0161e informacija o tome kako Google obra\u0111uje va\u0161e podatke, posjetite\u00a0<a href=\"https:\/\/policies.google.com\/technologies\/partner-sites\" target=\"_blank\" rel=\"noopener\">https:\/\/policies.google.com\/technologies\/partner-sites<\/a>.<\/p><p><u>Informacije o dobavlja\u010du tre\u0107e strane:<\/u><\/p><p>Google Dublin, Google Ireland Ltd.,<br \/><span style=\"color: var( --e-global-color-b15d4bd );\">Ku\u0107a Gordon, ulica Barrow,<br \/><\/span><span style=\"color: var( --e-global-color-b15d4bd );\">Dublin 4<br \/><\/span><span style=\"color: var( --e-global-color-b15d4bd );\">Irska<br \/><\/span><span style=\"color: var( --e-global-color-b15d4bd );\">Fax: +353 (1) 436 1001<br \/><\/span><span style=\"color: var( --e-global-color-b15d4bd );\">Uvjeti kori\u0161tenja:\u00a0<\/span><a href=\"http:\/\/www.google.com\/analytics\/terms\/de.html\" target=\"_blank\" rel=\"noopener\">http:\/\/www.google.com\/analytics\/terms\/de.html<\/a><span style=\"color: var( --e-global-color-b15d4bd );\"><br \/><\/span><span style=\"color: var( --e-global-color-b15d4bd );\">Izjava o privatnosti:\u00a0<\/span><a style=\"background-color: #ffffff;\" href=\"http:\/\/www.google.de\/intl\/de\/policies\/privacy\" target=\"_blank\" rel=\"noopener\">www.google.de\/intl\/de\/policies\/privacy<\/a><\/p><p>\u00a0<\/p>\t\t\t\t\t\t\t\t<\/div>\n\t\t\t\t<\/div>\n\t\t\t\t\t<\/div>\n\t\t<\/div>\n\t\t\t\t\t<\/div>\n\t\t<\/section>\n\t\t\t\t<\/div>","protected":false},"excerpt":{"rendered":"<p>Politika zasebnosti Zasebna informacijska varnost Zaradi va\u0161e varnosti in za\u0161\u010dite podatki o va\u0161i kreditni kartici niso shranjeni na na\u0161ih stre\u017enikih. Na\u0161 ponudnik pla\u010dilnega prehoda, avtoriziran s strani ecoss.net, hrani te podatke \u0161ifrirane in varne v va\u0161em imenu. Va\u0161a zasebnost Pri ecoss.net va\u0161o zasebnost jemljemo zelo resno. Preberite to politiko (ta \u00bbPolitika\u00ab), da vidite, kako ecoss.net [&hellip;]<\/p>\n","protected":false},"author":34,"featured_media":0,"parent":0,"menu_order":0,"comment_status":"closed","ping_status":"open","template":"","meta":{"inline_featured_image":false,"footnotes":""},"class_list":["post-3","page","type-page","status-publish","hentry"],"yoast_head":"<!-- This site is optimized with the Yoast SEO plugin v27.6 - https:\/\/yoast.com\/product\/yoast-seo-wordpress\/ -->\n<title>Politika zasebnosti - ECOSS<\/title>\n<meta name=\"robots\" content=\"index, follow, max-snippet:-1, max-image-preview:large, max-video-preview:-1\" \/>\n<link rel=\"canonical\" href=\"https:\/\/ecoss.net\/hr\/privacy-policy\/\" \/>\n<meta property=\"og:locale\" content=\"hr_HR\" \/>\n<meta property=\"og:type\" content=\"article\" \/>\n<meta property=\"og:title\" content=\"Politika zasebnosti - ECOSS\" \/>\n<meta property=\"og:description\" content=\"Politika zasebnosti Zasebna informacijska varnost Zaradi va\u0161e varnosti in za\u0161\u010dite podatki o va\u0161i kreditni kartici niso shranjeni na na\u0161ih stre\u017enikih. Na\u0161 ponudnik pla\u010dilnega prehoda, avtoriziran s strani ecoss.net, hrani te podatke \u0161ifrirane in varne v va\u0161em imenu. Va\u0161a zasebnost Pri ecoss.net va\u0161o zasebnost jemljemo zelo resno. Preberite to politiko (ta \u00bbPolitika\u00ab), da vidite, kako ecoss.net [&hellip;]\" \/>\n<meta property=\"og:url\" content=\"https:\/\/ecoss.net\/hr\/privacy-policy\/\" \/>\n<meta property=\"og:site_name\" content=\"ECOSS\" \/>\n<meta property=\"article:publisher\" content=\"https:\/\/www.facebook.com\/ecosynergysystem\" \/>\n<meta property=\"article:modified_time\" content=\"2023-09-11T19:16:31+00:00\" \/>\n<meta property=\"og:image\" content=\"https:\/\/ecoss.net\/wp-content\/uploads\/2023\/09\/Ecoss.net-logo.png\" \/>\n\t<meta property=\"og:image:width\" content=\"1778\" \/>\n\t<meta property=\"og:image:height\" content=\"1777\" \/>\n\t<meta property=\"og:image:type\" content=\"image\/png\" \/>\n<meta name=\"twitter:card\" content=\"summary_large_image\" \/>\n<meta name=\"twitter:site\" content=\"@EcoSynergyEcoss\" \/>\n<meta name=\"twitter:label1\" content=\"Procijenjeno vrijeme \u010ditanja\" \/>\n\t<meta name=\"twitter:data1\" content=\"6 minuta\" \/>\n<script type=\"application\/ld+json\" class=\"yoast-schema-graph\">{\"@context\":\"https:\\\/\\\/schema.org\",\"@graph\":[{\"@type\":\"WebPage\",\"@id\":\"https:\\\/\\\/ecoss.net\\\/privacy-policy\\\/\",\"url\":\"https:\\\/\\\/ecoss.net\\\/privacy-policy\\\/\",\"name\":\"Politika zasebnosti - ECOSS\",\"isPartOf\":{\"@id\":\"https:\\\/\\\/ecoss.net\\\/#website\"},\"datePublished\":\"2023-07-13T17:49:36+00:00\",\"dateModified\":\"2023-09-11T19:16:31+00:00\",\"breadcrumb\":{\"@id\":\"https:\\\/\\\/ecoss.net\\\/privacy-policy\\\/#breadcrumb\"},\"inLanguage\":\"hr\",\"potentialAction\":[{\"@type\":\"ReadAction\",\"target\":[\"https:\\\/\\\/ecoss.net\\\/privacy-policy\\\/\"]}]},{\"@type\":\"BreadcrumbList\",\"@id\":\"https:\\\/\\\/ecoss.net\\\/privacy-policy\\\/#breadcrumb\",\"itemListElement\":[{\"@type\":\"ListItem\",\"position\":1,\"name\":\"Home\",\"item\":\"https:\\\/\\\/ecoss.net\\\/\"},{\"@type\":\"ListItem\",\"position\":2,\"name\":\"Politika zasebnosti\"}]},{\"@type\":\"WebSite\",\"@id\":\"https:\\\/\\\/ecoss.net\\\/#website\",\"url\":\"https:\\\/\\\/ecoss.net\\\/\",\"name\":\"ECOSS\",\"description\":\"Ecosynergy System\",\"publisher\":{\"@id\":\"https:\\\/\\\/ecoss.net\\\/#organization\"},\"potentialAction\":[{\"@type\":\"SearchAction\",\"target\":{\"@type\":\"EntryPoint\",\"urlTemplate\":\"https:\\\/\\\/ecoss.net\\\/?s={search_term_string}\"},\"query-input\":{\"@type\":\"PropertyValueSpecification\",\"valueRequired\":true,\"valueName\":\"search_term_string\"}}],\"inLanguage\":\"hr\"},{\"@type\":\"Organization\",\"@id\":\"https:\\\/\\\/ecoss.net\\\/#organization\",\"name\":\"EcoSynergy System\",\"url\":\"https:\\\/\\\/ecoss.net\\\/\",\"logo\":{\"@type\":\"ImageObject\",\"inLanguage\":\"hr\",\"@id\":\"https:\\\/\\\/ecoss.net\\\/#\\\/schema\\\/logo\\\/image\\\/\",\"url\":\"https:\\\/\\\/ecoss.net\\\/wp-content\\\/uploads\\\/2023\\\/07\\\/ESS-PublishWall-logo-300x300-1.png\",\"contentUrl\":\"https:\\\/\\\/ecoss.net\\\/wp-content\\\/uploads\\\/2023\\\/07\\\/ESS-PublishWall-logo-300x300-1.png\",\"width\":224,\"height\":224,\"caption\":\"EcoSynergy System\"},\"image\":{\"@id\":\"https:\\\/\\\/ecoss.net\\\/#\\\/schema\\\/logo\\\/image\\\/\"},\"sameAs\":[\"https:\\\/\\\/www.facebook.com\\\/ecosynergysystem\",\"https:\\\/\\\/x.com\\\/EcoSynergyEcoss\",\"https:\\\/\\\/www.instagram.com\\\/ecosynergysystem\\\/\",\"https:\\\/\\\/www.linkedin.com\\\/in\\\/ecosynergy-system-environmental-solution-b9b62220a\\\/\"]}]}<\/script>\n<!-- \/ Yoast SEO plugin. -->","yoast_head_json":{"title":"Politika privatnosti - ECOSS","robots":{"index":"index","follow":"follow","max-snippet":"max-snippet:-1","max-image-preview":"max-image-preview:large","max-video-preview":"max-video-preview:-1"},"canonical":"https:\/\/ecoss.net\/hr\/privacy-policy\/","og_locale":"hr_HR","og_type":"article","og_title":"Politika zasebnosti - ECOSS","og_description":"Politika zasebnosti Zasebna informacijska varnost Zaradi va\u0161e varnosti in za\u0161\u010dite podatki o va\u0161i kreditni kartici niso shranjeni na na\u0161ih stre\u017enikih. Na\u0161 ponudnik pla\u010dilnega prehoda, avtoriziran s strani ecoss.net, hrani te podatke \u0161ifrirane in varne v va\u0161em imenu. Va\u0161a zasebnost Pri ecoss.net va\u0161o zasebnost jemljemo zelo resno. Preberite to politiko (ta \u00bbPolitika\u00ab), da vidite, kako ecoss.net [&hellip;]","og_url":"https:\/\/ecoss.net\/hr\/privacy-policy\/","og_site_name":"ECOSS","article_publisher":"https:\/\/www.facebook.com\/ecosynergysystem","article_modified_time":"2023-09-11T19:16:31+00:00","og_image":[{"width":1778,"height":1777,"url":"https:\/\/ecoss.net\/wp-content\/uploads\/2023\/09\/Ecoss.net-logo.png","type":"image\/png"}],"twitter_card":"summary_large_image","twitter_site":"@EcoSynergyEcoss","twitter_misc":{"Procijenjeno vrijeme \u010ditanja":"6 minuta"},"schema":{"@context":"https:\/\/schema.org","@graph":[{"@type":"WebPage","@id":"https:\/\/ecoss.net\/privacy-policy\/","url":"https:\/\/ecoss.net\/privacy-policy\/","name":"Politika privatnosti - ECOSS","isPartOf":{"@id":"https:\/\/ecoss.net\/#website"},"datePublished":"2023-07-13T17:49:36+00:00","dateModified":"2023-09-11T19:16:31+00:00","breadcrumb":{"@id":"https:\/\/ecoss.net\/privacy-policy\/#breadcrumb"},"inLanguage":"hr","potentialAction":[{"@type":"ReadAction","target":["https:\/\/ecoss.net\/privacy-policy\/"]}]},{"@type":"BreadcrumbList","@id":"https:\/\/ecoss.net\/privacy-policy\/#breadcrumb","itemListElement":[{"@type":"ListItem","position":1,"name":"Home","item":"https:\/\/ecoss.net\/"},{"@type":"ListItem","position":2,"name":"Politika zasebnosti"}]},{"@type":"WebSite","@id":"https:\/\/ecoss.net\/#website","url":"https:\/\/ecoss.net\/","name":"ECOSS","description":"Ekosinergijski sustav","publisher":{"@id":"https:\/\/ecoss.net\/#organization"},"potentialAction":[{"@type":"SearchAction","target":{"@type":"EntryPoint","urlTemplate":"https:\/\/ecoss.net\/?s={search_term_string}"},"query-input":{"@type":"PropertyValueSpecification","valueRequired":true,"valueName":"search_term_string"}}],"inLanguage":"hr"},{"@type":"Organization","@id":"https:\/\/ecoss.net\/#organization","name":"EcoSynergy System","url":"https:\/\/ecoss.net\/","logo":{"@type":"ImageObject","inLanguage":"hr","@id":"https:\/\/ecoss.net\/#\/schema\/logo\/image\/","url":"https:\/\/ecoss.net\/wp-content\/uploads\/2023\/07\/ESS-PublishWall-logo-300x300-1.png","contentUrl":"https:\/\/ecoss.net\/wp-content\/uploads\/2023\/07\/ESS-PublishWall-logo-300x300-1.png","width":224,"height":224,"caption":"EcoSynergy System"},"image":{"@id":"https:\/\/ecoss.net\/#\/schema\/logo\/image\/"},"sameAs":["https:\/\/www.facebook.com\/ecosynergysystem","https:\/\/x.com\/EcoSynergyEcoss","https:\/\/www.instagram.com\/ecosynergysystem\/","https:\/\/www.linkedin.com\/in\/ecosynergy-system-environmental-solution-b9b62220a\/"]}]}},"_links":{"self":[{"href":"https:\/\/ecoss.net\/hr\/wp-json\/wp\/v2\/pages\/3","targetHints":{"allow":["GET"]}}],"collection":[{"href":"https:\/\/ecoss.net\/hr\/wp-json\/wp\/v2\/pages"}],"about":[{"href":"https:\/\/ecoss.net\/hr\/wp-json\/wp\/v2\/types\/page"}],"author":[{"embeddable":true,"href":"https:\/\/ecoss.net\/hr\/wp-json\/wp\/v2\/users\/34"}],"replies":[{"embeddable":true,"href":"https:\/\/ecoss.net\/hr\/wp-json\/wp\/v2\/comments?post=3"}],"version-history":[{"count":13,"href":"https:\/\/ecoss.net\/hr\/wp-json\/wp\/v2\/pages\/3\/revisions"}],"predecessor-version":[{"id":1544,"href":"https:\/\/ecoss.net\/hr\/wp-json\/wp\/v2\/pages\/3\/revisions\/1544"}],"wp:attachment":[{"href":"https:\/\/ecoss.net\/hr\/wp-json\/wp\/v2\/media?parent=3"}],"curies":[{"name":"wp","href":"https:\/\/api.w.org\/{rel}","templated":true}]}}