{"id":1067,"date":"2023-09-05T13:25:49","date_gmt":"2023-09-05T11:25:49","guid":{"rendered":"https:\/\/ecoss.akumen.eu\/?page_id=1067"},"modified":"2023-09-10T18:00:08","modified_gmt":"2023-09-10T16:00:08","slug":"term-and-conditions","status":"publish","type":"page","link":"https:\/\/ecoss.net\/hr\/term-and-conditions\/","title":{"rendered":"Pravila i uvjeti kori\u0161tenja"},"content":{"rendered":"<div data-elementor-type=\"wp-page\" data-elementor-id=\"1067\" class=\"elementor elementor-1067\" data-elementor-post-type=\"page\">\n\t\t\t\t<div class=\"elementor-element elementor-element-087d159 e-flex e-con-boxed e-con e-parent\" data-id=\"087d159\" data-element_type=\"container\" data-e-type=\"container\">\n\t\t\t\t\t<div class=\"e-con-inner\">\n\t\t\t\t<div class=\"elementor-element elementor-element-600463b elementor-widget elementor-widget-heading\" data-id=\"600463b\" data-element_type=\"widget\" data-e-type=\"widget\" data-widget_type=\"heading.default\">\n\t\t\t\t<div class=\"elementor-widget-container\">\n\t\t\t\t\t<h2 class=\"elementor-heading-title elementor-size-default\">Pravila i uvjeti kori\u0161tenja<\/h2>\t\t\t\t<\/div>\n\t\t\t\t<\/div>\n\t\t\t\t\t<\/div>\n\t\t\t\t<\/div>\n\t\t\t\t<section class=\"elementor-section elementor-top-section elementor-element elementor-element-b891be5 elementor-section-boxed elementor-section-height-default elementor-section-height-default\" data-id=\"b891be5\" data-element_type=\"section\" data-e-type=\"section\">\n\t\t\t\t\t\t<div class=\"elementor-container elementor-column-gap-default\">\n\t\t\t\t\t<div class=\"elementor-column elementor-col-100 elementor-top-column elementor-element elementor-element-744f0fe\" data-id=\"744f0fe\" data-element_type=\"column\" data-e-type=\"column\">\n\t\t\t<div class=\"elementor-widget-wrap elementor-element-populated\">\n\t\t\t\t\t\t<div class=\"elementor-element elementor-element-8958208 elementor-widget elementor-widget-text-editor\" data-id=\"8958208\" data-element_type=\"widget\" data-e-type=\"widget\" data-widget_type=\"text-editor.default\">\n\t\t\t\t<div class=\"elementor-widget-container\">\n\t\t\t\t\t\t\t\t\t<p>Dobro do\u0161li na ecoss.net, pru\u017eamo vam njegove usluge u skladu s obavijestima, odredbama i uvjetima navedenim u ovom ugovoru (&quot;Ugovor&quot;). Nadalje, kada koristite bilo koju uslugu ecoss.net (npr. recenzije kupaca), podlijegat \u0107ete pravilima, smjernicama, politikama, odredbama i uvjetima koji se primjenjuju na takve usluge, a koji su ovom referencom uklju\u010deni u ovaj Ugovor. Web stranica\/portal ecoss.net zadr\u017eava pravo promjene ove stranice i ovih uvjeta u bilo kojem trenutku. Pristupom, pregledavanjem ili drugim kori\u0161tenjem Stranice, suglasni ste biti vezani svim odredbama i uvjetima ovog Ugovora, stoga pa\u017eljivo pro\u010ditajte ovaj Ugovor prije nego nastavite.<\/p><p><strong>\u00a0<\/strong><\/p><h2><strong>Kori\u0161tenje web stranice<\/strong><\/h2><p>Izjavljujete i jam\u010dite da imate najmanje 18 godina ili da stranicu posje\u0107ujete pod nadzorom roditelja ili skrbnika. U skladu s odredbama i uvjetima ovog Ugovora, ecoss.net vam daje ograni\u010denu, opozivu, neprenosivu i neisklju\u010divu licencu za pristup i kori\u0161tenje web stranice prikazivanjem iste u va\u0161em web pregledniku isklju\u010divo u svrhu nabave artikala koji se prodaju na Web stranici - Trgovina prehrambenim i neprehrambenim proizvodima, uslu\u017ena djelatnost, najam opreme, burza sirovina, kori\u0161tenje ESG aplikacije 24\/7, monetizacija deviznih depozita, vrijeme i znanje, monetizacija\/demonetizacija\/prijenos ECOSS algoritma me\u0111u \u010dlanovima, itd. i ne za bilo kakvu komercijalnu upotrebu ili upotrebu u ime bilo koje tre\u0107e strane osim ako to ecoss.net unaprijed izri\u010dito ne dopusti. Svako kr\u0161enje ovog Ugovora rezultirat \u0107e trenuta\u010dnim opozivom licence dodijeljene u ovom stavku bez prethodne obavijesti. Osim kako je dopu\u0161teno u gornjem paragrafu, ne smijete reproducirati, distribuirati, prikazivati, prodavati, iznajmljivati, prenositi, stvarati izvedenice, prevoditi, obrnuti in\u017eenjering, rastavljati, dekompilirati ili na drugi na\u010din iskori\u0161tavati ovu stranicu ili bilo koji njezin dio, osim ako ecoss.net izri\u010dito dopu\u0161ta to pismenim putem. Ne smijete koristiti bilo koje informacije na web stranici u komercijalne svrhe ili koristiti web stranicu na bilo koji na\u010din u korist druge tvrtke, osim ako ecoss.net to unaprijed izri\u010dito dopusti. Ecoss.net zadr\u017eava pravo, prema vlastitom naho\u0111enju, odbiti uslugu, ukinuti ra\u010dune i\/ili otkazati narud\u017ebe, uklju\u010duju\u0107i, bez ograni\u010denja, ako smatra da pona\u0161anje korisnika kr\u0161i va\u017ee\u0107e zakone ili \u0161teti interesima ecoss.net. Ne smijete postavljati, distribuirati ili na drugi na\u010din objavljivati putem ove stranice bilo kakav sadr\u017eaj, informacije ili drugi materijal koji (a) kr\u0161i ili kr\u0161i bilo koje autorsko pravo, patent, za\u0161titni znak, znak usluge, poslovnu tajnu ili druga vlasni\u010dka prava bilo koje osobe; (b) je klevetni\u010dki, prijete\u0107i, klevetni\u010dki, opscen, nepristojan, pornografski ili bi mogao dovesti do bilo kakve gra\u0111anske ili kaznene odgovornosti prema me\u0111unarodnom pravu; ili (c) uklju\u010duje bugove, viruse, crve, zamke, trojanske konje ili druge \u0161tetne kodove ili zna\u010dajke. Ecoss.net vam mo\u017ee dodijeliti lozinku i identifikaciju ra\u010duna kako bi vam omogu\u0107io pristup i kori\u0161tenje odre\u0111enih dijelova ove stranice. Svaki put kada koristite lozinku ili identifikaciju, smatrat \u0107e se da ste ovla\u0161teni za pristup i kori\u0161tenje Stranice na na\u010din koji je u skladu s odredbama i uvjetima ovog Ugovora, a ecoss.net ne\u0107e imati obvezu istra\u017eiti autorizaciju ili izvor svaki takav pristup ili kori\u0161tenje web stranice. Vi \u0107ete biti isklju\u010divo odgovorni za sav pristup i kori\u0161tenje ove stranice od strane bilo koga tko koristi lozinku i identifikaciju koji su vam izvorno dodijeljeni, bez obzira jeste li doista odobrili takav pristup i kori\u0161tenje ove stranice, uklju\u010duju\u0107i bez ograni\u010denja sve komunikacije i prijenose i sve obveze (uklju\u010duju\u0107i bez ograni\u010denja financijske obveze) koje proizlaze iz takvog pristupa ili kori\u0161tenja. Vi ste odgovorni za odr\u017eavanje sigurnosti i povjerljivosti lozinke i identifikacije koja vam je dodijeljena. Morate odmah obavijestiti Ecoss.net o bilo kakvom neovla\u0161tenom kori\u0161tenju va\u0161e lozinke ili identifikacije ili bilo kakvom drugom kr\u0161enju ili prijetnji kr\u0161enju sigurnosti ove stranice.<\/p><p>\u00a0<\/p><h2><strong>Intelektualno vlasni\u0161tvo<\/strong><\/h2><p>Sav tekst, grafika, ikone gumba, slike, zvu\u010dni zapisi i softver (zajedni\u010dki &quot;Sadr\u017eaj&quot;) pripadaju isklju\u010divo ecoss.net. Prikupljanje, ure\u0111ivanje i kompilacija svih sadr\u017eaja na ovoj web stranici (&quot;kompilacija&quot;) pripada isklju\u010divo ecoss.net. Sav softver kori\u0161ten na ovoj web stranici (&quot;Softver&quot;) vlasni\u0161tvo je ecoss.net. Sadr\u017eaj, kompilacija i softver za\u0161ti\u0107eni su me\u0111unarodnim zakonima o autorskim pravima. Ostali logotipi, slogani, trgova\u010dki nazivi ili rije\u010di registrirani su za\u0161titni znaci, za\u0161titni znakovi ili uslu\u017eni znakovi ecoss.net-a, njegovih dobavlja\u010da ili tre\u0107ih strana. Kori\u0161tenje bilo kojeg trgova\u010dkog ili servisnog znaka ecoss.net bez njegovog izri\u010ditog pisanog pristanka strogo je zabranjeno. Ne smijete koristiti proizvode ili usluge marke ecoss.net niti na bilo koji na\u010din koji bi mogao izazvati zabunu. Ne smijete koristiti ecoss.net za\u0161titne ili uslu\u017ene znakove na bilo koji na\u010din koji omalova\u017eava ili diskreditira ecoss.net.<\/p><p>\u00a0<\/p><h2><strong>Raskid i u\u010dinak raskida<\/strong><\/h2><p>Uz sve druge pravne ili pravi\u010dne pravnih sredstava, ecoss.net mo\u017ee odmah raskinuti ovaj Ugovor ili opozvati neka ili sva va\u0161a prava dodijeljena ovim Ugovorom bez prethodne obavijesti. Po bilo kakvom raskidu ovog Ugovora, morate odmah prekinuti svaki pristup i kori\u0161tenje Stranice, a ecoss.net \u0107e, uz sve druge pravne ili pravi\u010dnih sredstava, odmah opozvati sve lozinke i identifikacijske podatke ra\u010duna koji su Vam izdani i odbiti, u u cijelosti ili djelomi\u010dno, va\u0161 pristup i kori\u0161tenje ove stranice. Svaki raskid ovog Ugovora ne\u0107e utjecati na odgovaraju\u0107a prava i obveze (uklju\u010duju\u0107i, bez ograni\u010denja, obveze pla\u0107anja) strana koje su nastale prije datuma raskida.<\/p><h2><strong>Odricanje od odgovornosti i ograni\u010denje odgovornosti<\/strong><\/h2><p>Osim ako nije druga\u010dije navedeno u Uvjetima prodaje proizvoda\/usluga, najma opreme, razmjena robe, kori\u0161tenje aplikacije ESG 24\/7, monetizacija deviznih depozita, vrijeme i znanje, monetizacija\/demonetizacija\/prijenos ECOSS algoritma izme\u0111u \u010dlanovima na ovoj stranici, ecoss.net ovu web stranicu \u010dini dostupnom za kori\u0161tenje gore navedenog i za transakcije koje se putem nje provode na temelju takve kakve jesu. Ecoss.net ne daje nikakva jamstva, izri\u010dita ili pre\u0161utna, u vezi s radom web-mjesta ili informacija, sadr\u017eaja, materijala ili proizvoda uklju\u010denih na ovo web-mjesto, osim kako je ovdje navedeno u najve\u0107oj mjeri dopu\u0161tenoj primjenjivim zakonom, ecoss.net .net odri\u010de se svih jamstava, izri\u010ditih ili pre\u0161utnih, uklju\u010duju\u0107i, ali ne ograni\u010davaju\u0107i se na, pre\u0161utna jamstva u pogledu mogu\u0107nosti prodaje i prikladnosti za odre\u0111enu svrhu, nekr\u0161enja, prava vlasni\u0161tva, tihog u\u017eivanja, to\u010dnosti podataka i integracije sustava. Ova web stranica mo\u017ee sadr\u017eavati neto\u010dnosti, pogre\u0161ke ili tiskarske pogre\u0161ke. Ecoss.net ne jam\u010di da \u0107e Sadr\u017eaj biti neprekinut ili bez gre\u0161aka. U najve\u0107oj mjeri dopu\u0161tenim zakonom, ecoss.net ne\u0107e biti odgovoran za bilo kakvu \u0161tetu bilo koje vrste proiza\u0161lu iz kori\u0161tenja ove web stranice, uklju\u010duju\u0107i ali ne ograni\u010davaju\u0107i se na neizravnu, slu\u010dajnu, kaznenu, egzemplarnu, posebnu ili posljedi\u010dnu \u0161tetu.<br \/>U najve\u0107oj mjeri dopu\u0161tenoj va\u017ee\u0107im zakonom, ukupna odgovornost ecoss.net-a prema vama za bilo kakvu \u0161tetu (bez obzira na uzrok tu\u017ebe) ne\u0107e prema\u0161iti ukupan iznos naknada koje ste stvarno platili ecoss.net-u tijekom mjeseca neposredno prije \u010dina to bi trebalo rezultirati odgovorno\u0161\u0107u ecoss.net-a, prihva\u0107anje narud\u017ebi \u02ddImajte na umu da mo\u017eda ne\u0107emo mo\u0107i prihvatiti neke narud\u017ebe i da \u0107emo ih morati otkazati\u02dd. Ecoss.net zadr\u017eava pravo, prema vlastitom naho\u0111enju, odbiti ili otkazati bilo koju narud\u017ebu iz bilo kojeg razloga. Neke od situacija koje mogu rezultirati otkazivanjem va\u0161e narud\u017ebe uklju\u010duju ograni\u010denja koli\u010dina dostupnih za kupnju, neto\u010dnosti ili pogre\u0161ke u informacijama o proizvodu ili cijenama ili probleme koje je otkrio na\u0161 Odjel za izbjegavanje kredita i prijevara. Tako\u0111er mo\u017eemo zahtijevati dodatne provjere ili informacije prije prihva\u0107anja bilo koje narud\u017ebe ili ECOSS monetizacije\/demonetizacije\/prijenosa izme\u0111u \u010dlanova. Kontaktirat \u0107emo vas ako cijela ili bilo koji dio va\u0161e narud\u017ebe bude otkazan ili ako su potrebne dodatne informacije za prihva\u0107anje va\u0161e narud\u017ebe.<\/p><p>\u00a0<\/p><h2><strong>Tiskarske gre\u0161ke<\/strong><\/h2><p>Iako ecoss.net nastoji pru\u017eiti to\u010dne informacije o proizvodima, uslugama i cijenama, mo\u017ee do\u0107i do gre\u0161aka u cijenama ili tipografskih pogre\u0161aka. Ecoss.net ne mo\u017ee potvrditi cijenu artikla\/usluge dok ne izvr\u0161ite narud\u017ebu. U slu\u010daju da je artikal\/usluga navedena s neto\u010dnom cijenom ili s neto\u010dnim podacima zbog pogre\u0161ke u podacima o cijeni ili proizvodu\/usluzi, ecoss.net ima pravo, prema vlastitom naho\u0111enju, odbiti ili otkazati bilo koju narud\u017ebu za taj predmet\/uslugu. U slu\u010daju da je cijena artikla\/usluge neto\u010dna, ecoss.net vas mo\u017ee prema vlastitom naho\u0111enju kontaktirati za upute ili otkazati va\u0161u narud\u017ebu i obavijestiti vas o takvom otkazu.<\/p><h2><strong>Veze<\/strong><\/h2><p>Ova web stranica mo\u017ee sadr\u017eavati poveznice na druge web stranice na internetu koje su u vlasni\u0161tvu i kojima upravljaju tre\u0107e strane. Potvr\u0111ujemo da ecoss.net nije odgovoran za rad ili sadr\u017eaj koji se nalazi na ili putem bilo koje takve stranice.<\/p><h2><strong>Pravna sredstva<\/strong><\/h2><p>Sla\u017eete se da bi pravno sredstvo ecoss.net-a za bilo kakvo stvarno ili prijete\u0107e kr\u0161enje ovog Ugovora bilo neadekvatno i da ecoss.net ima pravo na odre\u0111enu izvedbu ili zabranu, ili oboje, uz bilo koju \u0161tetu koja se mo\u017ee zakonito nadoknaditi za ecoss.net, zajedno s razumnim tro\u0161kovima bilo kojeg oblika rje\u0161avanja sporova, uklju\u010duju\u0107i, bez ograni\u010denja, odvjetni\u010dke naknade. Nijedno pravo ili pravno sredstvo ecoss.net-a ne\u0107e biti isklju\u010divo od drugih, po zakonu ili u kapitalu, uklju\u010duju\u0107i, bez ograni\u010denja, zabranu, odvjetni\u010dke naknade i tro\u0161kove. Nikakvo odricanje od strane ecoss.neta od svojih prava ili pravnih sredstava prema ovim Uvjetima ne\u0107e predstavljati nikakvu obvezu odobravanja bilo kakvog sli\u010dnog, budu\u0107eg ili drugog odricanja.<\/p>\t\t\t\t\t\t\t\t<\/div>\n\t\t\t\t<\/div>\n\t\t\t\t\t<\/div>\n\t\t<\/div>\n\t\t\t\t\t<\/div>\n\t\t<\/section>\n\t\t\t\t<\/div>","protected":false},"excerpt":{"rendered":"<p>Dobrodo\u0161li na ecoss.net, nudimo vam njegove storitve v skladu z obvestili, dolo\u010dili in pogoji, dolo\u010denimi v tej pogodbi (\u00bbpogodba\u00ab). Poleg tega, ko uporabljate katero koli storitev ecoss.net (npr. ocene strank), boste podvr\u017eeni pravilom, smernicam, pravilnikom, dolo\u010dilom in pogojem, ki veljajo za take storitve, in so vklju\u010deni v to pogodbo s tem sklicevanjem. Spletna stran\/portal ecoss.net [&hellip;]<\/p>\n","protected":false},"author":34,"featured_media":0,"parent":0,"menu_order":0,"comment_status":"closed","ping_status":"closed","template":"","meta":{"inline_featured_image":false,"footnotes":""},"class_list":["post-1067","page","type-page","status-publish","hentry"],"yoast_head":"<!-- This site is optimized with the Yoast SEO plugin v27.1.1 - https:\/\/yoast.com\/product\/yoast-seo-wordpress\/ -->\n<title>Pravila in pogoji uporabe - ECOSS<\/title>\n<meta name=\"robots\" content=\"index, follow, max-snippet:-1, max-image-preview:large, max-video-preview:-1\" \/>\n<link rel=\"canonical\" href=\"https:\/\/ecoss.net\/hr\/term-and-conditions\/\" \/>\n<meta property=\"og:locale\" content=\"hr_HR\" \/>\n<meta property=\"og:type\" content=\"article\" \/>\n<meta property=\"og:title\" content=\"Pravila in pogoji uporabe - ECOSS\" \/>\n<meta property=\"og:description\" content=\"Dobrodo\u0161li na ecoss.net, nudimo vam njegove storitve v skladu z obvestili, dolo\u010dili in pogoji, dolo\u010denimi v tej pogodbi (\u00bbpogodba\u00ab). Poleg tega, ko uporabljate katero koli storitev ecoss.net (npr. ocene strank), boste podvr\u017eeni pravilom, smernicam, pravilnikom, dolo\u010dilom in pogojem, ki veljajo za take storitve, in so vklju\u010deni v to pogodbo s tem sklicevanjem. Spletna stran\/portal ecoss.net [&hellip;]\" \/>\n<meta property=\"og:url\" content=\"https:\/\/ecoss.net\/hr\/term-and-conditions\/\" \/>\n<meta property=\"og:site_name\" content=\"ECOSS\" \/>\n<meta property=\"article:publisher\" content=\"https:\/\/www.facebook.com\/ecosynergysystem\" \/>\n<meta property=\"article:modified_time\" content=\"2023-09-10T16:00:08+00:00\" \/>\n<meta property=\"og:image\" content=\"https:\/\/ecoss.net\/wp-content\/uploads\/2023\/09\/Ecoss.net-logo.png\" \/>\n\t<meta property=\"og:image:width\" content=\"1778\" \/>\n\t<meta property=\"og:image:height\" content=\"1777\" \/>\n\t<meta property=\"og:image:type\" content=\"image\/png\" \/>\n<meta name=\"twitter:card\" content=\"summary_large_image\" \/>\n<meta name=\"twitter:site\" content=\"@EcoSynergyEcoss\" \/>\n<meta name=\"twitter:label1\" content=\"Procijenjeno vrijeme \u010ditanja\" \/>\n\t<meta name=\"twitter:data1\" content=\"7 minuta\" \/>\n<script type=\"application\/ld+json\" class=\"yoast-schema-graph\">{\"@context\":\"https:\/\/schema.org\",\"@graph\":[{\"@type\":\"WebPage\",\"@id\":\"https:\/\/ecoss.net\/th\/term-and-conditions\/\",\"url\":\"https:\/\/ecoss.net\/th\/term-and-conditions\/\",\"name\":\"Pravila in pogoji uporabe - ECOSS\",\"isPartOf\":{\"@id\":\"https:\/\/ecoss.net\/#website\"},\"datePublished\":\"2023-09-05T11:25:49+00:00\",\"dateModified\":\"2023-09-10T16:00:08+00:00\",\"breadcrumb\":{\"@id\":\"https:\/\/ecoss.net\/th\/term-and-conditions\/#breadcrumb\"},\"inLanguage\":\"hr\",\"potentialAction\":[{\"@type\":\"ReadAction\",\"target\":[\"https:\/\/ecoss.net\/th\/term-and-conditions\/\"]}]},{\"@type\":\"BreadcrumbList\",\"@id\":\"https:\/\/ecoss.net\/th\/term-and-conditions\/#breadcrumb\",\"itemListElement\":[{\"@type\":\"ListItem\",\"position\":1,\"name\":\"Home\",\"item\":\"https:\/\/ecoss.net\/\"},{\"@type\":\"ListItem\",\"position\":2,\"name\":\"Pravila in pogoji uporabe\"}]},{\"@type\":\"WebSite\",\"@id\":\"https:\/\/ecoss.net\/#website\",\"url\":\"https:\/\/ecoss.net\/\",\"name\":\"ECOSS\",\"description\":\"Ecosynergy System\",\"publisher\":{\"@id\":\"https:\/\/ecoss.net\/#organization\"},\"potentialAction\":[{\"@type\":\"SearchAction\",\"target\":{\"@type\":\"EntryPoint\",\"urlTemplate\":\"https:\/\/ecoss.net\/?s={search_term_string}\"},\"query-input\":{\"@type\":\"PropertyValueSpecification\",\"valueRequired\":true,\"valueName\":\"search_term_string\"}}],\"inLanguage\":\"hr\"},{\"@type\":\"Organization\",\"@id\":\"https:\/\/ecoss.net\/#organization\",\"name\":\"EcoSynergy System\",\"url\":\"https:\/\/ecoss.net\/\",\"logo\":{\"@type\":\"ImageObject\",\"inLanguage\":\"hr\",\"@id\":\"https:\/\/ecoss.net\/#\/schema\/logo\/image\/\",\"url\":\"https:\/\/ecoss.net\/wp-content\/uploads\/2023\/07\/ESS-PublishWall-logo-300x300-1.png\",\"contentUrl\":\"https:\/\/ecoss.net\/wp-content\/uploads\/2023\/07\/ESS-PublishWall-logo-300x300-1.png\",\"width\":224,\"height\":224,\"caption\":\"EcoSynergy System\"},\"image\":{\"@id\":\"https:\/\/ecoss.net\/#\/schema\/logo\/image\/\"},\"sameAs\":[\"https:\/\/www.facebook.com\/ecosynergysystem\",\"https:\/\/x.com\/EcoSynergyEcoss\",\"https:\/\/www.instagram.com\/ecosynergysystem\/\",\"https:\/\/www.linkedin.com\/in\/ecosynergy-system-environmental-solution-b9b62220a\/\"]}]}<\/script>\n<!-- \/ Yoast SEO plugin. -->","yoast_head_json":{"title":"Pravila i uvjeti kori\u0161tenja - ECOSS","robots":{"index":"index","follow":"follow","max-snippet":"max-snippet:-1","max-image-preview":"max-image-preview:large","max-video-preview":"max-video-preview:-1"},"canonical":"https:\/\/ecoss.net\/hr\/term-and-conditions\/","og_locale":"hr_HR","og_type":"article","og_title":"Pravila in pogoji uporabe - ECOSS","og_description":"Dobrodo\u0161li na ecoss.net, nudimo vam njegove storitve v skladu z obvestili, dolo\u010dili in pogoji, dolo\u010denimi v tej pogodbi (\u00bbpogodba\u00ab). Poleg tega, ko uporabljate katero koli storitev ecoss.net (npr. ocene strank), boste podvr\u017eeni pravilom, smernicam, pravilnikom, dolo\u010dilom in pogojem, ki veljajo za take storitve, in so vklju\u010deni v to pogodbo s tem sklicevanjem. Spletna stran\/portal ecoss.net [&hellip;]","og_url":"https:\/\/ecoss.net\/hr\/term-and-conditions\/","og_site_name":"ECOSS","article_publisher":"https:\/\/www.facebook.com\/ecosynergysystem","article_modified_time":"2023-09-10T16:00:08+00:00","og_image":[{"width":1778,"height":1777,"url":"https:\/\/ecoss.net\/wp-content\/uploads\/2023\/09\/Ecoss.net-logo.png","type":"image\/png"}],"twitter_card":"summary_large_image","twitter_site":"@EcoSynergyEcoss","twitter_misc":{"Procijenjeno vrijeme \u010ditanja":"7 minuta"},"schema":{"@context":"https:\/\/schema.org","@graph":[{"@type":"WebPage","@id":"https:\/\/ecoss.net\/th\/term-and-conditions\/","url":"https:\/\/ecoss.net\/th\/term-and-conditions\/","name":"Pravila i uvjeti kori\u0161tenja - ECOSS","isPartOf":{"@id":"https:\/\/ecoss.net\/#website"},"datePublished":"2023-09-05T11:25:49+00:00","dateModified":"2023-09-10T16:00:08+00:00","breadcrumb":{"@id":"https:\/\/ecoss.net\/th\/term-and-conditions\/#breadcrumb"},"inLanguage":"hr","potentialAction":[{"@type":"ReadAction","target":["https:\/\/ecoss.net\/th\/term-and-conditions\/"]}]},{"@type":"BreadcrumbList","@id":"https:\/\/ecoss.net\/th\/term-and-conditions\/#breadcrumb","itemListElement":[{"@type":"ListItem","position":1,"name":"Home","item":"https:\/\/ecoss.net\/"},{"@type":"ListItem","position":2,"name":"Pravila in pogoji uporabe"}]},{"@type":"WebSite","@id":"https:\/\/ecoss.net\/#website","url":"https:\/\/ecoss.net\/","name":"ECOSS","description":"Ekosinergijski sustav","publisher":{"@id":"https:\/\/ecoss.net\/#organization"},"potentialAction":[{"@type":"SearchAction","target":{"@type":"EntryPoint","urlTemplate":"https:\/\/ecoss.net\/?s={search_term_string}"},"query-input":{"@type":"PropertyValueSpecification","valueRequired":true,"valueName":"search_term_string"}}],"inLanguage":"hr"},{"@type":"Organization","@id":"https:\/\/ecoss.net\/#organization","name":"EcoSynergy System","url":"https:\/\/ecoss.net\/","logo":{"@type":"ImageObject","inLanguage":"hr","@id":"https:\/\/ecoss.net\/#\/schema\/logo\/image\/","url":"https:\/\/ecoss.net\/wp-content\/uploads\/2023\/07\/ESS-PublishWall-logo-300x300-1.png","contentUrl":"https:\/\/ecoss.net\/wp-content\/uploads\/2023\/07\/ESS-PublishWall-logo-300x300-1.png","width":224,"height":224,"caption":"EcoSynergy System"},"image":{"@id":"https:\/\/ecoss.net\/#\/schema\/logo\/image\/"},"sameAs":["https:\/\/www.facebook.com\/ecosynergysystem","https:\/\/x.com\/EcoSynergyEcoss","https:\/\/www.instagram.com\/ecosynergysystem\/","https:\/\/www.linkedin.com\/in\/ecosynergy-system-environmental-solution-b9b62220a\/"]}]}},"_links":{"self":[{"href":"https:\/\/ecoss.net\/hr\/wp-json\/wp\/v2\/pages\/1067","targetHints":{"allow":["GET"]}}],"collection":[{"href":"https:\/\/ecoss.net\/hr\/wp-json\/wp\/v2\/pages"}],"about":[{"href":"https:\/\/ecoss.net\/hr\/wp-json\/wp\/v2\/types\/page"}],"author":[{"embeddable":true,"href":"https:\/\/ecoss.net\/hr\/wp-json\/wp\/v2\/users\/34"}],"replies":[{"embeddable":true,"href":"https:\/\/ecoss.net\/hr\/wp-json\/wp\/v2\/comments?post=1067"}],"version-history":[{"count":8,"href":"https:\/\/ecoss.net\/hr\/wp-json\/wp\/v2\/pages\/1067\/revisions"}],"predecessor-version":[{"id":1353,"href":"https:\/\/ecoss.net\/hr\/wp-json\/wp\/v2\/pages\/1067\/revisions\/1353"}],"wp:attachment":[{"href":"https:\/\/ecoss.net\/hr\/wp-json\/wp\/v2\/media?parent=1067"}],"curies":[{"name":"wp","href":"https:\/\/api.w.org\/{rel}","templated":true}]}}