{"id":1067,"date":"2023-09-05T13:25:49","date_gmt":"2023-09-05T11:25:49","guid":{"rendered":"https:\/\/ecoss.akumen.eu\/?page_id=1067"},"modified":"2023-09-10T18:00:08","modified_gmt":"2023-09-10T16:00:08","slug":"term-and-conditions","status":"publish","type":"page","link":"https:\/\/ecoss.net\/fr\/term-and-conditions\/","title":{"rendered":"Termes et conditions d&#039;utilisation"},"content":{"rendered":"<div data-elementor-type=\"wp-page\" data-elementor-id=\"1067\" class=\"elementor elementor-1067\" data-elementor-post-type=\"page\">\n\t\t\t\t<div class=\"elementor-element elementor-element-087d159 e-flex e-con-boxed e-con e-parent\" data-id=\"087d159\" data-element_type=\"container\" data-e-type=\"container\">\n\t\t\t\t\t<div class=\"e-con-inner\">\n\t\t\t\t<div class=\"elementor-element elementor-element-600463b elementor-widget elementor-widget-heading\" data-id=\"600463b\" data-element_type=\"widget\" data-e-type=\"widget\" data-widget_type=\"heading.default\">\n\t\t\t\t<div class=\"elementor-widget-container\">\n\t\t\t\t\t<h2 class=\"elementor-heading-title elementor-size-default\">Termes et conditions d&#039;utilisation<\/h2>\t\t\t\t<\/div>\n\t\t\t\t<\/div>\n\t\t\t\t\t<\/div>\n\t\t\t\t<\/div>\n\t\t\t\t<section class=\"elementor-section elementor-top-section elementor-element elementor-element-b891be5 elementor-section-boxed elementor-section-height-default elementor-section-height-default\" data-id=\"b891be5\" data-element_type=\"section\" data-e-type=\"section\">\n\t\t\t\t\t\t<div class=\"elementor-container elementor-column-gap-default\">\n\t\t\t\t\t<div class=\"elementor-column elementor-col-100 elementor-top-column elementor-element elementor-element-744f0fe\" data-id=\"744f0fe\" data-element_type=\"column\" data-e-type=\"column\">\n\t\t\t<div class=\"elementor-widget-wrap elementor-element-populated\">\n\t\t\t\t\t\t<div class=\"elementor-element elementor-element-8958208 elementor-widget elementor-widget-text-editor\" data-id=\"8958208\" data-element_type=\"widget\" data-e-type=\"widget\" data-widget_type=\"text-editor.default\">\n\t\t\t\t<div class=\"elementor-widget-container\">\n\t\t\t\t\t\t\t\t\t<p>Bienvenue sur ecoss.net, nous vous fournissons ses services sous r\u00e9serve des avis, termes et conditions \u00e9nonc\u00e9s dans le pr\u00e9sent accord (\u00ab Accord \u00bb). De plus, lorsque vous utilisez un service ecoss.net (par exemple, avis clients), vous serez soumis aux r\u00e8gles, directives, politiques, termes et conditions applicables \u00e0 ces services, qui sont incorpor\u00e9s dans le pr\u00e9sent Accord par cette r\u00e9f\u00e9rence. Le site\/portail ecoss.net se r\u00e9serve le droit de modifier cette page et les pr\u00e9sentes conditions g\u00e9n\u00e9rales \u00e0 tout moment. En acc\u00e9dant, en parcourant ou en utilisant autrement le site, vous acceptez d&#039;\u00eatre li\u00e9 par tous les termes et conditions du pr\u00e9sent accord, veuillez donc lire attentivement cet accord avant de continuer.<\/p><p><strong>\u00a0<\/strong><\/p><h2><strong>Utilisation du site Internet<\/strong><\/h2><p>Vous d\u00e9clarez et garantissez que vous avez au moins 18 ans ou que vous visitez le Site sous la surveillance d&#039;un parent ou d&#039;un tuteur. Sous r\u00e9serve des termes et conditions du pr\u00e9sent accord, ecoss.net vous accorde une licence limit\u00e9e, r\u00e9vocable, non transf\u00e9rable et non exclusive pour acc\u00e9der et utiliser le site Web en l&#039;affichant dans votre navigateur Web dans le seul but d&#039;obtenir des articles vendus sur le Site Internet - Magasin de produits alimentaires et non alimentaires, activit\u00e9 de service, partage de mat\u00e9riel, \u00e9change de marchandises, utilisation de l&#039;application ESG 24h\/24 et 7j\/7, mon\u00e9tisation des d\u00e9p\u00f4ts en devises, temps et connaissances, mon\u00e9tisation\/d\u00e9mon\u00e9tisation\/transfert de l&#039;algorithme ECOSS entre les membres, etc. et pas pour un usage commercial ou pour le compte d&#039;un tiers, sauf autorisation expresse pr\u00e9alable d&#039;ecoss.net. Toute violation du pr\u00e9sent Accord entra\u00eenera la r\u00e9vocation imm\u00e9diate de la licence accord\u00e9e dans le pr\u00e9sent paragraphe sans pr\u00e9avis. Sauf dans les cas autoris\u00e9s dans le paragraphe ci-dessus, vous ne pouvez pas reproduire, distribuer, afficher, vendre, louer, transmettre, cr\u00e9er des d\u00e9riv\u00e9s, traduire, faire de l&#039;ing\u00e9nierie inverse, d\u00e9sassembler, d\u00e9compiler ou exploiter de toute autre mani\u00e8re ce site ou toute partie de celui-ci, sauf si ecoss.net le pr\u00e9voit express\u00e9ment. le permet par \u00e9crit. Vous ne pouvez pas utiliser les informations du site Web \u00e0 des fins commerciales ni utiliser le site Web de quelque mani\u00e8re que ce soit au profit d&#039;une autre soci\u00e9t\u00e9, \u00e0 moins qu&#039;ecoss.net ne l&#039;autorise express\u00e9ment au pr\u00e9alable. Ecoss.net se r\u00e9serve le droit, \u00e0 sa seule discr\u00e9tion, de refuser le service, de r\u00e9silier des comptes et\/ou d&#039;annuler des commandes, y compris, sans s&#039;y limiter, s&#039;il estime que la conduite du client viole les lois applicables ou nuit aux int\u00e9r\u00eats d&#039;ecoss.net. Vous ne pouvez pas t\u00e9l\u00e9charger, distribuer ou publier de toute autre mani\u00e8re via ce site tout contenu, information ou autre mat\u00e9riel qui (a) enfreint ou enfreint tout droit d&#039;auteur, brevet, marque commerciale, marque de service, secret commercial ou autre droit de propri\u00e9t\u00e9 de toute personne\u00a0; (b) est diffamatoire, mena\u00e7ant, obsc\u00e8ne, ind\u00e9cent, pornographique ou pourrait donner lieu \u00e0 une responsabilit\u00e9 civile ou p\u00e9nale en vertu du droit international\u00a0; ou (c) inclut des bogues, des virus, des vers, des pi\u00e8ges, des chevaux de Troie ou d&#039;autres codes ou fonctionnalit\u00e9s nuisibles. Ecoss.net peut vous attribuer un mot de passe et une identification de compte pour vous permettre d&#039;acc\u00e9der et d&#039;utiliser certaines parties de ce site. Chaque fois que vous utilisez un mot de passe ou une identification, vous serez r\u00e9put\u00e9 \u00eatre autoris\u00e9 \u00e0 acc\u00e9der et \u00e0 utiliser le site d&#039;une mani\u00e8re conforme aux termes et conditions du pr\u00e9sent accord, et ecoss.net n&#039;aura aucune obligation d&#039;enqu\u00eater sur l&#039;autorisation ou la source de tout acc\u00e8s ou utilisation du site Web. Vous serez seul responsable de tout acc\u00e8s et utilisation de ce site par toute personne utilisant le mot de passe et l&#039;identification initialement attribu\u00e9s, que vous ayez effectivement autoris\u00e9 ou non cet acc\u00e8s et cette utilisation de ce site, y compris, sans limitation, toutes les communications et transmissions et tous obligations (y compris, sans s&#039;y limiter, les obligations financi\u00e8res) d\u00e9coulant d&#039;un tel acc\u00e8s ou utilisation. Vous \u00eates responsable du maintien de la s\u00e9curit\u00e9 et de la confidentialit\u00e9 du mot de passe et de l\u2019identification qui vous sont attribu\u00e9s. Vous devez informer imm\u00e9diatement Ecoss.net de toute utilisation non autoris\u00e9e de votre mot de passe ou de votre identification ou de toute autre violation ou menace de violation de la s\u00e9curit\u00e9 de ce site.<\/p><p>\u00a0<\/p><h2><strong>Propri\u00e9t\u00e9 intellectuelle<\/strong><\/h2><p>Tous les textes, graphiques, ic\u00f4nes de boutons, images, enregistrements sonores et logiciels (collectivement le \u00ab Contenu \u00bb) appartiennent exclusivement \u00e0 ecoss.net. La collecte, l&#039;\u00e9dition et la compilation de tout le contenu de ce site Internet (\u00ab compilation \u00bb) appartiennent exclusivement \u00e0 ecoss.net. Tous les logiciels utilis\u00e9s sur ce site Internet (\u00ab Logiciel \u00bb) sont la propri\u00e9t\u00e9 d&#039;ecoss.net. Le contenu, la compilation et les logiciels sont prot\u00e9g\u00e9s par les lois internationales sur le droit d&#039;auteur. Les autres logos, slogans, noms commerciaux ou mots sont des marques d\u00e9pos\u00e9es, des marques ou des marques de service d&#039;ecoss.net, de ses fournisseurs ou de tiers. L&#039;utilisation de toute marque commerciale ou marque de service ecoss.net sans son consentement \u00e9crit expr\u00e8s est strictement interdite. Vous ne pouvez pas utiliser les produits ou services de la marque ecoss.net ou de toute mani\u00e8re susceptible de pr\u00eater \u00e0 confusion. Vous ne pouvez pas utiliser les marques commerciales ou les marques de service d&#039;ecoss.net d&#039;une mani\u00e8re qui d\u00e9nigre ou discr\u00e9dite ecoss.net.<\/p><p>\u00a0<\/p><h2><strong>R\u00e9siliation et effet de la r\u00e9siliation<\/strong><\/h2><p>En plus de tout autre recours l\u00e9gal ou \u00e9quitable, ecoss.net peut imm\u00e9diatement r\u00e9silier le pr\u00e9sent Contrat ou r\u00e9voquer tout ou partie de vos droits accord\u00e9s en vertu du pr\u00e9sent Contrat sans pr\u00e9avis. En cas de r\u00e9siliation du pr\u00e9sent Contrat, vous devez imm\u00e9diatement cesser tout acc\u00e8s et utilisation du Site, et ecoss.net, en plus de tous les autres recours l\u00e9gaux ou \u00e9quitables, r\u00e9voquera imm\u00e9diatement tous les mots de passe et identifiants de compte qui vous ont \u00e9t\u00e9 d\u00e9livr\u00e9s et rejettera, en tout ou partie, votre acc\u00e8s et votre utilisation de ce site. Toute r\u00e9siliation du pr\u00e9sent Contrat n\u2019affectera pas les droits et obligations respectifs (y compris, sans limitation, les obligations de paiement) des parties n\u00e9s avant la date de r\u00e9siliation.<\/p><h2><strong>Avis de non-responsabilit\u00e9 et limitation de responsabilit\u00e9<\/strong><\/h2><p>Sauf indication contraire dans les Conditions g\u00e9n\u00e9rales de vente de produits\/services, partage de mat\u00e9riel, \u00e9change de biens, utilisation de l&#039;application ESG 24\/7, mon\u00e9tisation des d\u00e9p\u00f4ts en devises, temps et connaissances, mon\u00e9tisation\/d\u00e9mon\u00e9tisation\/transfert de l&#039;algorithme ECOSS entre membres sur ce site, ecoss.net met ce site Web \u00e0 disposition pour l&#039;utilisation de ce qui pr\u00e9c\u00e8de et pour les transactions effectu\u00e9es par son interm\u00e9diaire, telles quelles. Ecoss.net ne fait aucune d\u00e9claration ou garantie, expresse ou implicite, concernant le fonctionnement du site ou les informations, contenus, mat\u00e9riaux ou produits inclus sur ce site, sauf dans les cas \u00e9nonc\u00e9s ici dans toute la mesure permise par la loi applicable, ecoss.net .net d\u00e9cline toute garantie, expresse ou implicite, y compris, mais sans s&#039;y limiter, les garanties implicites de qualit\u00e9 marchande et d&#039;ad\u00e9quation \u00e0 un usage particulier, de non-contrefa\u00e7on, de titre, de jouissance tranquille, d&#039;exactitude des donn\u00e9es et d&#039;int\u00e9gration du syst\u00e8me. Ce site Web peut contenir des inexactitudes, des erreurs ou des erreurs typographiques. Ecoss.net ne garantit pas que le Contenu sera ininterrompu ou sans erreur. Dans toute la mesure permise par la loi, ecoss.net ne sera pas responsable de tout dommage de quelque nature que ce soit r\u00e9sultant de l&#039;utilisation de ce site Web, y compris, mais sans s&#039;y limiter, les dommages indirects, accessoires, punitifs, exemplaires, sp\u00e9ciaux ou cons\u00e9cutifs.<br \/>Dans la mesure permise par la loi applicable, la responsabilit\u00e9 globale d&#039;ecoss.net envers vous pour tout dommage (quelle que soit la cause de l&#039;action) ne doit pas d\u00e9passer le montant total des frais effectivement pay\u00e9s par vous \u00e0 ecoss.net au cours du mois pr\u00e9c\u00e9dant imm\u00e9diatement l&#039;acte. cela devrait engager la responsabilit\u00e9 d&#039;ecoss.net, acceptation des commandes \u02ddVeuillez noter que nous pourrions ne pas \u00eatre en mesure d&#039;accepter certaines commandes et devoir les annuler\u02dd. Ecoss.net se r\u00e9serve le droit, \u00e0 sa seule discr\u00e9tion, de refuser ou d&#039;annuler toute commande pour quelque raison que ce soit. Certaines des situations pouvant entra\u00eener l&#039;annulation de votre commande incluent les limites des quantit\u00e9s disponibles \u00e0 l&#039;achat, des inexactitudes ou des erreurs dans les informations sur les produits ou les prix, ou des probl\u00e8mes d\u00e9couverts par notre service de cr\u00e9dit et de pr\u00e9vention de la fraude. Nous pouvons \u00e9galement exiger des v\u00e9rifications ou des informations suppl\u00e9mentaires avant d\u2019accepter toute commande ou mon\u00e9tisation\/d\u00e9mon\u00e9tisation\/transfert ECOSS entre membres. Nous vous contacterons si tout ou partie de votre commande est annul\u00e9e ou si des informations suppl\u00e9mentaires sont n\u00e9cessaires pour accepter votre commande.<\/p><p>\u00a0<\/p><h2><strong>Erreurs d&#039;impression<\/strong><\/h2><p>Bien qu&#039;ecoss.net s&#039;efforce de fournir des informations pr\u00e9cises sur les produits, les services et les prix, des erreurs de prix ou typographiques peuvent survenir. Ecoss.net ne peut pas confirmer le prix d&#039;un article\/service tant que vous n&#039;avez pas pass\u00e9 votre commande. Dans le cas o\u00f9 un article\/service est r\u00e9pertori\u00e9 \u00e0 un prix incorrect ou avec des informations incorrectes en raison d&#039;une erreur dans le prix ou dans les informations sur le produit\/service, ecoss.net a le droit, \u00e0 sa seule discr\u00e9tion, de refuser ou d&#039;annuler toute commande pour cet article\/service. article\/service. Dans le cas o\u00f9 le prix d&#039;un article\/service est incorrect, ecoss.net peut, \u00e0 sa seule discr\u00e9tion, vous contacter pour obtenir des instructions ou annuler votre commande et vous informer de cette annulation.<\/p><h2><strong>Connexions<\/strong><\/h2><p>Ce site Web peut contenir des liens vers d\u2019autres sites Web d\u00e9tenus et exploit\u00e9s par des tiers. Nous reconnaissons qu&#039;ecoss.net n&#039;est pas responsable du fonctionnement ou du contenu situ\u00e9 sur ou via un tel site.<\/p><h2><strong>Moyens l\u00e9gaux<\/strong><\/h2><p>Vous acceptez que le recours d&#039;ecoss.net en cas de violation r\u00e9elle ou potentielle du pr\u00e9sent accord serait inad\u00e9quat et qu&#039;ecoss.net a droit \u00e0 une ex\u00e9cution sp\u00e9cifique ou \u00e0 une injonction, ou aux deux, en plus de tout dommage qui peut \u00eatre l\u00e9galement r\u00e9cup\u00e9r\u00e9 aupr\u00e8s d&#039;ecoss.net. , ainsi que les frais raisonnables de toute forme de r\u00e9solution des litiges, y compris, sans limitation, les honoraires d&#039;avocat. Aucun droit ou recours d&#039;ecoss.net ne sera exclusif d&#039;autrui, en droit ou en \u00e9quit\u00e9, y compris, sans s&#039;y limiter, les mesures d&#039;injonction, les honoraires et frais d&#039;avocat. Aucune renonciation par ecoss.net \u00e0 ses droits ou recours en vertu des pr\u00e9sentes Conditions ne constitue une obligation d\u2019accorder une renonciation similaire, future ou autre.<\/p>\t\t\t\t\t\t\t\t<\/div>\n\t\t\t\t<\/div>\n\t\t\t\t\t<\/div>\n\t\t<\/div>\n\t\t\t\t\t<\/div>\n\t\t<\/section>\n\t\t\t\t<\/div>","protected":false},"excerpt":{"rendered":"<p>Dobrodo\u0161li na ecoss.net, nudimo vam njegove storitve v skladu z obvestili, dolo\u010dili in pogoji, dolo\u010denimi v tej pogodbi (\u00bbpogodba\u00ab). Poleg tega, ko uporabljate katero koli storitev ecoss.net (npr. ocene strank), boste podvr\u017eeni pravilom, smernicam, pravilnikom, dolo\u010dilom in pogojem, ki veljajo za take storitve, in so vklju\u010deni v to pogodbo s tem sklicevanjem. Spletna stran\/portal ecoss.net [&hellip;]<\/p>\n","protected":false},"author":34,"featured_media":0,"parent":0,"menu_order":0,"comment_status":"closed","ping_status":"closed","template":"","meta":{"inline_featured_image":false,"footnotes":""},"class_list":["post-1067","page","type-page","status-publish","hentry"],"yoast_head":"<!-- This site is optimized with the Yoast SEO plugin v27.1.1 - https:\/\/yoast.com\/product\/yoast-seo-wordpress\/ -->\n<title>Pravila in pogoji uporabe - ECOSS<\/title>\n<meta name=\"robots\" content=\"index, follow, max-snippet:-1, max-image-preview:large, max-video-preview:-1\" \/>\n<link rel=\"canonical\" href=\"https:\/\/ecoss.net\/fr\/term-and-conditions\/\" \/>\n<meta property=\"og:locale\" content=\"fr_FR\" \/>\n<meta property=\"og:type\" content=\"article\" \/>\n<meta property=\"og:title\" content=\"Pravila in pogoji uporabe - ECOSS\" \/>\n<meta property=\"og:description\" content=\"Dobrodo\u0161li na ecoss.net, nudimo vam njegove storitve v skladu z obvestili, dolo\u010dili in pogoji, dolo\u010denimi v tej pogodbi (\u00bbpogodba\u00ab). Poleg tega, ko uporabljate katero koli storitev ecoss.net (npr. ocene strank), boste podvr\u017eeni pravilom, smernicam, pravilnikom, dolo\u010dilom in pogojem, ki veljajo za take storitve, in so vklju\u010deni v to pogodbo s tem sklicevanjem. Spletna stran\/portal ecoss.net [&hellip;]\" \/>\n<meta property=\"og:url\" content=\"https:\/\/ecoss.net\/fr\/term-and-conditions\/\" \/>\n<meta property=\"og:site_name\" content=\"ECOSS\" \/>\n<meta property=\"article:publisher\" content=\"https:\/\/www.facebook.com\/ecosynergysystem\" \/>\n<meta property=\"article:modified_time\" content=\"2023-09-10T16:00:08+00:00\" \/>\n<meta property=\"og:image\" content=\"https:\/\/ecoss.net\/wp-content\/uploads\/2023\/09\/Ecoss.net-logo.png\" \/>\n\t<meta property=\"og:image:width\" content=\"1778\" \/>\n\t<meta property=\"og:image:height\" content=\"1777\" \/>\n\t<meta property=\"og:image:type\" content=\"image\/png\" \/>\n<meta name=\"twitter:card\" content=\"summary_large_image\" \/>\n<meta name=\"twitter:site\" content=\"@EcoSynergyEcoss\" \/>\n<meta name=\"twitter:label1\" content=\"Dur\u00e9e de lecture estim\u00e9e\" \/>\n\t<meta name=\"twitter:data1\" content=\"7 minutes\" \/>\n<script type=\"application\/ld+json\" class=\"yoast-schema-graph\">{\"@context\":\"https:\/\/schema.org\",\"@graph\":[{\"@type\":\"WebPage\",\"@id\":\"https:\/\/ecoss.net\/th\/term-and-conditions\/\",\"url\":\"https:\/\/ecoss.net\/th\/term-and-conditions\/\",\"name\":\"Pravila in pogoji uporabe - ECOSS\",\"isPartOf\":{\"@id\":\"https:\/\/ecoss.net\/#website\"},\"datePublished\":\"2023-09-05T11:25:49+00:00\",\"dateModified\":\"2023-09-10T16:00:08+00:00\",\"breadcrumb\":{\"@id\":\"https:\/\/ecoss.net\/th\/term-and-conditions\/#breadcrumb\"},\"inLanguage\":\"fr-FR\",\"potentialAction\":[{\"@type\":\"ReadAction\",\"target\":[\"https:\/\/ecoss.net\/th\/term-and-conditions\/\"]}]},{\"@type\":\"BreadcrumbList\",\"@id\":\"https:\/\/ecoss.net\/th\/term-and-conditions\/#breadcrumb\",\"itemListElement\":[{\"@type\":\"ListItem\",\"position\":1,\"name\":\"Home\",\"item\":\"https:\/\/ecoss.net\/\"},{\"@type\":\"ListItem\",\"position\":2,\"name\":\"Pravila in pogoji uporabe\"}]},{\"@type\":\"WebSite\",\"@id\":\"https:\/\/ecoss.net\/#website\",\"url\":\"https:\/\/ecoss.net\/\",\"name\":\"ECOSS\",\"description\":\"Ecosynergy System\",\"publisher\":{\"@id\":\"https:\/\/ecoss.net\/#organization\"},\"potentialAction\":[{\"@type\":\"SearchAction\",\"target\":{\"@type\":\"EntryPoint\",\"urlTemplate\":\"https:\/\/ecoss.net\/?s={search_term_string}\"},\"query-input\":{\"@type\":\"PropertyValueSpecification\",\"valueRequired\":true,\"valueName\":\"search_term_string\"}}],\"inLanguage\":\"fr-FR\"},{\"@type\":\"Organization\",\"@id\":\"https:\/\/ecoss.net\/#organization\",\"name\":\"EcoSynergy System\",\"url\":\"https:\/\/ecoss.net\/\",\"logo\":{\"@type\":\"ImageObject\",\"inLanguage\":\"fr-FR\",\"@id\":\"https:\/\/ecoss.net\/#\/schema\/logo\/image\/\",\"url\":\"https:\/\/ecoss.net\/wp-content\/uploads\/2023\/07\/ESS-PublishWall-logo-300x300-1.png\",\"contentUrl\":\"https:\/\/ecoss.net\/wp-content\/uploads\/2023\/07\/ESS-PublishWall-logo-300x300-1.png\",\"width\":224,\"height\":224,\"caption\":\"EcoSynergy System\"},\"image\":{\"@id\":\"https:\/\/ecoss.net\/#\/schema\/logo\/image\/\"},\"sameAs\":[\"https:\/\/www.facebook.com\/ecosynergysystem\",\"https:\/\/x.com\/EcoSynergyEcoss\",\"https:\/\/www.instagram.com\/ecosynergysystem\/\",\"https:\/\/www.linkedin.com\/in\/ecosynergy-system-environmental-solution-b9b62220a\/\"]}]}<\/script>\n<!-- \/ Yoast SEO plugin. -->","yoast_head_json":{"title":"Conditions g\u00e9n\u00e9rales d&#039;utilisation - ECOSS","robots":{"index":"index","follow":"follow","max-snippet":"max-snippet:-1","max-image-preview":"max-image-preview:large","max-video-preview":"max-video-preview:-1"},"canonical":"https:\/\/ecoss.net\/fr\/term-and-conditions\/","og_locale":"fr_FR","og_type":"article","og_title":"Pravila in pogoji uporabe - ECOSS","og_description":"Dobrodo\u0161li na ecoss.net, nudimo vam njegove storitve v skladu z obvestili, dolo\u010dili in pogoji, dolo\u010denimi v tej pogodbi (\u00bbpogodba\u00ab). Poleg tega, ko uporabljate katero koli storitev ecoss.net (npr. ocene strank), boste podvr\u017eeni pravilom, smernicam, pravilnikom, dolo\u010dilom in pogojem, ki veljajo za take storitve, in so vklju\u010deni v to pogodbo s tem sklicevanjem. Spletna stran\/portal ecoss.net [&hellip;]","og_url":"https:\/\/ecoss.net\/fr\/term-and-conditions\/","og_site_name":"ECOSS","article_publisher":"https:\/\/www.facebook.com\/ecosynergysystem","article_modified_time":"2023-09-10T16:00:08+00:00","og_image":[{"width":1778,"height":1777,"url":"https:\/\/ecoss.net\/wp-content\/uploads\/2023\/09\/Ecoss.net-logo.png","type":"image\/png"}],"twitter_card":"summary_large_image","twitter_site":"@EcoSynergyEcoss","twitter_misc":{"Dur\u00e9e de lecture estim\u00e9e":"7 minutes"},"schema":{"@context":"https:\/\/schema.org","@graph":[{"@type":"WebPage","@id":"https:\/\/ecoss.net\/th\/term-and-conditions\/","url":"https:\/\/ecoss.net\/th\/term-and-conditions\/","name":"Conditions g\u00e9n\u00e9rales d&#039;utilisation - ECOSS","isPartOf":{"@id":"https:\/\/ecoss.net\/#website"},"datePublished":"2023-09-05T11:25:49+00:00","dateModified":"2023-09-10T16:00:08+00:00","breadcrumb":{"@id":"https:\/\/ecoss.net\/th\/term-and-conditions\/#breadcrumb"},"inLanguage":"fr-FR","potentialAction":[{"@type":"ReadAction","target":["https:\/\/ecoss.net\/th\/term-and-conditions\/"]}]},{"@type":"BreadcrumbList","@id":"https:\/\/ecoss.net\/th\/term-and-conditions\/#breadcrumb","itemListElement":[{"@type":"ListItem","position":1,"name":"Home","item":"https:\/\/ecoss.net\/"},{"@type":"ListItem","position":2,"name":"Pravila in pogoji uporabe"}]},{"@type":"WebSite","@id":"https:\/\/ecoss.net\/#website","url":"https:\/\/ecoss.net\/","name":"ECOSS","description":"Syst\u00e8me \u00e9cosynergique","publisher":{"@id":"https:\/\/ecoss.net\/#organization"},"potentialAction":[{"@type":"SearchAction","target":{"@type":"EntryPoint","urlTemplate":"https:\/\/ecoss.net\/?s={search_term_string}"},"query-input":{"@type":"PropertyValueSpecification","valueRequired":true,"valueName":"search_term_string"}}],"inLanguage":"fr-FR"},{"@type":"Organization","@id":"https:\/\/ecoss.net\/#organization","name":"Syst\u00e8me EcoSynergie","url":"https:\/\/ecoss.net\/","logo":{"@type":"ImageObject","inLanguage":"fr-FR","@id":"https:\/\/ecoss.net\/#\/schema\/logo\/image\/","url":"https:\/\/ecoss.net\/wp-content\/uploads\/2023\/07\/ESS-PublishWall-logo-300x300-1.png","contentUrl":"https:\/\/ecoss.net\/wp-content\/uploads\/2023\/07\/ESS-PublishWall-logo-300x300-1.png","width":224,"height":224,"caption":"EcoSynergy System"},"image":{"@id":"https:\/\/ecoss.net\/#\/schema\/logo\/image\/"},"sameAs":["https:\/\/www.facebook.com\/ecosynergysystem","https:\/\/x.com\/EcoSynergyEcoss","https:\/\/www.instagram.com\/ecosynergysystem\/","https:\/\/www.linkedin.com\/in\/ecosynergy-system-environmental-solution-b9b62220a\/"]}]}},"_links":{"self":[{"href":"https:\/\/ecoss.net\/fr\/wp-json\/wp\/v2\/pages\/1067","targetHints":{"allow":["GET"]}}],"collection":[{"href":"https:\/\/ecoss.net\/fr\/wp-json\/wp\/v2\/pages"}],"about":[{"href":"https:\/\/ecoss.net\/fr\/wp-json\/wp\/v2\/types\/page"}],"author":[{"embeddable":true,"href":"https:\/\/ecoss.net\/fr\/wp-json\/wp\/v2\/users\/34"}],"replies":[{"embeddable":true,"href":"https:\/\/ecoss.net\/fr\/wp-json\/wp\/v2\/comments?post=1067"}],"version-history":[{"count":8,"href":"https:\/\/ecoss.net\/fr\/wp-json\/wp\/v2\/pages\/1067\/revisions"}],"predecessor-version":[{"id":1353,"href":"https:\/\/ecoss.net\/fr\/wp-json\/wp\/v2\/pages\/1067\/revisions\/1353"}],"wp:attachment":[{"href":"https:\/\/ecoss.net\/fr\/wp-json\/wp\/v2\/media?parent=1067"}],"curies":[{"name":"wp","href":"https:\/\/api.w.org\/{rel}","templated":true}]}}