{"id":943,"date":"2023-08-30T11:32:11","date_gmt":"2023-08-30T09:32:11","guid":{"rendered":"https:\/\/ecoss.akumen.eu\/?page_id=943"},"modified":"2023-09-12T14:17:18","modified_gmt":"2023-09-12T12:17:18","slug":"contract-submitted","status":"publish","type":"page","link":"https:\/\/ecoss.net\/fi\/contract-submitted\/","title":{"rendered":"Contract-submitted"},"content":{"rendered":"<div data-elementor-type=\"wp-page\" data-elementor-id=\"943\" class=\"elementor elementor-943\" data-elementor-post-type=\"page\">\n\t\t\t\t<div class=\"elementor-element elementor-element-5a42104 e-flex e-con-boxed e-con e-parent\" data-id=\"5a42104\" data-element_type=\"container\" data-e-type=\"container\">\n\t\t\t\t\t<div class=\"e-con-inner\">\n\t\t\t\t<div class=\"elementor-element elementor-element-5dd90bc elementor-widget elementor-widget-text-editor\" data-id=\"5dd90bc\" data-element_type=\"widget\" data-e-type=\"widget\" data-widget_type=\"text-editor.default\">\n\t\t\t\t<div class=\"elementor-widget-container\">\n\t\t\t\t\t\t\t\t\t<p class=\"MsoNormal\">Pogodba je uspe\u0161no oddana. Hvala za sodelovanje.<\/p><p>Vpisni podatki so bili poslani na va\u0161 e-po\u0161tni naslov.<\/p><p>V kolikor sporo\u010dila niste prejeli, prosimo preverite tudi v mapo z vsiljeno po\u0161to (spam).<\/p>\t\t\t\t\t\t\t\t<\/div>\n\t\t\t\t<\/div>\n\t\t\t\t<div class=\"elementor-element elementor-element-2c4901e elementor-align-center elementor-widget elementor-widget-button\" data-id=\"2c4901e\" data-element_type=\"widget\" data-e-type=\"widget\" data-widget_type=\"button.default\">\n\t\t\t\t<div class=\"elementor-widget-container\">\n\t\t\t\t\t\t\t\t\t<div class=\"elementor-button-wrapper\">\n\t\t\t\t\t<a class=\"elementor-button elementor-button-link elementor-size-sm\" href=\"https:\/\/ecoss.net\/fi\">\n\t\t\t\t\t\t<span class=\"elementor-button-content-wrapper\">\n\t\t\t\t\t\t\t\t\t<span class=\"elementor-button-text\">KOTI<\/span>\n\t\t\t\t\t<\/span>\n\t\t\t\t\t<\/a>\n\t\t\t\t<\/div>\n\t\t\t\t\t\t\t\t<\/div>\n\t\t\t\t<\/div>\n\t\t\t\t\t<\/div>\n\t\t\t\t<\/div>\n\t\t\t\t<\/div>","protected":false},"excerpt":{"rendered":"<p>Pogodba je uspe\u0161no oddana. Hvala za sodelovanje. Vpisni podatki so bili poslani na va\u0161 e-po\u0161tni naslov. V kolikor sporo\u010dila niste prejeli, prosimo preverite tudi v mapo z vsiljeno po\u0161to (spam). DOMOV<\/p>","protected":false},"author":34,"featured_media":0,"parent":0,"menu_order":0,"comment_status":"closed","ping_status":"closed","template":"","meta":{"inline_featured_image":false,"footnotes":""},"class_list":["post-943","page","type-page","status-publish","hentry"],"yoast_head":"<!-- This site is optimized with the Yoast SEO plugin v27.4 - https:\/\/yoast.com\/product\/yoast-seo-wordpress\/ -->\n<title>Contract-submitted - ECOSS<\/title>\n<meta name=\"robots\" content=\"index, follow, max-snippet:-1, max-image-preview:large, max-video-preview:-1\" \/>\n<link rel=\"canonical\" href=\"https:\/\/ecoss.net\/fi\/contract-submitted\/\" \/>\n<meta property=\"og:locale\" content=\"fi_FI\" \/>\n<meta property=\"og:type\" content=\"article\" \/>\n<meta property=\"og:title\" content=\"Contract-submitted - ECOSS\" \/>\n<meta property=\"og:description\" content=\"Pogodba je uspe\u0161no oddana. Hvala za sodelovanje. Vpisni podatki so bili poslani na va\u0161 e-po\u0161tni naslov. V kolikor sporo\u010dila niste prejeli, prosimo preverite tudi v mapo z vsiljeno po\u0161to (spam). DOMOV\" \/>\n<meta property=\"og:url\" content=\"https:\/\/ecoss.net\/fi\/contract-submitted\/\" \/>\n<meta property=\"og:site_name\" content=\"ECOSS\" \/>\n<meta property=\"article:publisher\" content=\"https:\/\/www.facebook.com\/ecosynergysystem\" \/>\n<meta property=\"article:modified_time\" content=\"2023-09-12T12:17:18+00:00\" \/>\n<meta property=\"og:image\" content=\"https:\/\/ecoss.net\/wp-content\/uploads\/2023\/09\/Ecoss.net-logo.png\" \/>\n\t<meta property=\"og:image:width\" content=\"1778\" \/>\n\t<meta property=\"og:image:height\" content=\"1777\" \/>\n\t<meta property=\"og:image:type\" content=\"image\/png\" \/>\n<meta name=\"twitter:card\" content=\"summary_large_image\" \/>\n<meta name=\"twitter:site\" content=\"@EcoSynergyEcoss\" \/>\n<meta name=\"twitter:label1\" content=\"Arvioitu lukuaika\" \/>\n\t<meta name=\"twitter:data1\" content=\"1 minuutti\" \/>\n<script type=\"application\/ld+json\" class=\"yoast-schema-graph\">{\"@context\":\"https:\\\/\\\/schema.org\",\"@graph\":[{\"@type\":\"WebPage\",\"@id\":\"https:\\\/\\\/ecoss.net\\\/contract-submitted\\\/\",\"url\":\"https:\\\/\\\/ecoss.net\\\/contract-submitted\\\/\",\"name\":\"Contract-submitted - ECOSS\",\"isPartOf\":{\"@id\":\"https:\\\/\\\/ecoss.net\\\/#website\"},\"datePublished\":\"2023-08-30T09:32:11+00:00\",\"dateModified\":\"2023-09-12T12:17:18+00:00\",\"breadcrumb\":{\"@id\":\"https:\\\/\\\/ecoss.net\\\/contract-submitted\\\/#breadcrumb\"},\"inLanguage\":\"fi\",\"potentialAction\":[{\"@type\":\"ReadAction\",\"target\":[\"https:\\\/\\\/ecoss.net\\\/contract-submitted\\\/\"]}]},{\"@type\":\"BreadcrumbList\",\"@id\":\"https:\\\/\\\/ecoss.net\\\/contract-submitted\\\/#breadcrumb\",\"itemListElement\":[{\"@type\":\"ListItem\",\"position\":1,\"name\":\"Home\",\"item\":\"https:\\\/\\\/ecoss.net\\\/\"},{\"@type\":\"ListItem\",\"position\":2,\"name\":\"Contract-submitted\"}]},{\"@type\":\"WebSite\",\"@id\":\"https:\\\/\\\/ecoss.net\\\/#website\",\"url\":\"https:\\\/\\\/ecoss.net\\\/\",\"name\":\"ECOSS\",\"description\":\"Ecosynergy System\",\"publisher\":{\"@id\":\"https:\\\/\\\/ecoss.net\\\/#organization\"},\"potentialAction\":[{\"@type\":\"SearchAction\",\"target\":{\"@type\":\"EntryPoint\",\"urlTemplate\":\"https:\\\/\\\/ecoss.net\\\/?s={search_term_string}\"},\"query-input\":{\"@type\":\"PropertyValueSpecification\",\"valueRequired\":true,\"valueName\":\"search_term_string\"}}],\"inLanguage\":\"fi\"},{\"@type\":\"Organization\",\"@id\":\"https:\\\/\\\/ecoss.net\\\/#organization\",\"name\":\"EcoSynergy System\",\"url\":\"https:\\\/\\\/ecoss.net\\\/\",\"logo\":{\"@type\":\"ImageObject\",\"inLanguage\":\"fi\",\"@id\":\"https:\\\/\\\/ecoss.net\\\/#\\\/schema\\\/logo\\\/image\\\/\",\"url\":\"https:\\\/\\\/ecoss.net\\\/wp-content\\\/uploads\\\/2023\\\/07\\\/ESS-PublishWall-logo-300x300-1.png\",\"contentUrl\":\"https:\\\/\\\/ecoss.net\\\/wp-content\\\/uploads\\\/2023\\\/07\\\/ESS-PublishWall-logo-300x300-1.png\",\"width\":224,\"height\":224,\"caption\":\"EcoSynergy System\"},\"image\":{\"@id\":\"https:\\\/\\\/ecoss.net\\\/#\\\/schema\\\/logo\\\/image\\\/\"},\"sameAs\":[\"https:\\\/\\\/www.facebook.com\\\/ecosynergysystem\",\"https:\\\/\\\/x.com\\\/EcoSynergyEcoss\",\"https:\\\/\\\/www.instagram.com\\\/ecosynergysystem\\\/\",\"https:\\\/\\\/www.linkedin.com\\\/in\\\/ecosynergy-system-environmental-solution-b9b62220a\\\/\"]}]}<\/script>\n<!-- \/ Yoast SEO plugin. -->","yoast_head_json":{"title":"Contract-submitted - ECOSS","robots":{"index":"index","follow":"follow","max-snippet":"max-snippet:-1","max-image-preview":"max-image-preview:large","max-video-preview":"max-video-preview:-1"},"canonical":"https:\/\/ecoss.net\/fi\/contract-submitted\/","og_locale":"fi_FI","og_type":"article","og_title":"Contract-submitted - ECOSS","og_description":"Pogodba je uspe\u0161no oddana. Hvala za sodelovanje. Vpisni podatki so bili poslani na va\u0161 e-po\u0161tni naslov. V kolikor sporo\u010dila niste prejeli, prosimo preverite tudi v mapo z vsiljeno po\u0161to (spam). DOMOV","og_url":"https:\/\/ecoss.net\/fi\/contract-submitted\/","og_site_name":"ECOSS","article_publisher":"https:\/\/www.facebook.com\/ecosynergysystem","article_modified_time":"2023-09-12T12:17:18+00:00","og_image":[{"width":1778,"height":1777,"url":"https:\/\/ecoss.net\/wp-content\/uploads\/2023\/09\/Ecoss.net-logo.png","type":"image\/png"}],"twitter_card":"summary_large_image","twitter_site":"@EcoSynergyEcoss","twitter_misc":{"Arvioitu lukuaika":"1 minuutti"},"schema":{"@context":"https:\/\/schema.org","@graph":[{"@type":"WebPage","@id":"https:\/\/ecoss.net\/contract-submitted\/","url":"https:\/\/ecoss.net\/contract-submitted\/","name":"Contract-submitted - ECOSS","isPartOf":{"@id":"https:\/\/ecoss.net\/#website"},"datePublished":"2023-08-30T09:32:11+00:00","dateModified":"2023-09-12T12:17:18+00:00","breadcrumb":{"@id":"https:\/\/ecoss.net\/contract-submitted\/#breadcrumb"},"inLanguage":"fi","potentialAction":[{"@type":"ReadAction","target":["https:\/\/ecoss.net\/contract-submitted\/"]}]},{"@type":"BreadcrumbList","@id":"https:\/\/ecoss.net\/contract-submitted\/#breadcrumb","itemListElement":[{"@type":"ListItem","position":1,"name":"Home","item":"https:\/\/ecoss.net\/"},{"@type":"ListItem","position":2,"name":"Contract-submitted"}]},{"@type":"WebSite","@id":"https:\/\/ecoss.net\/#website","url":"https:\/\/ecoss.net\/","name":"ECOSS","description":"Ecosynergy System","publisher":{"@id":"https:\/\/ecoss.net\/#organization"},"potentialAction":[{"@type":"SearchAction","target":{"@type":"EntryPoint","urlTemplate":"https:\/\/ecoss.net\/?s={search_term_string}"},"query-input":{"@type":"PropertyValueSpecification","valueRequired":true,"valueName":"search_term_string"}}],"inLanguage":"fi"},{"@type":"Organization","@id":"https:\/\/ecoss.net\/#organization","name":"EcoSynergy System","url":"https:\/\/ecoss.net\/","logo":{"@type":"ImageObject","inLanguage":"fi","@id":"https:\/\/ecoss.net\/#\/schema\/logo\/image\/","url":"https:\/\/ecoss.net\/wp-content\/uploads\/2023\/07\/ESS-PublishWall-logo-300x300-1.png","contentUrl":"https:\/\/ecoss.net\/wp-content\/uploads\/2023\/07\/ESS-PublishWall-logo-300x300-1.png","width":224,"height":224,"caption":"EcoSynergy System"},"image":{"@id":"https:\/\/ecoss.net\/#\/schema\/logo\/image\/"},"sameAs":["https:\/\/www.facebook.com\/ecosynergysystem","https:\/\/x.com\/EcoSynergyEcoss","https:\/\/www.instagram.com\/ecosynergysystem\/","https:\/\/www.linkedin.com\/in\/ecosynergy-system-environmental-solution-b9b62220a\/"]}]}},"_links":{"self":[{"href":"https:\/\/ecoss.net\/fi\/wp-json\/wp\/v2\/pages\/943","targetHints":{"allow":["GET"]}}],"collection":[{"href":"https:\/\/ecoss.net\/fi\/wp-json\/wp\/v2\/pages"}],"about":[{"href":"https:\/\/ecoss.net\/fi\/wp-json\/wp\/v2\/types\/page"}],"author":[{"embeddable":true,"href":"https:\/\/ecoss.net\/fi\/wp-json\/wp\/v2\/users\/34"}],"replies":[{"embeddable":true,"href":"https:\/\/ecoss.net\/fi\/wp-json\/wp\/v2\/comments?post=943"}],"version-history":[{"count":13,"href":"https:\/\/ecoss.net\/fi\/wp-json\/wp\/v2\/pages\/943\/revisions"}],"predecessor-version":[{"id":1674,"href":"https:\/\/ecoss.net\/fi\/wp-json\/wp\/v2\/pages\/943\/revisions\/1674"}],"wp:attachment":[{"href":"https:\/\/ecoss.net\/fi\/wp-json\/wp\/v2\/media?parent=943"}],"curies":[{"name":"wp","href":"https:\/\/api.w.org\/{rel}","templated":true}]}}