{"id":3,"date":"2023-07-13T17:49:36","date_gmt":"2023-07-13T17:49:36","guid":{"rendered":"https:\/\/ecoss.akumen.eu\/?page_id=3"},"modified":"2023-09-11T21:16:31","modified_gmt":"2023-09-11T19:16:31","slug":"privacy-policy","status":"publish","type":"page","link":"https:\/\/ecoss.net\/fi\/privacy-policy\/","title":{"rendered":"Tietosuojak\u00e4yt\u00e4nt\u00f6"},"content":{"rendered":"<div data-elementor-type=\"wp-page\" data-elementor-id=\"3\" class=\"elementor elementor-3\" data-elementor-post-type=\"page\">\n\t\t\t\t<div class=\"elementor-element elementor-element-84790e1 e-flex e-con-boxed e-con e-parent\" data-id=\"84790e1\" data-element_type=\"container\" data-e-type=\"container\">\n\t\t\t\t\t<div class=\"e-con-inner\">\n\t\t\t\t<div class=\"elementor-element elementor-element-1a2dbee elementor-widget elementor-widget-heading\" data-id=\"1a2dbee\" data-element_type=\"widget\" data-e-type=\"widget\" data-widget_type=\"heading.default\">\n\t\t\t\t<div class=\"elementor-widget-container\">\n\t\t\t\t\t<h2 class=\"elementor-heading-title elementor-size-default\">Tietosuojak\u00e4yt\u00e4nt\u00f6<\/h2>\t\t\t\t<\/div>\n\t\t\t\t<\/div>\n\t\t\t\t\t<\/div>\n\t\t\t\t<\/div>\n\t\t\t\t<section class=\"elementor-section elementor-top-section elementor-element elementor-element-2554cb32 elementor-section-boxed elementor-section-height-default elementor-section-height-default\" data-id=\"2554cb32\" data-element_type=\"section\" data-e-type=\"section\">\n\t\t\t\t\t\t<div class=\"elementor-container elementor-column-gap-default\">\n\t\t\t\t\t<div class=\"elementor-column elementor-col-100 elementor-top-column elementor-element elementor-element-24e53e09\" data-id=\"24e53e09\" data-element_type=\"column\" data-e-type=\"column\">\n\t\t\t<div class=\"elementor-widget-wrap elementor-element-populated\">\n\t\t\t\t\t\t<div class=\"elementor-element elementor-element-73cd64cb elementor-widget elementor-widget-text-editor\" data-id=\"73cd64cb\" data-element_type=\"widget\" data-e-type=\"widget\" data-widget_type=\"text-editor.default\">\n\t\t\t\t<div class=\"elementor-widget-container\">\n\t\t\t\t\t\t\t\t\t<h2><strong>Yksityinen tietoturva<\/strong><\/h2>\n<p>Turvallisuutesi vuoksi luottokorttitietojasi ei tallenneta palvelimillemme. Maksuyhdysk\u00e4yt\u00e4v\u00e4n tarjoajamme, ecoss.net:n valtuuttama, pit\u00e4\u00e4 n\u00e4m\u00e4 tiedot salattuna ja turvassa puolestasi.<\/p>\n<p><\/p>\n<h2><strong>Yksityisyytesi<\/strong><\/h2>\n<p>ecoss.net-sivustolla otamme yksityisyytesi eritt\u00e4in vakavasti. Lue t\u00e4m\u00e4 k\u00e4yt\u00e4nt\u00f6 (t\u00e4m\u00e4 &quot;k\u00e4yt\u00e4nt\u00f6&quot;) n\u00e4hd\u00e4ksesi, kuinka ecoss.net k\u00e4sittelee henkil\u00f6tietojasi, jotka annat meille rekister\u00f6ityess\u00e4si verkkosivustollemme (&quot;Sivusto&quot;). T\u00e4m\u00e4 k\u00e4yt\u00e4nt\u00f6 koskee vain ecoss.netin ty\u00f6ntekij\u00f6it\u00e4, eik\u00e4 se koske ihmisi\u00e4 tai yrityksi\u00e4, jotka eiv\u00e4t ole ecoss.netin palveluksessa tai johtamia. Pid\u00e4t\u00e4mme oikeuden muuttaa t\u00e4t\u00e4 k\u00e4yt\u00e4nt\u00f6\u00e4. Ilmoitamme t\u00e4m\u00e4n k\u00e4yt\u00e4nn\u00f6n olennaisista muutoksista julkaisemalla ne ilmoitustaulullamme.<\/p>\n<p><\/p>\n<h2><strong>Ker\u00e4\u00e4m\u00e4mme tiedot<\/strong><\/h2>\n<p>Henkil\u00f6tietojen ker\u00e4\u00e4misen p\u00e4\u00e4tarkoituksemme on tarjota sinulle miellytt\u00e4v\u00e4, henkil\u00f6kohtainen ja tehokas kokemus verkkosivustollamme. Meid\u00e4n k\u00e4yt\u00e4nt\u00f6mme on, ettemme koskaan tarkoituksella paljasta j\u00e4sentemme henkil\u00f6tietoja suurelle yleis\u00f6lle ilman heid\u00e4n suostumustaan. Ecoss.net ker\u00e4\u00e4 tietoja sinusta, kun rekister\u00f6idyt ja suoritat tiettyj\u00e4 toimintoja verkkosivustolla. Ker\u00e4\u00e4mme koko nimesi, voimassa olevan puhelinnumerosi, yhteys-\/laskutustietosi, s\u00e4hk\u00f6postiosoitteesi, verotunnistenumerosi ja toimitusosoitteesi. Lis\u00e4ksi jokaisen j\u00e4senen tulee luoda yksil\u00f6llinen k\u00e4ytt\u00e4j\u00e4tunnus ja salasana sek\u00e4 saada j\u00e4sennumero. Kaikkia ker\u00e4ttyj\u00e4 lis\u00e4tietoja k\u00e4ytet\u00e4\u00e4n tietosuojak\u00e4yt\u00e4nt\u00f6mme mukaisesti. Ker\u00e4\u00e4mme joitain tietoja selaimestasi. T\u00e4m\u00e4 sis\u00e4lt\u00e4\u00e4 IP-osoitteesi ja pyyt\u00e4m\u00e4si sivun nimen. N\u00e4m\u00e4 tiedot auttavat meit\u00e4 diagnosoimaan palvelimillemme liittyvi\u00e4 ongelmia ja yll\u00e4pit\u00e4m\u00e4\u00e4n sivustoa. Pohjimmiltaan IP-osoitteesi auttaa meit\u00e4 tunnistamaan sinut ja erityistarpeesi. Ker\u00e4\u00e4mme tietoja my\u00f6s ev\u00e4steist\u00e4, jotka ovat ohjelmistotunnisteita, jotka selaimesi tallentaa kiintolevyllesi. N\u00e4m\u00e4 tiedot ovat luonteeltaan yleisi\u00e4, ja niiden avulla voimme r\u00e4\u00e4t\u00e4l\u00f6id\u00e4 verkkosivustomme sinun tarpeidesi mukaan. Ev\u00e4steiden avulla voit my\u00f6s kirjautua sis\u00e4\u00e4n tai selata verkkosivustomme tiettyj\u00e4 osia ilman, ett\u00e4 sinun tarvitsee sy\u00f6tt\u00e4\u00e4 tiettyj\u00e4 tietoja uudelleen. Voit kielt\u00e4\u00e4 ev\u00e4steiden k\u00e4yt\u00f6n selaimesi kautta. Kuten aina, tietosi ovat ehdottoman luottamuksellisia, emmek\u00e4 koskaan luovuta niit\u00e4 vapaaehtoisesti kolmansille osapuolille.<\/p>\n<p><\/p>\n<h2><strong>&quot;Miten tietojani k\u00e4ytet\u00e4\u00e4n?&quot;<\/strong><\/h2>\n<p>ecoss.netin j\u00e4senilt\u00e4 ker\u00e4ttyj\u00e4 tietoja k\u00e4ytet\u00e4\u00e4n tuote-\/palvelutarjonnan parantamiseen, verkkosivustomme sis\u00e4ll\u00f6n ja ulkoasun mukauttamiseen sek\u00e4 markkinointiin ja tilastollisiin toimiin. Ajoittain l\u00e4het\u00e4mme sinulle s\u00e4hk\u00f6posteja uusista palveluista tai kampanjoista. Voit aina kielt\u00e4yty\u00e4 vastaanottamasta tietoja meilt\u00e4.<\/p>\n<p><strong>&nbsp;<\/strong><\/p>\n<h2><strong>&quot;Kuka n\u00e4kee henkil\u00f6tietoni?&quot;<\/strong><\/h2>\n<p><\/p>\n<p>Meid\u00e4n ykk\u00f6sprioriteettimme on pit\u00e4\u00e4 henkil\u00f6tietosi yksityisin\u00e4 ja luottamuksellisina. Emme tarkoituksella luovuta henkil\u00f6tietojasi kolmansille osapuolille. Emme my\u00f6sk\u00e4\u00e4n vuokraa tai myy henkil\u00f6tietojasi kenellek\u00e4\u00e4n.<\/p>\n<p>Ecoss.net paljastaa henkil\u00f6tietosi muille seuraavissa olosuhteissa:<\/p>\n<p>\u2013 suostut tietojen jakamiseen;<\/p>\n<p>\u2013 vastauksena haasteisiin, oikeuden m\u00e4\u00e4r\u00e4yksiin tai oikeudenk\u00e4yntiin;<\/p>\n<p>\u2013 toimintasi sivustollamme rikkoo tai n\u00e4ytt\u00e4\u00e4 olevan palveluehtojen vastaista, ja n\u00e4iden tietojen paljastaminen auttaa palveluehtojen t\u00e4yt\u00e4nt\u00f6\u00f6npanossa;<\/p>\n<p>- julkaisee luettelon, jonka ecoss.net uskoo oman harkintansa mukaan johtavan ecoss.net:n vastuuseen, ja t\u00e4llaisten henkil\u00f6tietojen paljastaminen voi v\u00e4hent\u00e4\u00e4 tai poistaa sen vastuuta.<\/p>\n<p><\/p>\n<p>Mik\u00e4\u00e4n t\u00e4ss\u00e4 k\u00e4yt\u00e4nn\u00f6ss\u00e4 ei rajoita, est\u00e4 tai muutoin kiell\u00e4 ecoss.net:n kyky\u00e4 (1) siirt\u00e4\u00e4, luovuttaa tai myyd\u00e4 omaisuuttaan, mukaan lukien rajoituksetta verkkosivustomme omaisuus, kolmannelle osapuolelle tai (2) mill\u00e4\u00e4n tavalla h\u00e4vitt\u00e4\u00e4 sen kanssa. konkurssimenettelyss\u00e4 tai vastaavassa menettelyss\u00e4. Ecoss.net ei my\u00f6sk\u00e4\u00e4n takaa verkkosivustollamme ker\u00e4\u00e4miens\u00e4 ja paljastamiensa tietojen tarkkuutta tai t\u00e4ydellisyytt\u00e4 ja irtisanoutuu kaikesta vastuusta, joka johtuu siit\u00e4 tai liittyy siihen.<\/p>\n<h2><strong>Turvallisuus<\/strong><\/h2>\n<p>Pit\u00e4\u00e4kseen tietosi luottamuksellisina ecoss.net tarjoaa j\u00e4senilleen alan korkeimmat standardit suojatuille palvelimille - Secure Socket Layers (SSL) ja palomuurit. Valitettavasti Internetiss\u00e4 (tai todellisessa maailmassa) ei ole t\u00e4ydellist\u00e4 turvallisuutta - joten emme voi taata, ettei tietojasi voida taata. Teemme kuitenkin parhaamme varmistaaksemme jatkossakin henkil\u00f6tietojesi turvallisuuden.<\/p>\n<p><\/p>\n<h2><strong>Alaik\u00e4iset<\/strong><\/h2>\n<p>Alaik\u00e4iset (alle 18-vuotiaat) eiv\u00e4t ole oikeutettuja k\u00e4ytt\u00e4m\u00e4\u00e4n ecoss.net-sivustoa, elleiv\u00e4t he k\u00e4yt\u00e4 sivustoamme vanhemman tai huoltajan kautta, joka on rekister\u00f6itynyt ecoss.netin j\u00e4sen.<\/p>\n<p><strong>&nbsp;<\/strong><\/p>\n<h2><strong>Sinun velvollisuutesi<\/strong><\/h2>\n<p>Teemme lujasti t\u00f6it\u00e4 suojellaksemme kaikkia verkkosivustollamme olevia tietojasi. Auttaaksemme meit\u00e4 pit\u00e4m\u00e4\u00e4n henkil\u00f6tietosi turvassa, \u00e4l\u00e4 jaa salasanaasi kenenk\u00e4\u00e4n kanssa. N\u00e4iden tietojen jakaminen voi vaarantaa sinut ja luokitussi k\u00e4ytt\u00e4j\u00e4ksi. Jos menet\u00e4t salasanasi hallinnan tai luulet jonkun p\u00e4\u00e4sseen luvatta tilillesi, vaihda salasanasi v\u00e4litt\u00f6m\u00e4sti. Ota meihin yhteytt\u00e4, jos sinulla on kysytt\u00e4v\u00e4\u00e4.<\/p>\n<p><\/p>\t\t\t\t\t\t\t\t<\/div>\n\t\t\t\t<\/div>\n\t\t\t\t\t<\/div>\n\t\t<\/div>\n\t\t\t\t\t<\/div>\n\t\t<\/section>\n\t\t<div class=\"elementor-element elementor-element-d74d630 e-flex e-con-boxed e-con e-parent\" data-id=\"d74d630\" data-element_type=\"container\" data-e-type=\"container\">\n\t\t\t\t\t<div class=\"e-con-inner\">\n\t\t\t\t<div class=\"elementor-element elementor-element-c2add75 elementor-widget elementor-widget-heading\" data-id=\"c2add75\" data-element_type=\"widget\" data-e-type=\"widget\" data-widget_type=\"heading.default\">\n\t\t\t\t<div class=\"elementor-widget-container\">\n\t\t\t\t\t<h2 class=\"elementor-heading-title elementor-size-default\">Ev\u00e4steiden K\u00c4YTT\u00d6<\/h2>\t\t\t\t<\/div>\n\t\t\t\t<\/div>\n\t\t\t\t\t<\/div>\n\t\t\t\t<\/div>\n\t\t\t\t<section class=\"elementor-section elementor-top-section elementor-element elementor-element-fa5e29f elementor-section-boxed elementor-section-height-default elementor-section-height-default\" data-id=\"fa5e29f\" data-element_type=\"section\" data-e-type=\"section\">\n\t\t\t\t\t\t<div class=\"elementor-container elementor-column-gap-default\">\n\t\t\t\t\t<div class=\"elementor-column elementor-col-100 elementor-top-column elementor-element elementor-element-01ca4d2\" data-id=\"01ca4d2\" data-element_type=\"column\" data-e-type=\"column\">\n\t\t\t<div class=\"elementor-widget-wrap elementor-element-populated\">\n\t\t\t\t\t\t<div class=\"elementor-element elementor-element-3b31c98 elementor-widget elementor-widget-text-editor\" data-id=\"3b31c98\" data-element_type=\"widget\" data-e-type=\"widget\" data-widget_type=\"text-editor.default\">\n\t\t\t\t<div class=\"elementor-widget-container\">\n\t\t\t\t\t\t\t\t\t<h2><b>Ev\u00e4steiden m\u00e4\u00e4ritelm\u00e4<\/b><\/h2><p>Ev\u00e4steet ovat pieni\u00e4, poistettavia tekstitiedostoja, jotka on tallennettu k\u00e4ytt\u00e4j\u00e4n tietokoneelle ja mahdollistavat verkkosivustomme sis\u00e4ll\u00f6n personoinnin. K\u00e4ytt\u00e4j\u00e4n selain lataa ne h\u00e4nen ensimm\u00e4isen vierailunsa aikana verkkosivustollamme. Kun verkkosivustoomme k\u00e4ytet\u00e4\u00e4n uudelleen samalla p\u00e4\u00e4telaitteella, laitteella tai selaimella, ev\u00e4ste ja siihen tallennetut tiedot l\u00e4hetet\u00e4\u00e4n takaisin sen luoneelle verkkosivustolle (oma ev\u00e4ste) tai l\u00e4hetet\u00e4\u00e4n toiselle verkkosivustolle, johon se kuuluu (kolmas ev\u00e4ste). . T\u00e4ll\u00e4 tavalla ev\u00e4ste havaitsee, ett\u00e4 kyseist\u00e4 selainta on k\u00e4ytetty verkkosivustolle p\u00e4\u00e4syyn, ja muuttaa t\u00e4m\u00e4n tilan kautta sis\u00e4ll\u00f6n n\u00e4ytt\u00f6tapaa. Esimerkiksi ev\u00e4steet &quot;muistavat&quot; k\u00e4ytt\u00e4jien asetukset ja osoittavat, kuinka k\u00e4ytt\u00e4j\u00e4 k\u00e4ytt\u00e4\u00e4 sivustoa, ja mukauttavat n\u00e4ytett\u00e4v\u00e4\u00e4 sis\u00e4lt\u00f6\u00e4 osittain k\u00e4ytt\u00e4j\u00e4n yksil\u00f6llisiin mieltymyksiin.<\/p><h2><b>Ev\u00e4steit\u00e4 tarvitaan toimiakseen<\/b><\/h2><p>K\u00e4yt\u00e4mme alla lueteltuja ev\u00e4steit\u00e4 viestien v\u00e4litt\u00e4miseen ja k\u00e4ytt\u00e4j\u00e4n pyyt\u00e4mien palvelujen tarjoamiseen. Ev\u00e4steiden avulla suorittamamme tietojenk\u00e4sittelytoimintamme perustuu oikeutettuihin etuihimme tarjota t\u00e4ysin toimiva verkkosivusto ja k\u00e4ytt\u00e4jien pyyt\u00e4m\u00e4t palvelut sek\u00e4 oikeutettuun etuumme parantaa jatkuvasti verkkosivustomme sis\u00e4lt\u00f6\u00e4 ja mukauttaa sit\u00e4 k\u00e4ytt\u00e4jien tarpeisiin. Asetus (EU) 2016\/679 yksil\u00f6iden suojelusta henkil\u00f6tietojen k\u00e4sittelyss\u00e4 ja t\u00e4llaisten tietojen vapaasta liikkuvuudesta.<\/p><h2><b>Ev\u00e4steet, jotka eiv\u00e4t ole toiminnallisesti v\u00e4ltt\u00e4m\u00e4tt\u00f6mi\u00e4<\/b><\/h2><p>K\u00e4yt\u00e4mme alla lueteltuja ev\u00e4steit\u00e4 parantaaksemme palveluitamme ja verkkosivustoamme, tehd\u00e4ksemme niist\u00e4 k\u00e4ytt\u00e4j\u00e4yst\u00e4v\u00e4llisempi\u00e4, mukauttaaksemme palvelujamme verkkosivuston k\u00e4ytt\u00e4jille v\u00e4liaikaisesti tallentamalla hakuparametreja sek\u00e4 verkkomarkkinointitarkoituksiin. Ev\u00e4steiden avulla tapahtuva tietojenk\u00e4sittely perustuu k\u00e4ytt\u00e4jien nimenomaiseen suostumukseen yksil\u00f6iden suojelusta henkil\u00f6tietojen k\u00e4sittelyss\u00e4 ja n\u00e4iden tietojen vapaasta liikkuvuudesta asetukseen (EU) 2016\/679.<\/p><p>Alle 14-vuotiaita verkkosivuilla vierailijoita pyydet\u00e4\u00e4n hankkimaan vanhemman tai huoltajan suostumus ennen tietojen l\u00e4hett\u00e4mist\u00e4 meille verkkosivustomme kautta. Ilman t\u00e4llaista suostumusta he eiv\u00e4t saa antaa mit\u00e4\u00e4n tietoja. Jos kuitenkin saamme tietoja alle 14-vuotiailta henkil\u00f6ilt\u00e4, lopetamme n\u00e4iden tietojen k\u00e4sittelyn heti, kun saamme sen tietoomme.<\/p><h2><b>Ev\u00e4steasetukset t\u00e4ll\u00e4 sivustolla<\/b><\/h2><p>K\u00e4ytt\u00e4j\u00e4 voi est\u00e4\u00e4 tai rajoittaa ei-aktiivisia ev\u00e4steit\u00e4\u00e4n muuttamalla ev\u00e4steasetuksiaan t\u00e4\u00e4ll\u00e4.<\/p><h2><b>Google Analytics<\/b><\/h2><p><u>Tietojen k\u00e4sittelyn tarkoitus ja laajuus<\/u><\/p><p>Suunnittelemme verkkosivustomme k\u00e4ytt\u00e4jien tarpeiden mukaan luomme pseudonyymej\u00e4 k\u00e4ytt\u00e4j\u00e4profiileja Google Analyticsin avulla. Google Analytics k\u00e4ytt\u00e4\u00e4 kohdeev\u00e4steit\u00e4, jotka tallennetaan p\u00e4\u00e4telaitteellesi ja joita voimme lukea. T\u00e4ll\u00e4 tavalla voimme tunnistaa ja laskea palaavat vierailijat sellaisiksi ja m\u00e4\u00e4ritt\u00e4\u00e4 kuinka usein eri k\u00e4ytt\u00e4j\u00e4t ovat k\u00e4yneet verkkosivustomme sivuilla.<\/p><p><u>Oikeusperusta<\/u><\/p><p>Tietojen k\u00e4sittely perustuu yksil\u00f6iden suojelusta henkil\u00f6tietojen k\u00e4sittelyss\u00e4 ja n\u00e4iden tietojen vapaasta liikkuvuudesta annetun asetuksen (EU) 2016\/679 mukaiseen suostumukseen.<\/p><p>Ev\u00e4steen luomat tiedot verkkosivustomme k\u00e4yt\u00f6st\u00e4si siirret\u00e4\u00e4n yleens\u00e4 Googlen palvelimelle Yhdysvalloissa ja tallennetaan sinne. Koska olemme kuitenkin aktivoineet IP-osoitteen anonymisoinnin verkkosivuillamme, Google lyhent\u00e4\u00e4 ensin IP-osoitteesi Euroopan unionin j\u00e4senvaltioissa. Vain poikkeustapauksissa koko IP-osoitteesi siirret\u00e4\u00e4n Googlen palvelimelle Yhdysvalloissa ja vain lyhennet\u00e4\u00e4n siell\u00e4.<\/p><p>Google LLC k\u00e4sittelee n\u00e4m\u00e4 tiedot ja luo niiden avulla profiileja ja linkkej\u00e4 Google-tileihin. Lis\u00e4tietoja siit\u00e4, miten Google k\u00e4sittelee tietojasi, on osoitteessa\u00a0<a href=\"https:\/\/policies.google.com\/technologies\/partner-sites\" target=\"_blank\" rel=\"noopener\">https:\/\/policies.google.com\/technologies\/partner-sites<\/a>.<\/p><p><u>Tietoja kolmannesta osapuolesta:<\/u><\/p><p>Google Dublin, Google Ireland Ltd.,<br \/><span style=\"color: var( --e-global-color-b15d4bd );\">Gordon House, Barrow Street,<br \/><\/span><span style=\"color: var( --e-global-color-b15d4bd );\">Dublin 4<br \/><\/span><span style=\"color: var( --e-global-color-b15d4bd );\">Irlanti<br \/><\/span><span style=\"color: var( --e-global-color-b15d4bd );\">Faksi: +353 (1) 436 1001<br \/><\/span><span style=\"color: var( --e-global-color-b15d4bd );\">K\u00e4ytt\u00f6ehdot:\u00a0<\/span><a href=\"http:\/\/www.google.com\/analytics\/terms\/de.html\" target=\"_blank\" rel=\"noopener\">http:\/\/www.google.com\/analytics\/terms\/de.html<\/a><span style=\"color: var( --e-global-color-b15d4bd );\"><br \/><\/span><span style=\"color: var( --e-global-color-b15d4bd );\">Tietosuojalausunto:\u00a0<\/span><a style=\"background-color: #ffffff;\" href=\"http:\/\/www.google.de\/intl\/de\/policies\/privacy\" target=\"_blank\" rel=\"noopener\">www.google.de\/intl\/de\/policies\/privacy<\/a><\/p><p>\u00a0<\/p>\t\t\t\t\t\t\t\t<\/div>\n\t\t\t\t<\/div>\n\t\t\t\t\t<\/div>\n\t\t<\/div>\n\t\t\t\t\t<\/div>\n\t\t<\/section>\n\t\t\t\t<\/div>","protected":false},"excerpt":{"rendered":"<p>Politika zasebnosti Zasebna informacijska varnost Zaradi va\u0161e varnosti in za\u0161\u010dite podatki o va\u0161i kreditni kartici niso shranjeni na na\u0161ih stre\u017enikih. Na\u0161 ponudnik pla\u010dilnega prehoda, avtoriziran s strani ecoss.net, hrani te podatke \u0161ifrirane in varne v va\u0161em imenu. Va\u0161a zasebnost Pri ecoss.net va\u0161o zasebnost jemljemo zelo resno. Preberite to politiko (ta \u00bbPolitika\u00ab), da vidite, kako ecoss.net [&hellip;]<\/p>\n","protected":false},"author":34,"featured_media":0,"parent":0,"menu_order":0,"comment_status":"closed","ping_status":"open","template":"","meta":{"inline_featured_image":false,"footnotes":""},"class_list":["post-3","page","type-page","status-publish","hentry"],"yoast_head":"<!-- This site is optimized with the Yoast SEO plugin v27.5 - https:\/\/yoast.com\/product\/yoast-seo-wordpress\/ -->\n<title>Politika zasebnosti - ECOSS<\/title>\n<meta name=\"robots\" content=\"index, follow, max-snippet:-1, max-image-preview:large, max-video-preview:-1\" \/>\n<link rel=\"canonical\" href=\"https:\/\/ecoss.net\/fi\/privacy-policy\/\" \/>\n<meta property=\"og:locale\" content=\"fi_FI\" \/>\n<meta property=\"og:type\" content=\"article\" \/>\n<meta property=\"og:title\" content=\"Politika zasebnosti - ECOSS\" \/>\n<meta property=\"og:description\" content=\"Politika zasebnosti Zasebna informacijska varnost Zaradi va\u0161e varnosti in za\u0161\u010dite podatki o va\u0161i kreditni kartici niso shranjeni na na\u0161ih stre\u017enikih. Na\u0161 ponudnik pla\u010dilnega prehoda, avtoriziran s strani ecoss.net, hrani te podatke \u0161ifrirane in varne v va\u0161em imenu. Va\u0161a zasebnost Pri ecoss.net va\u0161o zasebnost jemljemo zelo resno. Preberite to politiko (ta \u00bbPolitika\u00ab), da vidite, kako ecoss.net [&hellip;]\" \/>\n<meta property=\"og:url\" content=\"https:\/\/ecoss.net\/fi\/privacy-policy\/\" \/>\n<meta property=\"og:site_name\" content=\"ECOSS\" \/>\n<meta property=\"article:publisher\" content=\"https:\/\/www.facebook.com\/ecosynergysystem\" \/>\n<meta property=\"article:modified_time\" content=\"2023-09-11T19:16:31+00:00\" \/>\n<meta property=\"og:image\" content=\"https:\/\/ecoss.net\/wp-content\/uploads\/2023\/09\/Ecoss.net-logo.png\" \/>\n\t<meta property=\"og:image:width\" content=\"1778\" \/>\n\t<meta property=\"og:image:height\" content=\"1777\" \/>\n\t<meta property=\"og:image:type\" content=\"image\/png\" \/>\n<meta name=\"twitter:card\" content=\"summary_large_image\" \/>\n<meta name=\"twitter:site\" content=\"@EcoSynergyEcoss\" \/>\n<meta name=\"twitter:label1\" content=\"Arvioitu lukuaika\" \/>\n\t<meta name=\"twitter:data1\" content=\"6 minuuttia\" \/>\n<script type=\"application\/ld+json\" class=\"yoast-schema-graph\">{\"@context\":\"https:\\\/\\\/schema.org\",\"@graph\":[{\"@type\":\"WebPage\",\"@id\":\"https:\\\/\\\/ecoss.net\\\/privacy-policy\\\/\",\"url\":\"https:\\\/\\\/ecoss.net\\\/privacy-policy\\\/\",\"name\":\"Politika zasebnosti - ECOSS\",\"isPartOf\":{\"@id\":\"https:\\\/\\\/ecoss.net\\\/#website\"},\"datePublished\":\"2023-07-13T17:49:36+00:00\",\"dateModified\":\"2023-09-11T19:16:31+00:00\",\"breadcrumb\":{\"@id\":\"https:\\\/\\\/ecoss.net\\\/privacy-policy\\\/#breadcrumb\"},\"inLanguage\":\"fi\",\"potentialAction\":[{\"@type\":\"ReadAction\",\"target\":[\"https:\\\/\\\/ecoss.net\\\/privacy-policy\\\/\"]}]},{\"@type\":\"BreadcrumbList\",\"@id\":\"https:\\\/\\\/ecoss.net\\\/privacy-policy\\\/#breadcrumb\",\"itemListElement\":[{\"@type\":\"ListItem\",\"position\":1,\"name\":\"Home\",\"item\":\"https:\\\/\\\/ecoss.net\\\/\"},{\"@type\":\"ListItem\",\"position\":2,\"name\":\"Politika zasebnosti\"}]},{\"@type\":\"WebSite\",\"@id\":\"https:\\\/\\\/ecoss.net\\\/#website\",\"url\":\"https:\\\/\\\/ecoss.net\\\/\",\"name\":\"ECOSS\",\"description\":\"Ecosynergy System\",\"publisher\":{\"@id\":\"https:\\\/\\\/ecoss.net\\\/#organization\"},\"potentialAction\":[{\"@type\":\"SearchAction\",\"target\":{\"@type\":\"EntryPoint\",\"urlTemplate\":\"https:\\\/\\\/ecoss.net\\\/?s={search_term_string}\"},\"query-input\":{\"@type\":\"PropertyValueSpecification\",\"valueRequired\":true,\"valueName\":\"search_term_string\"}}],\"inLanguage\":\"fi\"},{\"@type\":\"Organization\",\"@id\":\"https:\\\/\\\/ecoss.net\\\/#organization\",\"name\":\"EcoSynergy System\",\"url\":\"https:\\\/\\\/ecoss.net\\\/\",\"logo\":{\"@type\":\"ImageObject\",\"inLanguage\":\"fi\",\"@id\":\"https:\\\/\\\/ecoss.net\\\/#\\\/schema\\\/logo\\\/image\\\/\",\"url\":\"https:\\\/\\\/ecoss.net\\\/wp-content\\\/uploads\\\/2023\\\/07\\\/ESS-PublishWall-logo-300x300-1.png\",\"contentUrl\":\"https:\\\/\\\/ecoss.net\\\/wp-content\\\/uploads\\\/2023\\\/07\\\/ESS-PublishWall-logo-300x300-1.png\",\"width\":224,\"height\":224,\"caption\":\"EcoSynergy System\"},\"image\":{\"@id\":\"https:\\\/\\\/ecoss.net\\\/#\\\/schema\\\/logo\\\/image\\\/\"},\"sameAs\":[\"https:\\\/\\\/www.facebook.com\\\/ecosynergysystem\",\"https:\\\/\\\/x.com\\\/EcoSynergyEcoss\",\"https:\\\/\\\/www.instagram.com\\\/ecosynergysystem\\\/\",\"https:\\\/\\\/www.linkedin.com\\\/in\\\/ecosynergy-system-environmental-solution-b9b62220a\\\/\"]}]}<\/script>\n<!-- \/ Yoast SEO plugin. -->","yoast_head_json":{"title":"Tietosuojak\u00e4yt\u00e4nt\u00f6 - ECOSS","robots":{"index":"index","follow":"follow","max-snippet":"max-snippet:-1","max-image-preview":"max-image-preview:large","max-video-preview":"max-video-preview:-1"},"canonical":"https:\/\/ecoss.net\/fi\/privacy-policy\/","og_locale":"fi_FI","og_type":"article","og_title":"Politika zasebnosti - ECOSS","og_description":"Politika zasebnosti Zasebna informacijska varnost Zaradi va\u0161e varnosti in za\u0161\u010dite podatki o va\u0161i kreditni kartici niso shranjeni na na\u0161ih stre\u017enikih. Na\u0161 ponudnik pla\u010dilnega prehoda, avtoriziran s strani ecoss.net, hrani te podatke \u0161ifrirane in varne v va\u0161em imenu. Va\u0161a zasebnost Pri ecoss.net va\u0161o zasebnost jemljemo zelo resno. Preberite to politiko (ta \u00bbPolitika\u00ab), da vidite, kako ecoss.net [&hellip;]","og_url":"https:\/\/ecoss.net\/fi\/privacy-policy\/","og_site_name":"ECOSS","article_publisher":"https:\/\/www.facebook.com\/ecosynergysystem","article_modified_time":"2023-09-11T19:16:31+00:00","og_image":[{"width":1778,"height":1777,"url":"https:\/\/ecoss.net\/wp-content\/uploads\/2023\/09\/Ecoss.net-logo.png","type":"image\/png"}],"twitter_card":"summary_large_image","twitter_site":"@EcoSynergyEcoss","twitter_misc":{"Arvioitu lukuaika":"6 minuuttia"},"schema":{"@context":"https:\/\/schema.org","@graph":[{"@type":"WebPage","@id":"https:\/\/ecoss.net\/privacy-policy\/","url":"https:\/\/ecoss.net\/privacy-policy\/","name":"Tietosuojak\u00e4yt\u00e4nt\u00f6 - ECOSS","isPartOf":{"@id":"https:\/\/ecoss.net\/#website"},"datePublished":"2023-07-13T17:49:36+00:00","dateModified":"2023-09-11T19:16:31+00:00","breadcrumb":{"@id":"https:\/\/ecoss.net\/privacy-policy\/#breadcrumb"},"inLanguage":"fi","potentialAction":[{"@type":"ReadAction","target":["https:\/\/ecoss.net\/privacy-policy\/"]}]},{"@type":"BreadcrumbList","@id":"https:\/\/ecoss.net\/privacy-policy\/#breadcrumb","itemListElement":[{"@type":"ListItem","position":1,"name":"Home","item":"https:\/\/ecoss.net\/"},{"@type":"ListItem","position":2,"name":"Politika zasebnosti"}]},{"@type":"WebSite","@id":"https:\/\/ecoss.net\/#website","url":"https:\/\/ecoss.net\/","name":"ECOSS","description":"Ecosynergy System","publisher":{"@id":"https:\/\/ecoss.net\/#organization"},"potentialAction":[{"@type":"SearchAction","target":{"@type":"EntryPoint","urlTemplate":"https:\/\/ecoss.net\/?s={search_term_string}"},"query-input":{"@type":"PropertyValueSpecification","valueRequired":true,"valueName":"search_term_string"}}],"inLanguage":"fi"},{"@type":"Organization","@id":"https:\/\/ecoss.net\/#organization","name":"EcoSynergy System","url":"https:\/\/ecoss.net\/","logo":{"@type":"ImageObject","inLanguage":"fi","@id":"https:\/\/ecoss.net\/#\/schema\/logo\/image\/","url":"https:\/\/ecoss.net\/wp-content\/uploads\/2023\/07\/ESS-PublishWall-logo-300x300-1.png","contentUrl":"https:\/\/ecoss.net\/wp-content\/uploads\/2023\/07\/ESS-PublishWall-logo-300x300-1.png","width":224,"height":224,"caption":"EcoSynergy System"},"image":{"@id":"https:\/\/ecoss.net\/#\/schema\/logo\/image\/"},"sameAs":["https:\/\/www.facebook.com\/ecosynergysystem","https:\/\/x.com\/EcoSynergyEcoss","https:\/\/www.instagram.com\/ecosynergysystem\/","https:\/\/www.linkedin.com\/in\/ecosynergy-system-environmental-solution-b9b62220a\/"]}]}},"_links":{"self":[{"href":"https:\/\/ecoss.net\/fi\/wp-json\/wp\/v2\/pages\/3","targetHints":{"allow":["GET"]}}],"collection":[{"href":"https:\/\/ecoss.net\/fi\/wp-json\/wp\/v2\/pages"}],"about":[{"href":"https:\/\/ecoss.net\/fi\/wp-json\/wp\/v2\/types\/page"}],"author":[{"embeddable":true,"href":"https:\/\/ecoss.net\/fi\/wp-json\/wp\/v2\/users\/34"}],"replies":[{"embeddable":true,"href":"https:\/\/ecoss.net\/fi\/wp-json\/wp\/v2\/comments?post=3"}],"version-history":[{"count":13,"href":"https:\/\/ecoss.net\/fi\/wp-json\/wp\/v2\/pages\/3\/revisions"}],"predecessor-version":[{"id":1544,"href":"https:\/\/ecoss.net\/fi\/wp-json\/wp\/v2\/pages\/3\/revisions\/1544"}],"wp:attachment":[{"href":"https:\/\/ecoss.net\/fi\/wp-json\/wp\/v2\/media?parent=3"}],"curies":[{"name":"wp","href":"https:\/\/api.w.org\/{rel}","templated":true}]}}