{"id":908,"date":"2023-08-29T21:07:24","date_gmt":"2023-08-29T19:07:24","guid":{"rendered":"https:\/\/ecoss.akumen.eu\/?page_id=908"},"modified":"2023-08-29T21:08:07","modified_gmt":"2023-08-29T19:08:07","slug":"test-2","status":"publish","type":"page","link":"https:\/\/ecoss.net\/es\/test-2\/","title":{"rendered":"TEST"},"content":{"rendered":"<div data-elementor-type=\"wp-page\" data-elementor-id=\"908\" class=\"elementor elementor-908\" data-elementor-post-type=\"page\">\n\t\t\t\t<div class=\"elementor-element elementor-element-e63bb2d e-flex e-con-boxed e-con e-parent\" data-id=\"e63bb2d\" data-element_type=\"container\" data-e-type=\"container\">\n\t\t\t\t\t<div class=\"e-con-inner\">\n\t\t\t\t<div class=\"elementor-element elementor-element-deadb77 e-checkout-layout-one-column elementor-widget elementor-widget-woocommerce-checkout-page\" data-id=\"deadb77\" data-element_type=\"widget\" data-e-type=\"widget\" data-widget_type=\"woocommerce-checkout-page.default\">\n\t\t\t\t<div class=\"elementor-widget-container\">\n\t\t\t\t\t<div class=\"woocommerce\"><\/div>\t\t\t\t<\/div>\n\t\t\t\t<\/div>\n\t\t\t\t\t<\/div>\n\t\t\t\t<\/div>\n\t\t\t\t<\/div>","protected":false},"excerpt":{"rendered":"<p>Billing Details Order notes&nbsp;(optional) Va\u0161e naro\u010dilo Product Subtotal ECOSS&nbsp; &times;&nbsp;1 &euro;2,00 Subtotal &euro;2,00 Total &euro;2,00 EUR WooPayments Save payment information to my account for future purchases. Neposredna ban\u010dna transakcija Nakazilo izvedite neposredno na na\u0161 ban\u010dni ra\u010dun. Kot sklic pri pla\u010dilu uporabite \u0161tevilko va\u0161ega naro\u010dila. Kreditna \/ debetna kartica (Stripe) Pla\u010dajte s kartico prek Stripe. TEST [&hellip;]<\/p>\n","protected":false},"author":34,"featured_media":0,"parent":0,"menu_order":0,"comment_status":"closed","ping_status":"closed","template":"","meta":{"inline_featured_image":false,"footnotes":""},"class_list":["post-908","page","type-page","status-publish","hentry"],"yoast_head":"<!-- This site is optimized with the Yoast SEO plugin v27.5 - https:\/\/yoast.com\/product\/yoast-seo-wordpress\/ -->\n<title>TEST - ECOSS<\/title>\n<meta name=\"robots\" content=\"index, follow, max-snippet:-1, max-image-preview:large, max-video-preview:-1\" \/>\n<link rel=\"canonical\" href=\"https:\/\/ecoss.net\/es\/test-2\/\" \/>\n<meta property=\"og:locale\" content=\"es_ES\" \/>\n<meta property=\"og:type\" content=\"article\" \/>\n<meta property=\"og:title\" content=\"TEST - ECOSS\" \/>\n<meta property=\"og:description\" content=\"Billing Details Order notes&nbsp;(optional) Va\u0161e naro\u010dilo Product Subtotal ECOSS&nbsp; &times;&nbsp;1 &euro;2,00 Subtotal &euro;2,00 Total &euro;2,00 EUR WooPayments Save payment information to my account for future purchases. Neposredna ban\u010dna transakcija Nakazilo izvedite neposredno na na\u0161 ban\u010dni ra\u010dun. Kot sklic pri pla\u010dilu uporabite \u0161tevilko va\u0161ega naro\u010dila. Kreditna \/ debetna kartica (Stripe) Pla\u010dajte s kartico prek Stripe. TEST [&hellip;]\" \/>\n<meta property=\"og:url\" content=\"https:\/\/ecoss.net\/es\/test-2\/\" \/>\n<meta property=\"og:site_name\" content=\"ECOSS\" \/>\n<meta property=\"article:publisher\" content=\"https:\/\/www.facebook.com\/ecosynergysystem\" \/>\n<meta property=\"article:modified_time\" content=\"2023-08-29T19:08:07+00:00\" \/>\n<meta property=\"og:image\" content=\"https:\/\/ecoss.akumen.eu\/wp-content\/plugins\/woocommerce-payments\/assets\/images\/payment-methods\/cc.svg\" \/>\n<meta name=\"twitter:card\" content=\"summary_large_image\" \/>\n<meta name=\"twitter:site\" content=\"@EcoSynergyEcoss\" \/>\n<meta name=\"twitter:label1\" content=\"Tiempo de lectura\" \/>\n\t<meta name=\"twitter:data1\" content=\"1 minuto\" \/>\n<script type=\"application\/ld+json\" class=\"yoast-schema-graph\">{\"@context\":\"https:\\\/\\\/schema.org\",\"@graph\":[{\"@type\":\"WebPage\",\"@id\":\"https:\\\/\\\/ecoss.net\\\/test-2\\\/\",\"url\":\"https:\\\/\\\/ecoss.net\\\/test-2\\\/\",\"name\":\"TEST - ECOSS\",\"isPartOf\":{\"@id\":\"https:\\\/\\\/ecoss.net\\\/#website\"},\"primaryImageOfPage\":{\"@id\":\"https:\\\/\\\/ecoss.net\\\/test-2\\\/#primaryimage\"},\"image\":{\"@id\":\"https:\\\/\\\/ecoss.net\\\/test-2\\\/#primaryimage\"},\"thumbnailUrl\":\"https:\\\/\\\/ecoss.akumen.eu\\\/wp-content\\\/plugins\\\/woocommerce-payments\\\/assets\\\/images\\\/payment-methods\\\/cc.svg\",\"datePublished\":\"2023-08-29T19:07:24+00:00\",\"dateModified\":\"2023-08-29T19:08:07+00:00\",\"breadcrumb\":{\"@id\":\"https:\\\/\\\/ecoss.net\\\/test-2\\\/#breadcrumb\"},\"inLanguage\":\"es\",\"potentialAction\":[{\"@type\":\"ReadAction\",\"target\":[\"https:\\\/\\\/ecoss.net\\\/test-2\\\/\"]}]},{\"@type\":\"ImageObject\",\"inLanguage\":\"es\",\"@id\":\"https:\\\/\\\/ecoss.net\\\/test-2\\\/#primaryimage\",\"url\":\"https:\\\/\\\/ecoss.akumen.eu\\\/wp-content\\\/plugins\\\/woocommerce-payments\\\/assets\\\/images\\\/payment-methods\\\/cc.svg\",\"contentUrl\":\"https:\\\/\\\/ecoss.akumen.eu\\\/wp-content\\\/plugins\\\/woocommerce-payments\\\/assets\\\/images\\\/payment-methods\\\/cc.svg\"},{\"@type\":\"BreadcrumbList\",\"@id\":\"https:\\\/\\\/ecoss.net\\\/test-2\\\/#breadcrumb\",\"itemListElement\":[{\"@type\":\"ListItem\",\"position\":1,\"name\":\"Home\",\"item\":\"https:\\\/\\\/ecoss.net\\\/\"},{\"@type\":\"ListItem\",\"position\":2,\"name\":\"TEST\"}]},{\"@type\":\"WebSite\",\"@id\":\"https:\\\/\\\/ecoss.net\\\/#website\",\"url\":\"https:\\\/\\\/ecoss.net\\\/\",\"name\":\"ECOSS\",\"description\":\"Ecosynergy System\",\"publisher\":{\"@id\":\"https:\\\/\\\/ecoss.net\\\/#organization\"},\"potentialAction\":[{\"@type\":\"SearchAction\",\"target\":{\"@type\":\"EntryPoint\",\"urlTemplate\":\"https:\\\/\\\/ecoss.net\\\/?s={search_term_string}\"},\"query-input\":{\"@type\":\"PropertyValueSpecification\",\"valueRequired\":true,\"valueName\":\"search_term_string\"}}],\"inLanguage\":\"es\"},{\"@type\":\"Organization\",\"@id\":\"https:\\\/\\\/ecoss.net\\\/#organization\",\"name\":\"EcoSynergy System\",\"url\":\"https:\\\/\\\/ecoss.net\\\/\",\"logo\":{\"@type\":\"ImageObject\",\"inLanguage\":\"es\",\"@id\":\"https:\\\/\\\/ecoss.net\\\/#\\\/schema\\\/logo\\\/image\\\/\",\"url\":\"https:\\\/\\\/ecoss.net\\\/wp-content\\\/uploads\\\/2023\\\/07\\\/ESS-PublishWall-logo-300x300-1.png\",\"contentUrl\":\"https:\\\/\\\/ecoss.net\\\/wp-content\\\/uploads\\\/2023\\\/07\\\/ESS-PublishWall-logo-300x300-1.png\",\"width\":224,\"height\":224,\"caption\":\"EcoSynergy System\"},\"image\":{\"@id\":\"https:\\\/\\\/ecoss.net\\\/#\\\/schema\\\/logo\\\/image\\\/\"},\"sameAs\":[\"https:\\\/\\\/www.facebook.com\\\/ecosynergysystem\",\"https:\\\/\\\/x.com\\\/EcoSynergyEcoss\",\"https:\\\/\\\/www.instagram.com\\\/ecosynergysystem\\\/\",\"https:\\\/\\\/www.linkedin.com\\\/in\\\/ecosynergy-system-environmental-solution-b9b62220a\\\/\"]}]}<\/script>\n<!-- \/ Yoast SEO plugin. -->","yoast_head_json":{"title":"TEST - ECOSS","robots":{"index":"index","follow":"follow","max-snippet":"max-snippet:-1","max-image-preview":"max-image-preview:large","max-video-preview":"max-video-preview:-1"},"canonical":"https:\/\/ecoss.net\/es\/test-2\/","og_locale":"es_ES","og_type":"article","og_title":"TEST - ECOSS","og_description":"Billing Details Order notes&nbsp;(optional) Va\u0161e naro\u010dilo Product Subtotal ECOSS&nbsp; &times;&nbsp;1 &euro;2,00 Subtotal &euro;2,00 Total &euro;2,00 EUR WooPayments Save payment information to my account for future purchases. Neposredna ban\u010dna transakcija Nakazilo izvedite neposredno na na\u0161 ban\u010dni ra\u010dun. Kot sklic pri pla\u010dilu uporabite \u0161tevilko va\u0161ega naro\u010dila. Kreditna \/ debetna kartica (Stripe) Pla\u010dajte s kartico prek Stripe. TEST [&hellip;]","og_url":"https:\/\/ecoss.net\/es\/test-2\/","og_site_name":"ECOSS","article_publisher":"https:\/\/www.facebook.com\/ecosynergysystem","article_modified_time":"2023-08-29T19:08:07+00:00","og_image":[{"url":"https:\/\/ecoss.akumen.eu\/wp-content\/plugins\/woocommerce-payments\/assets\/images\/payment-methods\/cc.svg","type":"","width":"","height":""}],"twitter_card":"summary_large_image","twitter_site":"@EcoSynergyEcoss","twitter_misc":{"Tiempo de lectura":"1 minuto"},"schema":{"@context":"https:\/\/schema.org","@graph":[{"@type":"WebPage","@id":"https:\/\/ecoss.net\/test-2\/","url":"https:\/\/ecoss.net\/test-2\/","name":"TEST - ECOSS","isPartOf":{"@id":"https:\/\/ecoss.net\/#website"},"primaryImageOfPage":{"@id":"https:\/\/ecoss.net\/test-2\/#primaryimage"},"image":{"@id":"https:\/\/ecoss.net\/test-2\/#primaryimage"},"thumbnailUrl":"https:\/\/ecoss.akumen.eu\/wp-content\/plugins\/woocommerce-payments\/assets\/images\/payment-methods\/cc.svg","datePublished":"2023-08-29T19:07:24+00:00","dateModified":"2023-08-29T19:08:07+00:00","breadcrumb":{"@id":"https:\/\/ecoss.net\/test-2\/#breadcrumb"},"inLanguage":"es","potentialAction":[{"@type":"ReadAction","target":["https:\/\/ecoss.net\/test-2\/"]}]},{"@type":"ImageObject","inLanguage":"es","@id":"https:\/\/ecoss.net\/test-2\/#primaryimage","url":"https:\/\/ecoss.akumen.eu\/wp-content\/plugins\/woocommerce-payments\/assets\/images\/payment-methods\/cc.svg","contentUrl":"https:\/\/ecoss.akumen.eu\/wp-content\/plugins\/woocommerce-payments\/assets\/images\/payment-methods\/cc.svg"},{"@type":"BreadcrumbList","@id":"https:\/\/ecoss.net\/test-2\/#breadcrumb","itemListElement":[{"@type":"ListItem","position":1,"name":"Home","item":"https:\/\/ecoss.net\/"},{"@type":"ListItem","position":2,"name":"TEST"}]},{"@type":"WebSite","@id":"https:\/\/ecoss.net\/#website","url":"https:\/\/ecoss.net\/","name":"ECOSS","description":"Sistema de ecosinergia","publisher":{"@id":"https:\/\/ecoss.net\/#organization"},"potentialAction":[{"@type":"SearchAction","target":{"@type":"EntryPoint","urlTemplate":"https:\/\/ecoss.net\/?s={search_term_string}"},"query-input":{"@type":"PropertyValueSpecification","valueRequired":true,"valueName":"search_term_string"}}],"inLanguage":"es"},{"@type":"Organization","@id":"https:\/\/ecoss.net\/#organization","name":"Sistema EcoSinergia","url":"https:\/\/ecoss.net\/","logo":{"@type":"ImageObject","inLanguage":"es","@id":"https:\/\/ecoss.net\/#\/schema\/logo\/image\/","url":"https:\/\/ecoss.net\/wp-content\/uploads\/2023\/07\/ESS-PublishWall-logo-300x300-1.png","contentUrl":"https:\/\/ecoss.net\/wp-content\/uploads\/2023\/07\/ESS-PublishWall-logo-300x300-1.png","width":224,"height":224,"caption":"EcoSynergy System"},"image":{"@id":"https:\/\/ecoss.net\/#\/schema\/logo\/image\/"},"sameAs":["https:\/\/www.facebook.com\/ecosynergysystem","https:\/\/x.com\/EcoSynergyEcoss","https:\/\/www.instagram.com\/ecosynergysystem\/","https:\/\/www.linkedin.com\/in\/ecosynergy-system-environmental-solution-b9b62220a\/"]}]}},"_links":{"self":[{"href":"https:\/\/ecoss.net\/es\/wp-json\/wp\/v2\/pages\/908","targetHints":{"allow":["GET"]}}],"collection":[{"href":"https:\/\/ecoss.net\/es\/wp-json\/wp\/v2\/pages"}],"about":[{"href":"https:\/\/ecoss.net\/es\/wp-json\/wp\/v2\/types\/page"}],"author":[{"embeddable":true,"href":"https:\/\/ecoss.net\/es\/wp-json\/wp\/v2\/users\/34"}],"replies":[{"embeddable":true,"href":"https:\/\/ecoss.net\/es\/wp-json\/wp\/v2\/comments?post=908"}],"version-history":[{"count":4,"href":"https:\/\/ecoss.net\/es\/wp-json\/wp\/v2\/pages\/908\/revisions"}],"predecessor-version":[{"id":912,"href":"https:\/\/ecoss.net\/es\/wp-json\/wp\/v2\/pages\/908\/revisions\/912"}],"wp:attachment":[{"href":"https:\/\/ecoss.net\/es\/wp-json\/wp\/v2\/media?parent=908"}],"curies":[{"name":"wp","href":"https:\/\/api.w.org\/{rel}","templated":true}]}}