{"id":3,"date":"2023-07-13T17:49:36","date_gmt":"2023-07-13T17:49:36","guid":{"rendered":"https:\/\/ecoss.akumen.eu\/?page_id=3"},"modified":"2023-09-11T21:16:31","modified_gmt":"2023-09-11T19:16:31","slug":"privacy-policy","status":"publish","type":"page","link":"https:\/\/ecoss.net\/de\/privacy-policy\/","title":{"rendered":"Datenschutzrichtlinie"},"content":{"rendered":"<div data-elementor-type=\"wp-page\" data-elementor-id=\"3\" class=\"elementor elementor-3\" data-elementor-post-type=\"page\">\n\t\t\t\t<div class=\"elementor-element elementor-element-84790e1 e-flex e-con-boxed e-con e-parent\" data-id=\"84790e1\" data-element_type=\"container\" data-e-type=\"container\">\n\t\t\t\t\t<div class=\"e-con-inner\">\n\t\t\t\t<div class=\"elementor-element elementor-element-1a2dbee elementor-widget elementor-widget-heading\" data-id=\"1a2dbee\" data-element_type=\"widget\" data-e-type=\"widget\" data-widget_type=\"heading.default\">\n\t\t\t\t<div class=\"elementor-widget-container\">\n\t\t\t\t\t<h2 class=\"elementor-heading-title elementor-size-default\">Datenschutzrichtlinie<\/h2>\t\t\t\t<\/div>\n\t\t\t\t<\/div>\n\t\t\t\t\t<\/div>\n\t\t\t\t<\/div>\n\t\t\t\t<section class=\"elementor-section elementor-top-section elementor-element elementor-element-2554cb32 elementor-section-boxed elementor-section-height-default elementor-section-height-default\" data-id=\"2554cb32\" data-element_type=\"section\" data-e-type=\"section\">\n\t\t\t\t\t\t<div class=\"elementor-container elementor-column-gap-default\">\n\t\t\t\t\t<div class=\"elementor-column elementor-col-100 elementor-top-column elementor-element elementor-element-24e53e09\" data-id=\"24e53e09\" data-element_type=\"column\" data-e-type=\"column\">\n\t\t\t<div class=\"elementor-widget-wrap elementor-element-populated\">\n\t\t\t\t\t\t<div class=\"elementor-element elementor-element-73cd64cb elementor-widget elementor-widget-text-editor\" data-id=\"73cd64cb\" data-element_type=\"widget\" data-e-type=\"widget\" data-widget_type=\"text-editor.default\">\n\t\t\t\t<div class=\"elementor-widget-container\">\n\t\t\t\t\t\t\t\t\t<h2><strong>Private Informationssicherheit<\/strong><\/h2>\n<p>Aus Sicherheitsgr\u00fcnden werden Ihre Kreditkarteninformationen nicht auf unseren Servern gespeichert. Unser von ecoss.net autorisierter Zahlungsgateway-Anbieter speichert diese Daten in Ihrem Namen verschl\u00fcsselt und sicher.<\/p>\n<p><\/p>\n<h2><strong>Ihre Privatsph\u00e4re<\/strong><\/h2>\n<p>Bei ecoss.net nehmen wir Ihre Privatsph\u00e4re sehr ernst. Bitte lesen Sie diese Richtlinie (diese \u201eRichtlinie\u201c), um zu erfahren, wie ecoss.net mit Ihren pers\u00f6nlichen Daten umgeht, die Sie uns bei der Registrierung auf unserer Website (die \u201eWebsite\u201c) zur Verf\u00fcgung stellen. Diese Richtlinie gilt nur f\u00fcr Mitarbeiter von ecoss.net und nicht f\u00fcr Personen oder Unternehmen, die nicht bei ecoss.net besch\u00e4ftigt oder verwaltet sind. Wir behalten uns das Recht vor, diese Richtlinie zu \u00e4ndern. Wir werden Sie \u00fcber wesentliche \u00c4nderungen dieser Richtlinie informieren, indem wir sie an unserem Schwarzen Brett ver\u00f6ffentlichen.<\/p>\n<p><\/p>\n<h2><strong>Informationen, die wir sammeln<\/strong><\/h2>\n<p>Unser Hauptzweck bei der Erhebung personenbezogener Daten besteht darin, Ihnen ein angenehmes, personalisiertes und effizientes Erlebnis auf unserer Website zu bieten. Es ist unsere Richtlinie, personenbezogene Daten unserer Mitglieder niemals ohne deren Zustimmung absichtlich an die \u00d6ffentlichkeit weiterzugeben. Ecoss.net erfasst Informationen von Ihnen, wenn Sie sich registrieren und bestimmte Aktivit\u00e4ten auf der Website durchf\u00fchren. Wir erfassen Ihren vollst\u00e4ndigen Namen, Ihre g\u00fcltige Telefonnummer, Kontakt-\/Rechnungsinformationen, E-Mail-Adresse, Steueridentifikationsnummer und Lieferadresse. Dar\u00fcber hinaus muss jedes Mitglied einen eindeutigen Benutzernamen und ein Passwort erstellen und eine Mitgliedsnummer erhalten. Alle zus\u00e4tzlich erfassten Informationen werden gem\u00e4\u00df unserer Datenschutzrichtlinie verwendet. Wir erfassen einige Daten von Ihrem Browser. Dazu geh\u00f6ren Ihre IP-Adresse und der Name der von Ihnen aufgerufenen Seite. Diese Informationen helfen uns, Probleme mit unseren Servern zu diagnostizieren und die Website zu warten. Im Wesentlichen hilft uns Ihre IP-Adresse, Sie und Ihre spezifischen Bed\u00fcrfnisse zu identifizieren. Wir erfassen auch Daten von Cookies, dabei handelt es sich um Software-Tags, die Ihr Browser auf Ihrer Festplatte speichert. Diese Informationen sind allgemeiner Natur und erm\u00f6glichen es uns, unsere Website auf Ihre spezifischen Bed\u00fcrfnisse abzustimmen. Mithilfe von Cookies k\u00f6nnen Sie sich auch anmelden oder durch bestimmte Teile unserer Website navigieren, ohne dass Sie bestimmte Informationen erneut eingeben m\u00fcssen. Sie k\u00f6nnen die Verwendung von Cookies \u00fcber Ihren Browser ablehnen. Ihre Daten werden wie immer streng vertraulich behandelt und niemals freiwillig an Dritte weitergegeben.<\/p>\n<p><\/p>\n<h2><strong>\u201eWie werden meine Daten genutzt?\u201c<\/strong><\/h2>\n<p>Die von ecoss.net-Mitgliedern gesammelten Informationen werden zur Verbesserung des Produkt-\/Dienstleistungsangebots, zur Anpassung des Inhalts und Layouts unserer Website sowie f\u00fcr Marketing- und Statistikzwecke verwendet. Von Zeit zu Zeit senden wir Ihnen E-Mails \u00fcber neue Dienstleistungen oder Werbeaktionen. Sie k\u00f6nnen den Erhalt jeglicher Informationen von uns jederzeit abbestellen.<\/p>\n<p><strong>&nbsp;<\/strong><\/p>\n<h2><strong>\u201eWer sieht meine pers\u00f6nlichen Daten?\u201c<\/strong><\/h2>\n<p><\/p>\n<p>Unsere oberste Priorit\u00e4t ist es, Ihre pers\u00f6nlichen Daten privat und vertraulich zu behandeln. Wir werden Ihre personenbezogenen Daten nicht vors\u00e4tzlich an Dritte weitergeben. Und wir werden Ihre pers\u00f6nlichen Daten an niemanden vermieten oder verkaufen.<\/p>\n<p>Ecoss.net wird Ihre pers\u00f6nlichen Daten unter folgenden Umst\u00e4nden an andere weitergeben:<\/p>\n<p>\u2013 Sie stimmen der Weitergabe von Informationen zu;<\/p>\n<p>\u2013 als Reaktion auf Vorladungen, Gerichtsbeschl\u00fcsse oder Gerichtsverfahren;<\/p>\n<p>\u2013 Ihre Handlungen auf unserer Website versto\u00dfen oder scheinen gegen die Nutzungsbedingungen zu versto\u00dfen und die Offenlegung dieser Informationen hilft bei den Bem\u00fchungen, die Nutzungsbedingungen durchzusetzen;<\/p>\n<p>- eine Liste ver\u00f6ffentlichen, von der ecoss.net nach eigenem Ermessen annimmt, dass sie zu einer Haftung f\u00fcr ecoss.net f\u00fchren kann, und dass die Offenlegung solcher personenbezogener Daten die Haftung von ecoss.net verringern oder beseitigen kann.<\/p>\n<p><\/p>\n<p>Nichts in dieser Richtlinie schr\u00e4nkt, verbietet oder negiert auf andere Weise die F\u00e4higkeit von ecoss.net, (1) seine Verm\u00f6genswerte, einschlie\u00dflich, aber nicht beschr\u00e4nkt auf unsere Website-Verm\u00f6genswerte, an einen Dritten zu \u00fcbertragen, abzutreten oder zu verkaufen oder (2) in irgendeiner Weise mit ihm zu ver\u00e4u\u00dfern Verm\u00f6genswerte in einem Insolvenz- oder \u00e4hnlichen Verfahren. Ecoss.net gibt au\u00dferdem keine Zusicherungen hinsichtlich der Richtigkeit oder Vollst\u00e4ndigkeit der Informationen, die es auf unserer Website sammelt und offenlegt, und lehnt jegliche Haftung ab, die sich daraus oder im Zusammenhang damit ergibt.<\/p>\n<h2><strong>Sicherheit<\/strong><\/h2>\n<p>Um die Vertraulichkeit Ihrer Informationen zu gew\u00e4hrleisten, stellt ecoss.net seinen Mitgliedern die h\u00f6chsten Industriestandards f\u00fcr sichere Server zur Verf\u00fcgung \u2013 Secure Socket Layers (SSL) und Firewalls. Leider gibt es im Internet (oder in der realen Welt) keine perfekte Sicherheit \u2013 daher k\u00f6nnen wir nicht garantieren, dass Ihre Daten nicht gew\u00e4hrleistet sind. Wir werden jedoch unser Bestes tun, um die Sicherheit Ihrer privaten Daten weiterhin zu gew\u00e4hrleisten.<\/p>\n<p><\/p>\n<h2><strong>Minderj\u00e4hrige<\/strong><\/h2>\n<p>Minderj\u00e4hrige (unter 18 Jahren) sind nicht berechtigt, ecoss.net zu nutzen, es sei denn, sie nutzen unsere Website \u00fcber einen Elternteil oder Erziehungsberechtigten, der ein registriertes Mitglied von ecoss.net ist.<\/p>\n<p><strong>&nbsp;<\/strong><\/p>\n<h2><strong>deine Verantwortungen<\/strong><\/h2>\n<p>Wir arbeiten hart daran, alle Ihre Informationen auf unserer Website zu sch\u00fctzen. Um die Sicherheit Ihrer pers\u00f6nlichen Daten zu gew\u00e4hrleisten, geben Sie Ihr Passwort bitte nicht an Dritte weiter. Die Weitergabe dieser Informationen k\u00f6nnte Sie und Ihre Bewertung als Benutzer gef\u00e4hrden. Wenn Sie die Kontrolle \u00fcber Ihr Passwort verlieren oder glauben, dass sich jemand unbefugten Zugriff auf Ihr Konto verschafft hat, \u00e4ndern Sie Ihr Passwort sofort. Bitte kontaktieren Sie uns, wenn Sie Fragen haben.<\/p>\n<p><\/p>\t\t\t\t\t\t\t\t<\/div>\n\t\t\t\t<\/div>\n\t\t\t\t\t<\/div>\n\t\t<\/div>\n\t\t\t\t\t<\/div>\n\t\t<\/section>\n\t\t<div class=\"elementor-element elementor-element-d74d630 e-flex e-con-boxed e-con e-parent\" data-id=\"d74d630\" data-element_type=\"container\" data-e-type=\"container\">\n\t\t\t\t\t<div class=\"e-con-inner\">\n\t\t\t\t<div class=\"elementor-element elementor-element-c2add75 elementor-widget elementor-widget-heading\" data-id=\"c2add75\" data-element_type=\"widget\" data-e-type=\"widget\" data-widget_type=\"heading.default\">\n\t\t\t\t<div class=\"elementor-widget-container\">\n\t\t\t\t\t<h2 class=\"elementor-heading-title elementor-size-default\">VERWENDUNG VON COOKIES<\/h2>\t\t\t\t<\/div>\n\t\t\t\t<\/div>\n\t\t\t\t\t<\/div>\n\t\t\t\t<\/div>\n\t\t\t\t<section class=\"elementor-section elementor-top-section elementor-element elementor-element-fa5e29f elementor-section-boxed elementor-section-height-default elementor-section-height-default\" data-id=\"fa5e29f\" data-element_type=\"section\" data-e-type=\"section\">\n\t\t\t\t\t\t<div class=\"elementor-container elementor-column-gap-default\">\n\t\t\t\t\t<div class=\"elementor-column elementor-col-100 elementor-top-column elementor-element elementor-element-01ca4d2\" data-id=\"01ca4d2\" data-element_type=\"column\" data-e-type=\"column\">\n\t\t\t<div class=\"elementor-widget-wrap elementor-element-populated\">\n\t\t\t\t\t\t<div class=\"elementor-element elementor-element-3b31c98 elementor-widget elementor-widget-text-editor\" data-id=\"3b31c98\" data-element_type=\"widget\" data-e-type=\"widget\" data-widget_type=\"text-editor.default\">\n\t\t\t\t<div class=\"elementor-widget-container\">\n\t\t\t\t\t\t\t\t\t<h2><b>Definition von Cookies<\/b><\/h2><p>Cookies sind kleine, l\u00f6schbare Textdateien, die auf dem Computer des Nutzers gespeichert werden und eine Personalisierung der Inhalte unserer Website erm\u00f6glichen. Sie werden beim ersten Besuch unserer Website vom Browser des Nutzers heruntergeladen. Bei einem erneuten Zugriff auf unsere Website mit demselben Endger\u00e4t, Ger\u00e4t oder Browser werden das Cookie und die darin gespeicherten Informationen an die Website zur\u00fcckgesendet, die es erstellt hat (eigenes Cookie) oder an eine andere Website gesendet, zu der es geh\u00f6rt (drittes Cookie). . Dadurch erkennt das Cookie, dass mit dem jeweiligen Browser auf die Website zugegriffen wurde und ver\u00e4ndert durch diesen Status die Darstellung der Inhalte. Cookies \u201eerinnern\u201c sich beispielsweise an Benutzerpr\u00e4ferenzen und zeigen an, wie der Benutzer die Website nutzt, und passen den angezeigten Inhalt teilweise an die individuellen Pr\u00e4ferenzen des Benutzers an.<\/p><h2><b>F\u00fcr die Funktion sind Cookies erforderlich<\/b><\/h2><p>Wir verwenden die unten aufgef\u00fchrten Cookies, um die \u00dcbermittlung von Nachrichten durchzuf\u00fchren und die vom Benutzer gew\u00fcnschten Dienste bereitzustellen. Unsere unter Verwendung von Cookies durchgef\u00fchrten Datenverarbeitungsaktivit\u00e4ten basieren auf unserem berechtigten Interesse an der Bereitstellung einer voll funktionsf\u00e4higen Website und den von den Nutzern gew\u00fcnschten Diensten sowie unserem berechtigten Interesse, die Inhalte unserer Website kontinuierlich zu verbessern und an die Bed\u00fcrfnisse der Nutzer anzupassen Verordnung (EU) 2016\/679 zum Schutz nat\u00fcrlicher Personen bei der Verarbeitung personenbezogener Daten und zum freien Datenverkehr.<\/p><h2><b>Cookies, die nicht funktionsnotwendig sind<\/b><\/h2><p>Wir verwenden die unten aufgef\u00fchrten Cookies, um unsere Dienste und unsere Website zu verbessern, sie nutzerfreundlicher zu gestalten, unsere Dienste f\u00fcr Website-Benutzer durch die vor\u00fcbergehende Speicherung von Suchparametern zu personalisieren und f\u00fcr Zwecke des Online-Marketings. Die mithilfe von Cookies durchgef\u00fchrten Datenverarbeitungsaktivit\u00e4ten basieren auf der ausdr\u00fccklichen Zustimmung der Nutzer zur Verordnung (EU) 2016\/679 zum Schutz nat\u00fcrlicher Personen bei der Verarbeitung personenbezogener Daten und zum freien Datenverkehr.<\/p><p>Website-Besucher unter 14 Jahren werden gebeten, die Zustimmung eines Elternteils oder Erziehungsberechtigten einzuholen, bevor sie uns \u00fcber unsere Website Informationen \u00fcbermitteln. Ohne eine solche Einwilligung ist es ihnen nicht gestattet, Auskunft zu erteilen. Sollten wir jedoch Daten von Personen unter 14 Jahren erhalten, werden wir die Verarbeitung dieser Daten einstellen, sobald uns dies bekannt wird.<\/p><h2><b>Cookie-Einstellungen auf dieser Website<\/b><\/h2><p>Der Benutzer kann seine inaktiven Cookies blockieren oder einschr\u00e4nken, indem er seine Cookie-Einstellungen hier \u00e4ndert.<\/p><h2><b>Google Analytics<\/b><\/h2><p><u>Zweck und Umfang der Datenverarbeitung<\/u><\/p><p>Um unsere Website bedarfsgerecht zu gestalten, erstellen wir mit Hilfe von Google Analytics pseudonyme Nutzungsprofile. Google Analytics verwendet Targeting-Cookies, die auf Ihrem Endger\u00e4t gespeichert werden und von uns gelesen werden k\u00f6nnen. Auf diese Weise k\u00f6nnen wir wiederkehrende Besucher als solche erkennen, z\u00e4hlen und feststellen, wie oft verschiedene Nutzer die Seiten unserer Website aufgerufen haben.<\/p><p><u>Rechtliche Grundlage<\/u><\/p><p>Die Datenverarbeitung erfolgt auf Grundlage der Einwilligung gem\u00e4\u00df der Verordnung (EU) 2016\/679 zum Schutz nat\u00fcrlicher Personen bei der Verarbeitung personenbezogener Daten und zum freien Datenverkehr.<\/p><p>Die durch den Cookie erzeugten Informationen \u00fcber Ihre Nutzung unserer Website werden in der Regel an einen Server von Google in den USA \u00fcbertragen und dort gespeichert. Da wir auf unserer Website die IP-Anonymisierung aktiviert haben, wird Ihre IP-Adresse von Google jedoch innerhalb der Mitgliedstaaten der Europ\u00e4ischen Union zuvor gek\u00fcrzt. Nur in Ausnahmef\u00e4llen wird die volle IP-Adresse an einen Server von Google in den USA \u00fcbertragen und dort erst gek\u00fcrzt.<\/p><p>Google LLC verarbeitet diese Daten und nutzt sie zur Erstellung von Profilen und zur Verkn\u00fcpfung mit Google-Konten. Weitere Informationen zur Verarbeitung Ihrer Daten durch Google finden Sie unter\u00a0<a href=\"https:\/\/policies.google.com\/technologies\/partner-sites\" target=\"_blank\" rel=\"noopener\">https:\/\/policies.google.com\/technologies\/partner-sites<\/a>.<\/p><p><u>Informationen zum Drittanbieter:<\/u><\/p><p>Google Dublin, Google Ireland Ltd.,<br \/><span style=\"color: var( --e-global-color-b15d4bd );\">Gordon House, Barrow Street,<br \/><\/span><span style=\"color: var( --e-global-color-b15d4bd );\">Dublin 4<br \/><\/span><span style=\"color: var( --e-global-color-b15d4bd );\">Irland<br \/><\/span><span style=\"color: var( --e-global-color-b15d4bd );\">Fax: +353 (1) 436 1001<br \/><\/span><span style=\"color: var( --e-global-color-b15d4bd );\">Nutzungsbedingungen:\u00a0<\/span><a href=\"http:\/\/www.google.com\/analytics\/terms\/de.html\" target=\"_blank\" rel=\"noopener\">http:\/\/www.google.com\/analytics\/terms\/de.html<\/a><span style=\"color: var( --e-global-color-b15d4bd );\"><br \/><\/span><span style=\"color: var( --e-global-color-b15d4bd );\">Datenschutzerkl\u00e4rung:\u00a0<\/span><a style=\"background-color: #ffffff;\" href=\"http:\/\/www.google.de\/intl\/de\/policies\/privacy\" target=\"_blank\" rel=\"noopener\">www.google.de\/intl\/de\/policies\/privacy<\/a><\/p><p>\u00a0<\/p>\t\t\t\t\t\t\t\t<\/div>\n\t\t\t\t<\/div>\n\t\t\t\t\t<\/div>\n\t\t<\/div>\n\t\t\t\t\t<\/div>\n\t\t<\/section>\n\t\t\t\t<\/div>","protected":false},"excerpt":{"rendered":"<p>Politika zasebnosti Zasebna informacijska varnost Zaradi va\u0161e varnosti in za\u0161\u010dite podatki o va\u0161i kreditni kartici niso shranjeni na na\u0161ih stre\u017enikih. Na\u0161 ponudnik pla\u010dilnega prehoda, avtoriziran s strani ecoss.net, hrani te podatke \u0161ifrirane in varne v va\u0161em imenu. Va\u0161a zasebnost Pri ecoss.net va\u0161o zasebnost jemljemo zelo resno. Preberite to politiko (ta \u00bbPolitika\u00ab), da vidite, kako ecoss.net [&hellip;]<\/p>\n","protected":false},"author":34,"featured_media":0,"parent":0,"menu_order":0,"comment_status":"closed","ping_status":"open","template":"","meta":{"inline_featured_image":false,"footnotes":""},"class_list":["post-3","page","type-page","status-publish","hentry"],"yoast_head":"<!-- This site is optimized with the Yoast SEO plugin v27.5 - https:\/\/yoast.com\/product\/yoast-seo-wordpress\/ -->\n<title>Politika zasebnosti - ECOSS<\/title>\n<meta name=\"robots\" content=\"index, follow, max-snippet:-1, max-image-preview:large, max-video-preview:-1\" \/>\n<link rel=\"canonical\" href=\"https:\/\/ecoss.net\/de\/privacy-policy\/\" \/>\n<meta property=\"og:locale\" content=\"de_DE\" \/>\n<meta property=\"og:type\" content=\"article\" \/>\n<meta property=\"og:title\" content=\"Politika zasebnosti - ECOSS\" \/>\n<meta property=\"og:description\" content=\"Politika zasebnosti Zasebna informacijska varnost Zaradi va\u0161e varnosti in za\u0161\u010dite podatki o va\u0161i kreditni kartici niso shranjeni na na\u0161ih stre\u017enikih. Na\u0161 ponudnik pla\u010dilnega prehoda, avtoriziran s strani ecoss.net, hrani te podatke \u0161ifrirane in varne v va\u0161em imenu. Va\u0161a zasebnost Pri ecoss.net va\u0161o zasebnost jemljemo zelo resno. Preberite to politiko (ta \u00bbPolitika\u00ab), da vidite, kako ecoss.net [&hellip;]\" \/>\n<meta property=\"og:url\" content=\"https:\/\/ecoss.net\/de\/privacy-policy\/\" \/>\n<meta property=\"og:site_name\" content=\"ECOSS\" \/>\n<meta property=\"article:publisher\" content=\"https:\/\/www.facebook.com\/ecosynergysystem\" \/>\n<meta property=\"article:modified_time\" content=\"2023-09-11T19:16:31+00:00\" \/>\n<meta property=\"og:image\" content=\"https:\/\/ecoss.net\/wp-content\/uploads\/2023\/09\/Ecoss.net-logo.png\" \/>\n\t<meta property=\"og:image:width\" content=\"1778\" \/>\n\t<meta property=\"og:image:height\" content=\"1777\" \/>\n\t<meta property=\"og:image:type\" content=\"image\/png\" \/>\n<meta name=\"twitter:card\" content=\"summary_large_image\" \/>\n<meta name=\"twitter:site\" content=\"@EcoSynergyEcoss\" \/>\n<meta name=\"twitter:label1\" content=\"Gesch\u00e4tzte Lesezeit\" \/>\n\t<meta name=\"twitter:data1\" content=\"6\u00a0Minuten\" \/>\n<script type=\"application\/ld+json\" class=\"yoast-schema-graph\">{\"@context\":\"https:\\\/\\\/schema.org\",\"@graph\":[{\"@type\":\"WebPage\",\"@id\":\"https:\\\/\\\/ecoss.net\\\/privacy-policy\\\/\",\"url\":\"https:\\\/\\\/ecoss.net\\\/privacy-policy\\\/\",\"name\":\"Politika zasebnosti - ECOSS\",\"isPartOf\":{\"@id\":\"https:\\\/\\\/ecoss.net\\\/#website\"},\"datePublished\":\"2023-07-13T17:49:36+00:00\",\"dateModified\":\"2023-09-11T19:16:31+00:00\",\"breadcrumb\":{\"@id\":\"https:\\\/\\\/ecoss.net\\\/privacy-policy\\\/#breadcrumb\"},\"inLanguage\":\"de\",\"potentialAction\":[{\"@type\":\"ReadAction\",\"target\":[\"https:\\\/\\\/ecoss.net\\\/privacy-policy\\\/\"]}]},{\"@type\":\"BreadcrumbList\",\"@id\":\"https:\\\/\\\/ecoss.net\\\/privacy-policy\\\/#breadcrumb\",\"itemListElement\":[{\"@type\":\"ListItem\",\"position\":1,\"name\":\"Home\",\"item\":\"https:\\\/\\\/ecoss.net\\\/\"},{\"@type\":\"ListItem\",\"position\":2,\"name\":\"Politika zasebnosti\"}]},{\"@type\":\"WebSite\",\"@id\":\"https:\\\/\\\/ecoss.net\\\/#website\",\"url\":\"https:\\\/\\\/ecoss.net\\\/\",\"name\":\"ECOSS\",\"description\":\"Ecosynergy System\",\"publisher\":{\"@id\":\"https:\\\/\\\/ecoss.net\\\/#organization\"},\"potentialAction\":[{\"@type\":\"SearchAction\",\"target\":{\"@type\":\"EntryPoint\",\"urlTemplate\":\"https:\\\/\\\/ecoss.net\\\/?s={search_term_string}\"},\"query-input\":{\"@type\":\"PropertyValueSpecification\",\"valueRequired\":true,\"valueName\":\"search_term_string\"}}],\"inLanguage\":\"de\"},{\"@type\":\"Organization\",\"@id\":\"https:\\\/\\\/ecoss.net\\\/#organization\",\"name\":\"EcoSynergy System\",\"url\":\"https:\\\/\\\/ecoss.net\\\/\",\"logo\":{\"@type\":\"ImageObject\",\"inLanguage\":\"de\",\"@id\":\"https:\\\/\\\/ecoss.net\\\/#\\\/schema\\\/logo\\\/image\\\/\",\"url\":\"https:\\\/\\\/ecoss.net\\\/wp-content\\\/uploads\\\/2023\\\/07\\\/ESS-PublishWall-logo-300x300-1.png\",\"contentUrl\":\"https:\\\/\\\/ecoss.net\\\/wp-content\\\/uploads\\\/2023\\\/07\\\/ESS-PublishWall-logo-300x300-1.png\",\"width\":224,\"height\":224,\"caption\":\"EcoSynergy System\"},\"image\":{\"@id\":\"https:\\\/\\\/ecoss.net\\\/#\\\/schema\\\/logo\\\/image\\\/\"},\"sameAs\":[\"https:\\\/\\\/www.facebook.com\\\/ecosynergysystem\",\"https:\\\/\\\/x.com\\\/EcoSynergyEcoss\",\"https:\\\/\\\/www.instagram.com\\\/ecosynergysystem\\\/\",\"https:\\\/\\\/www.linkedin.com\\\/in\\\/ecosynergy-system-environmental-solution-b9b62220a\\\/\"]}]}<\/script>\n<!-- \/ Yoast SEO plugin. -->","yoast_head_json":{"title":"Datenschutzrichtlinie \u2013 ECOSS","robots":{"index":"index","follow":"follow","max-snippet":"max-snippet:-1","max-image-preview":"max-image-preview:large","max-video-preview":"max-video-preview:-1"},"canonical":"https:\/\/ecoss.net\/de\/privacy-policy\/","og_locale":"de_DE","og_type":"article","og_title":"Politika zasebnosti - ECOSS","og_description":"Politika zasebnosti Zasebna informacijska varnost Zaradi va\u0161e varnosti in za\u0161\u010dite podatki o va\u0161i kreditni kartici niso shranjeni na na\u0161ih stre\u017enikih. Na\u0161 ponudnik pla\u010dilnega prehoda, avtoriziran s strani ecoss.net, hrani te podatke \u0161ifrirane in varne v va\u0161em imenu. Va\u0161a zasebnost Pri ecoss.net va\u0161o zasebnost jemljemo zelo resno. Preberite to politiko (ta \u00bbPolitika\u00ab), da vidite, kako ecoss.net [&hellip;]","og_url":"https:\/\/ecoss.net\/de\/privacy-policy\/","og_site_name":"ECOSS","article_publisher":"https:\/\/www.facebook.com\/ecosynergysystem","article_modified_time":"2023-09-11T19:16:31+00:00","og_image":[{"width":1778,"height":1777,"url":"https:\/\/ecoss.net\/wp-content\/uploads\/2023\/09\/Ecoss.net-logo.png","type":"image\/png"}],"twitter_card":"summary_large_image","twitter_site":"@EcoSynergyEcoss","twitter_misc":{"Gesch\u00e4tzte Lesezeit":"6\u00a0Minuten"},"schema":{"@context":"https:\/\/schema.org","@graph":[{"@type":"WebPage","@id":"https:\/\/ecoss.net\/privacy-policy\/","url":"https:\/\/ecoss.net\/privacy-policy\/","name":"Datenschutzrichtlinie \u2013 ECOSS","isPartOf":{"@id":"https:\/\/ecoss.net\/#website"},"datePublished":"2023-07-13T17:49:36+00:00","dateModified":"2023-09-11T19:16:31+00:00","breadcrumb":{"@id":"https:\/\/ecoss.net\/privacy-policy\/#breadcrumb"},"inLanguage":"de","potentialAction":[{"@type":"ReadAction","target":["https:\/\/ecoss.net\/privacy-policy\/"]}]},{"@type":"BreadcrumbList","@id":"https:\/\/ecoss.net\/privacy-policy\/#breadcrumb","itemListElement":[{"@type":"ListItem","position":1,"name":"Home","item":"https:\/\/ecoss.net\/"},{"@type":"ListItem","position":2,"name":"Politika zasebnosti"}]},{"@type":"WebSite","@id":"https:\/\/ecoss.net\/#website","url":"https:\/\/ecoss.net\/","name":"ECOSS","description":"Ecosynergy System","publisher":{"@id":"https:\/\/ecoss.net\/#organization"},"potentialAction":[{"@type":"SearchAction","target":{"@type":"EntryPoint","urlTemplate":"https:\/\/ecoss.net\/?s={search_term_string}"},"query-input":{"@type":"PropertyValueSpecification","valueRequired":true,"valueName":"search_term_string"}}],"inLanguage":"de"},{"@type":"Organization","@id":"https:\/\/ecoss.net\/#organization","name":"EcoSynergy-System","url":"https:\/\/ecoss.net\/","logo":{"@type":"ImageObject","inLanguage":"de","@id":"https:\/\/ecoss.net\/#\/schema\/logo\/image\/","url":"https:\/\/ecoss.net\/wp-content\/uploads\/2023\/07\/ESS-PublishWall-logo-300x300-1.png","contentUrl":"https:\/\/ecoss.net\/wp-content\/uploads\/2023\/07\/ESS-PublishWall-logo-300x300-1.png","width":224,"height":224,"caption":"EcoSynergy System"},"image":{"@id":"https:\/\/ecoss.net\/#\/schema\/logo\/image\/"},"sameAs":["https:\/\/www.facebook.com\/ecosynergysystem","https:\/\/x.com\/EcoSynergyEcoss","https:\/\/www.instagram.com\/ecosynergysystem\/","https:\/\/www.linkedin.com\/in\/ecosynergy-system-environmental-solution-b9b62220a\/"]}]}},"_links":{"self":[{"href":"https:\/\/ecoss.net\/de\/wp-json\/wp\/v2\/pages\/3","targetHints":{"allow":["GET"]}}],"collection":[{"href":"https:\/\/ecoss.net\/de\/wp-json\/wp\/v2\/pages"}],"about":[{"href":"https:\/\/ecoss.net\/de\/wp-json\/wp\/v2\/types\/page"}],"author":[{"embeddable":true,"href":"https:\/\/ecoss.net\/de\/wp-json\/wp\/v2\/users\/34"}],"replies":[{"embeddable":true,"href":"https:\/\/ecoss.net\/de\/wp-json\/wp\/v2\/comments?post=3"}],"version-history":[{"count":13,"href":"https:\/\/ecoss.net\/de\/wp-json\/wp\/v2\/pages\/3\/revisions"}],"predecessor-version":[{"id":1544,"href":"https:\/\/ecoss.net\/de\/wp-json\/wp\/v2\/pages\/3\/revisions\/1544"}],"wp:attachment":[{"href":"https:\/\/ecoss.net\/de\/wp-json\/wp\/v2\/media?parent=3"}],"curies":[{"name":"wp","href":"https:\/\/api.w.org\/{rel}","templated":true}]}}