{"id":1067,"date":"2023-09-05T13:25:49","date_gmt":"2023-09-05T11:25:49","guid":{"rendered":"https:\/\/ecoss.akumen.eu\/?page_id=1067"},"modified":"2023-09-10T18:00:08","modified_gmt":"2023-09-10T16:00:08","slug":"term-and-conditions","status":"publish","type":"page","link":"https:\/\/ecoss.net\/de\/term-and-conditions\/","title":{"rendered":"Bedingungen und Konditionen"},"content":{"rendered":"<div data-elementor-type=\"wp-page\" data-elementor-id=\"1067\" class=\"elementor elementor-1067\" data-elementor-post-type=\"page\">\n\t\t\t\t<div class=\"elementor-element elementor-element-087d159 e-flex e-con-boxed e-con e-parent\" data-id=\"087d159\" data-element_type=\"container\" data-e-type=\"container\">\n\t\t\t\t\t<div class=\"e-con-inner\">\n\t\t\t\t<div class=\"elementor-element elementor-element-600463b elementor-widget elementor-widget-heading\" data-id=\"600463b\" data-element_type=\"widget\" data-e-type=\"widget\" data-widget_type=\"heading.default\">\n\t\t\t\t<div class=\"elementor-widget-container\">\n\t\t\t\t\t<h2 class=\"elementor-heading-title elementor-size-default\">Bedingungen und Konditionen<\/h2>\t\t\t\t<\/div>\n\t\t\t\t<\/div>\n\t\t\t\t\t<\/div>\n\t\t\t\t<\/div>\n\t\t\t\t<section class=\"elementor-section elementor-top-section elementor-element elementor-element-b891be5 elementor-section-boxed elementor-section-height-default elementor-section-height-default\" data-id=\"b891be5\" data-element_type=\"section\" data-e-type=\"section\">\n\t\t\t\t\t\t<div class=\"elementor-container elementor-column-gap-default\">\n\t\t\t\t\t<div class=\"elementor-column elementor-col-100 elementor-top-column elementor-element elementor-element-744f0fe\" data-id=\"744f0fe\" data-element_type=\"column\" data-e-type=\"column\">\n\t\t\t<div class=\"elementor-widget-wrap elementor-element-populated\">\n\t\t\t\t\t\t<div class=\"elementor-element elementor-element-8958208 elementor-widget elementor-widget-text-editor\" data-id=\"8958208\" data-element_type=\"widget\" data-e-type=\"widget\" data-widget_type=\"text-editor.default\">\n\t\t\t\t<div class=\"elementor-widget-container\">\n\t\t\t\t\t\t\t\t\t<p>Willkommen bei ecoss.net. Wir stellen Ihnen seine Dienste gem\u00e4\u00df den in dieser Vereinbarung (\u201eVereinbarung\u201c) dargelegten Hinweisen und Bedingungen zur Verf\u00fcgung. Dar\u00fcber hinaus unterliegen Sie bei der Nutzung eines ecoss.net-Dienstes (z. B. Kundenrezensionen) den f\u00fcr diese Dienste geltenden Regeln, Richtlinien, Richtlinien und Gesch\u00e4ftsbedingungen, die durch diesen Verweis in diese Vereinbarung aufgenommen werden. Die Website\/das Portal ecoss.net beh\u00e4lt sich das Recht vor, diese Seite und diese Allgemeinen Gesch\u00e4ftsbedingungen jederzeit zu \u00e4ndern. Indem Sie auf die Website zugreifen, sie durchsuchen oder anderweitig nutzen, erkl\u00e4ren Sie sich mit allen Bedingungen dieser Vereinbarung einverstanden. Lesen Sie diese Vereinbarung daher bitte sorgf\u00e4ltig durch, bevor Sie fortfahren.<\/p><p><strong>\u00a0<\/strong><\/p><h2><strong>Nutzung der Website<\/strong><\/h2><p>Sie versichern und garantieren, dass Sie mindestens 18 Jahre alt sind oder dass Sie die Website unter der Aufsicht eines Elternteils oder Erziehungsberechtigten besuchen. Vorbehaltlich der Bedingungen dieser Vereinbarung gew\u00e4hrt Ihnen ecoss.net eine begrenzte, widerrufliche, nicht \u00fcbertragbare und nicht ausschlie\u00dfliche Lizenz f\u00fcr den Zugriff auf und die Nutzung der Website durch Anzeige in Ihrem Webbrowser mit dem alleinigen Zweck, weiterverkaufte Artikel zu erhalten die Website \u2013 Gesch\u00e4ft mit Lebensmitteln und Non-Food-Produkten, Servicet\u00e4tigkeit, gemeinsame Nutzung von Ger\u00e4ten, Warenaustausch, Nutzung der ESG-Anwendung rund um die Uhr, Monetarisierung von W\u00e4hrungseinlagen, Zeit und Wissen, Monetarisierung\/Demonetarisierung\/\u00dcbertragung des ECOSS-Algorithmus unter Mitgliedern, usw. und nicht f\u00fcr kommerzielle Zwecke oder die Nutzung im Namen Dritter, es sei denn, ecoss.net hat dies im Voraus ausdr\u00fccklich gestattet. Jeder Versto\u00df gegen diese Vereinbarung f\u00fchrt zum sofortigen Widerruf der in diesem Absatz gew\u00e4hrten Lizenz ohne Vorank\u00fcndigung. Sofern im obigen Absatz nichts anderes gestattet ist, ist es Ihnen nicht gestattet, diese Website oder Teile davon zu reproduzieren, zu verteilen, anzuzeigen, zu verkaufen, zu vermieten, zu \u00fcbertragen, Derivate zu erstellen, zu \u00fcbersetzen, zur\u00fcckzuentwickeln, zu disassemblieren, zu dekompilieren oder anderweitig zu nutzen, es sei denn, ecoss.net hat ausdr\u00fccklich darauf hingewiesen gestattet dies schriftlich. Sie d\u00fcrfen keine Informationen auf der Website f\u00fcr kommerzielle Zwecke nutzen oder die Website in irgendeiner Weise zugunsten eines anderen Unternehmens nutzen, es sei denn, ecoss.net erlaubt dies ausdr\u00fccklich im Voraus. Ecoss.net beh\u00e4lt sich das Recht vor, nach eigenem Ermessen den Service zu verweigern, Konten zu k\u00fcndigen und\/oder Bestellungen zu stornieren, insbesondere wenn Ecoss.net der Ansicht ist, dass das Verhalten des Kunden gegen geltende Gesetze verst\u00f6\u00dft oder den Interessen von ecoss.net schadet. Sie d\u00fcrfen \u00fcber diese Website keine Inhalte, Informationen oder andere Materialien hochladen, verbreiten oder anderweitig ver\u00f6ffentlichen, die (a) Urheberrechte, Patente, Marken, Dienstleistungsmarken, Gesch\u00e4ftsgeheimnisse oder andere Eigentumsrechte einer Person verletzen oder verletzen; (b) verleumderisch, bedrohlich, verleumderisch, obsz\u00f6n, unanst\u00e4ndig oder pornographisch sind oder nach internationalem Recht zivil- oder strafrechtliche Haftung nach sich ziehen k\u00f6nnten; oder (c) Bugs, Viren, W\u00fcrmer, Fallen, Trojaner oder andere sch\u00e4dliche Codes oder Funktionen enthalten. Ecoss.net kann Ihnen ein Passwort und eine Kontoidentifikation zuweisen, um Ihnen den Zugriff und die Nutzung bestimmter Teile dieser Website zu erm\u00f6glichen. Jedes Mal, wenn Sie ein Passwort oder eine Identifikation verwenden, wird davon ausgegangen, dass Sie berechtigt sind, auf die Website zuzugreifen und diese in \u00dcbereinstimmung mit den Bedingungen dieser Vereinbarung zu nutzen, und ecoss.net ist nicht verpflichtet, die Autorisierung oder Quelle zu untersuchen jeglicher Zugriff oder Nutzung der Website. Sie tragen die alleinige Verantwortung f\u00fcr den gesamten Zugriff auf und die Nutzung dieser Website durch Personen, die das Ihnen urspr\u00fcnglich zugewiesene Passwort und die Identifikation verwenden, unabh\u00e4ngig davon, ob Sie diesen Zugriff auf und die Nutzung dieser Website tats\u00e4chlich autorisiert haben oder nicht, einschlie\u00dflich, aber nicht beschr\u00e4nkt auf alle Kommunikationen und \u00dcbertragungen usw Verpflichtungen (insbesondere finanzielle Verpflichtungen), die sich aus einem solchen Zugriff oder einer solchen Nutzung ergeben. Sie sind f\u00fcr die Wahrung der Sicherheit und Vertraulichkeit des Ihnen zugewiesenen Passworts und der Ihnen zugewiesenen Identifikation verantwortlich. Sie m\u00fcssen Ecoss.net unverz\u00fcglich \u00fcber jede unbefugte Nutzung Ihres Passworts oder Ihrer Identifikation oder \u00fcber jede andere Verletzung oder drohende Verletzung der Sicherheit dieser Website informieren.<\/p><p>\u00a0<\/p><h2><strong>Geistiges Eigentum<\/strong><\/h2><p>Alle Texte, Grafiken, Schaltfl\u00e4chensymbole, Bilder, Tonaufnahmen und Software (zusammen die \u201eInhalte\u201c) geh\u00f6ren ausschlie\u00dflich ecoss.net. Die Sammlung, Bearbeitung und Zusammenstellung aller Inhalte dieser Website (\u201eZusammenstellung\u201c) obliegt ausschlie\u00dflich ecoss.net. S\u00e4mtliche auf dieser Website verwendete Software (\u201eSoftware\u201c) ist Eigentum von ecoss.net. Der Inhalt, die Zusammenstellung und die Software sind durch internationale Urheberrechtsgesetze gesch\u00fctzt. Andere Logos, Slogans, Handelsnamen oder W\u00f6rter sind eingetragene Marken, Marken oder Dienstleistungsmarken von ecoss.net, seinen Lieferanten oder Dritten. Die Verwendung einer Marke oder Dienstleistungsmarke von ecoss.net ohne die ausdr\u00fcckliche schriftliche Zustimmung von ecoss.net ist strengstens untersagt. Es ist Ihnen nicht gestattet, Produkte oder Dienstleistungen der Marke ecoss.net auf eine Art und Weise zu nutzen, die geeignet ist, Verwirrung zu stiften. Sie d\u00fcrfen die Marken oder Dienstleistungsmarken von ecoss.net nicht in einer Weise verwenden, die ecoss.net herabw\u00fcrdigt oder diskreditiert.<\/p><p>\u00a0<\/p><h2><strong>K\u00fcndigung und Wirkung der K\u00fcndigung<\/strong><\/h2><p>Zus\u00e4tzlich zu allen anderen rechtlichen oder angemessenen Rechtsbehelfen kann ecoss.net diese Vereinbarung sofort k\u00fcndigen oder einige oder alle Ihrer im Rahmen dieser Vereinbarung gew\u00e4hrten Rechte ohne Vorank\u00fcndigung widerrufen. Bei einer K\u00fcndigung dieser Vereinbarung m\u00fcssen Sie sofort jeglichen Zugriff auf die Website und deren Nutzung einstellen, und ecoss.net wird zus\u00e4tzlich zu allen anderen rechtlichen oder angemessenen Rechtsbehelfen alle Ihnen erteilten Passw\u00f6rter und Kontoidentifikationen unverz\u00fcglich widerrufen und ablehnen ganz oder teilweise Ihren Zugriff und Ihre Nutzung dieser Website. Eine K\u00fcndigung dieser Vereinbarung ber\u00fchrt nicht die jeweiligen Rechte und Pflichten (insbesondere Zahlungsverpflichtungen) der Parteien, die vor dem Datum der K\u00fcndigung entstanden sind.<\/p><h2><strong>Haftungsausschluss und Haftungsbeschr\u00e4nkung<\/strong><\/h2><p>Sofern in den Verkaufsbedingungen f\u00fcr Produkte\/Dienstleistungen nichts anderes angegeben ist, erfolgt die gemeinsame Nutzung von Ger\u00e4ten, der Austausch von Waren, die Nutzung der ESG 24\/7-Anwendung, die Monetarisierung von Fremdw\u00e4hrungseinlagen, Zeit und Wissen, die Monetarisierung\/Demonetarisierung\/\u00dcbertragung des ECOSS-Algorithmus zwischen Mitgliedern auf dieser Website stellt ecoss.net diese Website zur Nutzung des Vorstehenden und f\u00fcr dar\u00fcber durchgef\u00fchrte Transaktionen im Ist-Zustand zur Verf\u00fcgung. Ecoss.net gibt keine Zusicherungen oder Gew\u00e4hrleistungen, weder ausdr\u00fccklich noch stillschweigend, in Bezug auf den Betrieb der Website oder die auf dieser Website enthaltenen Informationen, Inhalte, Materialien oder Produkte, es sei denn, dies wird hierin im gr\u00f6\u00dftm\u00f6glichen gesetzlich zul\u00e4ssigen Umfang, ecoss.net, dargelegt .net lehnt alle ausdr\u00fccklichen oder stillschweigenden Garantien ab, einschlie\u00dflich, aber nicht beschr\u00e4nkt auf die stillschweigenden Garantien der Marktg\u00e4ngigkeit und Eignung f\u00fcr einen bestimmten Zweck, der Nichtverletzung, des Titels, des ruhigen Genusses, der Datengenauigkeit und der Systemintegration. Diese Website kann Ungenauigkeiten, Fehler oder Tippfehler enthalten. Ecoss.net gew\u00e4hrleistet nicht, dass der Inhalt ununterbrochen oder fehlerfrei ist. Soweit gesetzlich zul\u00e4ssig, haftet ecoss.net nicht f\u00fcr Sch\u00e4den jeglicher Art, die sich aus der Nutzung dieser Website ergeben, einschlie\u00dflich, aber nicht beschr\u00e4nkt auf indirekte, zuf\u00e4llige, strafende, exemplarische, besondere oder Folgesch\u00e4den.<br \/>Soweit gesetzlich zul\u00e4ssig, \u00fcbersteigt die Gesamthaftung von ecoss.net Ihnen gegen\u00fcber f\u00fcr etwaige Sch\u00e4den (unabh\u00e4ngig vom Klagegrund) nicht den Gesamtbetrag der Geb\u00fchren, die Sie in dem Monat unmittelbar vor der Tat tats\u00e4chlich an ecoss.net gezahlt haben Dies sollte zur Verantwortung von ecoss.net f\u00fchren, Auftragsannahme \u201eBitte beachten Sie, dass wir einige Bestellungen m\u00f6glicherweise nicht annehmen k\u00f6nnen und diese stornieren m\u00fcssen.\u201c Ecoss.net beh\u00e4lt sich das Recht vor, nach eigenem Ermessen jede Bestellung aus beliebigem Grund abzulehnen oder zu stornieren. Zu den Situationen, die zur Stornierung Ihrer Bestellung f\u00fchren k\u00f6nnen, geh\u00f6ren Beschr\u00e4nkungen der zum Kauf verf\u00fcgbaren Mengen, Ungenauigkeiten oder Fehler in Produkt- oder Preisinformationen oder von unserer Abteilung f\u00fcr Kredit- und Betrugsvermeidung festgestellte Probleme. M\u00f6glicherweise verlangen wir auch zus\u00e4tzliche \u00dcberpr\u00fcfungen oder Informationen, bevor wir eine Bestellung oder Monetarisierung\/Demonetarisierung\/\u00dcbertragung des ECOSS-Algorithmus zwischen Mitgliedern annehmen. Wir werden Sie kontaktieren, wenn Ihre Bestellung ganz oder teilweise storniert wird oder wenn zur Annahme Ihrer Bestellung zus\u00e4tzliche Informationen erforderlich sind.<\/p><p>\u00a0<\/p><h2><strong>Druckfehler<\/strong><\/h2><p>Obwohl ecoss.net bestrebt ist, genaue Produkt-, Service- und Preisinformationen bereitzustellen, k\u00f6nnen Preis- oder Tippfehler auftreten. Ecoss.net kann den Preis eines Artikels\/einer Dienstleistung erst best\u00e4tigen, wenn Sie Ihre Bestellung aufgegeben haben. F\u00fcr den Fall, dass ein Artikel\/eine Dienstleistung aufgrund eines Fehlers im Preis oder in den Produkt-\/Dienstleistungsinformationen zu einem falschen Preis oder mit falschen Informationen aufgef\u00fchrt wird, hat ecoss.net das Recht, nach eigenem Ermessen jede entsprechende Bestellung abzulehnen oder zu stornieren Artikel\/Dienstleistung. F\u00fcr den Fall, dass der Preis eines Artikels\/einer Dienstleistung falsch ist, kann ecoss.net nach eigenem Ermessen Sie um Anweisungen bitten oder Ihre Bestellung stornieren und Sie \u00fcber die Stornierung informieren.<\/p><h2><strong>Verbindungen<\/strong><\/h2><p>Diese Website kann Links zu anderen Websites im Internet enthalten, die Eigentum Dritter sind und von diesen betrieben werden. Wir erkennen an, dass ecoss.net nicht f\u00fcr den Betrieb oder den Inhalt einer solchen Website verantwortlich ist.<\/p><h2><strong>Rechtsmittel<\/strong><\/h2><p>Sie stimmen zu, dass der Rechtsbehelf von ecoss.net bei einem tats\u00e4chlichen oder drohenden Versto\u00df gegen diese Vereinbarung unzureichend w\u00e4re und dass ecoss.net zus\u00e4tzlich zu etwaigen Sch\u00e4den, die rechtm\u00e4\u00dfig von ecoss.net zur\u00fcckgefordert werden k\u00f6nnen, Anspruch auf bestimmte Leistungen oder Unterlassungsanspr\u00fcche oder beides hat , zusammen mit den angemessenen Kosten jeglicher Form der Streitbeilegung, einschlie\u00dflich, aber nicht beschr\u00e4nkt auf Anwaltsgeb\u00fchren. Kein Recht oder Rechtsbehelf von ecoss.net schlie\u00dft andere aus, sei es gesetzlich oder nach Billigkeit, einschlie\u00dflich, aber nicht beschr\u00e4nkt auf, Unterlassungsanspr\u00fcche, Anwaltsgeb\u00fchren und -kosten. Kein Verzicht von ecoss.net auf seine Rechte oder Rechtsmittel gem\u00e4\u00df diesen Bedingungen stellt eine Verpflichtung dar, einen \u00e4hnlichen, zuk\u00fcnftigen oder anderen Verzicht zu gew\u00e4hren.<\/p>\t\t\t\t\t\t\t\t<\/div>\n\t\t\t\t<\/div>\n\t\t\t\t\t<\/div>\n\t\t<\/div>\n\t\t\t\t\t<\/div>\n\t\t<\/section>\n\t\t\t\t<\/div>","protected":false},"excerpt":{"rendered":"<p>Dobrodo\u0161li na ecoss.net, nudimo vam njegove storitve v skladu z obvestili, dolo\u010dili in pogoji, dolo\u010denimi v tej pogodbi (\u00bbpogodba\u00ab). Poleg tega, ko uporabljate katero koli storitev ecoss.net (npr. ocene strank), boste podvr\u017eeni pravilom, smernicam, pravilnikom, dolo\u010dilom in pogojem, ki veljajo za take storitve, in so vklju\u010deni v to pogodbo s tem sklicevanjem. Spletna stran\/portal ecoss.net [&hellip;]<\/p>\n","protected":false},"author":34,"featured_media":0,"parent":0,"menu_order":0,"comment_status":"closed","ping_status":"closed","template":"","meta":{"inline_featured_image":false,"footnotes":""},"class_list":["post-1067","page","type-page","status-publish","hentry"],"yoast_head":"<!-- This site is optimized with the Yoast SEO plugin v27.5 - https:\/\/yoast.com\/product\/yoast-seo-wordpress\/ -->\n<title>Pravila in pogoji uporabe - ECOSS<\/title>\n<meta name=\"robots\" content=\"index, follow, max-snippet:-1, max-image-preview:large, max-video-preview:-1\" \/>\n<link rel=\"canonical\" href=\"https:\/\/ecoss.net\/de\/term-and-conditions\/\" \/>\n<meta property=\"og:locale\" content=\"de_DE\" \/>\n<meta property=\"og:type\" content=\"article\" \/>\n<meta property=\"og:title\" content=\"Pravila in pogoji uporabe - ECOSS\" \/>\n<meta property=\"og:description\" content=\"Dobrodo\u0161li na ecoss.net, nudimo vam njegove storitve v skladu z obvestili, dolo\u010dili in pogoji, dolo\u010denimi v tej pogodbi (\u00bbpogodba\u00ab). Poleg tega, ko uporabljate katero koli storitev ecoss.net (npr. ocene strank), boste podvr\u017eeni pravilom, smernicam, pravilnikom, dolo\u010dilom in pogojem, ki veljajo za take storitve, in so vklju\u010deni v to pogodbo s tem sklicevanjem. Spletna stran\/portal ecoss.net [&hellip;]\" \/>\n<meta property=\"og:url\" content=\"https:\/\/ecoss.net\/de\/term-and-conditions\/\" \/>\n<meta property=\"og:site_name\" content=\"ECOSS\" \/>\n<meta property=\"article:publisher\" content=\"https:\/\/www.facebook.com\/ecosynergysystem\" \/>\n<meta property=\"article:modified_time\" content=\"2023-09-10T16:00:08+00:00\" \/>\n<meta property=\"og:image\" content=\"https:\/\/ecoss.net\/wp-content\/uploads\/2023\/09\/Ecoss.net-logo.png\" \/>\n\t<meta property=\"og:image:width\" content=\"1778\" \/>\n\t<meta property=\"og:image:height\" content=\"1777\" \/>\n\t<meta property=\"og:image:type\" content=\"image\/png\" \/>\n<meta name=\"twitter:card\" content=\"summary_large_image\" \/>\n<meta name=\"twitter:site\" content=\"@EcoSynergyEcoss\" \/>\n<meta name=\"twitter:label1\" content=\"Gesch\u00e4tzte Lesezeit\" \/>\n\t<meta name=\"twitter:data1\" content=\"7\u00a0Minuten\" \/>\n<script type=\"application\/ld+json\" class=\"yoast-schema-graph\">{\"@context\":\"https:\\\/\\\/schema.org\",\"@graph\":[{\"@type\":\"WebPage\",\"@id\":\"https:\\\/\\\/ecoss.net\\\/th\\\/term-and-conditions\\\/\",\"url\":\"https:\\\/\\\/ecoss.net\\\/th\\\/term-and-conditions\\\/\",\"name\":\"Pravila in pogoji uporabe - ECOSS\",\"isPartOf\":{\"@id\":\"https:\\\/\\\/ecoss.net\\\/#website\"},\"datePublished\":\"2023-09-05T11:25:49+00:00\",\"dateModified\":\"2023-09-10T16:00:08+00:00\",\"breadcrumb\":{\"@id\":\"https:\\\/\\\/ecoss.net\\\/th\\\/term-and-conditions\\\/#breadcrumb\"},\"inLanguage\":\"de\",\"potentialAction\":[{\"@type\":\"ReadAction\",\"target\":[\"https:\\\/\\\/ecoss.net\\\/th\\\/term-and-conditions\\\/\"]}]},{\"@type\":\"BreadcrumbList\",\"@id\":\"https:\\\/\\\/ecoss.net\\\/th\\\/term-and-conditions\\\/#breadcrumb\",\"itemListElement\":[{\"@type\":\"ListItem\",\"position\":1,\"name\":\"Home\",\"item\":\"https:\\\/\\\/ecoss.net\\\/\"},{\"@type\":\"ListItem\",\"position\":2,\"name\":\"Pravila in pogoji uporabe\"}]},{\"@type\":\"WebSite\",\"@id\":\"https:\\\/\\\/ecoss.net\\\/#website\",\"url\":\"https:\\\/\\\/ecoss.net\\\/\",\"name\":\"ECOSS\",\"description\":\"Ecosynergy System\",\"publisher\":{\"@id\":\"https:\\\/\\\/ecoss.net\\\/#organization\"},\"potentialAction\":[{\"@type\":\"SearchAction\",\"target\":{\"@type\":\"EntryPoint\",\"urlTemplate\":\"https:\\\/\\\/ecoss.net\\\/?s={search_term_string}\"},\"query-input\":{\"@type\":\"PropertyValueSpecification\",\"valueRequired\":true,\"valueName\":\"search_term_string\"}}],\"inLanguage\":\"de\"},{\"@type\":\"Organization\",\"@id\":\"https:\\\/\\\/ecoss.net\\\/#organization\",\"name\":\"EcoSynergy System\",\"url\":\"https:\\\/\\\/ecoss.net\\\/\",\"logo\":{\"@type\":\"ImageObject\",\"inLanguage\":\"de\",\"@id\":\"https:\\\/\\\/ecoss.net\\\/#\\\/schema\\\/logo\\\/image\\\/\",\"url\":\"https:\\\/\\\/ecoss.net\\\/wp-content\\\/uploads\\\/2023\\\/07\\\/ESS-PublishWall-logo-300x300-1.png\",\"contentUrl\":\"https:\\\/\\\/ecoss.net\\\/wp-content\\\/uploads\\\/2023\\\/07\\\/ESS-PublishWall-logo-300x300-1.png\",\"width\":224,\"height\":224,\"caption\":\"EcoSynergy System\"},\"image\":{\"@id\":\"https:\\\/\\\/ecoss.net\\\/#\\\/schema\\\/logo\\\/image\\\/\"},\"sameAs\":[\"https:\\\/\\\/www.facebook.com\\\/ecosynergysystem\",\"https:\\\/\\\/x.com\\\/EcoSynergyEcoss\",\"https:\\\/\\\/www.instagram.com\\\/ecosynergysystem\\\/\",\"https:\\\/\\\/www.linkedin.com\\\/in\\\/ecosynergy-system-environmental-solution-b9b62220a\\\/\"]}]}<\/script>\n<!-- \/ Yoast SEO plugin. -->","yoast_head_json":{"title":"Nutzungsbedingungen - ECOSS","robots":{"index":"index","follow":"follow","max-snippet":"max-snippet:-1","max-image-preview":"max-image-preview:large","max-video-preview":"max-video-preview:-1"},"canonical":"https:\/\/ecoss.net\/de\/term-and-conditions\/","og_locale":"de_DE","og_type":"article","og_title":"Pravila in pogoji uporabe - ECOSS","og_description":"Dobrodo\u0161li na ecoss.net, nudimo vam njegove storitve v skladu z obvestili, dolo\u010dili in pogoji, dolo\u010denimi v tej pogodbi (\u00bbpogodba\u00ab). Poleg tega, ko uporabljate katero koli storitev ecoss.net (npr. ocene strank), boste podvr\u017eeni pravilom, smernicam, pravilnikom, dolo\u010dilom in pogojem, ki veljajo za take storitve, in so vklju\u010deni v to pogodbo s tem sklicevanjem. Spletna stran\/portal ecoss.net [&hellip;]","og_url":"https:\/\/ecoss.net\/de\/term-and-conditions\/","og_site_name":"ECOSS","article_publisher":"https:\/\/www.facebook.com\/ecosynergysystem","article_modified_time":"2023-09-10T16:00:08+00:00","og_image":[{"width":1778,"height":1777,"url":"https:\/\/ecoss.net\/wp-content\/uploads\/2023\/09\/Ecoss.net-logo.png","type":"image\/png"}],"twitter_card":"summary_large_image","twitter_site":"@EcoSynergyEcoss","twitter_misc":{"Gesch\u00e4tzte Lesezeit":"7\u00a0Minuten"},"schema":{"@context":"https:\/\/schema.org","@graph":[{"@type":"WebPage","@id":"https:\/\/ecoss.net\/th\/term-and-conditions\/","url":"https:\/\/ecoss.net\/th\/term-and-conditions\/","name":"Nutzungsbedingungen - ECOSS","isPartOf":{"@id":"https:\/\/ecoss.net\/#website"},"datePublished":"2023-09-05T11:25:49+00:00","dateModified":"2023-09-10T16:00:08+00:00","breadcrumb":{"@id":"https:\/\/ecoss.net\/th\/term-and-conditions\/#breadcrumb"},"inLanguage":"de","potentialAction":[{"@type":"ReadAction","target":["https:\/\/ecoss.net\/th\/term-and-conditions\/"]}]},{"@type":"BreadcrumbList","@id":"https:\/\/ecoss.net\/th\/term-and-conditions\/#breadcrumb","itemListElement":[{"@type":"ListItem","position":1,"name":"Home","item":"https:\/\/ecoss.net\/"},{"@type":"ListItem","position":2,"name":"Pravila in pogoji uporabe"}]},{"@type":"WebSite","@id":"https:\/\/ecoss.net\/#website","url":"https:\/\/ecoss.net\/","name":"ECOSS","description":"Ecosynergy System","publisher":{"@id":"https:\/\/ecoss.net\/#organization"},"potentialAction":[{"@type":"SearchAction","target":{"@type":"EntryPoint","urlTemplate":"https:\/\/ecoss.net\/?s={search_term_string}"},"query-input":{"@type":"PropertyValueSpecification","valueRequired":true,"valueName":"search_term_string"}}],"inLanguage":"de"},{"@type":"Organization","@id":"https:\/\/ecoss.net\/#organization","name":"EcoSynergy-System","url":"https:\/\/ecoss.net\/","logo":{"@type":"ImageObject","inLanguage":"de","@id":"https:\/\/ecoss.net\/#\/schema\/logo\/image\/","url":"https:\/\/ecoss.net\/wp-content\/uploads\/2023\/07\/ESS-PublishWall-logo-300x300-1.png","contentUrl":"https:\/\/ecoss.net\/wp-content\/uploads\/2023\/07\/ESS-PublishWall-logo-300x300-1.png","width":224,"height":224,"caption":"EcoSynergy System"},"image":{"@id":"https:\/\/ecoss.net\/#\/schema\/logo\/image\/"},"sameAs":["https:\/\/www.facebook.com\/ecosynergysystem","https:\/\/x.com\/EcoSynergyEcoss","https:\/\/www.instagram.com\/ecosynergysystem\/","https:\/\/www.linkedin.com\/in\/ecosynergy-system-environmental-solution-b9b62220a\/"]}]}},"_links":{"self":[{"href":"https:\/\/ecoss.net\/de\/wp-json\/wp\/v2\/pages\/1067","targetHints":{"allow":["GET"]}}],"collection":[{"href":"https:\/\/ecoss.net\/de\/wp-json\/wp\/v2\/pages"}],"about":[{"href":"https:\/\/ecoss.net\/de\/wp-json\/wp\/v2\/types\/page"}],"author":[{"embeddable":true,"href":"https:\/\/ecoss.net\/de\/wp-json\/wp\/v2\/users\/34"}],"replies":[{"embeddable":true,"href":"https:\/\/ecoss.net\/de\/wp-json\/wp\/v2\/comments?post=1067"}],"version-history":[{"count":8,"href":"https:\/\/ecoss.net\/de\/wp-json\/wp\/v2\/pages\/1067\/revisions"}],"predecessor-version":[{"id":1353,"href":"https:\/\/ecoss.net\/de\/wp-json\/wp\/v2\/pages\/1067\/revisions\/1353"}],"wp:attachment":[{"href":"https:\/\/ecoss.net\/de\/wp-json\/wp\/v2\/media?parent=1067"}],"curies":[{"name":"wp","href":"https:\/\/api.w.org\/{rel}","templated":true}]}}