{"id":1067,"date":"2023-09-05T13:25:49","date_gmt":"2023-09-05T11:25:49","guid":{"rendered":"https:\/\/ecoss.akumen.eu\/?page_id=1067"},"modified":"2023-09-10T18:00:08","modified_gmt":"2023-09-10T16:00:08","slug":"term-and-conditions","status":"publish","type":"page","link":"https:\/\/ecoss.net\/cs\/term-and-conditions\/","title":{"rendered":"Podm\u00ednky pou\u017e\u00edv\u00e1n\u00ed"},"content":{"rendered":"<div data-elementor-type=\"wp-page\" data-elementor-id=\"1067\" class=\"elementor elementor-1067\" data-elementor-post-type=\"page\">\n\t\t\t\t<div class=\"elementor-element elementor-element-087d159 e-flex e-con-boxed e-con e-parent\" data-id=\"087d159\" data-element_type=\"container\" data-e-type=\"container\">\n\t\t\t\t\t<div class=\"e-con-inner\">\n\t\t\t\t<div class=\"elementor-element elementor-element-600463b elementor-widget elementor-widget-heading\" data-id=\"600463b\" data-element_type=\"widget\" data-e-type=\"widget\" data-widget_type=\"heading.default\">\n\t\t\t\t<div class=\"elementor-widget-container\">\n\t\t\t\t\t<h2 class=\"elementor-heading-title elementor-size-default\">Podm\u00ednky pou\u017e\u00edv\u00e1n\u00ed<\/h2>\t\t\t\t<\/div>\n\t\t\t\t<\/div>\n\t\t\t\t\t<\/div>\n\t\t\t\t<\/div>\n\t\t\t\t<section class=\"elementor-section elementor-top-section elementor-element elementor-element-b891be5 elementor-section-boxed elementor-section-height-default elementor-section-height-default\" data-id=\"b891be5\" data-element_type=\"section\" data-e-type=\"section\">\n\t\t\t\t\t\t<div class=\"elementor-container elementor-column-gap-default\">\n\t\t\t\t\t<div class=\"elementor-column elementor-col-100 elementor-top-column elementor-element elementor-element-744f0fe\" data-id=\"744f0fe\" data-element_type=\"column\" data-e-type=\"column\">\n\t\t\t<div class=\"elementor-widget-wrap elementor-element-populated\">\n\t\t\t\t\t\t<div class=\"elementor-element elementor-element-8958208 elementor-widget elementor-widget-text-editor\" data-id=\"8958208\" data-element_type=\"widget\" data-e-type=\"widget\" data-widget_type=\"text-editor.default\">\n\t\t\t\t<div class=\"elementor-widget-container\">\n\t\t\t\t\t\t\t\t\t<p>V\u00edtejte na ecoss.net, poskytujeme v\u00e1m jej\u00ed slu\u017eby v souladu s upozorn\u011bn\u00edmi a podm\u00ednkami stanoven\u00fdmi v t\u00e9to smlouv\u011b (&quot;Smlouva&quot;). Krom\u011b toho, kdy\u017e pou\u017e\u00edv\u00e1te jakoukoli slu\u017ebu ecoss.net (nap\u0159. z\u00e1kaznick\u00e9 recenze), budete podl\u00e9hat pravidl\u016fm, pokyn\u016fm, z\u00e1sad\u00e1m a podm\u00ednk\u00e1m platn\u00fdm pro takov\u00e9 slu\u017eby, kter\u00e9 jsou za\u010dlen\u011bny do t\u00e9to smlouvy t\u00edmto odkazem. Web\/port\u00e1l ecoss.net si vyhrazuje pr\u00e1vo kdykoli zm\u011bnit tuto str\u00e1nku a tyto podm\u00ednky. Vstupem na str\u00e1nky, jejich proch\u00e1zen\u00edm nebo jin\u00fdm pou\u017e\u00edv\u00e1n\u00edm souhlas\u00edte s t\u00edm, \u017ee budete v\u00e1z\u00e1ni v\u0161emi podm\u00ednkami t\u00e9to smlouvy, proto si tuto smlouvu p\u0159ed pokra\u010dov\u00e1n\u00edm pe\u010dliv\u011b p\u0159e\u010dt\u011bte.<\/p><p><strong>\u00a0<\/strong><\/p><h2><strong>Pou\u017eit\u00ed webu<\/strong><\/h2><p>Prohla\u0161ujete a zaru\u010dujete, \u017ee je v\u00e1m alespo\u0148 18 let nebo \u017ee str\u00e1nky nav\u0161t\u011bvujete pod dohledem rodi\u010de nebo opatrovn\u00edka. V souladu s podm\u00ednkami t\u00e9to smlouvy v\u00e1m ecoss.net ud\u011bluje omezenou, odvolatelnou, nep\u0159enosnou a nev\u00fdhradn\u00ed licenci k p\u0159\u00edstupu a pou\u017e\u00edv\u00e1n\u00ed webov\u00e9 str\u00e1nky jej\u00edm zobrazen\u00edm ve va\u0161em webov\u00e9m prohl\u00ed\u017ee\u010di v\u00fdhradn\u011b za \u00fa\u010delem z\u00edsk\u00e1n\u00ed polo\u017eek prod\u00e1van\u00fdch na webov\u00e9 str\u00e1nky - Obchod s potravinami a nepotravin\u00e1\u0159sk\u00fdmi produkty, servisn\u00ed \u010dinnost, sd\u00edlen\u00ed za\u0159\u00edzen\u00ed, komoditn\u00ed burza, pou\u017e\u00edv\u00e1n\u00ed aplikace ESG 24\/7, monetizace m\u011bnov\u00fdch vklad\u016f, \u010das a znalosti, monetizace\/demonetizace\/p\u0159evod ECOSS algoritmu mezi \u010dleny, atd. a ne pro \u017e\u00e1dn\u00e9 komer\u010dn\u00ed pou\u017eit\u00ed nebo pou\u017eit\u00ed jm\u00e9nem jak\u00e9koli t\u0159et\u00ed strany, pokud to ecoss.net p\u0159edem v\u00fdslovn\u011b nepovol\u00ed. Jak\u00e9koli poru\u0161en\u00ed t\u00e9to smlouvy bude m\u00edt za n\u00e1sledek okam\u017eit\u00e9 zru\u0161en\u00ed licence ud\u011blen\u00e9 v tomto odstavci bez p\u0159edchoz\u00edho upozorn\u011bn\u00ed. S v\u00fdjimkou p\u0159\u00edpad\u016f povolen\u00fdch v odstavci v\u00fd\u0161e nesm\u00edte reprodukovat, distribuovat, zobrazovat, prod\u00e1vat, pronaj\u00edmat, p\u0159en\u00e1\u0161et, vytv\u00e1\u0159et deriv\u00e1ty, p\u0159ekl\u00e1dat, zp\u011btn\u011b analyzovat, rozeb\u00edrat, dekompilovat nebo jinak vyu\u017e\u00edvat tuto str\u00e1nku nebo jakoukoli jej\u00ed \u010d\u00e1st, s v\u00fdjimkou p\u0159\u00edpad\u016f, kdy to v\u00fdslovn\u011b stanov\u00ed ecoss.net umo\u017e\u0148uje to p\u00edsemn\u011b. Nesm\u00edte pou\u017e\u00edvat \u017e\u00e1dn\u00e9 informace na webov\u00fdch str\u00e1nk\u00e1ch pro komer\u010dn\u00ed \u00fa\u010dely nebo pou\u017e\u00edvat webov\u00e9 str\u00e1nky jak\u00fdmkoli zp\u016fsobem ve prosp\u011bch jin\u00e9 spole\u010dnosti, pokud to ecoss.net p\u0159edem v\u00fdslovn\u011b nepovol\u00ed. Ecoss.net si vyhrazuje pr\u00e1vo dle vlastn\u00edho uv\u00e1\u017een\u00ed odm\u00edtnout slu\u017ebu, ukon\u010dit \u00fa\u010dty a\/nebo zru\u0161it objedn\u00e1vky, v\u010detn\u011b, bez omezen\u00ed, pokud se domn\u00edv\u00e1, \u017ee chov\u00e1n\u00ed z\u00e1kazn\u00edka poru\u0161uje platn\u00e9 z\u00e1kony nebo po\u0161kozuje z\u00e1jmy ecoss.net. Nesm\u00edte nahr\u00e1vat, distribuovat nebo jinak publikovat prost\u0159ednictv\u00edm tohoto webu \u017e\u00e1dn\u00fd obsah, informace nebo jin\u00fd materi\u00e1l, kter\u00fd (a) poru\u0161uje nebo poru\u0161uje jak\u00e9koli autorsk\u00e9 pr\u00e1vo, patent, ochrannou zn\u00e1mku, servisn\u00ed zna\u010dku, obchodn\u00ed tajemstv\u00ed nebo jin\u00e1 vlastnick\u00e1 pr\u00e1va jak\u00e9koli osoby; (b) je hanliv\u00fd, v\u00fdhru\u017en\u00fd, ur\u00e1\u017eliv\u00fd, obsc\u00e9nn\u00ed, neslu\u0161n\u00fd, pornografick\u00fd nebo by mohl v\u00e9st k jak\u00e9koli ob\u010danskopr\u00e1vn\u00ed nebo trestn\u00ed odpov\u011bdnosti podle mezin\u00e1rodn\u00edho pr\u00e1va; nebo (c) obsahuje chyby, viry, \u010dervy, pasti, trojsk\u00e9 kon\u011b nebo jin\u00fd \u0161kodliv\u00fd k\u00f3d nebo funkce. Ecoss.net v\u00e1m m\u016f\u017ee p\u0159id\u011blit heslo a identifikaci \u00fa\u010dtu, aby v\u00e1m umo\u017enil p\u0159\u00edstup a pou\u017e\u00edv\u00e1n\u00ed ur\u010dit\u00fdch \u010d\u00e1st\u00ed tohoto webu. Poka\u017ed\u00e9, kdy\u017e pou\u017eijete heslo nebo identifikaci, budete pova\u017eov\u00e1ni za opr\u00e1vn\u011bn\u00e9ho k p\u0159\u00edstupu a pou\u017e\u00edv\u00e1n\u00ed str\u00e1nky zp\u016fsobem, kter\u00fd je v souladu s podm\u00ednkami t\u00e9to smlouvy, a ecoss.net nebude m\u00edt \u017e\u00e1dnou povinnost zkoumat autorizaci nebo zdroj jak\u00fdkoli takov\u00fd p\u0159\u00edstup nebo pou\u017eit\u00ed webov\u00e9 str\u00e1nky. Ponesete v\u00fdhradn\u00ed odpov\u011bdnost za ve\u0161ker\u00fd p\u0159\u00edstup a pou\u017e\u00edv\u00e1n\u00ed t\u011bchto str\u00e1nek k\u00fdmkoli, kdo pou\u017eije heslo a identifikaci, kter\u00e1 v\u00e1m byla p\u016fvodn\u011b p\u0159id\u011blena, bez ohledu na to, zda jste skute\u010dn\u011b povolili takov\u00fd p\u0159\u00edstup a pou\u017e\u00edv\u00e1n\u00ed t\u011bchto str\u00e1nek, v\u010detn\u011b, bez omezen\u00ed, ve\u0161ker\u00e9 komunikace a p\u0159enos\u016f a v\u0161ech z\u00e1vazky (v\u010detn\u011b mimo jin\u00e9 finan\u010dn\u00edch z\u00e1vazk\u016f) vypl\u00fdvaj\u00edc\u00ed z takov\u00e9ho p\u0159\u00edstupu nebo pou\u017eit\u00ed. Jste odpov\u011bdn\u00ed za zachov\u00e1n\u00ed bezpe\u010dnosti a d\u016fv\u011brnosti hesla a identifikace, kter\u00e1 v\u00e1m byla p\u0159id\u011blena. Mus\u00edte okam\u017eit\u011b informovat Ecoss.net o jak\u00e9mkoli neopr\u00e1vn\u011bn\u00e9m pou\u017eit\u00ed va\u0161eho hesla nebo identifikace nebo o jak\u00e9mkoli jin\u00e9m poru\u0161en\u00ed nebo hroz\u00edc\u00edm poru\u0161en\u00ed zabezpe\u010den\u00ed t\u011bchto str\u00e1nek.<\/p><p>\u00a0<\/p><h2><strong>Du\u0161evn\u00ed vlastnictv\u00ed<\/strong><\/h2><p>Ve\u0161ker\u00fd text, grafika, ikony tla\u010d\u00edtek, obr\u00e1zky, zvukov\u00e9 nahr\u00e1vky a software (souhrnn\u011b \u201eObsah\u201c) pat\u0159\u00ed v\u00fdhradn\u011b ecoss.net. Shroma\u017e\u010fov\u00e1n\u00ed, \u00fapravy a kompilace ve\u0161ker\u00e9ho obsahu na t\u00e9to webov\u00e9 str\u00e1nce (\u201ekompilace\u201c) n\u00e1le\u017e\u00ed v\u00fdhradn\u011b ecoss.net. Ve\u0161ker\u00fd software pou\u017eit\u00fd na t\u00e9to webov\u00e9 str\u00e1nce (&quot;Software&quot;) je majetkem spole\u010dnosti ecoss.net. Obsah, kompilace a software jsou chr\u00e1n\u011bny mezin\u00e1rodn\u00edmi z\u00e1kony o autorsk\u00fdch pr\u00e1vech. Ostatn\u00ed loga, slogany, obchodn\u00ed n\u00e1zvy nebo slova jsou registrovan\u00e9 ochrann\u00e9 zn\u00e1mky, ochrann\u00e9 zn\u00e1mky nebo servisn\u00ed zn\u00e1mky spole\u010dnosti ecoss.net, jej\u00edch dodavatel\u016f nebo t\u0159et\u00edch stran. Pou\u017eit\u00ed jak\u00e9koli ochrann\u00e9 zn\u00e1mky nebo servisn\u00ed zn\u00e1mky ecoss.net bez jej\u00edho v\u00fdslovn\u00e9ho p\u00edsemn\u00e9ho souhlasu je p\u0159\u00edsn\u011b zak\u00e1z\u00e1no. Nesm\u00edte pou\u017e\u00edvat produkty nebo slu\u017eby zna\u010dky ecoss.net ani \u017e\u00e1dn\u00fdm zp\u016fsobem, kter\u00fd by mohl zp\u016fsobit zmatek. Nesm\u00edte pou\u017e\u00edvat ochrann\u00e9 zn\u00e1mky nebo servisn\u00ed zn\u00e1mky ecoss.net \u017e\u00e1dn\u00fdm zp\u016fsobem, kter\u00fd zneva\u017euje nebo diskredituje ecoss.net.<\/p><p>\u00a0<\/p><h2><strong>Ukon\u010den\u00ed a \u00fa\u010dinek ukon\u010den\u00ed<\/strong><\/h2><p>Krom\u011b jak\u00fdchkoli jin\u00fdch z\u00e1konn\u00fdch nebo spravedliv\u00fdch opravn\u00fdch prost\u0159edk\u016f m\u016f\u017ee ecoss.net okam\u017eit\u011b ukon\u010dit tuto smlouvu nebo zru\u0161it n\u011bkter\u00e1 nebo v\u0161echna va\u0161e pr\u00e1va ud\u011blen\u00e1 touto smlouvou bez upozorn\u011bn\u00ed. Po ukon\u010den\u00ed t\u00e9to smlouvy mus\u00edte okam\u017eit\u011b ukon\u010dit ve\u0161ker\u00fd p\u0159\u00edstup na str\u00e1nky a jejich pou\u017e\u00edv\u00e1n\u00ed a ecoss.net, krom\u011b v\u0161ech ostatn\u00edch pr\u00e1vn\u00edch nebo spravedliv\u00fdch n\u00e1pravn\u00fdch opat\u0159en\u00ed, okam\u017eit\u011b zru\u0161\u00ed v\u0161echna hesla a identifikaci \u00fa\u010dtu, kter\u00e1 v\u00e1m byla vyd\u00e1na, a odm\u00edtne zcela nebo z\u010d\u00e1sti, v\u00e1\u0161 p\u0159\u00edstup a pou\u017e\u00edv\u00e1n\u00ed t\u011bchto str\u00e1nek. Jak\u00e9koli ukon\u010den\u00ed t\u00e9to smlouvy neovlivn\u00ed p\u0159\u00edslu\u0161n\u00e1 pr\u00e1va a povinnosti (v\u010detn\u011b, bez omezen\u00ed, platebn\u00edch povinnost\u00ed) stran vznikl\u00e9 p\u0159ed datem ukon\u010den\u00ed.<\/p><h2><strong>Z\u0159eknut\u00ed se odpov\u011bdnosti a omezen\u00ed odpov\u011bdnosti<\/strong><\/h2><p>Pokud nen\u00ed uvedeno jinak v Podm\u00ednk\u00e1ch prodeje produkt\u016f\/slu\u017eeb, sd\u00edlen\u00ed za\u0159\u00edzen\u00ed, v\u00fdm\u011bna zbo\u017e\u00ed, pou\u017e\u00edv\u00e1n\u00ed aplikace ESG 24\/7, zpen\u011b\u017een\u00ed vklad\u016f v ciz\u00ed m\u011bn\u011b, \u010das a znalosti, zpen\u011b\u017een\u00ed\/demonetizace\/p\u0159evod algoritmu ECOSS mezi \u010dlenov\u00e9 na t\u00e9to str\u00e1nce, ecoss.net zp\u0159\u00edstup\u0148uje tuto webovou str\u00e1nku pro pou\u017eit\u00ed v\u00fd\u0161e uveden\u00e9ho a pro transakce prov\u00e1d\u011bn\u00e9 jejich prost\u0159ednictv\u00edm na z\u00e1klad\u011b tak, jak jsou. Ecoss.net neposkytuje \u017e\u00e1dn\u00e1 prohl\u00e1\u0161en\u00ed ani z\u00e1ruky, a\u0165 u\u017e v\u00fdslovn\u00e9 nebo p\u0159edpokl\u00e1dan\u00e9, t\u00fdkaj\u00edc\u00ed se provozu webu nebo informac\u00ed, obsahu, materi\u00e1l\u016f nebo produkt\u016f na tomto webu, s v\u00fdjimkou zde uveden\u00fdch v maxim\u00e1ln\u00edm rozsahu povolen\u00e9m p\u0159\u00edslu\u0161n\u00fdm z\u00e1konem, ecoss.net .net se z\u0159\u00edk\u00e1 v\u0161ech z\u00e1ruk, v\u00fdslovn\u00fdch nebo p\u0159edpokl\u00e1dan\u00fdch, v\u010detn\u011b mimo jin\u00e9 p\u0159edpokl\u00e1dan\u00fdch z\u00e1ruk obchodovatelnosti a vhodnosti pro konkr\u00e9tn\u00ed \u00fa\u010del, neporu\u0161ov\u00e1n\u00ed pr\u00e1v, titulu, tich\u00e9ho u\u017e\u00edv\u00e1n\u00ed, p\u0159esnosti dat a syst\u00e9mov\u00e9 integrace. Tato webov\u00e1 str\u00e1nka m\u016f\u017ee obsahovat nep\u0159esnosti, chyby nebo typografick\u00e9 chyby. Ecoss.net nezaru\u010duje, \u017ee Obsah bude nep\u0159eru\u0161ovan\u00fd nebo bezchybn\u00fd. V maxim\u00e1ln\u00edm rozsahu povolen\u00e9m z\u00e1konem nenese ecoss.net odpov\u011bdnost za \u017e\u00e1dn\u00e9 \u0161kody jak\u00e9hokoli druhu vypl\u00fdvaj\u00edc\u00ed z pou\u017e\u00edv\u00e1n\u00ed t\u00e9to webov\u00e9 str\u00e1nky, v\u010detn\u011b, ale nejen nep\u0159\u00edm\u00fdch, n\u00e1hodn\u00fdch, represivn\u00edch, exempl\u00e1rn\u00edch, zvl\u00e1\u0161tn\u00edch nebo n\u00e1sledn\u00fdch \u0161kod.<br \/>V maxim\u00e1ln\u00edm rozsahu povolen\u00e9m platn\u00fdmi z\u00e1kony nep\u0159es\u00e1hne celkov\u00e1 odpov\u011bdnost ecoss.net v\u016f\u010di v\u00e1m za jak\u00e9koli \u0161kody (bez ohledu na p\u0159\u00ed\u010dinu \u017ealoby) celkovou \u010d\u00e1stku poplatk\u016f, kter\u00e9 jste skute\u010dn\u011b zaplatili spole\u010dnosti ecoss.net b\u011bhem m\u011bs\u00edce bezprost\u0159edn\u011b p\u0159edch\u00e1zej\u00edc\u00edho \u010dinu. to by m\u011blo m\u00edt za n\u00e1sledek odpov\u011bdnost ecoss.net, p\u0159ijet\u00ed objedn\u00e1vky \u02ddUpozor\u0148ujeme, \u017ee n\u011bkter\u00e9 objedn\u00e1vky mo\u017en\u00e1 nebudeme moci p\u0159ijmout a budeme je muset zru\u0161it\u02dd. Ecoss.net si vyhrazuje pr\u00e1vo na z\u00e1klad\u011b vlastn\u00edho uv\u00e1\u017een\u00ed odm\u00edtnout nebo zru\u0161it jakoukoli objedn\u00e1vku z jak\u00e9hokoli d\u016fvodu. N\u011bkter\u00e9 ze situac\u00ed, kter\u00e9 mohou v\u00e9st ke zru\u0161en\u00ed va\u0161\u00ed objedn\u00e1vky, zahrnuj\u00ed limity na mno\u017estv\u00ed dostupn\u00e9 k n\u00e1kupu, nep\u0159esnosti nebo chyby v informac\u00edch o produktu nebo cen\u011b nebo probl\u00e9my zji\u0161t\u011bn\u00e9 na\u0161\u00edm odd\u011blen\u00edm pro zamezen\u00ed \u00fav\u011br\u016f a podvod\u016f. M\u016f\u017eeme tak\u00e9 vy\u017eadovat dal\u0161\u00ed ov\u011b\u0159en\u00ed nebo informace p\u0159ed p\u0159ijet\u00edm jak\u00e9koli objedn\u00e1vky nebo zpen\u011b\u017een\u00ed\/demonetizace\/p\u0159evodu algoritmu ECOSS mezi \u010dleny. Budeme v\u00e1s kontaktovat, pokud bude cel\u00e1 nebo n\u011bkter\u00e1 \u010d\u00e1st va\u0161\u00ed objedn\u00e1vky zru\u0161ena nebo pokud budou k p\u0159ijet\u00ed objedn\u00e1vky vy\u017eadov\u00e1ny dal\u0161\u00ed informace.<\/p><p>\u00a0<\/p><h2><strong>Chyby tisku<\/strong><\/h2><p>P\u0159esto\u017ee se ecoss.net sna\u017e\u00ed poskytovat p\u0159esn\u00e9 informace o produktech, slu\u017eb\u00e1ch a cen\u00e1ch, mohou se vyskytnout cenov\u00e9 nebo typografick\u00e9 chyby. Ecoss.net nem\u016f\u017ee potvrdit cenu polo\u017eky\/slu\u017eby, dokud nezad\u00e1te svou objedn\u00e1vku. V p\u0159\u00edpad\u011b, \u017ee je polo\u017eka\/slu\u017eba uvedena za nespr\u00e1vnou cenu nebo s nespr\u00e1vn\u00fdmi informacemi z d\u016fvodu chyby v cen\u011b nebo informac\u00edch o produktu\/slu\u017eb\u011b, m\u00e1 ecoss.net pr\u00e1vo na z\u00e1klad\u011b vlastn\u00edho uv\u00e1\u017een\u00ed odm\u00edtnout nebo zru\u0161it jakoukoli objedn\u00e1vku. polo\u017eka\/slu\u017eba. V p\u0159\u00edpad\u011b, \u017ee je cena polo\u017eky\/slu\u017eby nespr\u00e1vn\u00e1, m\u016f\u017ee v\u00e1s ecoss.net dle vlastn\u00edho uv\u00e1\u017een\u00ed kontaktovat ohledn\u011b pokyn\u016f nebo zru\u0161it va\u0161i objedn\u00e1vku a upozornit v\u00e1s na toto zru\u0161en\u00ed.<\/p><h2><strong>Spojen\u00ed<\/strong><\/h2><p>Tato webov\u00e1 str\u00e1nka m\u016f\u017ee obsahovat odkazy na jin\u00e9 webov\u00e9 str\u00e1nky na internetu, kter\u00e9 jsou vlastn\u011bny a provozov\u00e1ny t\u0159et\u00edmi stranami. Uzn\u00e1v\u00e1me, \u017ee ecoss.net nenese odpov\u011bdnost za provoz nebo obsah um\u00edst\u011bn\u00fd na takov\u00e9 str\u00e1nce nebo jej\u00edm prost\u0159ednictv\u00edm.<\/p><h2><strong>Pr\u00e1vn\u00ed prost\u0159edky<\/strong><\/h2><p>Souhlas\u00edte s t\u00edm, \u017ee n\u00e1prava ecoss.net za jak\u00e9koli skute\u010dn\u00e9 nebo hroz\u00edc\u00ed poru\u0161en\u00ed t\u00e9to smlouvy by byla neadekv\u00e1tn\u00ed a \u017ee ecoss.net m\u00e1 n\u00e1rok na konkr\u00e9tn\u00ed pln\u011bn\u00ed nebo soudn\u00ed pomoc, nebo oboj\u00ed, krom\u011b jak\u00fdchkoli \u0161kod, kter\u00e9 mohou b\u00fdt od ecoss.net z\u00e1konn\u011b vym\u00e1h\u00e1ny , spolu s p\u0159im\u011b\u0159en\u00fdmi n\u00e1klady na jakoukoli formu \u0159e\u0161en\u00ed sporu, v\u010detn\u011b, bez omezen\u00ed, poplatk\u016f za pr\u00e1vn\u00ed zastoupen\u00ed. \u017d\u00e1dn\u00e9 pr\u00e1vo ani opravn\u00fd prost\u0159edek ecoss.net nesm\u00ed b\u00fdt ze z\u00e1kona nebo ekvity vylou\u010den pro ostatn\u00ed, v\u010detn\u011b, bez omezen\u00ed, soudn\u00edho p\u0159\u00edkazu, poplatk\u016f a n\u00e1klad\u016f na pr\u00e1vn\u00ed zastoupen\u00ed. \u017d\u00e1dn\u00e9 z\u0159eknut\u00ed se pr\u00e1v nebo opravn\u00fdch prost\u0159edk\u016f ze strany ecoss.net podle t\u011bchto Podm\u00ednek nep\u0159edstavuje \u017e\u00e1dnou povinnost poskytnout jak\u00e9koli podobn\u00e9, budouc\u00ed nebo jin\u00e9 z\u0159eknut\u00ed se.<\/p>\t\t\t\t\t\t\t\t<\/div>\n\t\t\t\t<\/div>\n\t\t\t\t\t<\/div>\n\t\t<\/div>\n\t\t\t\t\t<\/div>\n\t\t<\/section>\n\t\t\t\t<\/div>","protected":false},"excerpt":{"rendered":"<p>Dobrodo\u0161li na ecoss.net, nudimo vam njegove storitve v skladu z obvestili, dolo\u010dili in pogoji, dolo\u010denimi v tej pogodbi (\u00bbpogodba\u00ab). Poleg tega, ko uporabljate katero koli storitev ecoss.net (npr. ocene strank), boste podvr\u017eeni pravilom, smernicam, pravilnikom, dolo\u010dilom in pogojem, ki veljajo za take storitve, in so vklju\u010deni v to pogodbo s tem sklicevanjem. Spletna stran\/portal ecoss.net [&hellip;]<\/p>\n","protected":false},"author":34,"featured_media":0,"parent":0,"menu_order":0,"comment_status":"closed","ping_status":"closed","template":"","meta":{"inline_featured_image":false,"footnotes":""},"class_list":["post-1067","page","type-page","status-publish","hentry"],"yoast_head":"<!-- This site is optimized with the Yoast SEO plugin v27.6 - https:\/\/yoast.com\/product\/yoast-seo-wordpress\/ -->\n<title>Pravila in pogoji uporabe - ECOSS<\/title>\n<meta name=\"robots\" content=\"index, follow, max-snippet:-1, max-image-preview:large, max-video-preview:-1\" \/>\n<link rel=\"canonical\" href=\"https:\/\/ecoss.net\/cs\/term-and-conditions\/\" \/>\n<meta property=\"og:locale\" content=\"cs_CZ\" \/>\n<meta property=\"og:type\" content=\"article\" \/>\n<meta property=\"og:title\" content=\"Pravila in pogoji uporabe - ECOSS\" \/>\n<meta property=\"og:description\" content=\"Dobrodo\u0161li na ecoss.net, nudimo vam njegove storitve v skladu z obvestili, dolo\u010dili in pogoji, dolo\u010denimi v tej pogodbi (\u00bbpogodba\u00ab). Poleg tega, ko uporabljate katero koli storitev ecoss.net (npr. ocene strank), boste podvr\u017eeni pravilom, smernicam, pravilnikom, dolo\u010dilom in pogojem, ki veljajo za take storitve, in so vklju\u010deni v to pogodbo s tem sklicevanjem. Spletna stran\/portal ecoss.net [&hellip;]\" \/>\n<meta property=\"og:url\" content=\"https:\/\/ecoss.net\/cs\/term-and-conditions\/\" \/>\n<meta property=\"og:site_name\" content=\"ECOSS\" \/>\n<meta property=\"article:publisher\" content=\"https:\/\/www.facebook.com\/ecosynergysystem\" \/>\n<meta property=\"article:modified_time\" content=\"2023-09-10T16:00:08+00:00\" \/>\n<meta property=\"og:image\" content=\"https:\/\/ecoss.net\/wp-content\/uploads\/2023\/09\/Ecoss.net-logo.png\" \/>\n\t<meta property=\"og:image:width\" content=\"1778\" \/>\n\t<meta property=\"og:image:height\" content=\"1777\" \/>\n\t<meta property=\"og:image:type\" content=\"image\/png\" \/>\n<meta name=\"twitter:card\" content=\"summary_large_image\" \/>\n<meta name=\"twitter:site\" content=\"@EcoSynergyEcoss\" \/>\n<meta name=\"twitter:label1\" content=\"Odhadovan\u00e1 doba \u010dten\u00ed\" \/>\n\t<meta name=\"twitter:data1\" content=\"7 minut\" \/>\n<script type=\"application\/ld+json\" class=\"yoast-schema-graph\">{\"@context\":\"https:\\\/\\\/schema.org\",\"@graph\":[{\"@type\":\"WebPage\",\"@id\":\"https:\\\/\\\/ecoss.net\\\/th\\\/term-and-conditions\\\/\",\"url\":\"https:\\\/\\\/ecoss.net\\\/th\\\/term-and-conditions\\\/\",\"name\":\"Pravila in pogoji uporabe - ECOSS\",\"isPartOf\":{\"@id\":\"https:\\\/\\\/ecoss.net\\\/#website\"},\"datePublished\":\"2023-09-05T11:25:49+00:00\",\"dateModified\":\"2023-09-10T16:00:08+00:00\",\"breadcrumb\":{\"@id\":\"https:\\\/\\\/ecoss.net\\\/th\\\/term-and-conditions\\\/#breadcrumb\"},\"inLanguage\":\"cs\",\"potentialAction\":[{\"@type\":\"ReadAction\",\"target\":[\"https:\\\/\\\/ecoss.net\\\/th\\\/term-and-conditions\\\/\"]}]},{\"@type\":\"BreadcrumbList\",\"@id\":\"https:\\\/\\\/ecoss.net\\\/th\\\/term-and-conditions\\\/#breadcrumb\",\"itemListElement\":[{\"@type\":\"ListItem\",\"position\":1,\"name\":\"Home\",\"item\":\"https:\\\/\\\/ecoss.net\\\/\"},{\"@type\":\"ListItem\",\"position\":2,\"name\":\"Pravila in pogoji uporabe\"}]},{\"@type\":\"WebSite\",\"@id\":\"https:\\\/\\\/ecoss.net\\\/#website\",\"url\":\"https:\\\/\\\/ecoss.net\\\/\",\"name\":\"ECOSS\",\"description\":\"Ecosynergy System\",\"publisher\":{\"@id\":\"https:\\\/\\\/ecoss.net\\\/#organization\"},\"potentialAction\":[{\"@type\":\"SearchAction\",\"target\":{\"@type\":\"EntryPoint\",\"urlTemplate\":\"https:\\\/\\\/ecoss.net\\\/?s={search_term_string}\"},\"query-input\":{\"@type\":\"PropertyValueSpecification\",\"valueRequired\":true,\"valueName\":\"search_term_string\"}}],\"inLanguage\":\"cs\"},{\"@type\":\"Organization\",\"@id\":\"https:\\\/\\\/ecoss.net\\\/#organization\",\"name\":\"EcoSynergy System\",\"url\":\"https:\\\/\\\/ecoss.net\\\/\",\"logo\":{\"@type\":\"ImageObject\",\"inLanguage\":\"cs\",\"@id\":\"https:\\\/\\\/ecoss.net\\\/#\\\/schema\\\/logo\\\/image\\\/\",\"url\":\"https:\\\/\\\/ecoss.net\\\/wp-content\\\/uploads\\\/2023\\\/07\\\/ESS-PublishWall-logo-300x300-1.png\",\"contentUrl\":\"https:\\\/\\\/ecoss.net\\\/wp-content\\\/uploads\\\/2023\\\/07\\\/ESS-PublishWall-logo-300x300-1.png\",\"width\":224,\"height\":224,\"caption\":\"EcoSynergy System\"},\"image\":{\"@id\":\"https:\\\/\\\/ecoss.net\\\/#\\\/schema\\\/logo\\\/image\\\/\"},\"sameAs\":[\"https:\\\/\\\/www.facebook.com\\\/ecosynergysystem\",\"https:\\\/\\\/x.com\\\/EcoSynergyEcoss\",\"https:\\\/\\\/www.instagram.com\\\/ecosynergysystem\\\/\",\"https:\\\/\\\/www.linkedin.com\\\/in\\\/ecosynergy-system-environmental-solution-b9b62220a\\\/\"]}]}<\/script>\n<!-- \/ Yoast SEO plugin. -->","yoast_head_json":{"title":"Podm\u00ednky pou\u017eit\u00ed - ECOSS","robots":{"index":"index","follow":"follow","max-snippet":"max-snippet:-1","max-image-preview":"max-image-preview:large","max-video-preview":"max-video-preview:-1"},"canonical":"https:\/\/ecoss.net\/cs\/term-and-conditions\/","og_locale":"cs_CZ","og_type":"article","og_title":"Pravila in pogoji uporabe - ECOSS","og_description":"Dobrodo\u0161li na ecoss.net, nudimo vam njegove storitve v skladu z obvestili, dolo\u010dili in pogoji, dolo\u010denimi v tej pogodbi (\u00bbpogodba\u00ab). Poleg tega, ko uporabljate katero koli storitev ecoss.net (npr. ocene strank), boste podvr\u017eeni pravilom, smernicam, pravilnikom, dolo\u010dilom in pogojem, ki veljajo za take storitve, in so vklju\u010deni v to pogodbo s tem sklicevanjem. Spletna stran\/portal ecoss.net [&hellip;]","og_url":"https:\/\/ecoss.net\/cs\/term-and-conditions\/","og_site_name":"ECOSS","article_publisher":"https:\/\/www.facebook.com\/ecosynergysystem","article_modified_time":"2023-09-10T16:00:08+00:00","og_image":[{"width":1778,"height":1777,"url":"https:\/\/ecoss.net\/wp-content\/uploads\/2023\/09\/Ecoss.net-logo.png","type":"image\/png"}],"twitter_card":"summary_large_image","twitter_site":"@EcoSynergyEcoss","twitter_misc":{"Odhadovan\u00e1 doba \u010dten\u00ed":"7 minut"},"schema":{"@context":"https:\/\/schema.org","@graph":[{"@type":"WebPage","@id":"https:\/\/ecoss.net\/th\/term-and-conditions\/","url":"https:\/\/ecoss.net\/th\/term-and-conditions\/","name":"Podm\u00ednky pou\u017eit\u00ed - ECOSS","isPartOf":{"@id":"https:\/\/ecoss.net\/#website"},"datePublished":"2023-09-05T11:25:49+00:00","dateModified":"2023-09-10T16:00:08+00:00","breadcrumb":{"@id":"https:\/\/ecoss.net\/th\/term-and-conditions\/#breadcrumb"},"inLanguage":"cs","potentialAction":[{"@type":"ReadAction","target":["https:\/\/ecoss.net\/th\/term-and-conditions\/"]}]},{"@type":"BreadcrumbList","@id":"https:\/\/ecoss.net\/th\/term-and-conditions\/#breadcrumb","itemListElement":[{"@type":"ListItem","position":1,"name":"Home","item":"https:\/\/ecoss.net\/"},{"@type":"ListItem","position":2,"name":"Pravila in pogoji uporabe"}]},{"@type":"WebSite","@id":"https:\/\/ecoss.net\/#website","url":"https:\/\/ecoss.net\/","name":"ECOSS","description":"Ekosynergick\u00fd syst\u00e9m","publisher":{"@id":"https:\/\/ecoss.net\/#organization"},"potentialAction":[{"@type":"SearchAction","target":{"@type":"EntryPoint","urlTemplate":"https:\/\/ecoss.net\/?s={search_term_string}"},"query-input":{"@type":"PropertyValueSpecification","valueRequired":true,"valueName":"search_term_string"}}],"inLanguage":"cs"},{"@type":"Organization","@id":"https:\/\/ecoss.net\/#organization","name":"Syst\u00e9m EcoSynergy","url":"https:\/\/ecoss.net\/","logo":{"@type":"ImageObject","inLanguage":"cs","@id":"https:\/\/ecoss.net\/#\/schema\/logo\/image\/","url":"https:\/\/ecoss.net\/wp-content\/uploads\/2023\/07\/ESS-PublishWall-logo-300x300-1.png","contentUrl":"https:\/\/ecoss.net\/wp-content\/uploads\/2023\/07\/ESS-PublishWall-logo-300x300-1.png","width":224,"height":224,"caption":"EcoSynergy System"},"image":{"@id":"https:\/\/ecoss.net\/#\/schema\/logo\/image\/"},"sameAs":["https:\/\/www.facebook.com\/ecosynergysystem","https:\/\/x.com\/EcoSynergyEcoss","https:\/\/www.instagram.com\/ecosynergysystem\/","https:\/\/www.linkedin.com\/in\/ecosynergy-system-environmental-solution-b9b62220a\/"]}]}},"_links":{"self":[{"href":"https:\/\/ecoss.net\/cs\/wp-json\/wp\/v2\/pages\/1067","targetHints":{"allow":["GET"]}}],"collection":[{"href":"https:\/\/ecoss.net\/cs\/wp-json\/wp\/v2\/pages"}],"about":[{"href":"https:\/\/ecoss.net\/cs\/wp-json\/wp\/v2\/types\/page"}],"author":[{"embeddable":true,"href":"https:\/\/ecoss.net\/cs\/wp-json\/wp\/v2\/users\/34"}],"replies":[{"embeddable":true,"href":"https:\/\/ecoss.net\/cs\/wp-json\/wp\/v2\/comments?post=1067"}],"version-history":[{"count":8,"href":"https:\/\/ecoss.net\/cs\/wp-json\/wp\/v2\/pages\/1067\/revisions"}],"predecessor-version":[{"id":1353,"href":"https:\/\/ecoss.net\/cs\/wp-json\/wp\/v2\/pages\/1067\/revisions\/1353"}],"wp:attachment":[{"href":"https:\/\/ecoss.net\/cs\/wp-json\/wp\/v2\/media?parent=1067"}],"curies":[{"name":"wp","href":"https:\/\/api.w.org\/{rel}","templated":true}]}}